{"id":4043,"date":"2023-10-02T20:07:27","date_gmt":"2023-10-02T23:07:27","guid":{"rendered":"https:\/\/wp.ufpel.edu.br\/ppgo\/?page_id=4043"},"modified":"2023-10-05T16:49:40","modified_gmt":"2023-10-05T19:49:40","slug":"informacoes-do-municipio-de-pelotas","status":"publish","type":"page","link":"https:\/\/wp.ufpel.edu.br\/ppgo\/informacoes-do-municipio-de-pelotas\/","title":{"rendered":"Informa\u00e7\u00f5es do Munic\u00edpio de Pelotas"},"content":{"rendered":"<div id=\"pl-4043\"  class=\"panel-layout\" >\n<div id=\"pg-4043-0\"  class=\"panel-grid panel-no-style\" >\n<div id=\"pgc-4043-0-0\"  class=\"panel-grid-cell\"  data-weight=\"1\" >\n<div id=\"panel-4043-0-0-0\" class=\"so-panel widget widget_sow-editor panel-first-child panel-last-child\" data-index=\"0\" data-style=\"{&quot;background_image_attachment&quot;:false,&quot;background_display&quot;:&quot;tile&quot;,&quot;background_image_size&quot;:&quot;full&quot;,&quot;background_image_opacity&quot;:&quot;100&quot;,&quot;border_thickness&quot;:&quot;1px&quot;}\" >\n<div\n\t\t\t\n\t\t\tclass=\"so-widget-sow-editor so-widget-sow-editor-base\"\n\t\t\t\n\t\t><\/p>\n<div class=\"siteorigin-widget-tinymce textwidget\">\n<p class=\"widget-title\" style=\"text-align: justify;\"><span style=\"font-size: 12pt; font-family: georgia, palatino, serif;\"><span style=\"color: #000000;\">Cidade polo da regi\u00e3o sul do Rio Grande do Sul, Pelotas mant\u00e9m aproximadamente de 340 mil habitantes (<\/span><a style=\"color: #000000;\" href=\"https:\/\/www.pelotas.com.br\/cidade\/dados-gerais\" target=\"_blank\" rel=\"noopener\">https:\/\/www.pelotas.com.br\/cidade\/dados-gerais<\/a><span style=\"color: #000000;\">). Localiza-se a 250 km de Porto Alegre, capital do Estado, e est\u00e1 cercada por cinco estradas (BRs) que d\u00e3o acesso a munic\u00edpios dos pa\u00edses vizinhos Uruguai e Argentina. Pelotas conta com praias banhadas pelas \u00e1guas da Lagoa dos Patos, mant\u00e9m um riqu\u00edssimo patrim\u00f4nio arquitet\u00f4nico hist\u00f3rico-cultural e preserva fortes tra\u00e7os de sua coloniza\u00e7\u00e3o europeia que refletem na gastronomia. A economia da cidade \u00e9 baseada, principalmente, no agroneg\u00f3cio e no com\u00e9rcio. Pelotas \u00e9 considerada tamb\u00e9m uma cidade universit\u00e1ria por manter milhares de estudantes vinculados a tr\u00eas institui\u00e7\u00f5es de ensino superior, a Universidade Federal de Pelotas e mais duas entidades privadas.<\/span><\/span><\/p>\n<div class=\"siteorigin-widget-tinymce textwidget\">\n<h2 style=\"text-align: justify;\"><span style=\"font-size: 12pt; font-family: georgia, palatino, serif; color: #000000;\"><strong>Localiza\u00e7\u00e3o<\/strong><\/span><\/h2>\n<h2 style=\"text-align: justify;\"><span style=\"font-size: 12pt; font-family: georgia, palatino, serif; color: #000000;\">Pelotas tem acesso rodovi\u00e1rio a importantes cidades do Estado e dos pa\u00edses vizinhos Uruguai e Argentina. Mant\u00e9m porto fluvial com sa\u00edda de cargas para o Oceano Atl\u00e2ntico e conta com aeroporto com voos comerciais para a Capital do RS.<\/span><\/h2>\n<h2 style=\"text-align: justify;\"><span style=\"font-size: 12pt; font-family: georgia, palatino, serif; color: #000000;\"><strong>Principais dist\u00e2ncias:<\/strong><\/span><\/h2>\n<p style=\"text-align: justify;\"><span style=\"font-size: 12pt; font-family: georgia, palatino, serif; color: #000000;\"><strong>Rio Grande do Sul:<\/strong><\/span><br \/>\n<span style=\"font-size: 12pt; font-family: georgia, palatino, serif; color: #000000;\">Chu\u00ed &#8211; 275 km<\/span><br \/>\n<span style=\"font-size: 12pt; font-family: georgia, palatino, serif; color: #000000;\">Gramado &#8211; 376 km<\/span><br \/>\n<span style=\"font-size: 12pt; font-family: georgia, palatino, serif; color: #000000;\">Jaguar\u00e3o &#8211; 145 km<\/span><br \/>\n<span style=\"font-size: 12pt; font-family: georgia, palatino, serif; color: #000000;\">Porto Alegre &#8211; 249 km<\/span><br \/>\n<span style=\"font-size: 12pt; font-family: georgia, palatino, serif; color: #000000;\">Rio Grande &#8211; 59 km<\/span><br \/>\n<span style=\"font-size: 12pt; font-family: georgia, palatino, serif; color: #000000;\"><strong>Uruguai:<\/strong><\/span><br \/>\n<span style=\"font-size: 12pt; font-family: georgia, palatino, serif; color: #000000;\">Punta de Leste &#8211; 450 km<\/span><br \/>\n<span style=\"font-size: 12pt; font-family: georgia, palatino, serif; color: #000000;\">Montevid\u00e9o &#8211; 650 km<\/span><br \/>\n<span style=\"font-size: 12pt; font-family: georgia, palatino, serif; color: #000000;\"><strong>Argentina:<\/strong><\/span><br \/>\n<span style=\"font-size: 12pt; font-family: georgia, palatino, serif; color: #000000;\">Buenos Aires &#8211; 1388 km<\/span><\/p>\n<h2 style=\"text-align: justify;\"><span style=\"font-size: 12pt; font-family: georgia, palatino, serif; color: #000000;\"><strong>Belezas Naturais<\/strong><\/span><\/h2>\n<p style=\"text-align: justify;\"><span style=\"font-size: 12pt; font-family: georgia, palatino, serif; color: #000000;\">Pelotas mant\u00e9m uma forte rela\u00e7\u00e3o com os recursos h\u00eddricos. A cidade \u00e9 banhada pela Lagoa dos Patos, Canal S\u00e3o Gon\u00e7alo e Arroio Pelotas. A primeira trata-se de uma das maiores lagunas do mundo, que se liga ao Oceano Atl\u00e2ntico trazendo diversas esp\u00e9cies de frutos do mar aos pescadores locais, como camar\u00e3o e peixes de \u00e1gua salgada. A Lagoa dos Patos d\u00e1 origem ao Laranjal, um bairro localizado a 12 km do centro da cidade, formado por quatro praias (Santo Ant\u00f4nio, Valverde, Balne\u00e1rio dos Prazeres e Col\u00f4nia dos Pescadores Z3).<\/span><br \/>\n<span style=\"font-size: 12pt; font-family: georgia, palatino, serif; color: #000000;\">O Canal S\u00e3o Gon\u00e7alo \u00e9 um dos mais importantes canais naturais do Pa\u00eds, que liga a Lagoa dos Patos \u00e0 Mirim, possibilitando acesso fluvial de Pelotas ao Uruguai. O Arroio Pelotas corta a cidade possibilitando a navega\u00e7\u00e3o esportiva e de lazer, al\u00e9m da captura de peixes de \u00e1gua doce.<\/span><\/p>\n<h2 style=\"text-align: justify;\"><span style=\"font-size: 12pt; font-family: georgia, palatino, serif; color: #000000;\"><strong>Patrim\u00f4nio hist\u00f3rico<\/strong><\/span><\/h2>\n<p style=\"text-align: justify;\"><span style=\"font-size: 12pt; font-family: georgia, palatino, serif; color: #000000;\">Pelotas \u00e9 patrim\u00f4nio hist\u00f3rico e art\u00edstico nacional, e patrim\u00f4nio cultural do Estado do Rio Grande do Sul. A cidade possui dezenas de edifica\u00e7\u00f5es tombadas ou inventariadas como patrim\u00f4nio hist\u00f3rico e cultural.<\/span><\/p>\n<h2 style=\"text-align: justify;\"><strong><span style=\"font-size: 12pt; font-family: georgia, palatino, serif; color: #000000;\">Gastronomia<\/span><\/strong><\/h2>\n<p style=\"text-align: justify;\"><span style=\"font-size: 12pt; font-family: georgia, palatino, serif; color: #000000;\">Conhecida como a Capital Nacional do Doce, Pelotas mant\u00e9m a tradi\u00e7\u00e3o de seus primeiros imigrantes portugueses na produ\u00e7\u00e3o de doces artesanais a base de ovos. Ninhos, fios-de-ovos, babas-de-mo\u00e7a, camafeus, papos-de-anjo, canudinhos recheados e past\u00e9is de Santa Clara podem ser degustados nas in\u00fameras do\u00e7arias da cidade. Anualmente, as entidades do com\u00e9rcio juntamente com as doceiras da cidade promovem a Feira Nacional do Doce (Fenadoce), que atrai milhares de turistas em busca das doces iguarias portuguesas.<\/span><\/p>\n<h2 style=\"text-align: justify;\"><span style=\"font-size: 12pt; font-family: georgia, palatino, serif; color: #000000;\"><strong>Economia<\/strong><\/span><\/h2>\n<p style=\"text-align: justify;\"><span style=\"font-size: 12pt; font-family: georgia, palatino, serif; color: #000000;\">A voca\u00e7\u00e3o econ\u00f4mica de Pelotas \u00e9 o agroneg\u00f3cio e o com\u00e9rcio. A regi\u00e3o \u00e9 a maior produtora de p\u00eassego para a ind\u00fastria de conservas do Pa\u00eds. A cidade contribui com cerca de 30% da produ\u00e7\u00e3o de arroz do Estado, mant\u00e9m um grande e qualificado rebanho bovino de corte e possui a maior produ\u00e7\u00e3o de leite do RS.<\/span><\/p>\n<h2 style=\"text-align: justify;\"><strong><span style=\"font-size: 12pt; font-family: georgia, palatino, serif; color: #000000;\">UFPel<\/span><\/strong><\/h2>\n<p style=\"text-align: justify;\"><span style=\"font-size: 12pt; font-family: georgia, palatino, serif; color: #000000;\">Atualmente, a Universidade Federal de Pelotas conta com mais de 20 mil alunos, sendo 2,6 mil estudantes de p\u00f3s-gradua\u00e7\u00e3o, 16, 4 mil de gradua\u00e7\u00e3o e 1,7 mil alunos de EAD. S\u00e3o disponibilizados pela institui\u00e7\u00e3o mais de 90 cursos de Gradua\u00e7\u00e3o, 13 cursos de doutorado, 27 cursos de mestrado, 22 programas de especializa\u00e7\u00e3o, cinco tutorias \u00e0 dist\u00e2ncia e sete resid\u00eancias m\u00e9dicas. Site da UFPel:\u00a0<a style=\"color: #000000;\" href=\"http:\/\/portal.ufpel.edu.br\/\" target=\"_blank\" rel=\"noopener\">aqui<\/a>.<\/span><\/p>\n<h1><span style=\"font-size: 14pt;\">Valores atualizados de moradia, transporte e alimenta\u00e7\u00e3o podem ser consultados <span style=\"color: #ff0000;\"><a style=\"color: #ff0000;\" href=\"http:\/\/www.custodevida.com.br\/rs\/pelotas\/\">aqui<span style=\"color: #000000;\">.<\/span><\/a><\/span><\/span><\/h1>\n<\/div>\n<\/div>\n<\/div>\n<\/div>\n<\/div>\n<\/div>\n<\/div>\n","protected":false},"excerpt":{"rendered":"<p>Cidade polo da regi\u00e3o sul do Rio Grande do Sul, Pelotas mant\u00e9m aproximadamente de 340 mil habitantes (https:\/\/www.pelotas.com.br\/cidade\/dados-gerais). Localiza-se a 250 km de Porto Alegre, capital do Estado, e est\u00e1 cercada por cinco estradas (BRs) que d\u00e3o acesso a munic\u00edpios dos pa\u00edses vizinhos Uruguai e Argentina. Pelotas conta com praias banhadas pelas \u00e1guas da Lagoa [&hellip;]<\/p>\n","protected":false},"author":480,"featured_media":0,"parent":0,"menu_order":0,"comment_status":"closed","ping_status":"closed","template":"","meta":{"jetpack_post_was_ever_published":false,"footnotes":""},"class_list":["post-4043","page","type-page","status-publish","hentry"],"jetpack_sharing_enabled":true,"jetpack_shortlink":"https:\/\/wp.me\/P9I8SC-13d","publishpress_future_action":{"enabled":false,"date":"2026-04-22 14:05:28","action":"change-status","newStatus":"draft","terms":[],"taxonomy":"","extraData":[]},"publishpress_future_workflow_manual_trigger":{"enabledWorkflows":[]},"_links":{"self":[{"href":"https:\/\/wp.ufpel.edu.br\/ppgo\/wp-json\/wp\/v2\/pages\/4043","targetHints":{"allow":["GET"]}}],"collection":[{"href":"https:\/\/wp.ufpel.edu.br\/ppgo\/wp-json\/wp\/v2\/pages"}],"about":[{"href":"https:\/\/wp.ufpel.edu.br\/ppgo\/wp-json\/wp\/v2\/types\/page"}],"author":[{"embeddable":true,"href":"https:\/\/wp.ufpel.edu.br\/ppgo\/wp-json\/wp\/v2\/users\/480"}],"replies":[{"embeddable":true,"href":"https:\/\/wp.ufpel.edu.br\/ppgo\/wp-json\/wp\/v2\/comments?post=4043"}],"version-history":[{"count":9,"href":"https:\/\/wp.ufpel.edu.br\/ppgo\/wp-json\/wp\/v2\/pages\/4043\/revisions"}],"predecessor-version":[{"id":4080,"href":"https:\/\/wp.ufpel.edu.br\/ppgo\/wp-json\/wp\/v2\/pages\/4043\/revisions\/4080"}],"wp:attachment":[{"href":"https:\/\/wp.ufpel.edu.br\/ppgo\/wp-json\/wp\/v2\/media?parent=4043"}],"curies":[{"name":"wp","href":"https:\/\/api.w.org\/{rel}","templated":true}]}}