{"id":380,"date":"2018-03-05T10:26:04","date_gmt":"2018-03-05T13:26:04","guid":{"rendered":"https:\/\/wp.ufpel.edu.br\/ppgo\/?page_id=380"},"modified":"2025-01-30T18:23:26","modified_gmt":"2025-01-30T21:23:26","slug":"downloads","status":"publish","type":"page","link":"https:\/\/wp.ufpel.edu.br\/ppgo\/downloads\/","title":{"rendered":"Downloads"},"content":{"rendered":"<div id=\"pl-380\" class=\"panel-layout\">\n<div id=\"pg-380-0\" class=\"panel-grid panel-no-style\">\n<div id=\"pgc-380-0-0\" class=\"panel-grid-cell\" data-weight=\"1\">\n<div id=\"panel-380-0-0-0\" class=\"so-panel widget widget_sow-editor panel-first-child panel-last-child\" data-index=\"0\" data-style=\"{&quot;background_image_attachment&quot;:false,&quot;background_display&quot;:&quot;tile&quot;,&quot;background_image_size&quot;:&quot;full&quot;,&quot;background_image_opacity&quot;:&quot;100&quot;,&quot;border_thickness&quot;:&quot;1px&quot;}\">\n<div class=\"so-widget-sow-editor so-widget-sow-editor-base\">\n<p class=\"siteorigin-widget-tinymce textwidget\"><span style=\"font-size: 12pt; font-family: arial, helvetica, sans-serif;\">Nesta se\u00e7\u00e3o voc\u00ea tem acesso \u00e0 diversos documentos relacionados ao PPGO-UFPel.<\/span><\/p>\n<\/div>\n<\/div>\n<\/div>\n<\/div>\n<div id=\"pg-380-1\" class=\"panel-grid panel-no-style\">\n<div id=\"pgc-380-1-0\" class=\"panel-grid-cell\" data-weight=\"1\">\n<div id=\"panel-380-1-0-0\" class=\"so-panel widget widget_sow-editor panel-first-child panel-last-child\" data-index=\"1\" data-style=\"{&quot;background_image_attachment&quot;:false,&quot;background_display&quot;:&quot;tile&quot;}\">\n<div class=\"so-widget-sow-editor so-widget-sow-editor-base\">\n<ul>\n<li class=\"siteorigin-widget-tinymce textwidget\"><span style=\"font-size: 12pt; font-family: arial, helvetica, sans-serif;\"><sup><span style=\"color: #000080;\"><span style=\"color: #000080;\"><a style=\"color: #000080;\" href=\"https:\/\/wp.ufpel.edu.br\/ppgo\/formularios\/\">FORMUL\u00c1RIOS<\/a><\/span><\/span><\/sup><\/span><\/li>\n<\/ul>\n<\/div>\n<\/div>\n<\/div>\n<\/div>\n<div id=\"pgc-380-2-1\" class=\"panel-grid-cell\" data-weight=\"0.93078241031936\">\n<div id=\"panel-380-2-1-6\" class=\"so-panel widget widget_sow-editor panel-last-child\" data-index=\"8\" data-style=\"{&quot;background_image_attachment&quot;:false,&quot;background_display&quot;:&quot;tile&quot;,&quot;background_image_size&quot;:&quot;full&quot;,&quot;background_image_opacity&quot;:&quot;100&quot;,&quot;border_thickness&quot;:&quot;1px&quot;}\">\n<div class=\"so-widget-sow-editor so-widget-sow-editor-base\">\n<ul>\n<li class=\"siteorigin-widget-tinymce textwidget\"><span style=\"font-size: 12pt; font-family: arial, helvetica, sans-serif;\"><sup><span style=\"color: #000080;\"><span style=\"color: #000080;\"><a style=\"color: #000080;\" href=\"https:\/\/wp.ufpel.edu.br\/ppgo\/defesas-e-qualificacoes\/\">DEFESAS E QUALIFICA\u00c7\u00d5ES<\/a><\/span><\/span><\/sup><\/span><\/li>\n<\/ul>\n<\/div>\n<\/div>\n<\/div>\n<div id=\"pgc-380-4-1\" class=\"panel-grid-cell\" data-weight=\"0.93499737343843\">\n<div id=\"panel-380-4-1-1\" class=\"so-panel widget widget_sow-editor panel-last-child\" data-index=\"11\" data-style=\"{&quot;background_image_attachment&quot;:false,&quot;background_display&quot;:&quot;tile&quot;,&quot;background_image_size&quot;:&quot;full&quot;,&quot;background_image_opacity&quot;:&quot;100&quot;,&quot;border_thickness&quot;:&quot;1px&quot;}\">\n<div class=\"so-widget-sow-editor so-widget-sow-editor-base\">\n<ul>\n<li class=\"siteorigin-widget-tinymce textwidget\"><span style=\"font-size: 12pt; font-family: arial, helvetica, sans-serif;\"><sup><span style=\"color: #000080;\"><span style=\"color: #000080;\"><a style=\"color: #000080;\" href=\"https:\/\/wp.ufpel.edu.br\/ppgo\/normas-do-programa\/\">NORMAS DO PROGRAMA<\/a><\/span><\/span><\/sup><\/span><\/li>\n<\/ul>\n<ul>\n<li class=\"siteorigin-widget-tinymce textwidget\"><span style=\"font-size: 12pt; font-family: arial, helvetica, sans-serif;\"><sup><a style=\"color: #000080;\" href=\"https:\/\/wp.ufpel.edu.br\/ppgo\/institucional\/\">INSTITUCIONAL<\/a><\/sup><\/span><\/li>\n<\/ul>\n<\/div>\n<\/div>\n<\/div>\n<div id=\"pg-380-10\" class=\"panel-grid panel-no-style\" data-style=\"{&quot;background_image_attachment&quot;:false,&quot;background_display&quot;:&quot;tile&quot;,&quot;full_height&quot;:&quot;&quot;,&quot;cell_alignment&quot;:&quot;flex-start&quot;}\">\n<p id=\"pgc-380-10-0\" class=\"panel-grid-cell panel-grid-cell-empty\" data-weight=\"0.065002626561571\"><sup><span style=\"font-family: arial, helvetica, sans-serif;\"><strong style=\"color: var(--cor-texto);\">\u00a0<\/strong><\/span><\/sup><\/p>\n<div id=\"pgc-380-10-1\" class=\"panel-grid-cell\" data-weight=\"0.93499737343843\">\n<div id=\"panel-380-10-1-0\" class=\"so-panel widget widget_sow-editor panel-first-child panel-last-child\" data-index=\"25\" data-style=\"{&quot;background_image_attachment&quot;:false,&quot;background_display&quot;:&quot;tile&quot;,&quot;background_image_size&quot;:&quot;full&quot;,&quot;background_image_opacity&quot;:&quot;100&quot;,&quot;border_thickness&quot;:&quot;1px&quot;}\">\n<div class=\"so-widget-sow-editor so-widget-sow-editor-base\">\n<div class=\"siteorigin-widget-tinymce textwidget\">\n<p>&nbsp;<\/p>\n<\/div>\n<\/div>\n<\/div>\n<\/div>\n<\/div>\n<\/div>\n","protected":false},"excerpt":{"rendered":"<p>Nesta se\u00e7\u00e3o voc\u00ea tem acesso \u00e0 diversos documentos relacionados ao PPGO-UFPel. FORMUL\u00c1RIOS DEFESAS E QUALIFICA\u00c7\u00d5ES NORMAS DO PROGRAMA INSTITUCIONAL \u00a0 &nbsp;<\/p>\n","protected":false},"author":511,"featured_media":0,"parent":0,"menu_order":0,"comment_status":"closed","ping_status":"closed","template":"","meta":{"jetpack_post_was_ever_published":false,"footnotes":""},"class_list":["post-380","page","type-page","status-publish","hentry"],"jetpack_sharing_enabled":true,"jetpack_shortlink":"https:\/\/wp.me\/P9I8SC-68","publishpress_future_action":{"enabled":false,"date":"2026-04-22 06:33:37","action":"change-status","newStatus":"draft","terms":[],"taxonomy":"","extraData":[]},"publishpress_future_workflow_manual_trigger":{"enabledWorkflows":[]},"_links":{"self":[{"href":"https:\/\/wp.ufpel.edu.br\/ppgo\/wp-json\/wp\/v2\/pages\/380","targetHints":{"allow":["GET"]}}],"collection":[{"href":"https:\/\/wp.ufpel.edu.br\/ppgo\/wp-json\/wp\/v2\/pages"}],"about":[{"href":"https:\/\/wp.ufpel.edu.br\/ppgo\/wp-json\/wp\/v2\/types\/page"}],"author":[{"embeddable":true,"href":"https:\/\/wp.ufpel.edu.br\/ppgo\/wp-json\/wp\/v2\/users\/511"}],"replies":[{"embeddable":true,"href":"https:\/\/wp.ufpel.edu.br\/ppgo\/wp-json\/wp\/v2\/comments?post=380"}],"version-history":[{"count":70,"href":"https:\/\/wp.ufpel.edu.br\/ppgo\/wp-json\/wp\/v2\/pages\/380\/revisions"}],"predecessor-version":[{"id":4841,"href":"https:\/\/wp.ufpel.edu.br\/ppgo\/wp-json\/wp\/v2\/pages\/380\/revisions\/4841"}],"wp:attachment":[{"href":"https:\/\/wp.ufpel.edu.br\/ppgo\/wp-json\/wp\/v2\/media?parent=380"}],"curies":[{"name":"wp","href":"https:\/\/api.w.org\/{rel}","templated":true}]}}