{"id":377,"date":"2018-03-05T10:25:48","date_gmt":"2018-03-05T13:25:48","guid":{"rendered":"https:\/\/wp.ufpel.edu.br\/ppgo\/?page_id=377"},"modified":"2024-06-03T09:44:57","modified_gmt":"2024-06-03T12:44:57","slug":"estude-conosco","status":"publish","type":"page","link":"https:\/\/wp.ufpel.edu.br\/ppgo\/estude-conosco\/","title":{"rendered":"Estude Conosco"},"content":{"rendered":"<div id=\"pl-377\" class=\"panel-layout\">\n<div id=\"pg-377-0\" class=\"panel-grid panel-no-style\">\n<div id=\"pgc-377-0-0\" class=\"panel-grid-cell\">\n<div id=\"panel-377-0-0-0\" class=\"so-panel widget widget_siteorigin-panels-builder panel-first-child panel-last-child\">\n<div id=\"pl-w5ad738634f2f4\" class=\"panel-layout\">\n<div id=\"pg-w5ad738634f2f4-0\" class=\"panel-grid panel-has-style\">\n<div class=\"siteorigin-panels-stretch panel-row-style-full-width panel-row-style panel-row-style-for-w5ad738634f2f4-0\">\n<div id=\"pgc-w5ad738634f2f4-0-0\" class=\"panel-grid-cell\">\n<div id=\"panel-w5ad738634f2f4-0-0-0\" class=\"so-panel widget widget_sow-hero panel-first-child panel-last-child\"><\/div>\n<\/div>\n<\/div>\n<\/div>\n<div id=\"pg-w5ad738634f2f4-2\" class=\"panel-grid panel-has-style\">\n<div class=\"panel-row-style panel-row-style-for-w5ad738634f2f4-2\">\n<div id=\"pgc-w5ad738634f2f4-2-0\" class=\"panel-grid-cell\">\n<div id=\"panel-w5ad738634f2f4-2-0-0\" class=\"so-panel widget widget_sow-editor panel-first-child panel-last-child\">\n<div class=\"so-widget-sow-editor so-widget-sow-editor-base\">\n<div class=\"siteorigin-widget-tinymce textwidget\" style=\"text-align: justify;\">\n<p><a href=\"https:\/\/wp.ufpel.edu.br\/ppgo\/files\/2024\/06\/Bertuol-93-scaled.jpg\"><img class=\"aligncenter size-large wp-image-4739\" src=\"https:\/\/wp.ufpel.edu.br\/ppgo\/files\/2024\/06\/Bertuol-93-1024x684.jpg\" alt=\"\" width=\"1024\" height=\"684\" srcset=\"https:\/\/wp.ufpel.edu.br\/ppgo\/files\/2024\/06\/Bertuol-93-1024x684.jpg 1024w, https:\/\/wp.ufpel.edu.br\/ppgo\/files\/2024\/06\/Bertuol-93-400x267.jpg 400w, https:\/\/wp.ufpel.edu.br\/ppgo\/files\/2024\/06\/Bertuol-93-768x513.jpg 768w, https:\/\/wp.ufpel.edu.br\/ppgo\/files\/2024\/06\/Bertuol-93-1536x1025.jpg 1536w, https:\/\/wp.ufpel.edu.br\/ppgo\/files\/2024\/06\/Bertuol-93-2048x1367.jpg 2048w\" sizes=\"(max-width: 1024px) 100vw, 1024px\" \/><\/a><\/p>\n<p><span style=\"font-family: arial, helvetica, sans-serif;\"><span style=\"font-size: 12pt;\">O PPGO atua em duas\u00a0<a href=\"https:\/\/wp.ufpel.edu.br\/ppgo\/areas-de-concentracao\/\">\u00e1reas de concentra\u00e7\u00e3o<\/a>\u00a0e\u00a0<a href=\"https:\/\/wp.ufpel.edu.br\/ppgo\/enfases\/\">diversas \u00eanfases<\/a>\u00a0de forma\u00e7\u00e3o. Conta com aproximadamente\u00a030\u00a0<a href=\"https:\/\/wp.ufpel.edu.br\/ppgo\/docentes\/\">docentes<\/a>\u00a0e mais de\u00a0100 <a href=\"https:\/\/wp.ufpel.edu.br\/ppgo\/discentes\/\">discentes<\/a>\u00a0que desenvolvem atividades laboratoriais e cl\u00ednicas em diversas\u00a0<a href=\"https:\/\/wp.ufpel.edu.br\/ppgo\/linhas-de-pesquisa\/\">linhas de pesquisa<\/a>, gerando evid\u00eancias que contribuem de forma significativa para o desenvolvimento da ci\u00eancia e pr\u00e1tica da odontologia nacional e internacional. Al\u00e9m de cirurgi\u00f5es-dentistas, o programa conta com discentes de doutorado que possuem outras forma\u00e7\u00f5es de gradua\u00e7\u00e3o e desenvolvem atividades alinhadas \u00e0s linhas de pesquisa do programa.<\/span><span style=\"font-size: 12pt;\">A\u00a0<a href=\"https:\/\/wp.ufpel.edu.br\/ppgo\/estrutura-curricular\/\">estrutura curricular<\/a>\u00a0dos n\u00edveis Mestrado e Doutorado foi recentemente reformulada de forma a aproximar o desenvolvimento das atividades de pesquisa realizadas no programa com as necessidades formativas de p\u00f3s-gradua\u00e7\u00e3o. Os\u00a0<a href=\"https:\/\/wp.me\/P9I8SC-fH\">processos seletivos<\/a>\u00a0para o n\u00edvel Mestrado ocorrem ao final de anos pares, enquanto sele\u00e7\u00f5es para o n\u00edvel Doutorado s\u00e3o anuais. H\u00e1 ainda espa\u00e7o para est\u00e1gios de p\u00f3s-doutorado no programa.<\/span><span style=\"font-size: 12pt;\">O programa conta com aproximadamente 30 bolsas de estudo financiadas por \u00f3rg\u00e3os federais como CAPES e CNPq, al\u00e9m de bolsas internacionais vinculadas a projetos espec\u00edficos de coopera\u00e7\u00e3o. O programa participa de\u00a0projetos de coopera\u00e7\u00e3o\u00a0com diversas institui\u00e7\u00f5es nacionais e estrangeiras. Diversos\u00a0<a href=\"https:\/\/wp.ufpel.edu.br\/ppgo\/egressos\/\">egressos<\/a>\u00a0do programa foram contemplados com importantes\u00a0pr\u00eamios\u00a0nacionais e internacionais. Mais informa\u00e7\u00f5es sobre o programa podem ser obtidas no\u00a0<a href=\"https:\/\/wp.ufpel.edu.br\/ppgo\/downloads\/?aid=572&amp;sa=0\">Regimento do PPGO<\/a>.<\/span><span style=\"font-size: 12pt;\">Se voc\u00ea tem interesse de fazer parte do programa ou ficou com alguma d\u00favida, escreva para n\u00f3s:\u00a0<a href=\"mailto:secretariappgo@gmail.com\" target=\"_blank\" rel=\"nofollow noopener\">secretariappgo@gmail.com<\/a>.<\/span><\/span><\/div>\n<\/div>\n<\/div>\n<\/div>\n<\/div>\n<\/div>\n<\/div>\n<\/div>\n<\/div>\n<\/div>\n<div id=\"pg-377-1\" class=\"panel-grid panel-no-style\">\n<div id=\"pgc-377-1-0\" class=\"panel-grid-cell\">\n<div id=\"panel-377-1-0-0\" class=\"so-panel widget widget_siteorigin-panels-builder panel-first-child panel-last-child\">\n<div id=\"pl-w5ad637514aa2f\" class=\"panel-layout\">\n<div id=\"pg-w5ad637514aa2f-0\" class=\"panel-grid panel-has-style\">\n<div class=\"siteorigin-panels-stretch panel-row-style-full-width panel-row-style panel-row-style-for-w5ad637514aa2f-0\">\n<div id=\"pgc-w5ad637514aa2f-0-0\" class=\"panel-grid-cell\">\n<div id=\"panel-w5ad637514aa2f-0-0-0\" class=\"so-panel widget widget_sow-google-map panel-first-child panel-last-child\"><\/div>\n<\/div>\n<\/div>\n<\/div>\n<\/div>\n<\/div>\n<\/div>\n<\/div>\n<\/div>\n","protected":false},"excerpt":{"rendered":"<p>O PPGO atua em duas\u00a0\u00e1reas de concentra\u00e7\u00e3o\u00a0e\u00a0diversas \u00eanfases\u00a0de forma\u00e7\u00e3o. Conta com aproximadamente\u00a030\u00a0docentes\u00a0e mais de\u00a0100 discentes\u00a0que desenvolvem atividades laboratoriais e cl\u00ednicas em diversas\u00a0linhas de pesquisa, gerando evid\u00eancias que contribuem de forma significativa para o desenvolvimento da ci\u00eancia e pr\u00e1tica da odontologia nacional e internacional. Al\u00e9m de cirurgi\u00f5es-dentistas, o programa conta com discentes de doutorado que possuem [&hellip;]<\/p>\n","protected":false},"author":511,"featured_media":0,"parent":0,"menu_order":0,"comment_status":"closed","ping_status":"closed","template":"","meta":{"jetpack_post_was_ever_published":false,"footnotes":""},"class_list":["post-377","page","type-page","status-publish","hentry"],"jetpack_sharing_enabled":true,"jetpack_shortlink":"https:\/\/wp.me\/P9I8SC-65","publishpress_future_action":{"enabled":false,"date":"2026-04-21 09:27:22","action":"change-status","newStatus":"draft","terms":[],"taxonomy":"","extraData":[]},"publishpress_future_workflow_manual_trigger":{"enabledWorkflows":[]},"_links":{"self":[{"href":"https:\/\/wp.ufpel.edu.br\/ppgo\/wp-json\/wp\/v2\/pages\/377","targetHints":{"allow":["GET"]}}],"collection":[{"href":"https:\/\/wp.ufpel.edu.br\/ppgo\/wp-json\/wp\/v2\/pages"}],"about":[{"href":"https:\/\/wp.ufpel.edu.br\/ppgo\/wp-json\/wp\/v2\/types\/page"}],"author":[{"embeddable":true,"href":"https:\/\/wp.ufpel.edu.br\/ppgo\/wp-json\/wp\/v2\/users\/511"}],"replies":[{"embeddable":true,"href":"https:\/\/wp.ufpel.edu.br\/ppgo\/wp-json\/wp\/v2\/comments?post=377"}],"version-history":[{"count":62,"href":"https:\/\/wp.ufpel.edu.br\/ppgo\/wp-json\/wp\/v2\/pages\/377\/revisions"}],"predecessor-version":[{"id":4740,"href":"https:\/\/wp.ufpel.edu.br\/ppgo\/wp-json\/wp\/v2\/pages\/377\/revisions\/4740"}],"wp:attachment":[{"href":"https:\/\/wp.ufpel.edu.br\/ppgo\/wp-json\/wp\/v2\/media?parent=377"}],"curies":[{"name":"wp","href":"https:\/\/api.w.org\/{rel}","templated":true}]}}