{"id":374,"date":"2018-03-05T10:23:11","date_gmt":"2018-03-05T13:23:11","guid":{"rendered":"https:\/\/wp.ufpel.edu.br\/ppgo\/?page_id=374"},"modified":"2024-06-03T09:31:05","modified_gmt":"2024-06-03T12:31:05","slug":"microbiologia-oral","status":"publish","type":"page","link":"https:\/\/wp.ufpel.edu.br\/ppgo\/laboratorios\/microbiologia-oral\/","title":{"rendered":"Microbiologia Oral"},"content":{"rendered":"<div id=\"pl-374\" class=\"panel-layout\">\n<div id=\"pg-374-0\" class=\"panel-grid panel-no-style\">\n<div id=\"pgc-374-0-0\" class=\"panel-grid-cell\">\n<div id=\"panel-374-0-0-0\" class=\"so-panel widget widget_sow-editor panel-first-child panel-last-child\">\n<div class=\"so-widget-sow-editor so-widget-sow-editor-base\">\n<div class=\"siteorigin-widget-tinymce textwidget\">\n<p style=\"text-align: justify;\"><span style=\"font-family: arial, helvetica, sans-serif; font-size: 12pt;\">O laborat\u00f3rio de Microbiologia\u00a0foi reestruturado nos \u00faltimos anos com recursos de projetos de pesquisa. Ganhou tamb\u00e9m nova sede com a reforma do pr\u00e9dio da Faculdade. Dentre os equipamentos dispon\u00edveis, podem ser ressaltados: agitadores magn\u00e9ticos, agitadores tipo vortex, autoclaves, balan\u00e7a anal\u00edtica de precis\u00e3o, banho-maria, capela de fluxo laminar, centr\u00edfuga refrigerada, desruptor de c\u00e9lulas, destilador e deionizador de \u00e1gua, espetrofot\u00f4metro, forno de micro-ondas, freezer, homogeneizador de amostras, incubadoras, jarras de anerobiose, lupas estereosc\u00f3picas, microsc\u00f3pio de luz, pHmetro, pipetas autom\u00e1ticas, sonicador e identificador de microrganismos, adquirido em conjunto com outros PPGs via edital CT-INFRA\/Finep.<\/span><\/p>\n<\/div>\n<\/div>\n<\/div>\n<\/div>\n<div id=\"pgc-374-0-1\" class=\"panel-grid-cell\"><\/div>\n<\/div>\n<div id=\"pg-374-1\" class=\"panel-grid panel-no-style\">\n<div id=\"pgc-374-1-0\" class=\"panel-grid-cell\">\n<div id=\"panel-374-1-0-0\" class=\"so-panel widget widget_sow-image panel-first-child panel-last-child\"><a href=\"https:\/\/wp.ufpel.edu.br\/ppgo\/files\/2024\/06\/Bertuol-61-scaled.jpg\"><img class=\"aligncenter size-large wp-image-4723\" src=\"https:\/\/wp.ufpel.edu.br\/ppgo\/files\/2024\/06\/Bertuol-61-1024x684.jpg\" alt=\"\" width=\"1024\" height=\"684\" srcset=\"https:\/\/wp.ufpel.edu.br\/ppgo\/files\/2024\/06\/Bertuol-61-1024x684.jpg 1024w, https:\/\/wp.ufpel.edu.br\/ppgo\/files\/2024\/06\/Bertuol-61-400x267.jpg 400w, https:\/\/wp.ufpel.edu.br\/ppgo\/files\/2024\/06\/Bertuol-61-768x513.jpg 768w, https:\/\/wp.ufpel.edu.br\/ppgo\/files\/2024\/06\/Bertuol-61-1536x1025.jpg 1536w, https:\/\/wp.ufpel.edu.br\/ppgo\/files\/2024\/06\/Bertuol-61-2048x1367.jpg 2048w\" sizes=\"(max-width: 1024px) 100vw, 1024px\" \/><\/a><\/div>\n<\/div>\n<div id=\"pgc-374-1-1\" class=\"panel-grid-cell\">\n<div id=\"panel-374-1-1-0\" class=\"so-panel widget widget_sow-editor panel-first-child panel-last-child\">\n<div class=\"so-widget-sow-editor so-widget-sow-editor-base\">\n<div class=\"siteorigin-widget-tinymce textwidget\">\n<p style=\"text-align: justify;\"><span style=\"font-family: arial, helvetica, sans-serif; font-size: 12pt;\">Adicionalmente, encontra-se em funcionamento um sistema complexo para crescimento de biofilmes e simula\u00e7\u00f5es intrabucais do tipo \u201cboca artificial\u201d, totalmente planejado e desenvolvido no PPGO, com patente conjunta registrada com uma empresa de equipamentos de abrang\u00eancia nacional.<\/span><\/p>\n<\/div>\n<\/div>\n<\/div>\n<\/div>\n<\/div>\n<\/div>\n","protected":false},"excerpt":{"rendered":"<p>O laborat\u00f3rio de Microbiologia\u00a0foi reestruturado nos \u00faltimos anos com recursos de projetos de pesquisa. Ganhou tamb\u00e9m nova sede com a reforma do pr\u00e9dio da Faculdade. Dentre os equipamentos dispon\u00edveis, podem ser ressaltados: agitadores magn\u00e9ticos, agitadores tipo vortex, autoclaves, balan\u00e7a anal\u00edtica de precis\u00e3o, banho-maria, capela de fluxo laminar, centr\u00edfuga refrigerada, desruptor de c\u00e9lulas, destilador e deionizador [&hellip;]<\/p>\n","protected":false},"author":511,"featured_media":0,"parent":313,"menu_order":0,"comment_status":"closed","ping_status":"closed","template":"","meta":{"jetpack_post_was_ever_published":false,"footnotes":""},"class_list":["post-374","page","type-page","status-publish","hentry"],"jetpack_sharing_enabled":true,"jetpack_shortlink":"https:\/\/wp.me\/P9I8SC-62","publishpress_future_action":{"enabled":false,"date":"2026-04-22 01:24:35","action":"change-status","newStatus":"draft","terms":[],"taxonomy":"","extraData":[]},"publishpress_future_workflow_manual_trigger":{"enabledWorkflows":[]},"_links":{"self":[{"href":"https:\/\/wp.ufpel.edu.br\/ppgo\/wp-json\/wp\/v2\/pages\/374","targetHints":{"allow":["GET"]}}],"collection":[{"href":"https:\/\/wp.ufpel.edu.br\/ppgo\/wp-json\/wp\/v2\/pages"}],"about":[{"href":"https:\/\/wp.ufpel.edu.br\/ppgo\/wp-json\/wp\/v2\/types\/page"}],"author":[{"embeddable":true,"href":"https:\/\/wp.ufpel.edu.br\/ppgo\/wp-json\/wp\/v2\/users\/511"}],"replies":[{"embeddable":true,"href":"https:\/\/wp.ufpel.edu.br\/ppgo\/wp-json\/wp\/v2\/comments?post=374"}],"version-history":[{"count":7,"href":"https:\/\/wp.ufpel.edu.br\/ppgo\/wp-json\/wp\/v2\/pages\/374\/revisions"}],"predecessor-version":[{"id":4725,"href":"https:\/\/wp.ufpel.edu.br\/ppgo\/wp-json\/wp\/v2\/pages\/374\/revisions\/4725"}],"up":[{"embeddable":true,"href":"https:\/\/wp.ufpel.edu.br\/ppgo\/wp-json\/wp\/v2\/pages\/313"}],"wp:attachment":[{"href":"https:\/\/wp.ufpel.edu.br\/ppgo\/wp-json\/wp\/v2\/media?parent=374"}],"curies":[{"name":"wp","href":"https:\/\/api.w.org\/{rel}","templated":true}]}}