{"id":368,"date":"2018-03-05T10:21:22","date_gmt":"2018-03-05T13:21:22","guid":{"rendered":"https:\/\/wp.ufpel.edu.br\/ppgo\/?page_id=368"},"modified":"2024-06-03T09:24:57","modified_gmt":"2024-06-03T12:24:57","slug":"nucleo-de-estudos-clinicos-e-pre-clinicos","status":"publish","type":"page","link":"https:\/\/wp.ufpel.edu.br\/ppgo\/laboratorios\/nucleo-de-estudos-clinicos-e-pre-clinicos\/","title":{"rendered":"Laborat\u00f3rio de Epidemiologia (Epibucal)"},"content":{"rendered":"<div id=\"pl-368\" class=\"panel-layout\">\n<div id=\"pg-368-0\" class=\"panel-grid panel-no-style\">\n<div id=\"pgc-368-0-0\" class=\"panel-grid-cell\">\n<div id=\"panel-368-0-0-0\" class=\"so-panel widget widget_sow-editor panel-first-child panel-last-child\">\n<div class=\"so-widget-sow-editor so-widget-sow-editor-base\">\n<div class=\"siteorigin-widget-tinymce textwidget\">\n<p style=\"text-align: justify;\"><span style=\"font-family: georgia, palatino, serif; font-size: 12pt;\">O Grupo de Estudos em Epidemiologia da Sa\u00fade Bucal (EpiBucal) constitui-se em um Laborat\u00f3rio de Pesquisa e Extens\u00e3o em Epidemiologia vinculado ao Programa de P\u00f3s-Gradua\u00e7\u00e3o em Odontologia (PPGO), situado no 5o. andar, sala 501, da FO da UFPel. O objetivo do EpiBucal \u00e9 contribuir para o desenvolvimento da pesquisa e inicia\u00e7\u00e3o cient\u00edfica na institui\u00e7\u00e3o, por meio de atividades de pesquisa e extens\u00e3o relacionadas \u00e0 Epidemiologia da Sa\u00fade Bucal, em todas as fases do ciclo cient\u00edfico: (a) concep\u00e7\u00e3o e projeto; (b) desenvolvimento; (c) organiza\u00e7\u00e3o e an\u00e1lise de dados; e (d) escrita cient\u00edfica. Apresenta infraestrutura adequada para o desenvolvimento das atividades, bem como equipamentos e materiais necess\u00e1rios para o preparo e organiza\u00e7\u00e3o de pesquisas de campo.<\/span><\/p>\n<\/div>\n<\/div>\n<\/div>\n<\/div>\n<div id=\"pgc-368-0-1\" class=\"panel-grid-cell\"><\/div>\n<\/div>\n<div id=\"pg-368-1\" class=\"panel-grid panel-no-style\">\n<div class=\"so-panel widget widget_sow-image panel-first-child panel-last-child\"><a href=\"https:\/\/wp.ufpel.edu.br\/ppgo\/files\/2024\/06\/Bertuol-65-scaled.jpg\"><img class=\"aligncenter size-large wp-image-4721\" src=\"https:\/\/wp.ufpel.edu.br\/ppgo\/files\/2024\/06\/Bertuol-65-1024x684.jpg\" alt=\"\" width=\"1024\" height=\"684\" srcset=\"https:\/\/wp.ufpel.edu.br\/ppgo\/files\/2024\/06\/Bertuol-65-1024x684.jpg 1024w, https:\/\/wp.ufpel.edu.br\/ppgo\/files\/2024\/06\/Bertuol-65-400x267.jpg 400w, https:\/\/wp.ufpel.edu.br\/ppgo\/files\/2024\/06\/Bertuol-65-768x513.jpg 768w, https:\/\/wp.ufpel.edu.br\/ppgo\/files\/2024\/06\/Bertuol-65-1536x1025.jpg 1536w, https:\/\/wp.ufpel.edu.br\/ppgo\/files\/2024\/06\/Bertuol-65-2048x1367.jpg 2048w\" sizes=\"(max-width: 1024px) 100vw, 1024px\" \/><\/a><\/div>\n<div id=\"pgc-368-1-1\" class=\"panel-grid-cell\">\n<div id=\"panel-368-1-1-0\" class=\"so-panel widget widget_sow-editor panel-first-child panel-last-child\">\n<div class=\"so-widget-sow-editor so-widget-sow-editor-base\">\n<div class=\"siteorigin-widget-tinymce textwidget\">\n<p style=\"text-align: justify;\"><span style=\"font-family: georgia, palatino, serif; font-size: 12pt;\">O EpiBucal tem participado ativamente no desenvolvimento de atividades de pesquisa, extens\u00e3o e ensino com a inclus\u00e3o de alunos \u00e0 inicia\u00e7\u00e3o cient\u00edfica e o aprimoramento dos discentes de p\u00f3s-gradua\u00e7\u00e3o, com destaque para os Levantamentos em Sa\u00fade Bucal nas Coortes de Nascimentos de Pelotas (1982, 1993, 2004 e 2015) realizados em parceria com o Programa de P\u00f3s-Gradua\u00e7\u00e3o em Epidemiologia da UFPel (Conceito 7 da CAPES) e para a Coorte de Universit\u00e1rios ingressantes no ano de 2016 na UFPel, al\u00e9m de outros estudos de base populacional.<\/span><\/p>\n<\/div>\n<\/div>\n<\/div>\n<\/div>\n<\/div>\n<\/div>\n","protected":false},"excerpt":{"rendered":"<p>O Grupo de Estudos em Epidemiologia da Sa\u00fade Bucal (EpiBucal) constitui-se em um Laborat\u00f3rio de Pesquisa e Extens\u00e3o em Epidemiologia vinculado ao Programa de P\u00f3s-Gradua\u00e7\u00e3o em Odontologia (PPGO), situado no 5o. andar, sala 501, da FO da UFPel. O objetivo do EpiBucal \u00e9 contribuir para o desenvolvimento da pesquisa e inicia\u00e7\u00e3o cient\u00edfica na institui\u00e7\u00e3o, por [&hellip;]<\/p>\n","protected":false},"author":511,"featured_media":0,"parent":313,"menu_order":0,"comment_status":"closed","ping_status":"closed","template":"","meta":{"jetpack_post_was_ever_published":false,"footnotes":""},"class_list":["post-368","page","type-page","status-publish","hentry"],"jetpack_sharing_enabled":true,"jetpack_shortlink":"https:\/\/wp.me\/P9I8SC-5W","publishpress_future_action":{"enabled":false,"date":"2026-04-23 21:09:27","action":"change-status","newStatus":"draft","terms":[],"taxonomy":"","extraData":[]},"publishpress_future_workflow_manual_trigger":{"enabledWorkflows":[]},"_links":{"self":[{"href":"https:\/\/wp.ufpel.edu.br\/ppgo\/wp-json\/wp\/v2\/pages\/368","targetHints":{"allow":["GET"]}}],"collection":[{"href":"https:\/\/wp.ufpel.edu.br\/ppgo\/wp-json\/wp\/v2\/pages"}],"about":[{"href":"https:\/\/wp.ufpel.edu.br\/ppgo\/wp-json\/wp\/v2\/types\/page"}],"author":[{"embeddable":true,"href":"https:\/\/wp.ufpel.edu.br\/ppgo\/wp-json\/wp\/v2\/users\/511"}],"replies":[{"embeddable":true,"href":"https:\/\/wp.ufpel.edu.br\/ppgo\/wp-json\/wp\/v2\/comments?post=368"}],"version-history":[{"count":6,"href":"https:\/\/wp.ufpel.edu.br\/ppgo\/wp-json\/wp\/v2\/pages\/368\/revisions"}],"predecessor-version":[{"id":4722,"href":"https:\/\/wp.ufpel.edu.br\/ppgo\/wp-json\/wp\/v2\/pages\/368\/revisions\/4722"}],"up":[{"embeddable":true,"href":"https:\/\/wp.ufpel.edu.br\/ppgo\/wp-json\/wp\/v2\/pages\/313"}],"wp:attachment":[{"href":"https:\/\/wp.ufpel.edu.br\/ppgo\/wp-json\/wp\/v2\/media?parent=368"}],"curies":[{"name":"wp","href":"https:\/\/api.w.org\/{rel}","templated":true}]}}