{"id":3659,"date":"2023-09-28T09:36:40","date_gmt":"2023-09-28T12:36:40","guid":{"rendered":"https:\/\/wp.ufpel.edu.br\/ppgo\/?page_id=3659"},"modified":"2024-06-03T10:13:43","modified_gmt":"2024-06-03T13:13:43","slug":"3659-2","status":"publish","type":"page","link":"https:\/\/wp.ufpel.edu.br\/ppgo\/docentes\/3659-2\/","title":{"rendered":""},"content":{"rendered":"<h1 class=\"name\" tabindex=\"0\"><span style=\"font-size: 18pt; font-family: arial, helvetica, sans-serif;\">Helena Silveira Schuch<\/span><a href=\"https:\/\/wp.ufpel.edu.br\/ppgo\/files\/2024\/06\/1652359963233.jpg\"><img class=\"wp-image-4759 alignright\" src=\"https:\/\/wp.ufpel.edu.br\/ppgo\/files\/2024\/06\/1652359963233.jpg\" alt=\"\" width=\"378\" height=\"378\" srcset=\"https:\/\/wp.ufpel.edu.br\/ppgo\/files\/2024\/06\/1652359963233.jpg 800w, https:\/\/wp.ufpel.edu.br\/ppgo\/files\/2024\/06\/1652359963233-400x400.jpg 400w, https:\/\/wp.ufpel.edu.br\/ppgo\/files\/2024\/06\/1652359963233-200x200.jpg 200w, https:\/\/wp.ufpel.edu.br\/ppgo\/files\/2024\/06\/1652359963233-768x768.jpg 768w\" sizes=\"(max-width: 378px) 100vw, 378px\" \/><\/a><\/h1>\n<p><a href=\"http:\/\/lattes.cnpq.br\/0919422652232704\"><img class=\"alignnone wp-image-3765\" src=\"https:\/\/wp.ufpel.edu.br\/ppgo\/files\/2023\/09\/th.jpg\" alt=\"\" width=\"51\" height=\"29\" \/><\/a> <a href=\"https:\/\/orcid.org\/0000-0001-9932-9698\"><img class=\"alignnone wp-image-3704\" src=\"https:\/\/wp.ufpel.edu.br\/ppgo\/files\/2023\/09\/orcid-id.png\" alt=\"\" width=\"29\" height=\"29\" srcset=\"https:\/\/wp.ufpel.edu.br\/ppgo\/files\/2023\/09\/orcid-id.png 450w, https:\/\/wp.ufpel.edu.br\/ppgo\/files\/2023\/09\/orcid-id-400x400.png 400w, https:\/\/wp.ufpel.edu.br\/ppgo\/files\/2023\/09\/orcid-id-200x200.png 200w\" sizes=\"(max-width: 29px) 100vw, 29px\" \/><\/a> <a href=\"https:\/\/wp.ufpel.edu.br\/ppgo\/files\/2023\/09\/kisspng-computer-science-google-scholar-doctor-of-philosop-google-5ad094511a4771.2300740815236188971077.jpg\"><img class=\"alignnone wp-image-3705\" src=\"https:\/\/wp.ufpel.edu.br\/ppgo\/files\/2023\/09\/kisspng-computer-science-google-scholar-doctor-of-philosop-google-5ad094511a4771.2300740815236188971077.jpg\" alt=\"\" width=\"28\" height=\"28\" srcset=\"https:\/\/wp.ufpel.edu.br\/ppgo\/files\/2023\/09\/kisspng-computer-science-google-scholar-doctor-of-philosop-google-5ad094511a4771.2300740815236188971077.jpg 260w, https:\/\/wp.ufpel.edu.br\/ppgo\/files\/2023\/09\/kisspng-computer-science-google-scholar-doctor-of-philosop-google-5ad094511a4771.2300740815236188971077-200x200.jpg 200w\" sizes=\"(max-width: 28px) 100vw, 28px\" \/><\/a> <a href=\"https:\/\/www.webofscience.com\/wos\/author\/record\/1259978\"><img class=\"alignnone wp-image-3724\" src=\"https:\/\/wp.ufpel.edu.br\/ppgo\/files\/2023\/09\/3a2304e4-ef4f-4e12-ad2f-e43fab16210f.jpg\" alt=\"\" width=\"29\" height=\"29\" srcset=\"https:\/\/wp.ufpel.edu.br\/ppgo\/files\/2023\/09\/3a2304e4-ef4f-4e12-ad2f-e43fab16210f.jpg 225w, https:\/\/wp.ufpel.edu.br\/ppgo\/files\/2023\/09\/3a2304e4-ef4f-4e12-ad2f-e43fab16210f-200x200.jpg 200w\" sizes=\"(max-width: 29px) 100vw, 29px\" \/><\/a> <a href=\"https:\/\/wp.ufpel.edu.br\/ppgo\/files\/2023\/09\/download.png\"><img class=\"alignnone wp-image-3894\" src=\"https:\/\/wp.ufpel.edu.br\/ppgo\/files\/2023\/09\/download.png\" alt=\"\" width=\"29\" height=\"29\" srcset=\"https:\/\/wp.ufpel.edu.br\/ppgo\/files\/2023\/09\/download.png 225w, https:\/\/wp.ufpel.edu.br\/ppgo\/files\/2023\/09\/download-200x200.png 200w\" sizes=\"(max-width: 29px) 100vw, 29px\" \/><\/a><\/p>\n<p style=\"text-align: left;\"><span style=\"font-family: arial, helvetica, sans-serif;\">Forma\u00e7\u00e3o: mestrado (2014) em Odontologia pela Universidade Federal de Pelotas e doutorado em Sa\u00fade P\u00fablica\/Odontologia (2018) pelo Australian Research Centre for Population Oral Health (ARCPOH), Universidade de Adelaide<\/span><\/p>\n<p><span style=\"font-family: arial, helvetica, sans-serif;\">Linhas de pesquisa:<\/span><\/p>\n<p><span style=\"font-family: arial, helvetica, sans-serif;\">\u00c1rea de atua\u00e7\u00e3o:<\/span><\/p>\n<p>&nbsp;<\/p>\n","protected":false},"excerpt":{"rendered":"<p>Helena Silveira Schuch Forma\u00e7\u00e3o: mestrado (2014) em Odontologia pela Universidade Federal de Pelotas e doutorado em Sa\u00fade P\u00fablica\/Odontologia (2018) pelo Australian Research Centre for Population Oral Health (ARCPOH), Universidade de Adelaide Linhas de pesquisa: \u00c1rea de atua\u00e7\u00e3o: &nbsp;<\/p>\n","protected":false},"author":480,"featured_media":0,"parent":350,"menu_order":0,"comment_status":"closed","ping_status":"closed","template":"","meta":{"jetpack_post_was_ever_published":false,"footnotes":""},"class_list":["post-3659","page","type-page","status-publish","hentry"],"jetpack_sharing_enabled":true,"jetpack_shortlink":"https:\/\/wp.me\/P9I8SC-X1","publishpress_future_action":{"enabled":false,"date":"2026-04-22 13:22:12","action":"change-status","newStatus":"draft","terms":[],"taxonomy":"","extraData":[]},"publishpress_future_workflow_manual_trigger":{"enabledWorkflows":[]},"_links":{"self":[{"href":"https:\/\/wp.ufpel.edu.br\/ppgo\/wp-json\/wp\/v2\/pages\/3659","targetHints":{"allow":["GET"]}}],"collection":[{"href":"https:\/\/wp.ufpel.edu.br\/ppgo\/wp-json\/wp\/v2\/pages"}],"about":[{"href":"https:\/\/wp.ufpel.edu.br\/ppgo\/wp-json\/wp\/v2\/types\/page"}],"author":[{"embeddable":true,"href":"https:\/\/wp.ufpel.edu.br\/ppgo\/wp-json\/wp\/v2\/users\/480"}],"replies":[{"embeddable":true,"href":"https:\/\/wp.ufpel.edu.br\/ppgo\/wp-json\/wp\/v2\/comments?post=3659"}],"version-history":[{"count":8,"href":"https:\/\/wp.ufpel.edu.br\/ppgo\/wp-json\/wp\/v2\/pages\/3659\/revisions"}],"predecessor-version":[{"id":4760,"href":"https:\/\/wp.ufpel.edu.br\/ppgo\/wp-json\/wp\/v2\/pages\/3659\/revisions\/4760"}],"up":[{"embeddable":true,"href":"https:\/\/wp.ufpel.edu.br\/ppgo\/wp-json\/wp\/v2\/pages\/350"}],"wp:attachment":[{"href":"https:\/\/wp.ufpel.edu.br\/ppgo\/wp-json\/wp\/v2\/media?parent=3659"}],"curies":[{"name":"wp","href":"https:\/\/api.w.org\/{rel}","templated":true}]}}