{"id":365,"date":"2018-03-05T10:20:48","date_gmt":"2018-03-05T13:20:48","guid":{"rendered":"https:\/\/wp.ufpel.edu.br\/ppgo\/?page_id=365"},"modified":"2018-04-03T11:55:52","modified_gmt":"2018-04-03T14:55:52","slug":"centro-de-desenvolvimento-e-controle-de-biomateriais-cdc-bio","status":"publish","type":"page","link":"https:\/\/wp.ufpel.edu.br\/ppgo\/laboratorios\/centro-de-desenvolvimento-e-controle-de-biomateriais-cdc-bio\/","title":{"rendered":"Centro de Desenvolvimento e Controle de Biomateriais (CDC-Bio)"},"content":{"rendered":"<div id=\"pl-365\" class=\"panel-layout\">\n<div id=\"pg-365-0\" class=\"panel-grid panel-no-style\">\n<div id=\"pgc-365-0-0\" class=\"panel-grid-cell\">\n<div id=\"panel-365-0-0-0\" class=\"so-panel widget widget_sow-editor panel-first-child panel-last-child\">\n<div class=\"so-widget-sow-editor so-widget-sow-editor-base\">\n<div class=\"siteorigin-widget-tinymce textwidget\">\n<p style=\"text-align: justify\"><span style=\"font-family: georgia, palatino, serif;font-size: 12pt\">O Centro de Desenvolvimento e Controle de Biomateriais conta com equipamentos adquiridos com recursos de pesquisa, em editais diversos incluindo de pesquisa e intera\u00e7\u00e3o com empresas. Est\u00e1 instalado em espa\u00e7o anexo \u00e0 Faculdade de Odontologia, reformado tamb\u00e9m durante as obras de renova\u00e7\u00e3o dos pavimentos do pr\u00e9dio da Faculdade. Neste laborat\u00f3rio encontram-se equipamentos para an\u00e1lises de propriedades f\u00edsico-mec\u00e2nicas de materiais comercialmente dispon\u00edveis no mercado, bem como aqueles que est\u00e3o sendo desenvolvidos no CDC-Bio em parceria com empresas do ramo odontol\u00f3gico.<\/span><\/p>\n<\/div>\n<\/div>\n<\/div>\n<\/div>\n<div id=\"pgc-365-0-1\" class=\"panel-grid-cell\">\n<div id=\"panel-365-0-1-0\" class=\"so-panel widget widget_sow-image panel-first-child panel-last-child\">[siteorigin_widget class=&#8221;SiteOrigin_Widget_Image_Widget&#8221;][\/siteorigin_widget]<\/div>\n<\/div>\n<\/div>\n<div id=\"pg-365-1\" class=\"panel-grid panel-no-style\">\n<div id=\"pgc-365-1-0\" class=\"panel-grid-cell\">\n<div id=\"panel-365-1-0-0\" class=\"so-panel widget widget_sow-image panel-first-child panel-last-child\">[siteorigin_widget class=&#8221;SiteOrigin_Widget_Image_Widget&#8221;][\/siteorigin_widget]<\/div>\n<\/div>\n<div id=\"pgc-365-1-1\" class=\"panel-grid-cell\">\n<div id=\"panel-365-1-1-0\" class=\"so-panel widget widget_sow-editor panel-first-child panel-last-child\">\n<div class=\"so-widget-sow-editor so-widget-sow-editor-base\">\n<div class=\"siteorigin-widget-tinymce textwidget\">\n<p style=\"text-align: justify\"><span style=\"font-family: georgia, palatino, serif;font-size: 12pt\">Dentre os equipamentos dispon\u00edveis, podem ser ressaltados: balan\u00e7as de precis\u00e3o, cortadeira de precis\u00e3o, dur\u00f4metro, espectrofot\u00f4metro infravermelho com dispositivo de reflet\u00e2ncia total atenuada, um novo FTIR com detector de infravermelho pr\u00f3ximo, estereomicrosc\u00f3pio, fluor\u00edmetro, m\u00e1quina de ensaios mec\u00e2nicos, pHmetro, politrizesmetalogr\u00e1ficas, rugos\u00edmetro digital, medidor de pot\u00eancia, viscos\u00edmetros oscilat\u00f3rios, m\u00e1quinas de ciclagem mec\u00e2nica. Destaca-se a recente aquisi\u00e7\u00e3o de m\u00e1quina de ensaios din\u00e2micos (InstronEletropuls), goni\u00f4metro (analisador de \u00e2ngulo de contato), misturador de alta frequ\u00eancia (Speedmixer), e re\u00f4metro. H\u00e1, ainda, crescente utiliza\u00e7\u00e3o do microsc\u00f3pio eletr\u00f4nico de varredura com analisador de energia dispersiva de raios-X, que est\u00e1 instalado na Faculdade.<\/span><\/p>\n<\/div>\n<\/div>\n<\/div>\n<\/div>\n<\/div>\n<\/div>\n","protected":false},"excerpt":{"rendered":"<p>O Centro de Desenvolvimento e Controle de Biomateriais conta com equipamentos adquiridos com recursos de pesquisa, em editais diversos incluindo de pesquisa e intera\u00e7\u00e3o com empresas. Est\u00e1 instalado em espa\u00e7o anexo \u00e0 Faculdade de Odontologia, reformado tamb\u00e9m durante as obras de renova\u00e7\u00e3o dos pavimentos do pr\u00e9dio da Faculdade. Neste laborat\u00f3rio encontram-se equipamentos para an\u00e1lises de [&hellip;]<\/p>\n","protected":false},"author":511,"featured_media":0,"parent":313,"menu_order":0,"comment_status":"closed","ping_status":"closed","template":"","meta":{"jetpack_post_was_ever_published":false,"footnotes":""},"class_list":["post-365","page","type-page","status-publish","hentry"],"jetpack_sharing_enabled":true,"jetpack_shortlink":"https:\/\/wp.me\/P9I8SC-5T","publishpress_future_action":{"enabled":false,"date":"2026-04-25 08:40:37","action":"change-status","newStatus":"draft","terms":[],"taxonomy":"","extraData":[]},"publishpress_future_workflow_manual_trigger":{"enabledWorkflows":[]},"_links":{"self":[{"href":"https:\/\/wp.ufpel.edu.br\/ppgo\/wp-json\/wp\/v2\/pages\/365","targetHints":{"allow":["GET"]}}],"collection":[{"href":"https:\/\/wp.ufpel.edu.br\/ppgo\/wp-json\/wp\/v2\/pages"}],"about":[{"href":"https:\/\/wp.ufpel.edu.br\/ppgo\/wp-json\/wp\/v2\/types\/page"}],"author":[{"embeddable":true,"href":"https:\/\/wp.ufpel.edu.br\/ppgo\/wp-json\/wp\/v2\/users\/511"}],"replies":[{"embeddable":true,"href":"https:\/\/wp.ufpel.edu.br\/ppgo\/wp-json\/wp\/v2\/comments?post=365"}],"version-history":[{"count":4,"href":"https:\/\/wp.ufpel.edu.br\/ppgo\/wp-json\/wp\/v2\/pages\/365\/revisions"}],"predecessor-version":[{"id":1019,"href":"https:\/\/wp.ufpel.edu.br\/ppgo\/wp-json\/wp\/v2\/pages\/365\/revisions\/1019"}],"up":[{"embeddable":true,"href":"https:\/\/wp.ufpel.edu.br\/ppgo\/wp-json\/wp\/v2\/pages\/313"}],"wp:attachment":[{"href":"https:\/\/wp.ufpel.edu.br\/ppgo\/wp-json\/wp\/v2\/media?parent=365"}],"curies":[{"name":"wp","href":"https:\/\/api.w.org\/{rel}","templated":true}]}}