{"id":356,"date":"2018-03-05T10:15:46","date_gmt":"2018-03-05T13:15:46","guid":{"rendered":"https:\/\/wp.ufpel.edu.br\/ppgo\/?page_id=356"},"modified":"2024-06-12T14:33:54","modified_gmt":"2024-06-12T17:33:54","slug":"coordenacao","status":"publish","type":"page","link":"https:\/\/wp.ufpel.edu.br\/ppgo\/coordenacao\/","title":{"rendered":"Coordena\u00e7\u00e3o"},"content":{"rendered":"<p><strong><a href=\"https:\/\/wp.ufpel.edu.br\/ppgo\/files\/2024\/06\/Bertuol-38-scaled.jpg\"><img class=\"aligncenter size-large wp-image-4810\" src=\"https:\/\/wp.ufpel.edu.br\/ppgo\/files\/2024\/06\/Bertuol-38-1024x684.jpg\" alt=\"\" width=\"1024\" height=\"684\" srcset=\"https:\/\/wp.ufpel.edu.br\/ppgo\/files\/2024\/06\/Bertuol-38-1024x684.jpg 1024w, https:\/\/wp.ufpel.edu.br\/ppgo\/files\/2024\/06\/Bertuol-38-400x267.jpg 400w, https:\/\/wp.ufpel.edu.br\/ppgo\/files\/2024\/06\/Bertuol-38-768x513.jpg 768w, https:\/\/wp.ufpel.edu.br\/ppgo\/files\/2024\/06\/Bertuol-38-1536x1025.jpg 1536w, https:\/\/wp.ufpel.edu.br\/ppgo\/files\/2024\/06\/Bertuol-38-2048x1367.jpg 2048w\" sizes=\"(max-width: 1024px) 100vw, 1024px\" \/><\/a><\/strong><\/p>\n<p><span style=\"font-family: arial, helvetica, sans-serif;\"><strong>Coordenadora Geral<\/strong>: Prof\u00aa. Dr\u00aa. Mar\u00edlia Le\u00e3o Goettems<\/span><\/p>\n<p><span style=\"font-family: arial, helvetica, sans-serif;\"><strong> Coordenadora Adjunta<\/strong>: Prof\u00aa. Dr\u00aa. No\u00e9li Boscato<\/span><\/p>\n<p><span style=\"font-family: arial, helvetica, sans-serif;\"><strong>Imediata Ex-Coordenadora Geral<\/strong>: Prof\u00aa. Dr\u00aa. Giana da Silveira Lima<\/span><\/p>\n<hr \/>\n<p><span style=\"font-family: arial, helvetica, sans-serif;\"><strong>Coordenadora da \u00e1rea de Clinica Odontol\u00f3gica:<\/strong><\/span><\/p>\n<p><span style=\"font-family: arial, helvetica, sans-serif;\">Prof\u00aa. Dr\u00aa. Marina Sousa Azevedo (titular)<\/span><\/p>\n<p><span style=\"font-family: arial, helvetica, sans-serif;\">Prof\u00aa. Dr\u00aa. Fran\u00e7oise H\u00e9l\u00e8ne van de Sande Leite (suplente)<\/span><\/p>\n<hr \/>\n<p><span style=\"font-family: arial, helvetica, sans-serif;\"><strong>Coordenador da \u00c1rea de Biomateriais e Biologia Oral:<\/strong><\/span><\/p>\n<p><span style=\"font-family: arial, helvetica, sans-serif;\">Prof. Dr. Rafael Ratto de Moraes (titular)<\/span><\/p>\n<p><span style=\"font-family: arial, helvetica, sans-serif;\">Prof. Dr. Evandro Piva (suplente)<\/span><\/p>\n<hr \/>\n<p><span style=\"font-family: arial, helvetica, sans-serif;\"><strong>Coordenadora da \u00c1rea de Sa\u00fade Bucal Coletiva:<\/strong><\/span><\/p>\n<p><span style=\"font-family: arial, helvetica, sans-serif;\">Prof\u00aa. Dr\u00aa. Mariana Gonzalez Cademartori (titular)<\/span><\/p>\n<p><span style=\"font-family: arial, helvetica, sans-serif;\">Prof. Dr. Eduardo Dickie de Castilhos (suplente)<\/span><\/p>\n<hr \/>\n<p><span style=\"font-family: arial, helvetica, sans-serif;\"><strong>Representante docente:<\/strong><\/span><\/p>\n<p><span style=\"font-family: arial, helvetica, sans-serif;\">Prof. Dr. Francisco Wilker Mustafa Gomes Muniz (titular)<\/span><\/p>\n<p><span style=\"font-family: arial, helvetica, sans-serif;\">Prof\u00aa. Dr\u00aa. Anelise Fernandes Montagner.(suplente)<\/span><\/p>\n<hr \/>\n<p><span style=\"font-family: arial, helvetica, sans-serif;\"><strong>Representante docente:<\/strong><\/span><\/p>\n<p><span style=\"font-family: arial, helvetica, sans-serif;\">Prof. Dr. Ot\u00e1vio Pereira D\u00b4\u00c1vila (titular)<\/span><\/p>\n<p><span style=\"font-family: arial, helvetica, sans-serif;\">Prof. Dr. Marcos Britto Corr\u00eaa.(suplente)<\/span><\/p>\n<hr \/>\n<p><span style=\"font-family: arial, helvetica, sans-serif;\"><strong>Representante discente (mestrado)<\/strong>:<\/span><\/p>\n<p><span style=\"font-family: arial, helvetica, sans-serif;\">Fernanda Zanchetta Peron (titular)<\/span><\/p>\n<p><span style=\"font-family: arial, helvetica, sans-serif;\">Laura dos Santos Hartleben (suplente)<\/span><\/p>\n<hr \/>\n<p><span style=\"font-family: arial, helvetica, sans-serif;\"><strong>Representante discente (doutorado):<\/strong><\/span><\/p>\n<p><span style=\"font-family: arial, helvetica, sans-serif;\">Nathalia Ribeiro Jorge da Silva (titular)<\/span><\/p>\n<p><span style=\"font-family: arial, helvetica, sans-serif;\">Fernanda Almeida Vieira (suplente)<\/span><\/p>\n","protected":false},"excerpt":{"rendered":"<p>Coordenadora Geral: Prof\u00aa. Dr\u00aa. Mar\u00edlia Le\u00e3o Goettems Coordenadora Adjunta: Prof\u00aa. Dr\u00aa. No\u00e9li Boscato Imediata Ex-Coordenadora Geral: Prof\u00aa. Dr\u00aa. Giana da Silveira Lima Coordenadora da \u00e1rea de Clinica Odontol\u00f3gica: Prof\u00aa. Dr\u00aa. Marina Sousa Azevedo (titular) Prof\u00aa. Dr\u00aa. Fran\u00e7oise H\u00e9l\u00e8ne van de Sande Leite (suplente) Coordenador da \u00c1rea de Biomateriais e Biologia Oral: Prof. Dr. Rafael Ratto [&hellip;]<\/p>\n","protected":false},"author":511,"featured_media":0,"parent":0,"menu_order":0,"comment_status":"closed","ping_status":"closed","template":"","meta":{"jetpack_post_was_ever_published":false,"footnotes":""},"class_list":["post-356","page","type-page","status-publish","hentry"],"jetpack_sharing_enabled":true,"jetpack_shortlink":"https:\/\/wp.me\/P9I8SC-5K","publishpress_future_action":{"enabled":false,"date":"2026-04-21 09:27:36","action":"change-status","newStatus":"draft","terms":[],"taxonomy":"","extraData":[]},"publishpress_future_workflow_manual_trigger":{"enabledWorkflows":[]},"_links":{"self":[{"href":"https:\/\/wp.ufpel.edu.br\/ppgo\/wp-json\/wp\/v2\/pages\/356","targetHints":{"allow":["GET"]}}],"collection":[{"href":"https:\/\/wp.ufpel.edu.br\/ppgo\/wp-json\/wp\/v2\/pages"}],"about":[{"href":"https:\/\/wp.ufpel.edu.br\/ppgo\/wp-json\/wp\/v2\/types\/page"}],"author":[{"embeddable":true,"href":"https:\/\/wp.ufpel.edu.br\/ppgo\/wp-json\/wp\/v2\/users\/511"}],"replies":[{"embeddable":true,"href":"https:\/\/wp.ufpel.edu.br\/ppgo\/wp-json\/wp\/v2\/comments?post=356"}],"version-history":[{"count":21,"href":"https:\/\/wp.ufpel.edu.br\/ppgo\/wp-json\/wp\/v2\/pages\/356\/revisions"}],"predecessor-version":[{"id":4814,"href":"https:\/\/wp.ufpel.edu.br\/ppgo\/wp-json\/wp\/v2\/pages\/356\/revisions\/4814"}],"wp:attachment":[{"href":"https:\/\/wp.ufpel.edu.br\/ppgo\/wp-json\/wp\/v2\/media?parent=356"}],"curies":[{"name":"wp","href":"https:\/\/api.w.org\/{rel}","templated":true}]}}