{"id":350,"date":"2018-03-05T10:14:28","date_gmt":"2018-03-05T13:14:28","guid":{"rendered":"https:\/\/wp.ufpel.edu.br\/ppgo\/?page_id=350"},"modified":"2025-11-26T21:11:13","modified_gmt":"2025-11-27T00:11:13","slug":"docentes","status":"publish","type":"page","link":"https:\/\/wp.ufpel.edu.br\/ppgo\/docentes\/","title":{"rendered":"Docentes do PPGO"},"content":{"rendered":"<h1><span style=\"font-size: 12pt;\"><strong><span style=\"color: #333399; background-color: #ffffff;\"><a style=\"color: #333399; background-color: #ffffff;\" href=\"https:\/\/wp.ufpel.edu.br\/ppgo\/docentes\/adriana-etges\/\"><span style=\"font-family: georgia, palatino, serif; background-color: #ffffff;\"><span style=\"font-family: arial, helvetica, sans-serif;\">Adriana Etges<\/span><\/span><\/a><span style=\"font-family: arial, helvetica, sans-serif; background-color: #ffffff;\"> (COLABORADOR)<\/span><\/span><\/strong><\/span><\/h1>\n<hr \/>\n<h1><span style=\"font-size: 12pt;\"><strong><span style=\"font-family: arial, helvetica, sans-serif; color: #333399; background-color: #ffffff;\"><a style=\"color: #333399; background-color: #ffffff;\" href=\"https:\/\/wp.me\/P9I8SC-eX\">Adriana Fernandes da Silva<\/a> (PERMANENTE)<\/span><\/strong><\/span><\/h1>\n<hr \/>\n<h1><span style=\"font-size: 12pt;\"><strong><span style=\"font-family: arial, helvetica, sans-serif; color: #333399; background-color: #ffffff;\"><a style=\"color: #333399; background-color: #ffffff;\" href=\"https:\/\/wp.me\/P9I8SC-kW\">Alexandre Emidio Ribeiro Silva<\/a> (PERMANENTE)<\/span><\/strong><\/span><\/h1>\n<hr \/>\n<h1><span style=\"font-size: 12pt;\"><strong><span style=\"font-family: arial, helvetica, sans-serif; color: #333399; background-color: #ffffff;\"><a style=\"color: #333399; background-color: #ffffff;\" href=\"https:\/\/wp.me\/P9I8SC-kZ\">Ana Carolina Uchoa Vasconcelos<\/a> (PERMANENTE)<\/span><\/strong><\/span><\/h1>\n<hr \/>\n<h1><span style=\"font-size: 12pt;\"><strong><span style=\"font-family: arial, helvetica, sans-serif; color: #333399; background-color: #ffffff;\"><a style=\"color: #333399; background-color: #ffffff;\" href=\"https:\/\/wp.ufpel.edu.br\/ppgo\/docentes\/anelise-montagner\/\">Anelise Fernandes Montagner <\/a>(PERMANENTE)<\/span><\/strong><\/span><\/h1>\n<hr \/>\n<h1><span style=\"font-size: 12pt;\"><strong><span style=\"color: #333399; background-color: #ffffff;\"><a style=\"color: #333399; background-color: #ffffff;\" href=\"https:\/\/wp.ufpel.edu.br\/ppgo\/4287-2\/\"><span style=\"font-family: arial, helvetica, sans-serif; background-color: #ffffff;\">Camila Silveira Sfreddo <\/span><\/a><span style=\"font-family: arial, helvetica, sans-serif; background-color: #ffffff;\">(PERMANENTE)<\/span><\/span><\/strong><\/span><\/h1>\n<hr \/>\n<h1><span style=\"font-size: 12pt;\"><strong><span style=\"font-family: arial, helvetica, sans-serif; color: #333399; background-color: #ffffff;\"><a style=\"color: #333399; background-color: #ffffff;\" href=\"https:\/\/wp.me\/P9I8SC-cC\">C\u00e9sar Dalmolin Bergoli<\/a>\u00a0\u00a0(PERMANENTE)<\/span><\/strong><\/span><\/h1>\n<hr \/>\n<h1><span style=\"font-size: 12pt;\"><strong><span style=\"font-family: arial, helvetica, sans-serif; color: #333399; background-color: #ffffff;\"><a style=\"color: #333399; background-color: #ffffff;\" href=\"https:\/\/wp.ufpel.edu.br\/ppgo\/eduardo_dickie\/\">Eduardo Dickie de Castilhos<\/a> (COLABORADOR)<\/span><\/strong><\/span><\/h1>\n<hr \/>\n<h1><span style=\"font-size: 12pt;\"><strong><span style=\"font-family: arial, helvetica, sans-serif; color: #333399; background-color: #ffffff;\"><a style=\"color: #333399; background-color: #ffffff;\" href=\"https:\/\/wp.me\/P9I8SC-mL\">Evandro Piva<\/a>\u00a0(PERMANENTE)<\/span><\/strong><\/span><\/h1>\n<hr \/>\n<h1><span style=\"font-size: 12pt;\"><strong><span style=\"font-family: arial, helvetica, sans-serif; color: #333399; background-color: #ffffff;\"><a style=\"color: #333399; background-color: #ffffff;\" href=\"https:\/\/wp.me\/P9I8SC-rl\">Fernanda Faot<\/a>\u00a0(PERMANENTE)<\/span><\/strong><\/span><\/h1>\n<hr \/>\n<h1><span style=\"font-size: 12pt;\"><strong><span style=\"font-family: arial, helvetica, sans-serif; color: #333399; background-color: #ffffff;\"><a style=\"color: #333399; background-color: #ffffff;\" href=\"https:\/\/wp.me\/P9I8SC-eN\">Fernanda Geraldo Pappen<\/a>\u00a0(PERMANENTE)<\/span><\/strong><\/span><\/h1>\n<hr \/>\n<h1><span style=\"font-size: 12pt;\"><strong><span style=\"font-family: arial, helvetica, sans-serif; color: #333399; background-color: #ffffff;\"><a style=\"color: #333399; background-color: #ffffff;\" href=\"https:\/\/wp.me\/P9I8SC-mY\">Flavio Fernando Demarco<\/a>\u00a0(PERMANENTE)<\/span><\/strong><\/span><\/h1>\n<hr \/>\n<h1><span style=\"font-size: 12pt;\"><strong><span style=\"font-family: arial, helvetica, sans-serif; background-color: #ffffff; color: #333399;\"><a style=\"background-color: #ffffff; color: #333399;\" href=\"https:\/\/wp.ufpel.edu.br\/ppgo\/4307-2\/\">Francine dos Santos Costa<\/a> (COLABORADORA)<\/span><\/strong><\/span><\/h1>\n<hr \/>\n<h1><span style=\"font-size: 12pt;\"><strong><span style=\"font-family: arial, helvetica, sans-serif; color: #333399; background-color: #ffffff;\"><a style=\"color: #333399; background-color: #ffffff;\" href=\"https:\/\/wp.ufpel.edu.br\/ppgo\/wilker\/\">Francisco Wilker Mustaf\u00e1 Gomes Muniz<\/a> (PERMANENTE)<\/span><\/strong><\/span><\/h1>\n<hr \/>\n<h1><span style=\"font-size: 12pt;\"><strong><span style=\"font-family: arial, helvetica, sans-serif; color: #333399; background-color: #ffffff;\"><a style=\"color: #333399; background-color: #ffffff;\" href=\"https:\/\/wp.ufpel.edu.br\/ppgo\/francoise\/\">Fran\u00e7oise H\u00e9l\u00e8ne van de Sande Leite<\/a> (PERMANENTE)<\/span><\/strong><\/span><\/h1>\n<hr \/>\n<h1><span style=\"font-size: 12pt;\"><strong><span style=\"font-family: arial, helvetica, sans-serif; color: #333399; background-color: #ffffff;\"><a style=\"color: #333399; background-color: #ffffff;\" href=\"https:\/\/wp.me\/P9I8SC-n5\">Giana da Silveira Lima<\/a>\u00a0(PERMANENTE)<\/span><\/strong><\/span><\/h1>\n<hr \/>\n<h1><span style=\"font-size: 12pt;\"><strong><span style=\"font-family: arial, helvetica, sans-serif; color: #333399; background-color: #ffffff;\"><a style=\"color: #333399; background-color: #ffffff;\" href=\"https:\/\/wp.ufpel.edu.br\/ppgo\/?page_id=3659&amp;preview=true\" target=\"_blank\" rel=\"noopener\">Helena Silveira Schuch<\/a> (COLABORADOR)<\/span><\/strong><\/span><\/h1>\n<hr \/>\n<h1><span style=\"font-size: 12pt;\"><strong><span style=\"color: #333399; background-color: #ffffff;\"><a style=\"color: #333399; background-color: #ffffff;\" href=\"https:\/\/wp.ufpel.edu.br\/ppgo\/4300-2\/\"><span style=\"font-family: arial, helvetica, sans-serif; background-color: #ffffff;\">Kaue Farias Collares<\/span><\/a> <span style=\"font-family: arial, helvetica, sans-serif; background-color: #ffffff;\">(PERMANENTE)<\/span><\/span><\/strong><\/span><\/h1>\n<hr \/>\n<h1><span style=\"font-size: 12pt;\"><strong><span style=\"font-family: arial, helvetica, sans-serif; color: #333399; background-color: #ffffff;\"><a style=\"color: #333399; background-color: #ffffff;\" href=\"https:\/\/wp.me\/P9I8SC-EI\">Luciana de Rezende Pinto<\/a> (PERMANENTE)<\/span><\/strong><\/span><\/h1>\n<hr \/>\n<h1><span style=\"font-size: 12pt;\"><strong><span style=\"color: #333399; background-color: #ffffff;\"><a style=\"color: #333399; background-color: #ffffff;\" href=\"https:\/\/wp.ufpel.edu.br\/ppgo\/4296-2\/\"><span style=\"font-family: arial, helvetica, sans-serif; background-color: #ffffff;\">Luiz Alexandre Chisini<\/span><\/a> <span style=\"font-family: arial, helvetica, sans-serif; background-color: #ffffff;\">(PERMANENTE)<\/span><\/span><\/strong><\/span><\/h1>\n<hr \/>\n<h1><span style=\"font-size: 12pt;\"><strong><span style=\"font-family: arial, helvetica, sans-serif; color: #333399; background-color: #ffffff;\"><a style=\"color: #333399; background-color: #ffffff;\" href=\"https:\/\/wp.ufpel.edu.br\/ppgo\/maisa-casarin\/\">Ma\u00edsa Casarin<\/a>\u00a0(PERMANENTE)<\/span><\/strong><\/span><\/h1>\n<hr \/>\n<h1><span style=\"font-size: 12pt;\"><strong><span style=\"font-family: arial, helvetica, sans-serif; color: #333399; background-color: #ffffff;\"><a style=\"color: #333399; background-color: #ffffff;\" href=\"https:\/\/wp.me\/P9I8SC-na\">Marcos Antonio Torriani<\/a> (COLABORADOR)<\/span><\/strong><\/span><\/h1>\n<hr \/>\n<h1><span style=\"font-size: 12pt;\"><strong><span style=\"font-family: arial, helvetica, sans-serif; color: #333399; background-color: #ffffff;\"><a style=\"color: #333399; background-color: #ffffff;\" href=\"https:\/\/wp.me\/P9I8SC-k7\">Marcos Britto Correa<\/a>\u00a0(PERMANENTE)<\/span><\/strong><\/span><\/h1>\n<hr \/>\n<h1><span style=\"font-size: 12pt;\"><strong><span style=\"font-family: arial, helvetica, sans-serif; color: #333399; background-color: #ffffff;\"><a style=\"color: #333399; background-color: #ffffff;\" href=\"https:\/\/wp.me\/P9I8SC-AG\">Mariana Gonzalez Cademartori<\/a> (PERMANENTE)<\/span><\/strong><\/span><\/h1>\n<hr \/>\n<h1><span style=\"font-size: 12pt;\"><strong><span style=\"font-family: arial, helvetica, sans-serif; color: #333399; background-color: #ffffff;\"><a style=\"color: #333399; background-color: #ffffff;\" href=\"https:\/\/wp.me\/P9I8SC-f2\">Mar\u00edlia Le\u00e3o Goettems\u00a0<\/a>\u00a0(PERMANENTE)<\/span><\/strong><\/span><\/h1>\n<hr \/>\n<h1><span style=\"font-size: 12pt;\"><strong><span style=\"font-family: arial, helvetica, sans-serif; color: #333399; background-color: #ffffff;\"><a style=\"color: #333399; background-color: #ffffff;\" href=\"https:\/\/wp.me\/P9I8SC-bp\">Marina Sousa Azevedo<\/a>\u00a0\u00a0(PERMANENTE)<\/span><\/strong><\/span><\/h1>\n<hr \/>\n<h1><span style=\"font-size: 12pt;\"><strong><span style=\"font-family: arial, helvetica, sans-serif; color: #333399; background-color: #ffffff;\"><a style=\"color: #333399; background-color: #ffffff;\" href=\"https:\/\/wp.me\/P9I8SC-aJ\">Mateus Bertolini F. dos Santos<\/a>\u00a0(PERMANENTE)<\/span><\/strong><\/span><\/h1>\n<hr \/>\n<h1><span style=\"font-size: 12pt;\"><strong><span style=\"font-family: arial, helvetica, sans-serif; color: #333399; background-color: #ffffff;\"><a style=\"color: #333399; background-color: #ffffff;\" href=\"https:\/\/wp.me\/P9I8SC-nj\">Maximiliano S\u00e9rgio Cenci<\/a> (PERMANENTE)<\/span><\/strong><\/span><\/h1>\n<hr \/>\n<h1><span style=\"font-size: 12pt; color: #333399;\"><a style=\"color: #333399;\" href=\"https:\/\/wp.ufpel.edu.br\/ppgo\/melissa-damian\/?preview_id=5168&amp;preview_nonce=6fad11f67f&amp;_thumbnail_id=-1&amp;preview=true\">Melissa Damian (COLABORADOR)<\/a><\/span><\/h1>\n<hr \/>\n<h1><span style=\"font-size: 12pt;\"><strong><span style=\"font-family: arial, helvetica, sans-serif; color: #333399; background-color: #ffffff;\"><a style=\"color: #333399; background-color: #ffffff;\" href=\"https:\/\/wp.me\/P9I8SC-ry\">Nadia de Souza Ferreira<\/a> (COLABORADOR)<\/span><\/strong><\/span><\/h1>\n<hr \/>\n<h1><span style=\"font-size: 12pt;\"><strong><span style=\"font-family: arial, helvetica, sans-serif; color: #333399; background-color: #ffffff;\"><a style=\"color: #333399; background-color: #ffffff;\" href=\"https:\/\/wp.me\/P9I8SC-bo\">Natalia Marcumini Pola<\/a> (PERMANENTE)<\/span><\/strong><\/span><\/h1>\n<hr \/>\n<h1><span style=\"font-size: 12pt;\"><strong><span style=\"font-family: arial, helvetica, sans-serif; color: #333399; background-color: #ffffff;\"><a style=\"color: #333399; background-color: #ffffff;\" href=\"https:\/\/wp.me\/P9I8SC-ax\">No\u00e9li Boscato<\/a> (PERMANENTE)<\/span><\/strong><\/span><\/h1>\n<hr \/>\n<h1><span style=\"font-size: 12pt;\"><strong><span style=\"font-family: arial, helvetica, sans-serif; color: #333399; background-color: #ffffff;\"><a style=\"color: #333399; background-color: #ffffff;\" href=\"https:\/\/wp.me\/P9I8SC-nr\">Otac\u00edlio Luiz Chagas Jr<\/a>.\u00a0 (PERMANENTE)<\/span><\/strong><\/span><\/h1>\n<hr \/>\n<h1><span style=\"font-size: 12pt;\"><strong><span style=\"font-family: arial, helvetica, sans-serif; color: #333399; background-color: #ffffff;\"><a style=\"color: #333399; background-color: #ffffff;\" href=\"https:\/\/wp.me\/P9I8SC-CV\">Ot\u00e1vio Pereira D&#8217;\u00e1vila<\/a> (PERMANENTE)<\/span><\/strong><\/span><\/h1>\n<hr \/>\n<h1><span style=\"font-size: 12pt;\"><strong><span style=\"font-family: arial, helvetica, sans-serif; color: #333399; background-color: #ffffff;\"><a style=\"color: #333399; background-color: #ffffff;\" href=\"https:\/\/wp.me\/P9I8SC-nE\">Rafael Guerra Lund<\/a> (PERMANENTE)<\/span><\/strong><\/span><\/h1>\n<hr \/>\n<h1><span style=\"font-size: 12pt;\"><strong><span style=\"font-family: arial, helvetica, sans-serif; color: #333399; background-color: #ffffff;\"><a style=\"color: #333399; background-color: #ffffff;\" href=\"https:\/\/wp.me\/P9I8SC-ff\">Rafael Ratto de Moraes<\/a> (PERMANENTE)<\/span><\/strong><\/span><\/h1>\n<hr \/>\n<h1><span style=\"font-size: 12pt;\"><strong><span style=\"font-family: arial, helvetica, sans-serif; color: #333399; background-color: #ffffff;\"><a style=\"color: #333399; background-color: #ffffff;\" href=\"https:\/\/wp.me\/P9I8SC-nJ\">Sandra Beatriz Chaves Tarquinio<\/a> (PERMANENTE)<\/span><\/strong><\/span><\/h1>\n<hr \/>\n<h1><span style=\"font-size: 12pt;\"><strong><span style=\"font-family: arial, helvetica, sans-serif; color: #333399; background-color: #ffffff;\"><a style=\"color: #333399; background-color: #ffffff;\" href=\"https:\/\/wp.me\/P9I8SC-ae\">Tatiana Pereira Cenci<\/a> (PERMANENTE)<\/span><\/strong><\/span><\/h1>\n<hr \/>\n<h1><span style=\"font-size: 12pt;\"><strong><span style=\"font-family: arial, helvetica, sans-serif; background-color: #ffffff; color: #333399;\"><a style=\"background-color: #ffffff; color: #333399;\" href=\"https:\/\/wp.ufpel.edu.br\/ppgo\/4313-2\/\">Thiago Marchi Martins<\/a> (COLABORADOR)<\/span><\/strong><\/span><\/h1>\n<hr \/>\n<h1><span style=\"font-size: 12pt;\"><strong><span style=\"font-family: arial, helvetica, sans-serif; color: #333399; background-color: #ffffff;\"><a style=\"color: #333399; background-color: #ffffff;\" href=\"https:\/\/wp.ufpel.edu.br\/ppgo\/vanessa-pereira\/\">Vanessa Polina Pereira da Costa<\/a> (PERMANENTE)<\/span><\/strong><\/span><\/h1>\n<hr \/>\n<h1><span style=\"font-size: 12pt;\"><strong><span style=\"font-family: arial, helvetica, sans-serif; color: #333399; background-color: #ffffff;\"><a style=\"color: #333399; background-color: #ffffff;\" href=\"https:\/\/wp.ufpel.edu.br\/ppgo\/docentes\/wellington_rosa\/\">Wellington Luiz de Oliveira da Rosa<\/a> (PERMANENTE)<\/span><\/strong><\/span><\/h1>\n<hr \/>\n<h1><\/h1>\n","protected":false},"excerpt":{"rendered":"<p>Adriana Etges (COLABORADOR) Adriana Fernandes da Silva (PERMANENTE) Alexandre Emidio Ribeiro Silva (PERMANENTE) Ana Carolina Uchoa Vasconcelos (PERMANENTE) Anelise Fernandes Montagner (PERMANENTE) Camila Silveira Sfreddo (PERMANENTE) C\u00e9sar Dalmolin Bergoli\u00a0\u00a0(PERMANENTE) Eduardo Dickie de Castilhos (COLABORADOR) Evandro Piva\u00a0(PERMANENTE) Fernanda Faot\u00a0(PERMANENTE) Fernanda Geraldo Pappen\u00a0(PERMANENTE) Flavio Fernando Demarco\u00a0(PERMANENTE) Francine dos Santos Costa (COLABORADORA) Francisco Wilker Mustaf\u00e1 Gomes Muniz (PERMANENTE) [&hellip;]<\/p>\n","protected":false},"author":511,"featured_media":0,"parent":0,"menu_order":0,"comment_status":"closed","ping_status":"closed","template":"","meta":{"jetpack_post_was_ever_published":false,"footnotes":""},"class_list":["post-350","page","type-page","status-publish","hentry"],"jetpack_sharing_enabled":true,"jetpack_shortlink":"https:\/\/wp.me\/P9I8SC-5E","publishpress_future_action":{"enabled":false,"date":"2026-04-22 04:39:00","action":"change-status","newStatus":"draft","terms":[],"taxonomy":"","extraData":[]},"publishpress_future_workflow_manual_trigger":{"enabledWorkflows":[]},"_links":{"self":[{"href":"https:\/\/wp.ufpel.edu.br\/ppgo\/wp-json\/wp\/v2\/pages\/350","targetHints":{"allow":["GET"]}}],"collection":[{"href":"https:\/\/wp.ufpel.edu.br\/ppgo\/wp-json\/wp\/v2\/pages"}],"about":[{"href":"https:\/\/wp.ufpel.edu.br\/ppgo\/wp-json\/wp\/v2\/types\/page"}],"author":[{"embeddable":true,"href":"https:\/\/wp.ufpel.edu.br\/ppgo\/wp-json\/wp\/v2\/users\/511"}],"replies":[{"embeddable":true,"href":"https:\/\/wp.ufpel.edu.br\/ppgo\/wp-json\/wp\/v2\/comments?post=350"}],"version-history":[{"count":4,"href":"https:\/\/wp.ufpel.edu.br\/ppgo\/wp-json\/wp\/v2\/pages\/350\/revisions"}],"predecessor-version":[{"id":5192,"href":"https:\/\/wp.ufpel.edu.br\/ppgo\/wp-json\/wp\/v2\/pages\/350\/revisions\/5192"}],"wp:attachment":[{"href":"https:\/\/wp.ufpel.edu.br\/ppgo\/wp-json\/wp\/v2\/media?parent=350"}],"curies":[{"name":"wp","href":"https:\/\/api.w.org\/{rel}","templated":true}]}}