{"id":331,"date":"2018-03-05T10:08:32","date_gmt":"2018-03-05T13:08:32","guid":{"rendered":"https:\/\/wp.ufpel.edu.br\/ppgo\/?page_id=331"},"modified":"2024-06-03T09:34:58","modified_gmt":"2024-06-03T12:34:58","slug":"areas-de-concentracao","status":"publish","type":"page","link":"https:\/\/wp.ufpel.edu.br\/ppgo\/areas-de-concentracao\/","title":{"rendered":"\u00c1reas de Concentra\u00e7\u00e3o"},"content":{"rendered":"<div id=\"pl-331\" class=\"panel-layout\">\n<div id=\"pg-331-0\" class=\"panel-grid panel-has-style\" data-style=\"{&quot;padding&quot;:&quot;0px 0px 0px 0px&quot;,&quot;mobile_padding&quot;:&quot;0px 0px 0px 0px&quot;,&quot;background_image_attachment&quot;:false,&quot;background_display&quot;:&quot;tile&quot;,&quot;full_height&quot;:&quot;&quot;,&quot;cell_alignment&quot;:&quot;flex-start&quot;}\">\n<div class=\"panel-row-style panel-row-style-for-331-0\">\n<div id=\"pgc-331-0-0\" class=\"panel-grid-cell\" data-weight=\"1\">\n<div id=\"panel-331-0-0-0\" class=\"so-panel widget widget_siteorigin-panels-builder panel-first-child panel-last-child\" data-index=\"0\" data-style=\"{&quot;padding&quot;:&quot;0px 0px 0px 0px&quot;,&quot;mobile_padding&quot;:&quot;0px 0px 0px 0px&quot;,&quot;background_image_attachment&quot;:false,&quot;background_display&quot;:&quot;tile&quot;,&quot;background_image_size&quot;:&quot;full&quot;,&quot;background_image_opacity&quot;:&quot;100&quot;,&quot;border_thickness&quot;:&quot;1px&quot;}\">\n<div class=\"panel-widget-style panel-widget-style-for-331-0-0-0\">\n<div id=\"pl-w65568bf8c3210\" class=\"panel-layout\">\n<div id=\"pg-w65568bf8c3210-0\" class=\"panel-grid panel-has-style\" data-style=\"{&quot;padding&quot;:&quot;75px&quot;,&quot;background&quot;:&quot;#ffffff&quot;,&quot;full_height&quot;:&quot;&quot;,&quot;row_stretch&quot;:&quot;full&quot;,&quot;cell_alignment&quot;:&quot;flex-start&quot;}\">\n<div class=\"siteorigin-panels-stretch panel-row-style-full-width panel-row-style panel-row-style-for-w65568bf8c3210-0\" style=\"background-color: #ffffff;\" data-stretch-type=\"full\">\n<div id=\"pgc-w65568bf8c3210-0-0\" class=\"panel-grid-cell\" data-weight=\"0.54974481658692\">\n<div id=\"panel-w65568bf8c3210-0-0-0\" class=\"so-panel widget widget_sow-editor panel-first-child panel-last-child\" data-index=\"0\" data-style=\"{&quot;background_image_attachment&quot;:false,&quot;background_display&quot;:&quot;tile&quot;,&quot;background_image_size&quot;:&quot;full&quot;,&quot;background_image_opacity&quot;:&quot;100&quot;,&quot;border_thickness&quot;:&quot;1px&quot;}\">\n<div class=\"so-widget-sow-editor so-widget-sow-editor-base\">\n<div class=\"siteorigin-widget-tinymce textwidget\">\n<p style=\"text-align: justify;\"><span style=\"font-size: 12pt; font-family: arial, helvetica, sans-serif;\"><strong>\u00c1reas de concentra\u00e7\u00e3o<\/strong><\/span><\/p>\n<p style=\"text-align: justify;\"><span style=\"font-family: arial, helvetica, sans-serif; font-size: 12pt;\">O PPGO encontra-se constitu\u00eddo pelas seguintes \u00e1reas de concentra\u00e7\u00e3o: <strong>Cl\u00ednica Odontol\u00f3gica<\/strong>, com n\u00edveis Mestrado e Doutorado, e <strong>Biomateriais e Biologia Oral<\/strong>, com n\u00edvel Doutorado e <strong>Sa\u00fade Bucal Coletiva<\/strong>\u00a0 com\u00a0 n\u00edvel mestrado e doutorado.<\/span><\/p>\n<p style=\"text-align: justify;\"><span style=\"font-family: arial, helvetica, sans-serif; font-size: 12pt;\">\u00c9 admitida a defini\u00e7\u00e3o de uma \u00eanfase, que ser\u00e1 registrada no diploma do egresso, sendo caracterizada pela forma\u00e7\u00e3o espec\u00edfica obtida durante o curso, pela especialidade de atua\u00e7\u00e3o priorit\u00e1ria do discente no programa, pelas disciplinas em que o aluno cumprir seus cr\u00e9ditos de est\u00e1gio de doc\u00eancia e pelo escopo da disserta\u00e7\u00e3o ou tese defendida, sendo todos estes crit\u00e9rios indispens\u00e1veis para registro da \u00eanfase. Al\u00e9m disso, o discente dever\u00e1 cursar e ser aprovado em todas as disciplinas que o colegiado do programa julgar obrigat\u00f3rias para a \u00eanfase.<\/span><\/p>\n<p style=\"text-align: justify;\"><span style=\"font-family: arial, helvetica, sans-serif; font-size: 12pt;\">Ser\u00e1 facultado, apenas aos discentes de doutorado, a possibilidade de obten\u00e7\u00e3o do t\u00edtulo sem a defini\u00e7\u00e3o de uma \u00eanfase.<\/span><\/p>\n<p><a href=\"https:\/\/wp.ufpel.edu.br\/ppgo\/files\/2024\/06\/Bertuol-53-scaled.jpg\"><img class=\"aligncenter size-large wp-image-4729\" src=\"https:\/\/wp.ufpel.edu.br\/ppgo\/files\/2024\/06\/Bertuol-53-1024x684.jpg\" alt=\"\" width=\"1024\" height=\"684\" srcset=\"https:\/\/wp.ufpel.edu.br\/ppgo\/files\/2024\/06\/Bertuol-53-1024x684.jpg 1024w, https:\/\/wp.ufpel.edu.br\/ppgo\/files\/2024\/06\/Bertuol-53-400x267.jpg 400w, https:\/\/wp.ufpel.edu.br\/ppgo\/files\/2024\/06\/Bertuol-53-768x513.jpg 768w, https:\/\/wp.ufpel.edu.br\/ppgo\/files\/2024\/06\/Bertuol-53-1536x1025.jpg 1536w, https:\/\/wp.ufpel.edu.br\/ppgo\/files\/2024\/06\/Bertuol-53-2048x1367.jpg 2048w\" sizes=\"(max-width: 1024px) 100vw, 1024px\" \/><\/a><\/p>\n<\/div>\n<\/div>\n<\/div>\n<\/div>\n<div id=\"pgc-w65568bf8c3210-0-1\" class=\"panel-grid-cell\" data-weight=\"0.45025518341308\"><\/div>\n<\/div>\n<\/div>\n<div id=\"pg-w65568bf8c3210-1\" class=\"panel-grid panel-has-style\" data-style=\"{&quot;padding&quot;:&quot;0px&quot;,&quot;full_height&quot;:&quot;&quot;,&quot;row_stretch&quot;:&quot;full-stretched&quot;,&quot;cell_alignment&quot;:&quot;flex-start&quot;}\">\n<div class=\"siteorigin-panels-stretch panel-row-style-full-width panel-row-style panel-row-style-for-w65568bf8c3210-1\" data-stretch-type=\"full-stretched\">\n<div id=\"pgc-w65568bf8c3210-1-3\" class=\"panel-grid-cell panel-grid-cell-mobile-last\" data-weight=\"0.26578947368421\">\n<div id=\"panel-w65568bf8c3210-1-3-0\" class=\"so-panel widget widget_sow-image panel-first-child panel-last-child\" data-index=\"4\" data-style=\"{&quot;background_image_attachment&quot;:false,&quot;background_display&quot;:&quot;tile&quot;}\"><\/div>\n<\/div>\n<div id=\"pgc-w65568bf8c3210-1-4\" class=\"panel-grid-cell panel-grid-cell-empty\" data-weight=\"0.10131578947368\"><\/div>\n<\/div>\n<\/div>\n<\/div>\n<\/div>\n<\/div>\n<\/div>\n<\/div>\n<\/div>\n<\/div>\n","protected":false},"excerpt":{"rendered":"<p>\u00c1reas de concentra\u00e7\u00e3o O PPGO encontra-se constitu\u00eddo pelas seguintes \u00e1reas de concentra\u00e7\u00e3o: Cl\u00ednica Odontol\u00f3gica, com n\u00edveis Mestrado e Doutorado, e Biomateriais e Biologia Oral, com n\u00edvel Doutorado e Sa\u00fade Bucal Coletiva\u00a0 com\u00a0 n\u00edvel mestrado e doutorado. \u00c9 admitida a defini\u00e7\u00e3o de uma \u00eanfase, que ser\u00e1 registrada no diploma do egresso, sendo caracterizada pela forma\u00e7\u00e3o espec\u00edfica [&hellip;]<\/p>\n","protected":false},"author":511,"featured_media":0,"parent":0,"menu_order":0,"comment_status":"closed","ping_status":"closed","template":"","meta":{"jetpack_post_was_ever_published":false,"footnotes":""},"class_list":["post-331","page","type-page","status-publish","hentry"],"jetpack_sharing_enabled":true,"jetpack_shortlink":"https:\/\/wp.me\/P9I8SC-5l","publishpress_future_action":{"enabled":false,"date":"2026-04-23 11:50:56","action":"change-status","newStatus":"draft","terms":[],"taxonomy":"","extraData":[]},"publishpress_future_workflow_manual_trigger":{"enabledWorkflows":[]},"_links":{"self":[{"href":"https:\/\/wp.ufpel.edu.br\/ppgo\/wp-json\/wp\/v2\/pages\/331","targetHints":{"allow":["GET"]}}],"collection":[{"href":"https:\/\/wp.ufpel.edu.br\/ppgo\/wp-json\/wp\/v2\/pages"}],"about":[{"href":"https:\/\/wp.ufpel.edu.br\/ppgo\/wp-json\/wp\/v2\/types\/page"}],"author":[{"embeddable":true,"href":"https:\/\/wp.ufpel.edu.br\/ppgo\/wp-json\/wp\/v2\/users\/511"}],"replies":[{"embeddable":true,"href":"https:\/\/wp.ufpel.edu.br\/ppgo\/wp-json\/wp\/v2\/comments?post=331"}],"version-history":[{"count":20,"href":"https:\/\/wp.ufpel.edu.br\/ppgo\/wp-json\/wp\/v2\/pages\/331\/revisions"}],"predecessor-version":[{"id":4730,"href":"https:\/\/wp.ufpel.edu.br\/ppgo\/wp-json\/wp\/v2\/pages\/331\/revisions\/4730"}],"wp:attachment":[{"href":"https:\/\/wp.ufpel.edu.br\/ppgo\/wp-json\/wp\/v2\/media?parent=331"}],"curies":[{"name":"wp","href":"https:\/\/api.w.org\/{rel}","templated":true}]}}