{"id":320,"date":"2018-03-05T10:01:20","date_gmt":"2018-03-05T13:01:20","guid":{"rendered":"https:\/\/wp.ufpel.edu.br\/ppgo\/?page_id=320"},"modified":"2024-07-11T17:42:48","modified_gmt":"2024-07-11T20:42:48","slug":"contato","status":"publish","type":"page","link":"https:\/\/wp.ufpel.edu.br\/ppgo\/contato\/","title":{"rendered":"CONTATO"},"content":{"rendered":"<div id=\"pl-320\" class=\"panel-layout\">\n<div id=\"pg-320-0\" class=\"panel-grid panel-no-style\">\n<div id=\"pgc-320-0-0\" class=\"panel-grid-cell\" data-weight=\"1\">\n<p id=\"panel-320-0-0-0\" class=\"so-panel widget widget_sow-hero panel-first-child panel-last-child\" style=\"text-align: left;\" data-index=\"0\" data-style=\"{&quot;background_image_attachment&quot;:false,&quot;background_display&quot;:&quot;tile&quot;}\"><span style=\"font-family: arial, helvetica, sans-serif; font-size: 12pt;\"><strong style=\"color: var(--cor-texto); text-align: justify;\">Celaniro Borges de Farias J\u00fanior<\/strong><\/span><\/p>\n<p data-index=\"0\" data-style=\"{&quot;background_image_attachment&quot;:false,&quot;background_display&quot;:&quot;tile&quot;}\"><span style=\"font-family: arial, helvetica, sans-serif; font-size: 12pt;\"><a href=\"https:\/\/wp.ufpel.edu.br\/ppgo\/files\/2024\/05\/Bertuol-18-1-scaled.jpg\"><img class=\"alignleft wp-image-4603 size-medium\" src=\"https:\/\/wp.ufpel.edu.br\/ppgo\/files\/2024\/05\/Bertuol-18-1-scaled-e1720730463428-337x400.jpg\" alt=\"\" width=\"337\" height=\"400\" \/><\/a><\/span><\/p>\n<p class=\"siteorigin-widget-tinymce textwidget\"><span style=\"font-family: arial, helvetica, sans-serif; font-size: 12pt;\"><em>T\u00e9cnico-Administrativo\u00a0<\/em><em>\u2013 Secret\u00e1rio<\/em><\/span><\/p>\n<p class=\"siteorigin-widget-tinymce textwidget\"><span style=\"font-family: arial, helvetica, sans-serif; font-size: 12pt;\"><a href=\"mailto:secretariappgo@gmail.com\">Email: secretariappgo@gmail.com<\/a><\/span><\/p>\n<p class=\"siteorigin-widget-tinymce textwidget\"><span style=\"font-family: arial, helvetica, sans-serif; font-size: 12pt;\">Programa de P\u00f3s Gradua\u00e7\u00e3o em Odontologia &#8211; FO-UFPel<\/span><br \/>\n<span style=\"font-family: arial, helvetica, sans-serif; font-size: 12pt;\">Rua Gon\u00e7alves Chaves 457 &#8211; Centro, Pelotas &#8211; RS &#8211; Brasil &#8211; CEP 96015-560<\/span><br \/>\n<span style=\"font-family: georgia, palatino, serif; font-size: 12pt;\"><span style=\"font-family: arial, helvetica, sans-serif;\">Tel\/Fax: +55 53 3260-2830<\/span><\/span><\/p>\n<\/div>\n<\/div>\n<div id=\"pg-320-1\" class=\"panel-grid panel-no-style\" data-style=\"{&quot;background_image_attachment&quot;:false,&quot;background_display&quot;:&quot;tile&quot;,&quot;full_height&quot;:&quot;&quot;,&quot;cell_alignment&quot;:&quot;flex-start&quot;}\" data-ratio=\"1\" data-ratio-direction=\"right\">\n<div id=\"pgc-320-1-1\" class=\"panel-grid-cell panel-grid-cell-mobile-last\" data-weight=\"0.69956140350877\">\n<div id=\"panel-320-1-1-0\" class=\"so-panel widget widget_sow-editor panel-first-child panel-last-child\" data-index=\"1\" data-style=\"{&quot;background_image_attachment&quot;:false,&quot;background_display&quot;:&quot;tile&quot;,&quot;background_image_size&quot;:&quot;full&quot;,&quot;border_thickness&quot;:&quot;1px&quot;}\">\n<div class=\"so-widget-sow-editor so-widget-sow-editor-base\">\n<p>&nbsp;<\/p>\n<p>&nbsp;<\/p>\n<div id=\"pgc-320-1-2\" class=\"panel-grid-cell panel-grid-cell-empty\" data-weight=\"0.15021929824561\"><\/div>\n<p>&nbsp;<\/p>\n<p>&nbsp;<\/p>\n<p>&nbsp;<\/p>\n<p>&nbsp;<\/p>\n<p>&nbsp;<\/p>\n<p>&nbsp;<\/p>\n<p>&nbsp;<\/p>\n<p>&nbsp;<\/p>\n<p>&nbsp;<\/p>\n<\/div>\n<\/div>\n<\/div>\n<\/div>\n<\/div>\n","protected":false},"excerpt":{"rendered":"<p>Celaniro Borges de Farias J\u00fanior T\u00e9cnico-Administrativo\u00a0\u2013 Secret\u00e1rio Email: secretariappgo@gmail.com Programa de P\u00f3s Gradua\u00e7\u00e3o em Odontologia &#8211; FO-UFPel Rua Gon\u00e7alves Chaves 457 &#8211; Centro, Pelotas &#8211; RS &#8211; Brasil &#8211; CEP 96015-560 Tel\/Fax: +55 53 3260-2830 &nbsp; &nbsp; &nbsp; &nbsp; &nbsp; &nbsp; &nbsp; &nbsp; &nbsp; &nbsp; &nbsp;<\/p>\n","protected":false},"author":511,"featured_media":0,"parent":0,"menu_order":0,"comment_status":"closed","ping_status":"closed","template":"","meta":{"jetpack_post_was_ever_published":false,"footnotes":""},"class_list":["post-320","page","type-page","status-publish","hentry"],"jetpack_sharing_enabled":true,"jetpack_shortlink":"https:\/\/wp.me\/P9I8SC-5a","publishpress_future_action":{"enabled":false,"date":"2026-04-22 03:06:10","action":"change-status","newStatus":"draft","terms":[],"taxonomy":"","extraData":[]},"publishpress_future_workflow_manual_trigger":{"enabledWorkflows":[]},"_links":{"self":[{"href":"https:\/\/wp.ufpel.edu.br\/ppgo\/wp-json\/wp\/v2\/pages\/320","targetHints":{"allow":["GET"]}}],"collection":[{"href":"https:\/\/wp.ufpel.edu.br\/ppgo\/wp-json\/wp\/v2\/pages"}],"about":[{"href":"https:\/\/wp.ufpel.edu.br\/ppgo\/wp-json\/wp\/v2\/types\/page"}],"author":[{"embeddable":true,"href":"https:\/\/wp.ufpel.edu.br\/ppgo\/wp-json\/wp\/v2\/users\/511"}],"replies":[{"embeddable":true,"href":"https:\/\/wp.ufpel.edu.br\/ppgo\/wp-json\/wp\/v2\/comments?post=320"}],"version-history":[{"count":16,"href":"https:\/\/wp.ufpel.edu.br\/ppgo\/wp-json\/wp\/v2\/pages\/320\/revisions"}],"predecessor-version":[{"id":4861,"href":"https:\/\/wp.ufpel.edu.br\/ppgo\/wp-json\/wp\/v2\/pages\/320\/revisions\/4861"}],"wp:attachment":[{"href":"https:\/\/wp.ufpel.edu.br\/ppgo\/wp-json\/wp\/v2\/media?parent=320"}],"curies":[{"name":"wp","href":"https:\/\/api.w.org\/{rel}","templated":true}]}}