{"id":2585,"date":"2020-09-22T16:42:35","date_gmt":"2020-09-22T19:42:35","guid":{"rendered":"https:\/\/wp.ufpel.edu.br\/ppgo\/?page_id=2585"},"modified":"2024-05-31T11:01:11","modified_gmt":"2024-05-31T14:01:11","slug":"anelise-montagner","status":"publish","type":"page","link":"https:\/\/wp.ufpel.edu.br\/ppgo\/docentes\/anelise-montagner\/","title":{"rendered":"Anelise Montagner"},"content":{"rendered":"<div id=\"pl-2585\" class=\"panel-layout\">\n<div id=\"pg-2585-0\" class=\"panel-grid panel-no-style\" data-style=\"{&quot;background_image_attachment&quot;:false,&quot;background_display&quot;:&quot;tile&quot;,&quot;full_height&quot;:&quot;&quot;,&quot;cell_alignment&quot;:&quot;flex-start&quot;}\">\n<div id=\"pgc-2585-0-0\" class=\"panel-grid-cell\" data-weight=\"0.61803399209206\">\n<div id=\"panel-2585-0-0-0\" class=\"so-panel widget widget_sow-editor panel-first-child panel-last-child\" data-index=\"0\" data-style=\"{&quot;background_image_attachment&quot;:false,&quot;background_display&quot;:&quot;tile&quot;,&quot;background_image_size&quot;:&quot;full&quot;,&quot;background_image_opacity&quot;:&quot;100&quot;,&quot;border_thickness&quot;:&quot;1px&quot;}\">\n<div class=\"so-widget-sow-editor so-widget-sow-editor-base\">\n<div class=\"siteorigin-widget-tinymce textwidget\">\n<p><span style=\"font-size: 18pt; font-family: georgia, palatino, serif;\"><strong>Anelise Montagner<\/strong><\/span><\/p>\n<p><a href=\"https:\/\/wp.ufpel.edu.br\/ppgo\/files\/2024\/05\/Bertuol-14-scaled.jpg\"><img class=\" wp-image-4657 alignright\" src=\"https:\/\/wp.ufpel.edu.br\/ppgo\/files\/2024\/05\/Bertuol-14-684x1024.jpg\" alt=\"\" width=\"384\" height=\"575\" srcset=\"https:\/\/wp.ufpel.edu.br\/ppgo\/files\/2024\/05\/Bertuol-14-684x1024.jpg 684w, https:\/\/wp.ufpel.edu.br\/ppgo\/files\/2024\/05\/Bertuol-14-267x400.jpg 267w, https:\/\/wp.ufpel.edu.br\/ppgo\/files\/2024\/05\/Bertuol-14-768x1150.jpg 768w, https:\/\/wp.ufpel.edu.br\/ppgo\/files\/2024\/05\/Bertuol-14-1025x1536.jpg 1025w, https:\/\/wp.ufpel.edu.br\/ppgo\/files\/2024\/05\/Bertuol-14-1367x2048.jpg 1367w, https:\/\/wp.ufpel.edu.br\/ppgo\/files\/2024\/05\/Bertuol-14-scaled.jpg 1709w\" sizes=\"(max-width: 384px) 100vw, 384px\" \/><\/a><\/p>\n<p><span style=\"font-family: georgia, palatino, serif;\"><strong><a href=\"http:\/\/lattes.cnpq.br\/1344797380431668\"><img class=\"alignnone wp-image-645\" src=\"https:\/\/wp.ufpel.edu.br\/ppgo\/files\/2018\/03\/lattes.png\" alt=\"\" width=\"51\" height=\"29\" \/><\/a>\u00a0<a href=\"https:\/\/orcid.org\/0000-0003-1586-2335\"><img class=\"alignnone wp-image-2428\" src=\"https:\/\/wp.ufpel.edu.br\/ppgo\/files\/2019\/10\/ORCID-icon-400x400.png\" alt=\"\" width=\"25\" height=\"25\" \/><\/a>\u00a0 <a href=\"https:\/\/scholar.google.pt\/citations?hl=pt-BR&amp;user=bO21oF8AAAAJ\"><img class=\"alignnone wp-image-3705\" src=\"https:\/\/wp.ufpel.edu.br\/ppgo\/files\/2023\/09\/kisspng-computer-science-google-scholar-doctor-of-philosop-google-5ad094511a4771.2300740815236188971077.jpg\" alt=\"\" width=\"25\" height=\"25\" srcset=\"https:\/\/wp.ufpel.edu.br\/ppgo\/files\/2023\/09\/kisspng-computer-science-google-scholar-doctor-of-philosop-google-5ad094511a4771.2300740815236188971077.jpg 260w, https:\/\/wp.ufpel.edu.br\/ppgo\/files\/2023\/09\/kisspng-computer-science-google-scholar-doctor-of-philosop-google-5ad094511a4771.2300740815236188971077-200x200.jpg 200w\" sizes=\"(max-width: 25px) 100vw, 25px\" \/><\/a> \u00a0<a href=\"https:\/\/www.webofscience.com\/wos\/author\/record\/1087749\"><img class=\"alignnone wp-image-3724\" src=\"https:\/\/wp.ufpel.edu.br\/ppgo\/files\/2023\/09\/3a2304e4-ef4f-4e12-ad2f-e43fab16210f.jpg\" alt=\"\" width=\"26\" height=\"26\" srcset=\"https:\/\/wp.ufpel.edu.br\/ppgo\/files\/2023\/09\/3a2304e4-ef4f-4e12-ad2f-e43fab16210f.jpg 225w, https:\/\/wp.ufpel.edu.br\/ppgo\/files\/2023\/09\/3a2304e4-ef4f-4e12-ad2f-e43fab16210f-200x200.jpg 200w\" sizes=\"(max-width: 26px) 100vw, 26px\" \/><\/a> <a href=\"https:\/\/www.scopus.com\/authid\/detail.uri?authorId=53464151300\"><img class=\"alignnone wp-image-3894\" src=\"https:\/\/wp.ufpel.edu.br\/ppgo\/files\/2023\/09\/download.png\" alt=\"\" width=\"29\" height=\"29\" srcset=\"https:\/\/wp.ufpel.edu.br\/ppgo\/files\/2023\/09\/download.png 225w, https:\/\/wp.ufpel.edu.br\/ppgo\/files\/2023\/09\/download-200x200.png 200w\" sizes=\"(max-width: 29px) 100vw, 29px\" \/><\/a><\/strong><\/span><\/p>\n<p><span style=\"font-family: georgia, palatino, serif;\"><strong>Forma\u00e7\u00e3o:<\/strong>\u00a0Gradua\u00e7\u00e3o em Odontologia pela Universidade Federal de Santa Maria (2008), Mestrado em Ci\u00eancias Odontol\u00f3gicas (Dent\u00edstica) pela Universidade Federal de Santa Maria (2010), Doutorado em Odontologia (Dent\u00edstica\/Cariologia) pela Universidade Federal de Pelotas (2013), e Doutorado em Dentistry Sciences pela Radboud University\u00a0Nijmegen \/\u00a0Holanda (2016).<\/span><\/p>\n<p><span style=\"font-family: georgia, palatino, serif;\"><strong>Linhas de pesquisa:<\/strong>Efetividade de interven\u00e7\u00f5es cl\u00ednicas em Odontologia <strong>\/\u00a0<\/strong>Desfechos em sa\u00fade bucal: influ\u00eancia dos determinantes sociais, socioecon\u00f4micos, cl\u00ednicos e comportamentais<\/span><\/p>\n<p><span style=\"font-family: georgia, palatino, serif;\"><strong>\u00c1rea de Atua\u00e7\u00e3o:<\/strong> Tem experi\u00eancia na \u00e1rea de Cl\u00ednica Odontol\u00f3gica, com \u00eanfase em Cariologia e Dent\u00edstica.<\/span><\/p>\n<\/div>\n<\/div>\n<\/div>\n<\/div>\n<div id=\"pgc-2585-0-1\" class=\"panel-grid-cell\" data-weight=\"0.38196600790794\">\n<div id=\"panel-2585-0-1-0\" class=\"so-panel widget widget_sow-image panel-first-child panel-last-child\" data-index=\"1\" data-style=\"{&quot;background_image_attachment&quot;:false,&quot;background_display&quot;:&quot;tile&quot;}\"><\/div>\n<\/div>\n<\/div>\n<\/div>\n","protected":false},"excerpt":{"rendered":"<p>Anelise Montagner \u00a0\u00a0 \u00a0 Forma\u00e7\u00e3o:\u00a0Gradua\u00e7\u00e3o em Odontologia pela Universidade Federal de Santa Maria (2008), Mestrado em Ci\u00eancias Odontol\u00f3gicas (Dent\u00edstica) pela Universidade Federal de Santa Maria (2010), Doutorado em Odontologia (Dent\u00edstica\/Cariologia) pela Universidade Federal de Pelotas (2013), e Doutorado em Dentistry Sciences pela Radboud University\u00a0Nijmegen \/\u00a0Holanda (2016). Linhas de pesquisa:Efetividade de interven\u00e7\u00f5es cl\u00ednicas em Odontologia \/\u00a0Desfechos [&hellip;]<\/p>\n","protected":false},"author":1038,"featured_media":0,"parent":350,"menu_order":0,"comment_status":"closed","ping_status":"closed","template":"","meta":{"jetpack_post_was_ever_published":false,"footnotes":""},"class_list":["post-2585","page","type-page","status-publish","hentry"],"jetpack_sharing_enabled":true,"jetpack_shortlink":"https:\/\/wp.me\/P9I8SC-FH","publishpress_future_action":{"enabled":false,"date":"2026-04-22 13:20:37","action":"change-status","newStatus":"draft","terms":[],"taxonomy":"","extraData":[]},"publishpress_future_workflow_manual_trigger":{"enabledWorkflows":[]},"_links":{"self":[{"href":"https:\/\/wp.ufpel.edu.br\/ppgo\/wp-json\/wp\/v2\/pages\/2585","targetHints":{"allow":["GET"]}}],"collection":[{"href":"https:\/\/wp.ufpel.edu.br\/ppgo\/wp-json\/wp\/v2\/pages"}],"about":[{"href":"https:\/\/wp.ufpel.edu.br\/ppgo\/wp-json\/wp\/v2\/types\/page"}],"author":[{"embeddable":true,"href":"https:\/\/wp.ufpel.edu.br\/ppgo\/wp-json\/wp\/v2\/users\/1038"}],"replies":[{"embeddable":true,"href":"https:\/\/wp.ufpel.edu.br\/ppgo\/wp-json\/wp\/v2\/comments?post=2585"}],"version-history":[{"count":13,"href":"https:\/\/wp.ufpel.edu.br\/ppgo\/wp-json\/wp\/v2\/pages\/2585\/revisions"}],"predecessor-version":[{"id":4658,"href":"https:\/\/wp.ufpel.edu.br\/ppgo\/wp-json\/wp\/v2\/pages\/2585\/revisions\/4658"}],"up":[{"embeddable":true,"href":"https:\/\/wp.ufpel.edu.br\/ppgo\/wp-json\/wp\/v2\/pages\/350"}],"wp:attachment":[{"href":"https:\/\/wp.ufpel.edu.br\/ppgo\/wp-json\/wp\/v2\/media?parent=2585"}],"curies":[{"name":"wp","href":"https:\/\/api.w.org\/{rel}","templated":true}]}}