{"id":2413,"date":"2019-09-12T13:56:44","date_gmt":"2019-09-12T16:56:44","guid":{"rendered":"https:\/\/wp.ufpel.edu.br\/ppgo\/?page_id=2413"},"modified":"2024-06-12T14:07:18","modified_gmt":"2024-06-12T17:07:18","slug":"otavio-davila","status":"publish","type":"page","link":"https:\/\/wp.ufpel.edu.br\/ppgo\/docentes\/otavio-davila\/","title":{"rendered":"Ot\u00e1vio Davila"},"content":{"rendered":"<div id=\"pl-2413\" class=\"panel-layout\">\n<div id=\"pg-2413-0\" class=\"panel-grid panel-no-style\" data-style=\"{&quot;background_image_attachment&quot;:false,&quot;background_display&quot;:&quot;tile&quot;,&quot;full_height&quot;:&quot;&quot;,&quot;cell_alignment&quot;:&quot;flex-start&quot;}\">\n<div id=\"pgc-2413-0-0\" class=\"panel-grid-cell\" data-weight=\"0.61803399209206\">\n<div id=\"panel-2413-0-0-0\" class=\"so-panel widget widget_sow-editor panel-first-child panel-last-child\" data-index=\"0\" data-style=\"{&quot;background_image_attachment&quot;:false,&quot;background_display&quot;:&quot;tile&quot;,&quot;background_image_size&quot;:&quot;full&quot;,&quot;background_image_opacity&quot;:&quot;100&quot;,&quot;border_thickness&quot;:&quot;1px&quot;}\">\n<div class=\"so-widget-sow-editor so-widget-sow-editor-base\">\n<div class=\"siteorigin-widget-tinymce textwidget\">\n<p><span style=\"font-size: 18pt; font-family: arial, helvetica, sans-serif;\"><strong>Ot\u00e1vio Pereira D\u2019\u00e1vila<\/strong><\/span><a href=\"https:\/\/wp.ufpel.edu.br\/ppgo\/files\/2024\/06\/Bertuol-22-scaled.jpg\"><img class=\"wp-image-4796 alignright\" src=\"https:\/\/wp.ufpel.edu.br\/ppgo\/files\/2024\/06\/Bertuol-22-684x1024.jpg\" alt=\"\" width=\"424\" height=\"635\" srcset=\"https:\/\/wp.ufpel.edu.br\/ppgo\/files\/2024\/06\/Bertuol-22-684x1024.jpg 684w, https:\/\/wp.ufpel.edu.br\/ppgo\/files\/2024\/06\/Bertuol-22-267x400.jpg 267w, https:\/\/wp.ufpel.edu.br\/ppgo\/files\/2024\/06\/Bertuol-22-768x1150.jpg 768w, https:\/\/wp.ufpel.edu.br\/ppgo\/files\/2024\/06\/Bertuol-22-1025x1536.jpg 1025w, https:\/\/wp.ufpel.edu.br\/ppgo\/files\/2024\/06\/Bertuol-22-1367x2048.jpg 1367w, https:\/\/wp.ufpel.edu.br\/ppgo\/files\/2024\/06\/Bertuol-22-scaled.jpg 1709w\" sizes=\"(max-width: 424px) 100vw, 424px\" \/><\/a><\/p>\n<p><span style=\"font-family: arial, helvetica, sans-serif;\"><a href=\"http:\/\/lattes.cnpq.br\/7832533323142947\"><img class=\"alignnone wp-image-645\" src=\"https:\/\/i1.wp.com\/wp.ufpel.edu.br\/ppgo\/files\/2018\/03\/lattes.png?resize=95%2C54&amp;ssl=1\" alt=\"\" width=\"51\" height=\"29\" \/><\/a> <a href=\"https:\/\/orcid.org\/0000-0003-1852-7858\"><img class=\"alignnone wp-image-3704\" src=\"https:\/\/wp.ufpel.edu.br\/ppgo\/files\/2023\/09\/orcid-id.png\" alt=\"\" width=\"28\" height=\"28\" srcset=\"https:\/\/wp.ufpel.edu.br\/ppgo\/files\/2023\/09\/orcid-id.png 450w, https:\/\/wp.ufpel.edu.br\/ppgo\/files\/2023\/09\/orcid-id-400x400.png 400w, https:\/\/wp.ufpel.edu.br\/ppgo\/files\/2023\/09\/orcid-id-200x200.png 200w\" sizes=\"(max-width: 28px) 100vw, 28px\" \/><\/a> <a href=\"https:\/\/scholar.google.pt\/citations?hl=pt-BR&amp;user=78NSMi0AAAAJ\"><img class=\"alignnone wp-image-3705\" src=\"https:\/\/wp.ufpel.edu.br\/ppgo\/files\/2023\/09\/kisspng-computer-science-google-scholar-doctor-of-philosop-google-5ad094511a4771.2300740815236188971077.jpg\" alt=\"\" width=\"26\" height=\"26\" srcset=\"https:\/\/wp.ufpel.edu.br\/ppgo\/files\/2023\/09\/kisspng-computer-science-google-scholar-doctor-of-philosop-google-5ad094511a4771.2300740815236188971077.jpg 260w, https:\/\/wp.ufpel.edu.br\/ppgo\/files\/2023\/09\/kisspng-computer-science-google-scholar-doctor-of-philosop-google-5ad094511a4771.2300740815236188971077-200x200.jpg 200w\" sizes=\"(max-width: 26px) 100vw, 26px\" \/><\/a> <a href=\"https:\/\/wp.ufpel.edu.br\/ppgo\/files\/2023\/09\/3a2304e4-ef4f-4e12-ad2f-e43fab16210f.jpg\"><img class=\"alignnone wp-image-3724\" src=\"https:\/\/wp.ufpel.edu.br\/ppgo\/files\/2023\/09\/3a2304e4-ef4f-4e12-ad2f-e43fab16210f.jpg\" alt=\"\" width=\"29\" height=\"29\" srcset=\"https:\/\/wp.ufpel.edu.br\/ppgo\/files\/2023\/09\/3a2304e4-ef4f-4e12-ad2f-e43fab16210f.jpg 225w, https:\/\/wp.ufpel.edu.br\/ppgo\/files\/2023\/09\/3a2304e4-ef4f-4e12-ad2f-e43fab16210f-200x200.jpg 200w\" sizes=\"(max-width: 29px) 100vw, 29px\" \/><\/a> <a href=\"https:\/\/www.scopus.com\/authid\/detail.uri?authorId=37116635800\"><img class=\"alignnone wp-image-3894\" src=\"https:\/\/wp.ufpel.edu.br\/ppgo\/files\/2023\/09\/download.png\" alt=\"\" width=\"28\" height=\"28\" srcset=\"https:\/\/wp.ufpel.edu.br\/ppgo\/files\/2023\/09\/download.png 225w, https:\/\/wp.ufpel.edu.br\/ppgo\/files\/2023\/09\/download-200x200.png 200w\" sizes=\"(max-width: 28px) 100vw, 28px\" \/><\/a><\/span><\/p>\n<p style=\"text-align: justify;\"><span style=\"font-family: arial, helvetica, sans-serif;\"><strong>Forma\u00e7\u00e3o:<\/strong> Especialista em Sa\u00fade P\u00fablica (UFPEL), Mestre e Doutor Sa\u00fade Bucal Coletiva (UFRGS).<\/span><\/p>\n<div id=\"pgc-2407-0-0\" class=\"panel-grid-cell\">\n<div id=\"panel-2407-0-0-0\" class=\"so-panel widget widget_sow-editor panel-first-child panel-last-child\" data-index=\"0\">\n<div style=\"text-align: justify;\">\n<div>\n<p><span style=\"font-family: arial, helvetica, sans-serif;\"><strong>Linhas de pesquisa:<\/strong> Desfechos em sa\u00fade bucal: influ\u00eancia dos determinantes sociais, socioecon\u00f4micos, cl\u00ednicos e comportamentais.<\/span><\/p>\n<p><span style=\"font-family: arial, helvetica, sans-serif;\"><strong>\u00c1rea de atua\u00e7\u00e3o:<\/strong> Estudos epidemiol\u00f3gicos, condi\u00e7\u00f5es de sa\u00fade bucal das popula\u00e7\u00f5es e avalia\u00e7\u00e3o de servi\u00e7os de sa\u00fade.<\/span><\/p>\n<\/div>\n<\/div>\n<\/div>\n<\/div>\n<\/div>\n<\/div>\n<\/div>\n<\/div>\n<\/div>\n<\/div>\n","protected":false},"excerpt":{"rendered":"<p>Ot\u00e1vio Pereira D\u2019\u00e1vila Forma\u00e7\u00e3o: Especialista em Sa\u00fade P\u00fablica (UFPEL), Mestre e Doutor Sa\u00fade Bucal Coletiva (UFRGS). Linhas de pesquisa: Desfechos em sa\u00fade bucal: influ\u00eancia dos determinantes sociais, socioecon\u00f4micos, cl\u00ednicos e comportamentais. \u00c1rea de atua\u00e7\u00e3o: Estudos epidemiol\u00f3gicos, condi\u00e7\u00f5es de sa\u00fade bucal das popula\u00e7\u00f5es e avalia\u00e7\u00e3o de servi\u00e7os de sa\u00fade.<\/p>\n","protected":false},"author":511,"featured_media":0,"parent":350,"menu_order":0,"comment_status":"closed","ping_status":"closed","template":"","meta":{"jetpack_post_was_ever_published":false,"footnotes":""},"class_list":["post-2413","page","type-page","status-publish","hentry"],"jetpack_sharing_enabled":true,"jetpack_shortlink":"https:\/\/wp.me\/P9I8SC-CV","publishpress_future_action":{"enabled":false,"date":"2026-04-23 12:16:13","action":"change-status","newStatus":"draft","terms":[],"taxonomy":"","extraData":[]},"publishpress_future_workflow_manual_trigger":{"enabledWorkflows":[]},"_links":{"self":[{"href":"https:\/\/wp.ufpel.edu.br\/ppgo\/wp-json\/wp\/v2\/pages\/2413","targetHints":{"allow":["GET"]}}],"collection":[{"href":"https:\/\/wp.ufpel.edu.br\/ppgo\/wp-json\/wp\/v2\/pages"}],"about":[{"href":"https:\/\/wp.ufpel.edu.br\/ppgo\/wp-json\/wp\/v2\/types\/page"}],"author":[{"embeddable":true,"href":"https:\/\/wp.ufpel.edu.br\/ppgo\/wp-json\/wp\/v2\/users\/511"}],"replies":[{"embeddable":true,"href":"https:\/\/wp.ufpel.edu.br\/ppgo\/wp-json\/wp\/v2\/comments?post=2413"}],"version-history":[{"count":10,"href":"https:\/\/wp.ufpel.edu.br\/ppgo\/wp-json\/wp\/v2\/pages\/2413\/revisions"}],"predecessor-version":[{"id":4797,"href":"https:\/\/wp.ufpel.edu.br\/ppgo\/wp-json\/wp\/v2\/pages\/2413\/revisions\/4797"}],"up":[{"embeddable":true,"href":"https:\/\/wp.ufpel.edu.br\/ppgo\/wp-json\/wp\/v2\/pages\/350"}],"wp:attachment":[{"href":"https:\/\/wp.ufpel.edu.br\/ppgo\/wp-json\/wp\/v2\/media?parent=2413"}],"curies":[{"name":"wp","href":"https:\/\/api.w.org\/{rel}","templated":true}]}}