{"id":2407,"date":"2019-09-11T11:31:20","date_gmt":"2019-09-11T14:31:20","guid":{"rendered":"https:\/\/wp.ufpel.edu.br\/ppgo\/?page_id=2407"},"modified":"2019-11-19T12:13:18","modified_gmt":"2019-11-19T15:13:18","slug":"maria-beatriz","status":"publish","type":"page","link":"https:\/\/wp.ufpel.edu.br\/ppgo\/docentes\/maria-beatriz\/","title":{"rendered":"maria beatriz"},"content":{"rendered":"<div id=\"pl-2407\" class=\"panel-layout\">\n<div id=\"pg-2407-0\" class=\"panel-grid panel-no-style\" data-style=\"{&quot;background_image_attachment&quot;:false,&quot;background_display&quot;:&quot;tile&quot;,&quot;cell_alignment&quot;:&quot;flex-start&quot;}\" data-ratio=\"0.61803398\" data-ratio-direction=\"right\">\n<div id=\"pgc-2407-0-0\" class=\"panel-grid-cell\" data-weight=\"0.61803399209206\">\n<div id=\"panel-2407-0-0-0\" class=\"so-panel widget widget_sow-editor panel-first-child panel-last-child\" data-index=\"0\" data-style=\"{&quot;background_image_attachment&quot;:false,&quot;background_display&quot;:&quot;tile&quot;}\">\n<div class=\"so-widget-sow-editor so-widget-sow-editor-base\">\n<div class=\"siteorigin-widget-tinymce textwidget\">\n<p><span style=\"font-size: 18pt\"><strong><span style=\"font-size: 14pt\">Maria Beatriz Junqueira de Camargo<\/span><a href=\"https:\/\/orcid.org\/0000-0001-7908-5999\"><span style=\"font-size: 14pt\"><img class=\"alignnone size-full wp-image-2428\" src=\"https:\/\/wp.ufpel.edu.br\/ppgo\/files\/2019\/10\/ORCID-icon-e1572004983224.png\" alt=\"\" width=\"20\" height=\"20\" \/><\/span><\/a><\/strong><\/span><\/p>\n<p style=\"text-align: justify\"><strong>Forma\u00e7\u00e3o:<\/strong>\u00a0Possui gradua\u00e7\u00e3o em Odontologia pela Universidade Estadual de Campinas (1988). Especialista em Sa\u00fade Bucal Coletiva (APCD &#8211; SJC). Fez mestrado e doutorado em Epidemiologia pela Universidade Federal de Pelotas (UFPEL). Realizou doutorado sandu\u00edche na Faculdade de Sa\u00fade P\u00fablica &#8211; Departamento de Pr\u00e1tica em Sa\u00fade P\u00fablica da Universidade de S\u00e3o Paulo (USP).<\/p>\n<p style=\"text-align: justify\"><strong>Linhas de pesquisa: <\/strong>Desfechos em sa\u00fade bucal: influ\u00eancia dos determinantes sociais, socioecon\u00f4micos, cl\u00ednicos, comportamentais e de utiliza\u00e7\u00e3o de servi\u00e7os.<\/p>\n<p style=\"text-align: justify\"><strong>\u00c1rea de atua\u00e7\u00e3o: <\/strong>Avalia\u00e7\u00e3o e utiliza\u00e7\u00e3o de servi\u00e7os de sa\u00fade geral e bucal. Epidemiologia do ciclo vital e sa\u00fade bucal.<\/p>\n<p><strong>Link para o curr\u00edculo lattes:<\/strong> <a href=\"http:\/\/lattes.cnpq.br\/3398903442895704\"><img class=\"alignnone wp-image-645\" src=\"https:\/\/wp.ufpel.edu.br\/ppgo\/files\/2018\/03\/lattes.png\" alt=\"\" width=\"95\" height=\"54\" \/><\/a><\/p>\n<\/div>\n<\/div>\n<\/div>\n<\/div>\n<div id=\"pgc-2407-0-1\" class=\"panel-grid-cell\" data-weight=\"0.38196600790794\">\n<div id=\"panel-2407-0-1-0\" class=\"so-panel widget widget_sow-image panel-first-child panel-last-child\" data-index=\"1\" data-style=\"{&quot;background_image_attachment&quot;:false,&quot;background_display&quot;:&quot;tile&quot;}\">[siteorigin_widget class=&#8221;SiteOrigin_Widget_Image_Widget&#8221;][\/siteorigin_widget]<\/div>\n<\/div>\n<\/div>\n<\/div>\n","protected":false},"excerpt":{"rendered":"<p>Maria Beatriz Junqueira de Camargo Forma\u00e7\u00e3o:\u00a0Possui gradua\u00e7\u00e3o em Odontologia pela Universidade Estadual de Campinas (1988). Especialista em Sa\u00fade Bucal Coletiva (APCD &#8211; SJC). Fez mestrado e doutorado em Epidemiologia pela Universidade Federal de Pelotas (UFPEL). Realizou doutorado sandu\u00edche na Faculdade de Sa\u00fade P\u00fablica &#8211; Departamento de Pr\u00e1tica em Sa\u00fade P\u00fablica da Universidade de S\u00e3o Paulo [&hellip;]<\/p>\n","protected":false},"author":511,"featured_media":0,"parent":350,"menu_order":0,"comment_status":"closed","ping_status":"closed","template":"","meta":{"jetpack_post_was_ever_published":false,"footnotes":""},"class_list":["post-2407","page","type-page","status-publish","hentry"],"jetpack_sharing_enabled":true,"jetpack_shortlink":"https:\/\/wp.me\/P9I8SC-CP","publishpress_future_action":{"enabled":false,"date":"2026-04-22 06:33:50","action":"change-status","newStatus":"draft","terms":[],"taxonomy":"","extraData":[]},"publishpress_future_workflow_manual_trigger":{"enabledWorkflows":[]},"_links":{"self":[{"href":"https:\/\/wp.ufpel.edu.br\/ppgo\/wp-json\/wp\/v2\/pages\/2407","targetHints":{"allow":["GET"]}}],"collection":[{"href":"https:\/\/wp.ufpel.edu.br\/ppgo\/wp-json\/wp\/v2\/pages"}],"about":[{"href":"https:\/\/wp.ufpel.edu.br\/ppgo\/wp-json\/wp\/v2\/types\/page"}],"author":[{"embeddable":true,"href":"https:\/\/wp.ufpel.edu.br\/ppgo\/wp-json\/wp\/v2\/users\/511"}],"replies":[{"embeddable":true,"href":"https:\/\/wp.ufpel.edu.br\/ppgo\/wp-json\/wp\/v2\/comments?post=2407"}],"version-history":[{"count":6,"href":"https:\/\/wp.ufpel.edu.br\/ppgo\/wp-json\/wp\/v2\/pages\/2407\/revisions"}],"predecessor-version":[{"id":2470,"href":"https:\/\/wp.ufpel.edu.br\/ppgo\/wp-json\/wp\/v2\/pages\/2407\/revisions\/2470"}],"up":[{"embeddable":true,"href":"https:\/\/wp.ufpel.edu.br\/ppgo\/wp-json\/wp\/v2\/pages\/350"}],"wp:attachment":[{"href":"https:\/\/wp.ufpel.edu.br\/ppgo\/wp-json\/wp\/v2\/media?parent=2407"}],"curies":[{"name":"wp","href":"https:\/\/api.w.org\/{rel}","templated":true}]}}