{"id":2384,"date":"2019-08-20T17:38:05","date_gmt":"2019-08-20T20:38:05","guid":{"rendered":"https:\/\/wp.ufpel.edu.br\/ppgo\/?page_id=2384"},"modified":"2024-06-03T10:09:23","modified_gmt":"2024-06-03T13:09:23","slug":"francoise","status":"publish","type":"page","link":"https:\/\/wp.ufpel.edu.br\/ppgo\/francoise\/","title":{"rendered":"Fran\u00e7oise"},"content":{"rendered":"<div id=\"pl-2384\" class=\"panel-layout\">\n<div id=\"pg-2384-0\" class=\"panel-grid panel-no-style\" data-style=\"{&quot;background_image_attachment&quot;:false,&quot;background_display&quot;:&quot;tile&quot;,&quot;full_height&quot;:&quot;&quot;,&quot;cell_alignment&quot;:&quot;flex-start&quot;}\">\n<div id=\"pgc-2384-0-0\" class=\"panel-grid-cell\" data-weight=\"0.61803399209206\">\n<div id=\"panel-2384-0-0-0\" class=\"so-panel widget widget_sow-editor panel-first-child panel-last-child\" data-index=\"0\" data-style=\"{&quot;background_image_attachment&quot;:false,&quot;background_display&quot;:&quot;tile&quot;,&quot;background_image_size&quot;:&quot;full&quot;,&quot;background_image_opacity&quot;:&quot;100&quot;,&quot;border_thickness&quot;:&quot;1px&quot;}\">\n<div class=\"so-widget-sow-editor so-widget-sow-editor-base\">\n<div class=\"siteorigin-widget-tinymce textwidget\"><span style=\"font-family: arial, helvetica, sans-serif; font-size: 14pt;\"><strong>Fran\u00e7oise H\u00e9l\u00e8ne van de Sande<\/strong><\/span><\/div>\n<div><a href=\"https:\/\/wp.ufpel.edu.br\/ppgo\/files\/2019\/08\/2wnW68HrQea6WcJfnvoRng_thumb_42a0.jpg\"><img class=\"wp-image-2386 alignright\" src=\"https:\/\/wp.ufpel.edu.br\/ppgo\/files\/2019\/08\/2wnW68HrQea6WcJfnvoRng_thumb_42a0-700x1024.jpg\" alt=\"\" width=\"317\" height=\"463\" srcset=\"https:\/\/wp.ufpel.edu.br\/ppgo\/files\/2019\/08\/2wnW68HrQea6WcJfnvoRng_thumb_42a0-700x1024.jpg 700w, https:\/\/wp.ufpel.edu.br\/ppgo\/files\/2019\/08\/2wnW68HrQea6WcJfnvoRng_thumb_42a0-274x400.jpg 274w, https:\/\/wp.ufpel.edu.br\/ppgo\/files\/2019\/08\/2wnW68HrQea6WcJfnvoRng_thumb_42a0.jpg 733w\" sizes=\"(max-width: 317px) 100vw, 317px\" \/><\/a><\/div>\n<div class=\"siteorigin-widget-tinymce textwidget\">\n<p><span style=\"font-family: arial, helvetica, sans-serif;\"><a href=\"http:\/\/lattes.cnpq.br\/5749997130092050\"><img class=\"alignnone wp-image-645\" src=\"https:\/\/wp.ufpel.edu.br\/ppgo\/files\/2018\/03\/lattes.png\" alt=\"\" width=\"51\" height=\"29\" \/><\/a> <a href=\"https:\/\/orcid.org\/0000-0001-8239-9630\"><img class=\"alignnone wp-image-3704\" src=\"https:\/\/wp.ufpel.edu.br\/ppgo\/files\/2023\/09\/orcid-id.png\" alt=\"\" width=\"29\" height=\"29\" srcset=\"https:\/\/wp.ufpel.edu.br\/ppgo\/files\/2023\/09\/orcid-id.png 450w, https:\/\/wp.ufpel.edu.br\/ppgo\/files\/2023\/09\/orcid-id-400x400.png 400w, https:\/\/wp.ufpel.edu.br\/ppgo\/files\/2023\/09\/orcid-id-200x200.png 200w\" sizes=\"(max-width: 29px) 100vw, 29px\" \/><\/a> <a href=\"https:\/\/scholar.google.pt\/citations?hl=pt-BR&amp;user=K50EF_kAAAAJ\"><img class=\"alignnone wp-image-3705\" src=\"https:\/\/wp.ufpel.edu.br\/ppgo\/files\/2023\/09\/kisspng-computer-science-google-scholar-doctor-of-philosop-google-5ad094511a4771.2300740815236188971077.jpg\" alt=\"\" width=\"29\" height=\"29\" srcset=\"https:\/\/wp.ufpel.edu.br\/ppgo\/files\/2023\/09\/kisspng-computer-science-google-scholar-doctor-of-philosop-google-5ad094511a4771.2300740815236188971077.jpg 260w, https:\/\/wp.ufpel.edu.br\/ppgo\/files\/2023\/09\/kisspng-computer-science-google-scholar-doctor-of-philosop-google-5ad094511a4771.2300740815236188971077-200x200.jpg 200w\" sizes=\"(max-width: 29px) 100vw, 29px\" \/><\/a> <a href=\"https:\/\/www.webofscience.com\/wos\/author\/record\/47879293\"><img class=\"alignnone wp-image-3724\" src=\"https:\/\/wp.ufpel.edu.br\/ppgo\/files\/2023\/09\/3a2304e4-ef4f-4e12-ad2f-e43fab16210f.jpg\" alt=\"\" width=\"29\" height=\"29\" srcset=\"https:\/\/wp.ufpel.edu.br\/ppgo\/files\/2023\/09\/3a2304e4-ef4f-4e12-ad2f-e43fab16210f.jpg 225w, https:\/\/wp.ufpel.edu.br\/ppgo\/files\/2023\/09\/3a2304e4-ef4f-4e12-ad2f-e43fab16210f-200x200.jpg 200w\" sizes=\"(max-width: 29px) 100vw, 29px\" \/><\/a> <a href=\"https:\/\/www.scopus.com\/authid\/detail.uri?authorId=40662078500\"><img class=\"alignnone wp-image-3894\" src=\"https:\/\/wp.ufpel.edu.br\/ppgo\/files\/2023\/09\/download.png\" alt=\"\" width=\"29\" height=\"29\" srcset=\"https:\/\/wp.ufpel.edu.br\/ppgo\/files\/2023\/09\/download.png 225w, https:\/\/wp.ufpel.edu.br\/ppgo\/files\/2023\/09\/download-200x200.png 200w\" sizes=\"(max-width: 29px) 100vw, 29px\" \/><\/a><\/span><\/p>\n<p><span style=\"font-family: arial, helvetica, sans-serif;\"><strong>Forma\u00e7\u00e3o:<\/strong>\u00a0Gradua\u00e7\u00e3o em Odontologia FO \/ UFPel, Mestre e Doutora em Odontologia, \u00e1rea de concentra\u00e7\u00e3o Dent\u00edstica pelo Programa de P\u00f3s-Gradua\u00e7\u00e3o em Odontologia \/ UFPel; Doutora pela Radboud University Nijmegen \/ Holanda.<\/span><\/p>\n<p><span style=\"font-family: arial, helvetica, sans-serif;\"><strong>Linhas de pesquisa:<\/strong>\u00a0Efetividade de interven\u00e7\u00f5es cl\u00ednicas em Odontologia<\/span><\/p>\n<p><span style=\"font-family: arial, helvetica, sans-serif;\"><strong>\u00c1rea de atua\u00e7\u00e3o e interesse:<\/strong>\u00a0Dent\u00edstica e Cariologia: c\u00e1rie dent\u00e1ria, modelos de biofilme, longevidade de materiais restauradores. Interven\u00e7\u00f5es para controle e tratamento de c\u00e1rie, comportamento e sa\u00fade.<\/span><\/p>\n<p>&nbsp;<\/p>\n<\/div>\n<\/div>\n<\/div>\n<\/div>\n<div id=\"pgc-2384-0-1\" class=\"panel-grid-cell\" data-weight=\"0.38196600790794\">\n<div id=\"panel-2384-0-1-0\" class=\"so-panel widget widget_sow-image panel-first-child panel-last-child\" data-index=\"1\" data-style=\"{&quot;background_image_attachment&quot;:false,&quot;background_display&quot;:&quot;tile&quot;}\"><\/div>\n<\/div>\n<\/div>\n<\/div>\n","protected":false},"excerpt":{"rendered":"<p>Fran\u00e7oise H\u00e9l\u00e8ne van de Sande Forma\u00e7\u00e3o:\u00a0Gradua\u00e7\u00e3o em Odontologia FO \/ UFPel, Mestre e Doutora em Odontologia, \u00e1rea de concentra\u00e7\u00e3o Dent\u00edstica pelo Programa de P\u00f3s-Gradua\u00e7\u00e3o em Odontologia \/ UFPel; Doutora pela Radboud University Nijmegen \/ Holanda. Linhas de pesquisa:\u00a0Efetividade de interven\u00e7\u00f5es cl\u00ednicas em Odontologia \u00c1rea de atua\u00e7\u00e3o e interesse:\u00a0Dent\u00edstica e Cariologia: c\u00e1rie dent\u00e1ria, modelos de biofilme, [&hellip;]<\/p>\n","protected":false},"author":511,"featured_media":0,"parent":0,"menu_order":0,"comment_status":"closed","ping_status":"closed","template":"","meta":{"jetpack_post_was_ever_published":false,"footnotes":""},"class_list":["post-2384","page","type-page","status-publish","hentry"],"jetpack_sharing_enabled":true,"jetpack_shortlink":"https:\/\/wp.me\/P9I8SC-Cs","publishpress_future_action":{"enabled":false,"date":"2026-04-23 02:01:09","action":"change-status","newStatus":"draft","terms":[],"taxonomy":"","extraData":[]},"publishpress_future_workflow_manual_trigger":{"enabledWorkflows":[]},"_links":{"self":[{"href":"https:\/\/wp.ufpel.edu.br\/ppgo\/wp-json\/wp\/v2\/pages\/2384","targetHints":{"allow":["GET"]}}],"collection":[{"href":"https:\/\/wp.ufpel.edu.br\/ppgo\/wp-json\/wp\/v2\/pages"}],"about":[{"href":"https:\/\/wp.ufpel.edu.br\/ppgo\/wp-json\/wp\/v2\/types\/page"}],"author":[{"embeddable":true,"href":"https:\/\/wp.ufpel.edu.br\/ppgo\/wp-json\/wp\/v2\/users\/511"}],"replies":[{"embeddable":true,"href":"https:\/\/wp.ufpel.edu.br\/ppgo\/wp-json\/wp\/v2\/comments?post=2384"}],"version-history":[{"count":14,"href":"https:\/\/wp.ufpel.edu.br\/ppgo\/wp-json\/wp\/v2\/pages\/2384\/revisions"}],"predecessor-version":[{"id":4756,"href":"https:\/\/wp.ufpel.edu.br\/ppgo\/wp-json\/wp\/v2\/pages\/2384\/revisions\/4756"}],"wp:attachment":[{"href":"https:\/\/wp.ufpel.edu.br\/ppgo\/wp-json\/wp\/v2\/media?parent=2384"}],"curies":[{"name":"wp","href":"https:\/\/api.w.org\/{rel}","templated":true}]}}