{"id":2274,"date":"2019-05-27T11:07:32","date_gmt":"2019-05-27T14:07:32","guid":{"rendered":"https:\/\/wp.ufpel.edu.br\/ppgo\/?page_id=2274"},"modified":"2024-06-03T10:28:26","modified_gmt":"2024-06-03T13:28:26","slug":"mariana-cadermatori","status":"publish","type":"page","link":"https:\/\/wp.ufpel.edu.br\/ppgo\/docentes\/mariana-cadermatori\/","title":{"rendered":"mariana-cadermatori"},"content":{"rendered":"<div id=\"pl-2274\" class=\"panel-layout\">\n<div id=\"pg-2274-0\" class=\"panel-grid panel-no-style\" data-style=\"{&quot;background_image_attachment&quot;:false,&quot;background_display&quot;:&quot;tile&quot;,&quot;full_height&quot;:&quot;&quot;,&quot;cell_alignment&quot;:&quot;flex-start&quot;}\">\n<div id=\"pgc-2274-0-0\" class=\"panel-grid-cell\" data-weight=\"0.61803399209206\">\n<div id=\"panel-2274-0-0-0\" class=\"so-panel widget widget_sow-editor panel-first-child panel-last-child\" data-index=\"0\" data-style=\"{&quot;background_image_attachment&quot;:false,&quot;background_display&quot;:&quot;tile&quot;,&quot;background_image_size&quot;:&quot;full&quot;,&quot;background_image_opacity&quot;:&quot;100&quot;,&quot;border_thickness&quot;:&quot;1px&quot;}\">\n<div class=\"so-widget-sow-editor so-widget-sow-editor-base\">\n<div class=\"siteorigin-widget-tinymce textwidget\">\n<p><span style=\"font-size: 14pt; font-family: arial, helvetica, sans-serif;\"><strong><span style=\"font-size: 18pt;\">Mariana Gonzalez Cadermatori<\/span><\/strong><\/span><\/p>\n<p><span style=\"font-family: arial, helvetica, sans-serif;\"><a href=\"https:\/\/wp.ufpel.edu.br\/ppgo\/files\/2024\/06\/Bertuol-33-1-scaled.jpg\"><img class=\"wp-image-4770 alignright\" src=\"https:\/\/wp.ufpel.edu.br\/ppgo\/files\/2024\/06\/Bertuol-33-1-684x1024.jpg\" alt=\"\" width=\"344\" height=\"515\" srcset=\"https:\/\/wp.ufpel.edu.br\/ppgo\/files\/2024\/06\/Bertuol-33-1-684x1024.jpg 684w, https:\/\/wp.ufpel.edu.br\/ppgo\/files\/2024\/06\/Bertuol-33-1-267x400.jpg 267w, https:\/\/wp.ufpel.edu.br\/ppgo\/files\/2024\/06\/Bertuol-33-1-768x1150.jpg 768w, https:\/\/wp.ufpel.edu.br\/ppgo\/files\/2024\/06\/Bertuol-33-1-1025x1536.jpg 1025w, https:\/\/wp.ufpel.edu.br\/ppgo\/files\/2024\/06\/Bertuol-33-1-1367x2048.jpg 1367w, https:\/\/wp.ufpel.edu.br\/ppgo\/files\/2024\/06\/Bertuol-33-1-scaled.jpg 1709w\" sizes=\"(max-width: 344px) 100vw, 344px\" \/><\/a><a href=\"http:\/\/lattes.cnpq.br\/9279809145600172\"><img class=\"alignnone wp-image-645\" src=\"https:\/\/wp.ufpel.edu.br\/ppgo\/files\/2018\/03\/lattes.png\" alt=\"\" width=\"51\" height=\"29\" \/><\/a> \u00a0<a href=\"https:\/\/orcid.org\/0000-0002-2433-8298\"><img class=\"alignnone wp-image-2428\" src=\"https:\/\/wp.ufpel.edu.br\/ppgo\/files\/2019\/10\/ORCID-icon-e1572004983224.png\" alt=\"\" width=\"27\" height=\"27\" \/><\/a> <a href=\"https:\/\/scholar.google.pt\/citations?hl=pt-BR&amp;user=Ax_Xbs4AAAAJ\"><img class=\"alignnone wp-image-3705\" src=\"https:\/\/wp.ufpel.edu.br\/ppgo\/files\/2023\/09\/kisspng-computer-science-google-scholar-doctor-of-philosop-google-5ad094511a4771.2300740815236188971077.jpg\" alt=\"\" width=\"29\" height=\"29\" srcset=\"https:\/\/wp.ufpel.edu.br\/ppgo\/files\/2023\/09\/kisspng-computer-science-google-scholar-doctor-of-philosop-google-5ad094511a4771.2300740815236188971077.jpg 260w, https:\/\/wp.ufpel.edu.br\/ppgo\/files\/2023\/09\/kisspng-computer-science-google-scholar-doctor-of-philosop-google-5ad094511a4771.2300740815236188971077-200x200.jpg 200w\" sizes=\"(max-width: 29px) 100vw, 29px\" \/><\/a> <a href=\"https:\/\/www.webofscience.com\/wos\/author\/record\/1332329\"><img class=\"alignnone wp-image-3724\" src=\"https:\/\/wp.ufpel.edu.br\/ppgo\/files\/2023\/09\/3a2304e4-ef4f-4e12-ad2f-e43fab16210f.jpg\" alt=\"\" width=\"28\" height=\"28\" srcset=\"https:\/\/wp.ufpel.edu.br\/ppgo\/files\/2023\/09\/3a2304e4-ef4f-4e12-ad2f-e43fab16210f.jpg 225w, https:\/\/wp.ufpel.edu.br\/ppgo\/files\/2023\/09\/3a2304e4-ef4f-4e12-ad2f-e43fab16210f-200x200.jpg 200w\" sizes=\"(max-width: 28px) 100vw, 28px\" \/><\/a> <a href=\"https:\/\/www.scopus.com\/authid\/detail.uri?authorId=56239336000\"><img class=\"alignnone wp-image-3894\" src=\"https:\/\/wp.ufpel.edu.br\/ppgo\/files\/2023\/09\/download.png\" alt=\"\" width=\"28\" height=\"28\" srcset=\"https:\/\/wp.ufpel.edu.br\/ppgo\/files\/2023\/09\/download.png 225w, https:\/\/wp.ufpel.edu.br\/ppgo\/files\/2023\/09\/download-200x200.png 200w\" sizes=\"(max-width: 28px) 100vw, 28px\" \/><\/a><\/span><\/p>\n<p><span style=\"font-family: arial, helvetica, sans-serif;\"><strong>Forma\u00e7\u00e3o:<\/strong>\u00a0Gradua\u00e7\u00e3o em Odontologia pela Universidade Federal de Pelotas (2010), especializa\u00e7\u00e3o em Sa\u00fade da Fam\u00edlia pela Universidade Federal de Pelotas (2013), mestrado em Odontologia (\u00e1rea de concentra\u00e7\u00e3o Odontopediatria) pela Universidade Federal de Pelotas (2014) e doutorado em Odontologia\u00a0(\u00e1rea de concentra\u00e7\u00e3o Odontopediatria) pela Universidade Federal de Pelotas (2018). Atualmente, est\u00e1 realizando o P\u00f3s-Doutorado no Programa de P\u00f3s-Gradua\u00e7\u00e3o em Odontologia (PPGO) da FO\/UFPel como bolsista PNPD \u2013 Capes.<\/span><\/p>\n<p><span style=\"font-family: arial, helvetica, sans-serif;\"><strong>Linhas de Pesquisa:<\/strong>\u00a0Desfechos em sa\u00fade bucal: influ\u00eancia de determinantes sociais, socioecon\u00f4micos, cl\u00ednicos e comportamentais.<\/span><\/p>\n<p><span style=\"font-family: arial, helvetica, sans-serif;\"><strong>\u00c1rea de atua\u00e7\u00e3o:<\/strong>\u00a0Odontologia, Odontopediatria, Epidemiologia.<\/span><\/p>\n<\/div>\n<\/div>\n<\/div>\n<\/div>\n<\/div>\n<\/div>\n","protected":false},"excerpt":{"rendered":"<p>Mariana Gonzalez Cadermatori \u00a0 Forma\u00e7\u00e3o:\u00a0Gradua\u00e7\u00e3o em Odontologia pela Universidade Federal de Pelotas (2010), especializa\u00e7\u00e3o em Sa\u00fade da Fam\u00edlia pela Universidade Federal de Pelotas (2013), mestrado em Odontologia (\u00e1rea de concentra\u00e7\u00e3o Odontopediatria) pela Universidade Federal de Pelotas (2014) e doutorado em Odontologia\u00a0(\u00e1rea de concentra\u00e7\u00e3o Odontopediatria) pela Universidade Federal de Pelotas (2018). Atualmente, est\u00e1 realizando o P\u00f3s-Doutorado [&hellip;]<\/p>\n","protected":false},"author":511,"featured_media":0,"parent":350,"menu_order":0,"comment_status":"closed","ping_status":"closed","template":"","meta":{"jetpack_post_was_ever_published":false,"footnotes":""},"class_list":["post-2274","page","type-page","status-publish","hentry"],"jetpack_sharing_enabled":true,"jetpack_shortlink":"https:\/\/wp.me\/P9I8SC-AG","publishpress_future_action":{"enabled":false,"date":"2026-04-22 13:18:01","action":"change-status","newStatus":"draft","terms":[],"taxonomy":"","extraData":[]},"publishpress_future_workflow_manual_trigger":{"enabledWorkflows":[]},"_links":{"self":[{"href":"https:\/\/wp.ufpel.edu.br\/ppgo\/wp-json\/wp\/v2\/pages\/2274","targetHints":{"allow":["GET"]}}],"collection":[{"href":"https:\/\/wp.ufpel.edu.br\/ppgo\/wp-json\/wp\/v2\/pages"}],"about":[{"href":"https:\/\/wp.ufpel.edu.br\/ppgo\/wp-json\/wp\/v2\/types\/page"}],"author":[{"embeddable":true,"href":"https:\/\/wp.ufpel.edu.br\/ppgo\/wp-json\/wp\/v2\/users\/511"}],"replies":[{"embeddable":true,"href":"https:\/\/wp.ufpel.edu.br\/ppgo\/wp-json\/wp\/v2\/comments?post=2274"}],"version-history":[{"count":11,"href":"https:\/\/wp.ufpel.edu.br\/ppgo\/wp-json\/wp\/v2\/pages\/2274\/revisions"}],"predecessor-version":[{"id":4771,"href":"https:\/\/wp.ufpel.edu.br\/ppgo\/wp-json\/wp\/v2\/pages\/2274\/revisions\/4771"}],"up":[{"embeddable":true,"href":"https:\/\/wp.ufpel.edu.br\/ppgo\/wp-json\/wp\/v2\/pages\/350"}],"wp:attachment":[{"href":"https:\/\/wp.ufpel.edu.br\/ppgo\/wp-json\/wp\/v2\/media?parent=2274"}],"curies":[{"name":"wp","href":"https:\/\/api.w.org\/{rel}","templated":true}]}}