{"id":2241,"date":"2019-04-01T09:06:01","date_gmt":"2019-04-01T12:06:01","guid":{"rendered":"https:\/\/wp.ufpel.edu.br\/ppgo\/?page_id=2241"},"modified":"2024-06-12T14:38:12","modified_gmt":"2024-06-12T17:38:12","slug":"vanessa-pereira","status":"publish","type":"page","link":"https:\/\/wp.ufpel.edu.br\/ppgo\/docentes\/vanessa-pereira\/","title":{"rendered":"Vanessa Pereira"},"content":{"rendered":"<div id=\"pl-2241\" class=\"panel-layout\">\n<div id=\"pg-2241-0\" class=\"panel-grid panel-no-style\" data-style=\"{&quot;background_image_attachment&quot;:false,&quot;background_display&quot;:&quot;tile&quot;,&quot;full_height&quot;:&quot;&quot;,&quot;cell_alignment&quot;:&quot;flex-start&quot;}\">\n<div id=\"pgc-2241-0-0\" class=\"panel-grid-cell\" data-weight=\"0.61803399209206\">\n<div id=\"panel-2241-0-0-0\" class=\"so-panel widget widget_sow-editor panel-first-child panel-last-child\" data-index=\"0\" data-style=\"{&quot;background_image_attachment&quot;:false,&quot;background_display&quot;:&quot;tile&quot;,&quot;background_image_size&quot;:&quot;full&quot;,&quot;background_image_opacity&quot;:&quot;100&quot;,&quot;border_thickness&quot;:&quot;1px&quot;}\">\n<div class=\"so-widget-sow-editor so-widget-sow-editor-base\">\n<div class=\"siteorigin-widget-tinymce textwidget\">\n<p><span style=\"font-size: 18pt; font-family: arial, helvetica, sans-serif;\"><strong>Vanessa Polina Pereira da Costa<\/strong><\/span><a href=\"https:\/\/wp.ufpel.edu.br\/ppgo\/files\/2024\/06\/Bertuol-15-1-scaled.jpg\"><img class=\"wp-image-4815 alignright\" src=\"https:\/\/wp.ufpel.edu.br\/ppgo\/files\/2024\/06\/Bertuol-15-1-684x1024.jpg\" alt=\"\" width=\"269\" height=\"403\" srcset=\"https:\/\/wp.ufpel.edu.br\/ppgo\/files\/2024\/06\/Bertuol-15-1-684x1024.jpg 684w, https:\/\/wp.ufpel.edu.br\/ppgo\/files\/2024\/06\/Bertuol-15-1-267x400.jpg 267w, https:\/\/wp.ufpel.edu.br\/ppgo\/files\/2024\/06\/Bertuol-15-1-768x1150.jpg 768w, https:\/\/wp.ufpel.edu.br\/ppgo\/files\/2024\/06\/Bertuol-15-1-1025x1536.jpg 1025w, https:\/\/wp.ufpel.edu.br\/ppgo\/files\/2024\/06\/Bertuol-15-1-1367x2048.jpg 1367w, https:\/\/wp.ufpel.edu.br\/ppgo\/files\/2024\/06\/Bertuol-15-1-scaled.jpg 1709w\" sizes=\"(max-width: 269px) 100vw, 269px\" \/><\/a><\/p>\n<p><span style=\"font-family: arial, helvetica, sans-serif;\"><a href=\"http:\/\/lattes.cnpq.br\/5240411510637487\"><img class=\"alignnone wp-image-645\" src=\"https:\/\/wp.ufpel.edu.br\/ppgo\/files\/2018\/03\/lattes.png\" alt=\"\" width=\"51\" height=\"29\" \/><\/a> <a href=\"https:\/\/orcid.org\/0000-0003-0524-6870\"><img class=\"alignnone wp-image-3704\" src=\"https:\/\/wp.ufpel.edu.br\/ppgo\/files\/2023\/09\/orcid-id.png\" alt=\"\" width=\"26\" height=\"26\" srcset=\"https:\/\/wp.ufpel.edu.br\/ppgo\/files\/2023\/09\/orcid-id.png 450w, https:\/\/wp.ufpel.edu.br\/ppgo\/files\/2023\/09\/orcid-id-400x400.png 400w, https:\/\/wp.ufpel.edu.br\/ppgo\/files\/2023\/09\/orcid-id-200x200.png 200w\" sizes=\"(max-width: 26px) 100vw, 26px\" \/><\/a> <a href=\"https:\/\/scholar.google.pt\/citations?hl=pt-BR&amp;user=y9fQJEgAAAAJ\"><img class=\"alignnone wp-image-3705\" src=\"https:\/\/wp.ufpel.edu.br\/ppgo\/files\/2023\/09\/kisspng-computer-science-google-scholar-doctor-of-philosop-google-5ad094511a4771.2300740815236188971077.jpg\" alt=\"\" width=\"27\" height=\"27\" srcset=\"https:\/\/wp.ufpel.edu.br\/ppgo\/files\/2023\/09\/kisspng-computer-science-google-scholar-doctor-of-philosop-google-5ad094511a4771.2300740815236188971077.jpg 260w, https:\/\/wp.ufpel.edu.br\/ppgo\/files\/2023\/09\/kisspng-computer-science-google-scholar-doctor-of-philosop-google-5ad094511a4771.2300740815236188971077-200x200.jpg 200w\" sizes=\"(max-width: 27px) 100vw, 27px\" \/><\/a> <a href=\"https:\/\/www.webofscience.com\/wos\/author\/record\/332876\"><img class=\"alignnone wp-image-3724\" src=\"https:\/\/wp.ufpel.edu.br\/ppgo\/files\/2023\/09\/3a2304e4-ef4f-4e12-ad2f-e43fab16210f.jpg\" alt=\"\" width=\"29\" height=\"29\" srcset=\"https:\/\/wp.ufpel.edu.br\/ppgo\/files\/2023\/09\/3a2304e4-ef4f-4e12-ad2f-e43fab16210f.jpg 225w, https:\/\/wp.ufpel.edu.br\/ppgo\/files\/2023\/09\/3a2304e4-ef4f-4e12-ad2f-e43fab16210f-200x200.jpg 200w\" sizes=\"(max-width: 29px) 100vw, 29px\" \/><\/a> <a href=\"https:\/\/www.scopus.com\/authid\/detail.uri?authorId=55181541900\"><img class=\"alignnone wp-image-3894\" src=\"https:\/\/wp.ufpel.edu.br\/ppgo\/files\/2023\/09\/download.png\" alt=\"\" width=\"29\" height=\"29\" srcset=\"https:\/\/wp.ufpel.edu.br\/ppgo\/files\/2023\/09\/download.png 225w, https:\/\/wp.ufpel.edu.br\/ppgo\/files\/2023\/09\/download-200x200.png 200w\" sizes=\"(max-width: 29px) 100vw, 29px\" \/><\/a><\/span><\/p>\n<p><span style=\"font-family: arial, helvetica, sans-serif; font-size: 12pt;\"><strong>Forma\u00e7\u00e3o:<\/strong> Mestre e Doutora em Odontologia, \u00e1rea de concentra\u00e7\u00e3o Odontopediatria, pelo Programa de P\u00f3s-Gradua\u00e7\u00e3o em Odontologia\/UFPel.<\/span><\/p>\n<p><span style=\"font-family: arial, helvetica, sans-serif; font-size: 12pt;\"><strong>Linhas de Pesquisa:<\/strong>\u00a0Desfechos em sa\u00fade bucal: influ\u00eancia dos determinantes sociais, socioecon\u00f4micos, cl\u00ednicos e comportamentais.<\/span><\/p>\n<p><span style=\"font-family: arial, helvetica, sans-serif; font-size: 12pt;\"><strong>\u00c1rea de atua\u00e7\u00e3o:<\/strong>\u00a0Atua na \u00e1rea de epidemiologia da sa\u00fade bucal com temas vinculados principalmente a traumatismos alveolodent\u00e1rios, comportamento e medo odontol\u00f3gico infantil.<\/span><\/p>\n<p><span style=\"font-family: arial, helvetica, sans-serif; font-size: 12pt;\"><strong>Outras informa\u00e7\u00f5es:<\/strong>\u00a0Professora Adjunta, com regime de Dedica\u00e7\u00e3o Exclusiva, da Faculdade de Odontologia, Universidade Federal de Pelotas. Professora colaboradora do Programa de P\u00f3s-gradua\u00e7\u00e3o em Odontologia da Universidade de Bras\u00edlia- UnB<\/span><\/p>\n<\/div>\n<\/div>\n<\/div>\n<\/div>\n<\/div>\n<\/div>\n","protected":false},"excerpt":{"rendered":"<p>Vanessa Polina Pereira da Costa Forma\u00e7\u00e3o: Mestre e Doutora em Odontologia, \u00e1rea de concentra\u00e7\u00e3o Odontopediatria, pelo Programa de P\u00f3s-Gradua\u00e7\u00e3o em Odontologia\/UFPel. Linhas de Pesquisa:\u00a0Desfechos em sa\u00fade bucal: influ\u00eancia dos determinantes sociais, socioecon\u00f4micos, cl\u00ednicos e comportamentais. \u00c1rea de atua\u00e7\u00e3o:\u00a0Atua na \u00e1rea de epidemiologia da sa\u00fade bucal com temas vinculados principalmente a traumatismos alveolodent\u00e1rios, comportamento e medo [&hellip;]<\/p>\n","protected":false},"author":511,"featured_media":0,"parent":350,"menu_order":0,"comment_status":"closed","ping_status":"closed","template":"","meta":{"jetpack_post_was_ever_published":false,"footnotes":""},"class_list":["post-2241","page","type-page","status-publish","hentry"],"jetpack_sharing_enabled":true,"jetpack_shortlink":"https:\/\/wp.me\/P9I8SC-A9","publishpress_future_action":{"enabled":false,"date":"2026-04-22 11:39:12","action":"change-status","newStatus":"draft","terms":[],"taxonomy":"","extraData":[]},"publishpress_future_workflow_manual_trigger":{"enabledWorkflows":[]},"_links":{"self":[{"href":"https:\/\/wp.ufpel.edu.br\/ppgo\/wp-json\/wp\/v2\/pages\/2241","targetHints":{"allow":["GET"]}}],"collection":[{"href":"https:\/\/wp.ufpel.edu.br\/ppgo\/wp-json\/wp\/v2\/pages"}],"about":[{"href":"https:\/\/wp.ufpel.edu.br\/ppgo\/wp-json\/wp\/v2\/types\/page"}],"author":[{"embeddable":true,"href":"https:\/\/wp.ufpel.edu.br\/ppgo\/wp-json\/wp\/v2\/users\/511"}],"replies":[{"embeddable":true,"href":"https:\/\/wp.ufpel.edu.br\/ppgo\/wp-json\/wp\/v2\/comments?post=2241"}],"version-history":[{"count":11,"href":"https:\/\/wp.ufpel.edu.br\/ppgo\/wp-json\/wp\/v2\/pages\/2241\/revisions"}],"predecessor-version":[{"id":4816,"href":"https:\/\/wp.ufpel.edu.br\/ppgo\/wp-json\/wp\/v2\/pages\/2241\/revisions\/4816"}],"up":[{"embeddable":true,"href":"https:\/\/wp.ufpel.edu.br\/ppgo\/wp-json\/wp\/v2\/pages\/350"}],"wp:attachment":[{"href":"https:\/\/wp.ufpel.edu.br\/ppgo\/wp-json\/wp\/v2\/media?parent=2241"}],"curies":[{"name":"wp","href":"https:\/\/api.w.org\/{rel}","templated":true}]}}