{"id":2216,"date":"2019-03-29T10:45:46","date_gmt":"2019-03-29T13:45:46","guid":{"rendered":"https:\/\/wp.ufpel.edu.br\/ppgo\/?page_id=2216"},"modified":"2024-05-31T11:11:50","modified_gmt":"2024-05-31T14:11:50","slug":"eduardo_dickie","status":"publish","type":"page","link":"https:\/\/wp.ufpel.edu.br\/ppgo\/docentes\/eduardo_dickie\/","title":{"rendered":"eduardo_dickie"},"content":{"rendered":"<div id=\"pl-2216\" class=\"panel-layout\">\n<div id=\"pg-2216-0\" class=\"panel-grid panel-no-style\" data-style=\"{&quot;background_image_attachment&quot;:false,&quot;background_display&quot;:&quot;tile&quot;,&quot;full_height&quot;:&quot;&quot;,&quot;cell_alignment&quot;:&quot;flex-start&quot;}\">\n<div id=\"pgc-2216-0-0\" class=\"panel-grid-cell\" data-weight=\"0.61803399209206\">\n<div id=\"panel-2216-0-0-0\" class=\"so-panel widget widget_sow-editor panel-first-child panel-last-child\" data-index=\"0\" data-style=\"{&quot;background_image_attachment&quot;:false,&quot;background_display&quot;:&quot;tile&quot;,&quot;background_image_size&quot;:&quot;full&quot;,&quot;background_image_opacity&quot;:&quot;100&quot;,&quot;border_thickness&quot;:&quot;1px&quot;}\">\n<div class=\"so-widget-sow-editor so-widget-sow-editor-base\">\n<div class=\"siteorigin-widget-tinymce textwidget\">\n<p><strong><span style=\"font-size: 14pt; font-family: georgia, palatino, serif;\"><span style=\"font-size: 18pt;\">Eduardo Dickie de Castilho<\/span><\/span><\/strong><strong><span style=\"font-size: 14pt; font-family: georgia, palatino, serif;\"><span style=\"font-size: 18pt;\"><a href=\"https:\/\/wp.ufpel.edu.br\/ppgo\/files\/2019\/03\/Foto_lattes.jpg\"><img class=\"size-full wp-image-2217 alignright\" src=\"https:\/\/wp.ufpel.edu.br\/ppgo\/files\/2019\/03\/Foto_lattes.jpg\" alt=\"\" width=\"273\" height=\"378\" \/><\/a><\/span><\/span><\/strong><\/p>\n<p><a href=\"http:\/\/lattes.cnpq.br\/1006318914677074\"><img class=\"alignnone wp-image-645\" src=\"https:\/\/i1.wp.com\/wp.ufpel.edu.br\/ppgo\/files\/2018\/03\/lattes.png?resize=99%2C56&amp;ssl=1\" alt=\"\" width=\"51\" height=\"29\" \/><\/a> \u00a0<a href=\"https:\/\/orcid.org\/0000-0002-7072-6558\"><img class=\"alignnone wp-image-2428\" src=\"https:\/\/wp.ufpel.edu.br\/ppgo\/files\/2019\/10\/ORCID-icon-e1572004983224.png\" alt=\"\" width=\"29\" height=\"29\" \/><\/a> <a href=\"https:\/\/scholar.google.pt\/citations?hl=pt-BR&amp;user=_K4qOOUAAAAJ\"><img class=\"alignnone wp-image-3705\" src=\"https:\/\/wp.ufpel.edu.br\/ppgo\/files\/2023\/09\/kisspng-computer-science-google-scholar-doctor-of-philosop-google-5ad094511a4771.2300740815236188971077.jpg\" alt=\"\" width=\"29\" height=\"29\" srcset=\"https:\/\/wp.ufpel.edu.br\/ppgo\/files\/2023\/09\/kisspng-computer-science-google-scholar-doctor-of-philosop-google-5ad094511a4771.2300740815236188971077.jpg 260w, https:\/\/wp.ufpel.edu.br\/ppgo\/files\/2023\/09\/kisspng-computer-science-google-scholar-doctor-of-philosop-google-5ad094511a4771.2300740815236188971077-200x200.jpg 200w\" sizes=\"(max-width: 29px) 100vw, 29px\" \/><\/a> <a href=\"https:\/\/wp.ufpel.edu.br\/ppgo\/files\/2023\/09\/3a2304e4-ef4f-4e12-ad2f-e43fab16210f.jpg\"><img class=\"alignnone wp-image-3724\" src=\"https:\/\/wp.ufpel.edu.br\/ppgo\/files\/2023\/09\/3a2304e4-ef4f-4e12-ad2f-e43fab16210f.jpg\" alt=\"\" width=\"30\" height=\"30\" srcset=\"https:\/\/wp.ufpel.edu.br\/ppgo\/files\/2023\/09\/3a2304e4-ef4f-4e12-ad2f-e43fab16210f.jpg 225w, https:\/\/wp.ufpel.edu.br\/ppgo\/files\/2023\/09\/3a2304e4-ef4f-4e12-ad2f-e43fab16210f-200x200.jpg 200w\" sizes=\"(max-width: 30px) 100vw, 30px\" \/><\/a> <a href=\"https:\/\/www.scopus.com\/authid\/detail.uri?authorId=57203902270\"><img class=\"alignnone wp-image-3894\" src=\"https:\/\/wp.ufpel.edu.br\/ppgo\/files\/2023\/09\/download.png\" alt=\"\" width=\"28\" height=\"28\" srcset=\"https:\/\/wp.ufpel.edu.br\/ppgo\/files\/2023\/09\/download.png 225w, https:\/\/wp.ufpel.edu.br\/ppgo\/files\/2023\/09\/download-200x200.png 200w\" sizes=\"(max-width: 28px) 100vw, 28px\" \/><\/a><\/p>\n<p><span style=\"font-size: 12pt; font-family: georgia, palatino, serif;\"><strong>Forma\u00e7\u00e3o:<\/strong>\u00a0Especialista em Odontogeriatria (CFO) Mestre em Sa\u00fade Bucal Coletiva (UFRGS) Doutor em Epidemiologia UFPel<\/span><\/p>\n<p><span style=\"font-size: 12pt; font-family: georgia, palatino, serif;\"><strong>Linhas de Pesquisa:<\/strong>\u00a0Desfechos em sa\u00fade bucal: influ\u00eancia dos determinantes sociais, socioecon\u00f4micos, cl\u00ednicos e comportamentais.<\/span><\/p>\n<p><span style=\"font-size: 12pt; font-family: georgia, palatino, serif;\"><strong>\u00c1rea de atua\u00e7\u00e3o:<\/strong>\u00a0Sa\u00fade Bucal do Idoso,\u00a0 Avalia\u00e7\u00e3o de servi\u00e7os de sa\u00fade, georreferenciamento em sa\u00fade, Odontogeriatria e Sistemas de informa\u00e7\u00e3o em sa\u00fade.\u00a0<\/span><\/p>\n<p>&nbsp;<\/p>\n<p>&nbsp;<\/p>\n<\/div>\n<\/div>\n<\/div>\n<\/div>\n<div id=\"pgc-2216-0-1\" class=\"panel-grid-cell\" data-weight=\"0.38196600790794\">\n<div id=\"panel-2216-0-1-0\" class=\"so-panel widget widget_sow-image panel-first-child panel-last-child\" data-index=\"1\" data-style=\"{&quot;background_image_attachment&quot;:false,&quot;background_display&quot;:&quot;tile&quot;}\"><\/div>\n<\/div>\n<\/div>\n<\/div>\n","protected":false},"excerpt":{"rendered":"<p>Eduardo Dickie de Castilho \u00a0 Forma\u00e7\u00e3o:\u00a0Especialista em Odontogeriatria (CFO) Mestre em Sa\u00fade Bucal Coletiva (UFRGS) Doutor em Epidemiologia UFPel Linhas de Pesquisa:\u00a0Desfechos em sa\u00fade bucal: influ\u00eancia dos determinantes sociais, socioecon\u00f4micos, cl\u00ednicos e comportamentais. \u00c1rea de atua\u00e7\u00e3o:\u00a0Sa\u00fade Bucal do Idoso,\u00a0 Avalia\u00e7\u00e3o de servi\u00e7os de sa\u00fade, georreferenciamento em sa\u00fade, Odontogeriatria e Sistemas de informa\u00e7\u00e3o em sa\u00fade.\u00a0 &nbsp; [&hellip;]<\/p>\n","protected":false},"author":511,"featured_media":0,"parent":350,"menu_order":0,"comment_status":"closed","ping_status":"closed","template":"","meta":{"jetpack_post_was_ever_published":false,"footnotes":""},"class_list":["post-2216","page","type-page","status-publish","hentry"],"jetpack_sharing_enabled":true,"jetpack_shortlink":"https:\/\/wp.me\/P9I8SC-zK","publishpress_future_action":{"enabled":false,"date":"2026-04-22 13:20:34","action":"change-status","newStatus":"draft","terms":[],"taxonomy":"","extraData":[]},"publishpress_future_workflow_manual_trigger":{"enabledWorkflows":[]},"_links":{"self":[{"href":"https:\/\/wp.ufpel.edu.br\/ppgo\/wp-json\/wp\/v2\/pages\/2216","targetHints":{"allow":["GET"]}}],"collection":[{"href":"https:\/\/wp.ufpel.edu.br\/ppgo\/wp-json\/wp\/v2\/pages"}],"about":[{"href":"https:\/\/wp.ufpel.edu.br\/ppgo\/wp-json\/wp\/v2\/types\/page"}],"author":[{"embeddable":true,"href":"https:\/\/wp.ufpel.edu.br\/ppgo\/wp-json\/wp\/v2\/users\/511"}],"replies":[{"embeddable":true,"href":"https:\/\/wp.ufpel.edu.br\/ppgo\/wp-json\/wp\/v2\/comments?post=2216"}],"version-history":[{"count":16,"href":"https:\/\/wp.ufpel.edu.br\/ppgo\/wp-json\/wp\/v2\/pages\/2216\/revisions"}],"predecessor-version":[{"id":4664,"href":"https:\/\/wp.ufpel.edu.br\/ppgo\/wp-json\/wp\/v2\/pages\/2216\/revisions\/4664"}],"up":[{"embeddable":true,"href":"https:\/\/wp.ufpel.edu.br\/ppgo\/wp-json\/wp\/v2\/pages\/350"}],"wp:attachment":[{"href":"https:\/\/wp.ufpel.edu.br\/ppgo\/wp-json\/wp\/v2\/media?parent=2216"}],"curies":[{"name":"wp","href":"https:\/\/api.w.org\/{rel}","templated":true}]}}