{"id":1959,"date":"2018-10-09T10:27:08","date_gmt":"2018-10-09T13:27:08","guid":{"rendered":"https:\/\/wp.ufpel.edu.br\/ppgo\/?page_id=1959"},"modified":"2025-01-30T18:21:51","modified_gmt":"2025-01-30T21:21:51","slug":"area-do-aluno","status":"publish","type":"page","link":"https:\/\/wp.ufpel.edu.br\/ppgo\/area-do-aluno\/","title":{"rendered":"\u00c1rea do aluno"},"content":{"rendered":"<div id=\"pl-1959\" class=\"panel-layout\">\n<div id=\"pg-1959-0\" class=\"panel-grid panel-no-style\">\n<div id=\"pgc-1959-0-0\" class=\"panel-grid-cell\">\n<div id=\"panel-1959-0-0-0\" class=\"so-panel widget widget_sow-hero panel-first-child panel-last-child\"><a href=\"https:\/\/wp.ufpel.edu.br\/ppgo\/files\/2024\/07\/Bertuol-45-1-scaled.jpg\"><img class=\"aligncenter size-large wp-image-4876\" src=\"https:\/\/wp.ufpel.edu.br\/ppgo\/files\/2024\/07\/Bertuol-45-1-1024x684.jpg\" alt=\"\" width=\"1024\" height=\"684\" srcset=\"https:\/\/wp.ufpel.edu.br\/ppgo\/files\/2024\/07\/Bertuol-45-1-1024x684.jpg 1024w, https:\/\/wp.ufpel.edu.br\/ppgo\/files\/2024\/07\/Bertuol-45-1-400x267.jpg 400w, https:\/\/wp.ufpel.edu.br\/ppgo\/files\/2024\/07\/Bertuol-45-1-768x513.jpg 768w, https:\/\/wp.ufpel.edu.br\/ppgo\/files\/2024\/07\/Bertuol-45-1-1536x1025.jpg 1536w, https:\/\/wp.ufpel.edu.br\/ppgo\/files\/2024\/07\/Bertuol-45-1-2048x1367.jpg 2048w\" sizes=\"(max-width: 1024px) 100vw, 1024px\" \/><\/a><\/div>\n<\/div>\n<\/div>\n<div id=\"pg-1959-1\" class=\"panel-grid panel-no-style\">\n<div id=\"pgc-1959-1-0\" class=\"panel-grid-cell panel-grid-cell-empty\"><\/div>\n<div id=\"pgc-1959-1-1\" class=\"panel-grid-cell panel-grid-cell-mobile-last\">\n<div id=\"panel-1959-1-1-0\" class=\"so-panel widget widget_sow-editor panel-first-child panel-last-child\">\n<div class=\"so-widget-sow-editor so-widget-sow-editor-base\">\n<div class=\"siteorigin-widget-tinymce textwidget\">\n<p style=\"text-align: justify;\"><span style=\"font-size: 14pt;\">Fique atento\u00a0aos prazos estipulados no regimento. As linhas do tempo apresentadas est\u00e3o simplificadas, para maiores informa\u00e7\u00f5es clique aqui (<a href=\"https:\/\/wp.ufpel.edu.br\/ppgo\/files\/2018\/10\/Linha-do-Tempo-Mestrado-2018.docx\">MESTRADO<\/a> ou <a href=\"http:\/\/o\/files\/2018\/10\/Linha-do-Tempo-Doutorado-2018.docx\">DOUTORADO<\/a>).<\/span><\/p>\n<\/div>\n<\/div>\n<\/div>\n<\/div>\n<\/div>\n<\/div>\n<div class=\"panel-grid-cell panel-grid-cell-empty\"><a href=\"https:\/\/wp.ufpel.edu.br\/ppgo\/files\/2024\/07\/Bertuol-53-1-scaled.jpg\"><img class=\"aligncenter size-large wp-image-4874\" src=\"https:\/\/wp.ufpel.edu.br\/ppgo\/files\/2024\/07\/Bertuol-53-1-1024x684.jpg\" alt=\"\" width=\"1024\" height=\"684\" srcset=\"https:\/\/wp.ufpel.edu.br\/ppgo\/files\/2024\/07\/Bertuol-53-1-1024x684.jpg 1024w, https:\/\/wp.ufpel.edu.br\/ppgo\/files\/2024\/07\/Bertuol-53-1-400x267.jpg 400w, https:\/\/wp.ufpel.edu.br\/ppgo\/files\/2024\/07\/Bertuol-53-1-768x513.jpg 768w, https:\/\/wp.ufpel.edu.br\/ppgo\/files\/2024\/07\/Bertuol-53-1-1536x1025.jpg 1536w, https:\/\/wp.ufpel.edu.br\/ppgo\/files\/2024\/07\/Bertuol-53-1-2048x1367.jpg 2048w\" sizes=\"(max-width: 1024px) 100vw, 1024px\" \/><\/a><\/div>\n<div id=\"pl-1959\" class=\"panel-layout\">\n<div id=\"pg-1959-4\" class=\"panel-grid panel-no-style\">\n<div id=\"pgc-1959-4-1\" class=\"panel-grid-cell panel-grid-cell-mobile-last\">\n<div id=\"panel-1959-4-1-0\" class=\"so-panel widget widget_sow-editor panel-first-child panel-last-child\">\n<div class=\"so-widget-sow-editor so-widget-sow-editor-base\">\n<div class=\"siteorigin-widget-tinymce textwidget\">\n<p style=\"text-align: justify;\"><span style=\"font-size: 18.6667px;\">Se voc\u00ea est\u00e1 em d\u00favida em quais disciplinas ser\u00e3o ofertadas no pr\u00f3ximo semestre, <a href=\"https:\/\/wp.ufpel.edu.br\/ppgo\/area-do-aluno\/calendario-de-disciplinas\/\">clique aqui<\/a> e confira o calend\u00e1rio de disciplinas do PPGO.<\/span><\/p>\n<\/div>\n<\/div>\n<\/div>\n<\/div>\n<div id=\"pgc-1959-4-2\" class=\"panel-grid-cell panel-grid-cell-empty\"><\/div>\n<\/div>\n<div id=\"pg-1959-5\" class=\"panel-grid panel-no-style\">\n<div id=\"pgc-1959-5-0\" class=\"panel-grid-cell panel-grid-cell-empty\"><\/div>\n<div id=\"pgc-1959-5-1\" class=\"panel-grid-cell panel-grid-cell-mobile-last\">\n<div id=\"panel-1959-5-1-0\" class=\"so-panel widget widget_sow-editor panel-first-child panel-last-child\">\n<div class=\"so-widget-sow-editor so-widget-sow-editor-base\">\n<div class=\"siteorigin-widget-tinymce textwidget\">\n<p style=\"text-align: justify;\">Al\u00e9m disso, todos os\u00a0documentos\u00a0necess\u00e1rios para os alunos do PPGO encontram-se dispon\u00edveis na se\u00e7\u00e3o <a href=\"https:\/\/wp.ufpel.edu.br\/ppgo\/downloads\/\">DOCUMENTOS<\/a>. Caso n\u00e3o encontre o que est\u00e1 procurando <a href=\"https:\/\/wp.ufpel.edu.br\/ppgo\/contato\/\">entre em contato com a secretaria<\/a>.<\/p>\n<\/div>\n<\/div>\n<\/div>\n<\/div>\n<div id=\"pgc-1959-5-2\" class=\"panel-grid-cell panel-grid-cell-empty\"><\/div>\n<\/div>\n<\/div>\n","protected":false},"excerpt":{"rendered":"<p>Fique atento\u00a0aos prazos estipulados no regimento. As linhas do tempo apresentadas est\u00e3o simplificadas, para maiores informa\u00e7\u00f5es clique aqui (MESTRADO ou DOUTORADO). Se voc\u00ea est\u00e1 em d\u00favida em quais disciplinas ser\u00e3o ofertadas no pr\u00f3ximo semestre, clique aqui e confira o calend\u00e1rio de disciplinas do PPGO. Al\u00e9m disso, todos os\u00a0documentos\u00a0necess\u00e1rios para os alunos do PPGO encontram-se dispon\u00edveis [&hellip;]<\/p>\n","protected":false},"author":511,"featured_media":0,"parent":0,"menu_order":0,"comment_status":"closed","ping_status":"closed","template":"","meta":{"jetpack_post_was_ever_published":false,"footnotes":""},"class_list":["post-1959","page","type-page","status-publish","hentry"],"jetpack_sharing_enabled":true,"jetpack_shortlink":"https:\/\/wp.me\/P9I8SC-vB","publishpress_future_action":{"enabled":false,"date":"2026-04-22 06:33:21","action":"change-status","newStatus":"draft","terms":[],"taxonomy":"","extraData":[]},"publishpress_future_workflow_manual_trigger":{"enabledWorkflows":[]},"_links":{"self":[{"href":"https:\/\/wp.ufpel.edu.br\/ppgo\/wp-json\/wp\/v2\/pages\/1959","targetHints":{"allow":["GET"]}}],"collection":[{"href":"https:\/\/wp.ufpel.edu.br\/ppgo\/wp-json\/wp\/v2\/pages"}],"about":[{"href":"https:\/\/wp.ufpel.edu.br\/ppgo\/wp-json\/wp\/v2\/types\/page"}],"author":[{"embeddable":true,"href":"https:\/\/wp.ufpel.edu.br\/ppgo\/wp-json\/wp\/v2\/users\/511"}],"replies":[{"embeddable":true,"href":"https:\/\/wp.ufpel.edu.br\/ppgo\/wp-json\/wp\/v2\/comments?post=1959"}],"version-history":[{"count":21,"href":"https:\/\/wp.ufpel.edu.br\/ppgo\/wp-json\/wp\/v2\/pages\/1959\/revisions"}],"predecessor-version":[{"id":4412,"href":"https:\/\/wp.ufpel.edu.br\/ppgo\/wp-json\/wp\/v2\/pages\/1959\/revisions\/4412"}],"wp:attachment":[{"href":"https:\/\/wp.ufpel.edu.br\/ppgo\/wp-json\/wp\/v2\/media?parent=1959"}],"curies":[{"name":"wp","href":"https:\/\/api.w.org\/{rel}","templated":true}]}}