{"id":1867,"date":"2018-05-07T11:17:08","date_gmt":"2018-05-07T14:17:08","guid":{"rendered":"https:\/\/wp.ufpel.edu.br\/ppgo\/?page_id=1867"},"modified":"2024-06-12T14:23:25","modified_gmt":"2024-06-12T17:23:25","slug":"thiago-martins","status":"publish","type":"page","link":"https:\/\/wp.ufpel.edu.br\/ppgo\/docentes\/thiago-martins\/","title":{"rendered":"thiago martins"},"content":{"rendered":"<div id=\"pl-1867\" class=\"panel-layout\">\n<div id=\"pg-1867-0\" class=\"panel-grid panel-no-style\">\n<div id=\"pgc-1867-0-0\" class=\"panel-grid-cell\">\n<div id=\"panel-1867-0-0-0\" class=\"so-panel widget widget_sow-editor panel-first-child panel-last-child\">\n<div class=\"so-widget-sow-editor so-widget-sow-editor-base\">\n<div class=\"siteorigin-widget-tinymce textwidget\">\n<p style=\"text-align: justify;\"><span style=\"font-family: georgia, palatino, serif; font-size: 14pt;\"><strong><a href=\"https:\/\/wp.ufpel.edu.br\/ppgo\/files\/2018\/05\/Thiago-Martins.jpg\"><img class=\"size-full wp-image-1872 alignright\" src=\"https:\/\/wp.ufpel.edu.br\/ppgo\/files\/2018\/05\/Thiago-Martins.jpg\" alt=\"\" width=\"341\" height=\"472\" srcset=\"https:\/\/wp.ufpel.edu.br\/ppgo\/files\/2018\/05\/Thiago-Martins.jpg 341w, https:\/\/wp.ufpel.edu.br\/ppgo\/files\/2018\/05\/Thiago-Martins-289x400.jpg 289w\" sizes=\"(max-width: 341px) 100vw, 341px\" \/><\/a><span style=\"font-family: arial, helvetica, sans-serif;\">Thiago Marchi Martins<\/span><\/strong><\/span><\/p>\n<p style=\"text-align: justify;\"><span style=\"font-family: arial, helvetica, sans-serif;\"><a href=\"http:\/\/lattes.cnpq.br\/0939609150485625\"><span style=\"font-size: 12pt;\"><img class=\"alignnone wp-image-645\" src=\"https:\/\/wp.ufpel.edu.br\/ppgo\/files\/2018\/03\/lattes.png\" alt=\"\" width=\"62\" height=\"35\" \/><\/span><\/a><\/span><\/p>\n<p style=\"text-align: justify;\"><span style=\"font-family: arial, helvetica, sans-serif;\"><span style=\"font-size: 12pt;\"><strong>Forma\u00e7\u00e3o:<\/strong> Gradua\u00e7\u00e3o em Odontologia pela Universidade Estadual Paulista J\u00falio de Mesquita Filho (2001), especializa\u00e7\u00e3o em dent\u00edstica pela Universidade Estadual Paulista J\u00falio d<\/span><span style=\"font-size: 12pt; color: var(--cor-texto);\">e Mesquita Filho (2002), mestrado em Odontologia Periodontia Ara\u00e7atuba pela Universidade Estadual Paulista J\u00falio de Mesquita Filho (2005) e doutorado em Odontologia Periodontia Ara\u00e7atuba pela Universidade Estadual Paulista J\u00falio de Mesquita Filho (2009).<\/span><\/span><\/p>\n<p style=\"text-align: justify;\"><span style=\"font-family: arial, helvetica, sans-serif; font-size: 12pt;\"><strong>\u00c1rea de atua\u00e7\u00e3o:<\/strong> Tem experi\u00eancia na \u00e1rea de Odontologia, com \u00eanfase em Periodontia e Dent\u00edstica, atuando principalmente nos seguintes temas: cirurgia periodontal, periodontia, recobrimento radicular, cl\u00ednica integrada e laser em periodontia.<\/span><\/p>\n<p style=\"text-align: justify;\"><span style=\"font-family: arial, helvetica, sans-serif; font-size: 12pt;\"><strong>Linhas de pesquisa:<\/strong> Efetividade de interven\u00e7\u00f5es cl\u00ednicas em Odontologia, Materiais nanoestruturados, desenvolvimento e caracteriza\u00e7\u00e3o dos biomateriais.<\/span><\/p>\n<\/div>\n<\/div>\n<\/div>\n<\/div>\n<\/div>\n<\/div>\n","protected":false},"excerpt":{"rendered":"<p>Thiago Marchi Martins Forma\u00e7\u00e3o: Gradua\u00e7\u00e3o em Odontologia pela Universidade Estadual Paulista J\u00falio de Mesquita Filho (2001), especializa\u00e7\u00e3o em dent\u00edstica pela Universidade Estadual Paulista J\u00falio de Mesquita Filho (2002), mestrado em Odontologia Periodontia Ara\u00e7atuba pela Universidade Estadual Paulista J\u00falio de Mesquita Filho (2005) e doutorado em Odontologia Periodontia Ara\u00e7atuba pela Universidade Estadual Paulista J\u00falio de Mesquita [&hellip;]<\/p>\n","protected":false},"author":511,"featured_media":0,"parent":350,"menu_order":0,"comment_status":"closed","ping_status":"closed","template":"","meta":{"jetpack_post_was_ever_published":false,"footnotes":""},"class_list":["post-1867","page","type-page","status-publish","hentry"],"jetpack_sharing_enabled":true,"jetpack_shortlink":"https:\/\/wp.me\/P9I8SC-u7","publishpress_future_action":{"enabled":false,"date":"2026-04-22 18:55:51","action":"change-status","newStatus":"draft","terms":[],"taxonomy":"","extraData":[]},"publishpress_future_workflow_manual_trigger":{"enabledWorkflows":[]},"_links":{"self":[{"href":"https:\/\/wp.ufpel.edu.br\/ppgo\/wp-json\/wp\/v2\/pages\/1867","targetHints":{"allow":["GET"]}}],"collection":[{"href":"https:\/\/wp.ufpel.edu.br\/ppgo\/wp-json\/wp\/v2\/pages"}],"about":[{"href":"https:\/\/wp.ufpel.edu.br\/ppgo\/wp-json\/wp\/v2\/types\/page"}],"author":[{"embeddable":true,"href":"https:\/\/wp.ufpel.edu.br\/ppgo\/wp-json\/wp\/v2\/users\/511"}],"replies":[{"embeddable":true,"href":"https:\/\/wp.ufpel.edu.br\/ppgo\/wp-json\/wp\/v2\/comments?post=1867"}],"version-history":[{"count":5,"href":"https:\/\/wp.ufpel.edu.br\/ppgo\/wp-json\/wp\/v2\/pages\/1867\/revisions"}],"predecessor-version":[{"id":4805,"href":"https:\/\/wp.ufpel.edu.br\/ppgo\/wp-json\/wp\/v2\/pages\/1867\/revisions\/4805"}],"up":[{"embeddable":true,"href":"https:\/\/wp.ufpel.edu.br\/ppgo\/wp-json\/wp\/v2\/pages\/350"}],"wp:attachment":[{"href":"https:\/\/wp.ufpel.edu.br\/ppgo\/wp-json\/wp\/v2\/media?parent=1867"}],"curies":[{"name":"wp","href":"https:\/\/api.w.org\/{rel}","templated":true}]}}