{"id":1833,"date":"2018-04-24T15:37:22","date_gmt":"2018-04-24T18:37:22","guid":{"rendered":"https:\/\/wp.ufpel.edu.br\/ppgo\/?page_id=1833"},"modified":"2018-04-24T15:37:23","modified_gmt":"2018-04-24T18:37:23","slug":"estudia-con-nosotros","status":"publish","type":"page","link":"https:\/\/wp.ufpel.edu.br\/ppgo\/estudia-con-nosotros\/","title":{"rendered":"ESTUDIA CON NOSOTROS"},"content":{"rendered":"<div id=\"pl-1833\" class=\"panel-layout\">\n<div id=\"pg-1833-0\" class=\"panel-grid panel-no-style\">\n<div id=\"pgc-1833-0-0\" class=\"panel-grid-cell\">\n<div id=\"panel-1833-0-0-0\" class=\"so-panel widget widget_siteorigin-panels-builder panel-first-child panel-last-child\">\n<div id=\"pl-w5adf796336977\" class=\"panel-layout\">\n<div id=\"pg-w5adf796336977-0\" class=\"panel-grid panel-has-style\">\n<div class=\"siteorigin-panels-stretch panel-row-style-full-width panel-row-style panel-row-style-for-w5adf796336977-0\">\n<div id=\"pgc-w5adf796336977-0-0\" class=\"panel-grid-cell\">\n<div id=\"panel-w5adf796336977-0-0-0\" class=\"so-panel widget widget_sow-hero panel-first-child panel-last-child\">[siteorigin_widget class=&#8221;SiteOrigin_Widget_Hero_Widget&#8221;][\/siteorigin_widget]<\/div>\n<\/div>\n<\/div>\n<\/div>\n<div id=\"pg-w5adf796336977-1\" class=\"panel-grid panel-no-style\">\n<div id=\"pgc-w5adf796336977-1-0\" class=\"panel-grid-cell\">\n<div id=\"panel-w5adf796336977-1-0-0\" class=\"so-panel widget widget_sow-features panel-first-child panel-last-child\">\n<div class=\"panel-widget-style panel-widget-style-for-w5adf796336977-1-0-0\">[siteorigin_widget class=&#8221;SiteOrigin_Widget_Features_Widget&#8221;][\/siteorigin_widget]<\/div>\n<\/div>\n<\/div>\n<div id=\"pgc-w5adf796336977-1-1\" class=\"panel-grid-cell\">\n<div id=\"panel-w5adf796336977-1-1-0\" class=\"so-panel widget widget_sow-image panel-first-child panel-last-child\">[siteorigin_widget class=&#8221;SiteOrigin_Widget_Image_Widget&#8221;][\/siteorigin_widget]<\/div>\n<\/div>\n<div id=\"pgc-w5adf796336977-1-2\" class=\"panel-grid-cell\">\n<div id=\"panel-w5adf796336977-1-2-0\" class=\"so-panel widget widget_sow-features panel-first-child panel-last-child\">\n<div class=\"panel-widget-style panel-widget-style-for-w5adf796336977-1-2-0\">[siteorigin_widget class=&#8221;SiteOrigin_Widget_Features_Widget&#8221;][\/siteorigin_widget]<\/div>\n<\/div>\n<\/div>\n<\/div>\n<div id=\"pg-w5adf796336977-2\" class=\"panel-grid panel-has-style\">\n<div class=\"panel-row-style panel-row-style-for-w5adf796336977-2\">\n<div id=\"pgc-w5adf796336977-2-0\" class=\"panel-grid-cell\">\n<div id=\"panel-w5adf796336977-2-0-0\" class=\"so-panel widget widget_sow-editor panel-first-child panel-last-child\">\n<div class=\"so-widget-sow-editor so-widget-sow-editor-base\">\n<div class=\"siteorigin-widget-tinymce textwidget\">\n<p style=\"text-align: justify\"><strong><span style=\"font-family: georgia, palatino, serif;font-size: 12pt\">Acerca de&#8230;.<\/span><\/strong><\/p>\n<p style=\"text-align: justify\"><span style=\"font-family: georgia, palatino, serif;font-size: 12pt\">El PPGO funciona en dos \u00e1reas de concentraci\u00f3n y varios \u00e9nfasis de entrenamiento. Cuenta con aproximadamente 30 maestros y m\u00e1s de 100 estudiantes que desarrollan actividades cl\u00ednicas y de laboratorio en varias l\u00edneas de investigaci\u00f3n, generando evidencia que contribuye significativamente al desarrollo de la ciencia y la pr\u00e1ctica de la odontolog\u00eda nacional e internacional. Adem\u00e1s de los dentistas, el programa cuenta con estudiantes de doctorado que tienen otros t\u00edtulos de pregrado y desarrollan actividades en l\u00ednea con las l\u00edneas de investigaci\u00f3n del programa.<\/span><\/p>\n<p style=\"text-align: justify\"><span style=\"font-family: georgia, palatino, serif;font-size: 12pt\">La estructura curricular de los niveles de maestr\u00eda y doctorado se ha reformulado recientemente con el fin de acercar las actividades de investigaci\u00f3n llevadas a cabo en el programa a las necesidades de capacitaci\u00f3n de postgrado. Los procesos selectivos para el nivel de M\u00e1ster ocurren al final de los a\u00f1os pares, mientras que las selecciones para el nivel de Doctorado son anuales. Tambi\u00e9n hay espacio para pasant\u00edas posdoctorales en el programa.<\/span><\/p>\n<p style=\"text-align: justify\"><span style=\"font-family: georgia, palatino, serif;font-size: 12pt\">El programa cuenta con aproximadamente 30 becas financiadas por agencias federales como CAPES y CNPq, as\u00ed como becas internacionales vinculadas a proyectos de cooperaci\u00f3n espec\u00edficos. El programa participa en proyectos de cooperaci\u00f3n con varias instituciones nacionales y extranjeras. Varios graduados del programa recibieron importantes premios nacionales e internacionales. Se puede encontrar m\u00e1s informaci\u00f3n sobre el programa en las Reglas de PPGO.<\/span><\/p>\n<p style=\"text-align: justify\"><span style=\"font-family: georgia, palatino, serif;font-size: 12pt\">Si est\u00e1 interesado en formar parte del programa o tiene alguna pregunta, escr\u00edbanos a: secretariappgo@gmail.com.<\/span><\/p>\n<\/div>\n<\/div>\n<\/div>\n<\/div>\n<\/div>\n<\/div>\n<\/div>\n<\/div>\n<\/div>\n<\/div>\n<div id=\"pg-1833-1\" class=\"panel-grid panel-no-style\">\n<div id=\"pgc-1833-1-0\" class=\"panel-grid-cell\">\n<div id=\"panel-1833-1-0-0\" class=\"so-panel widget widget_siteorigin-panels-builder panel-first-child panel-last-child\">\n<div id=\"pl-w5ad637514aa2f\" class=\"panel-layout\">\n<div id=\"pg-w5ad637514aa2f-0\" class=\"panel-grid panel-has-style\">\n<div class=\"siteorigin-panels-stretch panel-row-style-full-width panel-row-style panel-row-style-for-w5ad637514aa2f-0\">\n<div id=\"pgc-w5ad637514aa2f-0-0\" class=\"panel-grid-cell\">\n<div id=\"panel-w5ad637514aa2f-0-0-0\" class=\"so-panel widget widget_sow-google-map panel-first-child panel-last-child\">[siteorigin_widget class=&#8221;SiteOrigin_Widget_GoogleMap_Widget&#8221;][\/siteorigin_widget]<\/div>\n<\/div>\n<\/div>\n<\/div>\n<\/div>\n<\/div>\n<\/div>\n<\/div>\n<\/div>\n","protected":false},"excerpt":{"rendered":"<p>[siteorigin_widget class=&#8221;SiteOrigin_Widget_Hero_Widget&#8221;][\/siteorigin_widget] [siteorigin_widget class=&#8221;SiteOrigin_Widget_Features_Widget&#8221;][\/siteorigin_widget] [siteorigin_widget class=&#8221;SiteOrigin_Widget_Image_Widget&#8221;][\/siteorigin_widget] [siteorigin_widget class=&#8221;SiteOrigin_Widget_Features_Widget&#8221;][\/siteorigin_widget] Acerca de&#8230;. El PPGO funciona en dos \u00e1reas de concentraci\u00f3n y varios \u00e9nfasis de entrenamiento. Cuenta con aproximadamente 30 maestros y m\u00e1s de 100 estudiantes que desarrollan actividades cl\u00ednicas y de laboratorio en varias l\u00edneas de investigaci\u00f3n, generando evidencia que contribuye significativamente al desarrollo de la ciencia [&hellip;]<\/p>\n","protected":false},"author":511,"featured_media":0,"parent":0,"menu_order":0,"comment_status":"closed","ping_status":"closed","template":"","meta":{"jetpack_post_was_ever_published":false,"footnotes":""},"class_list":["post-1833","page","type-page","status-publish","hentry"],"jetpack_sharing_enabled":true,"jetpack_shortlink":"https:\/\/wp.me\/P9I8SC-tz","publishpress_future_action":{"enabled":false,"date":"2026-04-22 09:24:04","action":"change-status","newStatus":"draft","terms":[],"taxonomy":"","extraData":[]},"publishpress_future_workflow_manual_trigger":{"enabledWorkflows":[]},"_links":{"self":[{"href":"https:\/\/wp.ufpel.edu.br\/ppgo\/wp-json\/wp\/v2\/pages\/1833","targetHints":{"allow":["GET"]}}],"collection":[{"href":"https:\/\/wp.ufpel.edu.br\/ppgo\/wp-json\/wp\/v2\/pages"}],"about":[{"href":"https:\/\/wp.ufpel.edu.br\/ppgo\/wp-json\/wp\/v2\/types\/page"}],"author":[{"embeddable":true,"href":"https:\/\/wp.ufpel.edu.br\/ppgo\/wp-json\/wp\/v2\/users\/511"}],"replies":[{"embeddable":true,"href":"https:\/\/wp.ufpel.edu.br\/ppgo\/wp-json\/wp\/v2\/comments?post=1833"}],"version-history":[{"count":3,"href":"https:\/\/wp.ufpel.edu.br\/ppgo\/wp-json\/wp\/v2\/pages\/1833\/revisions"}],"predecessor-version":[{"id":1836,"href":"https:\/\/wp.ufpel.edu.br\/ppgo\/wp-json\/wp\/v2\/pages\/1833\/revisions\/1836"}],"wp:attachment":[{"href":"https:\/\/wp.ufpel.edu.br\/ppgo\/wp-json\/wp\/v2\/media?parent=1833"}],"curies":[{"name":"wp","href":"https:\/\/api.w.org\/{rel}","templated":true}]}}