{"id":1827,"date":"2018-04-24T15:30:22","date_gmt":"2018-04-24T18:30:22","guid":{"rendered":"https:\/\/wp.ufpel.edu.br\/ppgo\/?page_id=1827"},"modified":"2018-04-24T15:30:23","modified_gmt":"2018-04-24T18:30:23","slug":"areas-de-concentracion","status":"publish","type":"page","link":"https:\/\/wp.ufpel.edu.br\/ppgo\/areas-de-concentracion\/","title":{"rendered":"\u00c1reas de concentraci\u00f3n"},"content":{"rendered":"<div id=\"pl-1827\" class=\"panel-layout\">\n<div id=\"pg-1827-0\" class=\"panel-grid panel-has-style\">\n<div class=\"panel-row-style panel-row-style-for-1827-0\">\n<div id=\"pgc-1827-0-0\" class=\"panel-grid-cell\">\n<div id=\"panel-1827-0-0-0\" class=\"so-panel widget widget_siteorigin-panels-builder panel-first-child panel-last-child\">\n<div class=\"panel-widget-style panel-widget-style-for-1827-0-0-0\">\n<div id=\"pl-w5adf77bfb20d4\" class=\"panel-layout\">\n<div id=\"pg-w5adf77bfb20d4-0\" class=\"panel-grid panel-has-style\">\n<div class=\"siteorigin-panels-stretch panel-row-style-full-width panel-row-style panel-row-style-for-w5adf77bfb20d4-0\" style=\"border-top: 1px solid #ffffff;background-color: #ffffff\">\n<div id=\"pgc-w5adf77bfb20d4-0-0\" class=\"panel-grid-cell\">\n<div id=\"panel-w5adf77bfb20d4-0-0-0\" class=\"so-panel widget widget_sow-editor panel-first-child panel-last-child\">\n<div class=\"so-widget-sow-editor so-widget-sow-editor-base\">\n<div class=\"siteorigin-widget-tinymce textwidget\">\n<p style=\"text-align: justify\"><span style=\"font-size: 18pt;font-family: georgia, palatino, serif\"><strong>\u00c1reas de concentraci\u00f3n<\/strong><\/span><\/p>\n<p style=\"text-align: justify\"><span style=\"font-family: georgia, palatino, serif;font-size: 12pt\">El PPGO est\u00e1 constituido por las siguientes \u00e1reas: <strong>cl\u00ednica dental<\/strong>, con niveles de maestr\u00eda y doctorado, y <strong>biomateriales y biolog\u00eda oral<\/strong>, con nivel de doctorado.<\/span><\/p>\n<p style=\"text-align: justify\"><span style=\"font-family: georgia, palatino, serif;font-size: 12pt\">Es posible definir un \u00e9nfasis, que se registrar\u00e1 en el diploma de egreso, que se caracterizar\u00e1 por la formaci\u00f3n espec\u00edfica obtenida durante el curso, por la especialidad de acci\u00f3n prioritaria del alumno en el programa, por las disciplinas en las que el alumno cumple sus cr\u00e9ditos de ense\u00f1anza y por el alcance de la disertaci\u00f3n o tesis defendida, siendo todos estos criterios indispensables para registrar el \u00e9nfasis. Adem\u00e1s, el estudiante debe asistir y ser aprobado en todas las disciplinas que el colegiado del programa considere obligatorio para el \u00e9nfasis.<\/span><\/p>\n<p style=\"text-align: justify\"><span style=\"font-family: georgia, palatino, serif;font-size: 12pt\">Solo a los estudiantes de doctorado se les ofrecer\u00e1 la posibilidad de obtener el t\u00edtulo sin la definici\u00f3n de \u00e9nfasis.<\/span><\/p>\n<\/div>\n<\/div>\n<\/div>\n<\/div>\n<div id=\"pgc-w5adf77bfb20d4-0-1\" class=\"panel-grid-cell\">\n<div id=\"panel-w5adf77bfb20d4-0-1-0\" class=\"so-panel widget widget_sow-image panel-first-child panel-last-child\">[siteorigin_widget class=&#8221;SiteOrigin_Widget_Image_Widget&#8221;][\/siteorigin_widget]<\/div>\n<\/div>\n<\/div>\n<\/div>\n<div id=\"pg-w5adf77bfb20d4-1\" class=\"panel-grid panel-has-style\">\n<div class=\"siteorigin-panels-stretch panel-row-style-full-width panel-row-style panel-row-style-for-w5adf77bfb20d4-1\">\n<div id=\"pgc-w5adf77bfb20d4-1-0\" class=\"panel-grid-cell panel-grid-cell-empty\"><\/div>\n<div id=\"pgc-w5adf77bfb20d4-1-1\" class=\"panel-grid-cell\">\n<div id=\"panel-w5adf77bfb20d4-1-1-0\" class=\"so-panel widget widget_sow-image panel-first-child panel-last-child\">[siteorigin_widget class=&#8221;SiteOrigin_Widget_Image_Widget&#8221;][\/siteorigin_widget]<\/div>\n<\/div>\n<div id=\"pgc-w5adf77bfb20d4-1-2\" class=\"panel-grid-cell panel-grid-cell-empty\"><\/div>\n<div id=\"pgc-w5adf77bfb20d4-1-3\" class=\"panel-grid-cell panel-grid-cell-mobile-last\">\n<div id=\"panel-w5adf77bfb20d4-1-3-0\" class=\"so-panel widget widget_sow-image panel-first-child panel-last-child\">[siteorigin_widget class=&#8221;SiteOrigin_Widget_Image_Widget&#8221;][\/siteorigin_widget]<\/div>\n<\/div>\n<div id=\"pgc-w5adf77bfb20d4-1-4\" class=\"panel-grid-cell panel-grid-cell-empty\"><\/div>\n<\/div>\n<\/div>\n<\/div>\n<\/div>\n<\/div>\n<\/div>\n<\/div>\n<\/div>\n<\/div>\n","protected":false},"excerpt":{"rendered":"<p>\u00c1reas de concentraci\u00f3n El PPGO est\u00e1 constituido por las siguientes \u00e1reas: cl\u00ednica dental, con niveles de maestr\u00eda y doctorado, y biomateriales y biolog\u00eda oral, con nivel de doctorado. Es posible definir un \u00e9nfasis, que se registrar\u00e1 en el diploma de egreso, que se caracterizar\u00e1 por la formaci\u00f3n espec\u00edfica obtenida durante el curso, por la especialidad [&hellip;]<\/p>\n","protected":false},"author":511,"featured_media":0,"parent":0,"menu_order":0,"comment_status":"closed","ping_status":"closed","template":"","meta":{"jetpack_post_was_ever_published":false,"footnotes":""},"class_list":["post-1827","page","type-page","status-publish","hentry"],"jetpack_sharing_enabled":true,"jetpack_shortlink":"https:\/\/wp.me\/P9I8SC-tt","publishpress_future_action":{"enabled":false,"date":"2026-04-23 02:43:08","action":"change-status","newStatus":"draft","terms":[],"taxonomy":"","extraData":[]},"publishpress_future_workflow_manual_trigger":{"enabledWorkflows":[]},"_links":{"self":[{"href":"https:\/\/wp.ufpel.edu.br\/ppgo\/wp-json\/wp\/v2\/pages\/1827","targetHints":{"allow":["GET"]}}],"collection":[{"href":"https:\/\/wp.ufpel.edu.br\/ppgo\/wp-json\/wp\/v2\/pages"}],"about":[{"href":"https:\/\/wp.ufpel.edu.br\/ppgo\/wp-json\/wp\/v2\/types\/page"}],"author":[{"embeddable":true,"href":"https:\/\/wp.ufpel.edu.br\/ppgo\/wp-json\/wp\/v2\/users\/511"}],"replies":[{"embeddable":true,"href":"https:\/\/wp.ufpel.edu.br\/ppgo\/wp-json\/wp\/v2\/comments?post=1827"}],"version-history":[{"count":3,"href":"https:\/\/wp.ufpel.edu.br\/ppgo\/wp-json\/wp\/v2\/pages\/1827\/revisions"}],"predecessor-version":[{"id":1830,"href":"https:\/\/wp.ufpel.edu.br\/ppgo\/wp-json\/wp\/v2\/pages\/1827\/revisions\/1830"}],"wp:attachment":[{"href":"https:\/\/wp.ufpel.edu.br\/ppgo\/wp-json\/wp\/v2\/media?parent=1827"}],"curies":[{"name":"wp","href":"https:\/\/api.w.org\/{rel}","templated":true}]}}