{"id":1820,"date":"2018-04-24T15:27:32","date_gmt":"2018-04-24T18:27:32","guid":{"rendered":"https:\/\/wp.ufpel.edu.br\/ppgo\/?page_id=1820"},"modified":"2018-04-24T15:28:26","modified_gmt":"2018-04-24T18:28:26","slug":"1820-2","status":"publish","type":"page","link":"https:\/\/wp.ufpel.edu.br\/ppgo\/1820-2\/","title":{"rendered":"Perfil del egresado"},"content":{"rendered":"<div id=\"pl-1820\" class=\"panel-layout\">\n<div id=\"pg-1820-0\" class=\"panel-grid panel-has-style\">\n<div class=\"siteorigin-panels-stretch panel-row-style-full-width panel-row-style panel-row-style-for-1820-0\">\n<div id=\"pgc-1820-0-0\" class=\"panel-grid-cell\">\n<div id=\"panel-1820-0-0-0\" class=\"so-panel widget widget_sow-hero panel-first-child panel-last-child\">[siteorigin_widget class=&#8221;SiteOrigin_Widget_Hero_Widget&#8221;][\/siteorigin_widget]<\/div>\n<\/div>\n<\/div>\n<\/div>\n<div id=\"pg-1820-1\" class=\"panel-grid panel-has-style\">\n<div class=\"siteorigin-panels-stretch panel-row-style-full-width panel-row-style panel-row-style-for-1820-1\" style=\"background-color: #ffffff\">\n<div id=\"pgc-1820-1-0\" class=\"panel-grid-cell\">\n<div id=\"panel-1820-1-0-0\" class=\"so-panel widget widget_sow-headline panel-first-child\">[siteorigin_widget class=&#8221;SiteOrigin_Widget_Headline_Widget&#8221;][\/siteorigin_widget]<\/div>\n<div id=\"panel-1820-1-0-1\" class=\"so-panel widget widget_sow-editor panel-last-child\">\n<div class=\"so-widget-sow-editor so-widget-sow-editor-base\">\n<div class=\"siteorigin-widget-tinymce textwidget\">\n<p style=\"text-align: justify\"><span style=\"font-family: georgia, palatino, serif;font-size: 12pt\">Es deseable que la relaci\u00f3n profesor-alumno sea calificada, no solo como una simple reproducci\u00f3n de informaci\u00f3n, sino como un proceso activo en el que ambos son protagonistas de la construcci\u00f3n del conocimiento, manteniendo la cabeza abierta a los r\u00e1pidos cambios que el mundo digital y los diferentes perfiles de las nuevas generaciones de estudiantes. Al mismo tiempo, estos nuevos maestros deben poder participar en este proceso al poder identificar cuestiones de relevancia para la investigaci\u00f3n, la pr\u00e1ctica dental calificada y el dominio de las herramientas esenciales para el desarrollo de actividades de investigaci\u00f3n. Estos nuevos maestros deben tener conocimiento en el \u00e1rea espec\u00edfica y actuar como creadores de opini\u00f3n, lo que les permite ofrecer a los estudiantes lo mejor en t\u00e9rminos de t\u00e9cnicas, materiales y tecnolog\u00eda.<\/span><\/p>\n<\/div>\n<\/div>\n<\/div>\n<\/div>\n<div id=\"pgc-1820-1-1\" class=\"panel-grid-cell panel-grid-cell-empty\"><\/div>\n<div id=\"pgc-1820-1-2\" class=\"panel-grid-cell\">\n<div id=\"panel-1820-1-2-0\" class=\"so-panel widget widget_sow-headline panel-first-child\">[siteorigin_widget class=&#8221;SiteOrigin_Widget_Headline_Widget&#8221;][\/siteorigin_widget]<\/div>\n<div id=\"panel-1820-1-2-1\" class=\"so-panel widget widget_sow-editor panel-last-child\">\n<div class=\"so-widget-sow-editor so-widget-sow-editor-base\">\n<div class=\"siteorigin-widget-tinymce textwidget\">\n<p style=\"text-align: justify\"><span style=\"font-family: georgia, palatino, serif;font-size: 12pt\">La propuesta es incluir lo proyectado para el m\u00e1ster mediante la profundizaci\u00f3n de las actividades de investigaci\u00f3n a trav\u00e9s de disciplinas centradas en la discusi\u00f3n de metodolog\u00edas que pueden aplicarse al desarrollo de nuevos proyectos y dar como resultado innovaci\u00f3n cient\u00edfico-tecnol\u00f3gica y \/ o impacto en la calidad de los servicios odontolog\u00eda, as\u00ed como la mejora de materiales y t\u00e9cnicas. Se espera que los doctores capacitados tengan la capacidad y competencia para nuclearse en centros de investigaci\u00f3n, universidades o empresas en Brasil o en el extranjero, formando nuevos grupos de investigaci\u00f3n y desarrollando actividades l\u00edderes en la producci\u00f3n de conocimiento y capacitaci\u00f3n de recursos humanos. El programa alienta la idea de que las buenas cabezas son m\u00e1s importantes que los dominios espec\u00edficos de las t\u00e9cnicas anal\u00edticas, por ejemplo, tratando de mantener la salida abierta al desarrollo de nuevos frentes de acci\u00f3n en sus lugares de fijaci\u00f3n futura.<\/span><\/p>\n<\/div>\n<\/div>\n<\/div>\n<\/div>\n<\/div>\n<\/div>\n<\/div>\n","protected":false},"excerpt":{"rendered":"<p>[siteorigin_widget class=&#8221;SiteOrigin_Widget_Hero_Widget&#8221;][\/siteorigin_widget] [siteorigin_widget class=&#8221;SiteOrigin_Widget_Headline_Widget&#8221;][\/siteorigin_widget] Es deseable que la relaci\u00f3n profesor-alumno sea calificada, no solo como una simple reproducci\u00f3n de informaci\u00f3n, sino como un proceso activo en el que ambos son protagonistas de la construcci\u00f3n del conocimiento, manteniendo la cabeza abierta a los r\u00e1pidos cambios que el mundo digital y los diferentes perfiles de las nuevas [&hellip;]<\/p>\n","protected":false},"author":511,"featured_media":0,"parent":0,"menu_order":0,"comment_status":"closed","ping_status":"closed","template":"","meta":{"jetpack_post_was_ever_published":false,"footnotes":""},"class_list":["post-1820","page","type-page","status-publish","hentry"],"jetpack_sharing_enabled":true,"jetpack_shortlink":"https:\/\/wp.me\/P9I8SC-tm","publishpress_future_action":{"enabled":false,"date":"2026-04-24 08:06:46","action":"change-status","newStatus":"draft","terms":[],"taxonomy":"","extraData":[]},"publishpress_future_workflow_manual_trigger":{"enabledWorkflows":[]},"_links":{"self":[{"href":"https:\/\/wp.ufpel.edu.br\/ppgo\/wp-json\/wp\/v2\/pages\/1820","targetHints":{"allow":["GET"]}}],"collection":[{"href":"https:\/\/wp.ufpel.edu.br\/ppgo\/wp-json\/wp\/v2\/pages"}],"about":[{"href":"https:\/\/wp.ufpel.edu.br\/ppgo\/wp-json\/wp\/v2\/types\/page"}],"author":[{"embeddable":true,"href":"https:\/\/wp.ufpel.edu.br\/ppgo\/wp-json\/wp\/v2\/users\/511"}],"replies":[{"embeddable":true,"href":"https:\/\/wp.ufpel.edu.br\/ppgo\/wp-json\/wp\/v2\/comments?post=1820"}],"version-history":[{"count":5,"href":"https:\/\/wp.ufpel.edu.br\/ppgo\/wp-json\/wp\/v2\/pages\/1820\/revisions"}],"predecessor-version":[{"id":1823,"href":"https:\/\/wp.ufpel.edu.br\/ppgo\/wp-json\/wp\/v2\/pages\/1820\/revisions\/1823"}],"wp:attachment":[{"href":"https:\/\/wp.ufpel.edu.br\/ppgo\/wp-json\/wp\/v2\/media?parent=1820"}],"curies":[{"name":"wp","href":"https:\/\/api.w.org\/{rel}","templated":true}]}}