{"id":1815,"date":"2018-04-24T15:21:22","date_gmt":"2018-04-24T18:21:22","guid":{"rendered":"https:\/\/wp.ufpel.edu.br\/ppgo\/?page_id=1815"},"modified":"2018-04-24T15:54:26","modified_gmt":"2018-04-24T18:54:26","slug":"objectivos","status":"publish","type":"page","link":"https:\/\/wp.ufpel.edu.br\/ppgo\/objectivos\/","title":{"rendered":"Objetivos"},"content":{"rendered":"<div id=\"pl-1815\" class=\"panel-layout\">\n<div id=\"pg-1815-0\" class=\"panel-grid panel-no-style\">\n<div id=\"pgc-1815-0-0\" class=\"panel-grid-cell\">\n<div id=\"panel-1815-0-0-0\" class=\"so-panel widget widget_siteorigin-panels-builder panel-first-child panel-last-child\">\n<div id=\"pl-w5adf7d62cbec7\" class=\"panel-layout\">\n<div id=\"pg-w5adf7d62cbec7-0\" class=\"panel-grid panel-has-style\">\n<div class=\"siteorigin-panels-stretch panel-row-style-full-width panel-row-style panel-row-style-for-w5adf7d62cbec7-0\">\n<div id=\"pgc-w5adf7d62cbec7-0-0\" class=\"panel-grid-cell\">\n<div id=\"panel-w5adf7d62cbec7-0-0-0\" class=\"so-panel widget widget_sow-hero panel-first-child panel-last-child\">\n<div class=\"panel-widget-style panel-widget-style-for-w5adf7d62cbec7-0-0-0\">[siteorigin_widget class=&#8221;SiteOrigin_Widget_Hero_Widget&#8221;][\/siteorigin_widget]<\/div>\n<\/div>\n<\/div>\n<\/div>\n<\/div>\n<div id=\"pg-w5adf7d62cbec7-1\" class=\"panel-grid panel-has-style\">\n<div class=\"siteorigin-panels-stretch panel-row-style-full-width panel-row-style panel-row-style-for-w5adf7d62cbec7-1\">\n<div id=\"pgc-w5adf7d62cbec7-1-0\" class=\"panel-grid-cell panel-grid-cell-empty\"><\/div>\n<div id=\"pgc-w5adf7d62cbec7-1-1\" class=\"panel-grid-cell panel-grid-cell-mobile-last\">\n<div id=\"panel-w5adf7d62cbec7-1-1-0\" class=\"so-panel widget widget_sow-editor panel-first-child panel-last-child\">\n<div class=\"so-widget-sow-editor so-widget-sow-editor-base\">\n<div class=\"siteorigin-widget-tinymce textwidget\">\n<p style=\"text-align: justify\"><span style=\"font-family: georgia, palatino, serif;font-size: 12pt\">El objetivo del programa es formar a maestros y m\u00e9dicos con s\u00f3lida formaci\u00f3n profesional y base cient\u00edfica, capacidad de pensamiento cr\u00edtico y toma de decisiones basada en la evidencia, contextualizados en un escenario local y global, permitiendo la transformaci\u00f3n de la realidad social que los rodea.<\/span><\/p>\n<p style=\"text-align: justify\"><span style=\"font-family: georgia, palatino, serif;font-size: 12pt\">El objetivo espec\u00edfico de las \u00e1reas de concentraci\u00f3n dentro del programa es capacitar recursos humanos calificados en el \u00e1rea, que est\u00e9n profesionalmente actualizados e instrumentados para enfrentar el desaf\u00edo de participar activamente en el proceso de ense\u00f1anza-aprendizaje, en la construcci\u00f3n de conocimiento basado en la evidencia y en la calificaci\u00f3n el servicio ese futuro. La educaci\u00f3n del alumno tambi\u00e9n debe estimular la divulgaci\u00f3n cient\u00edfica y estimular la publicaci\u00f3n del conocimiento producido en revistas calificadas, as\u00ed como la capacidad de actuar como un transformador social.<\/span><\/p>\n<\/div>\n<\/div>\n<\/div>\n<\/div>\n<div id=\"pgc-w5adf7d62cbec7-1-2\" class=\"panel-grid-cell panel-grid-cell-empty\"><\/div>\n<\/div>\n<\/div>\n<\/div>\n<\/div>\n<\/div>\n<\/div>\n<\/div>\n","protected":false},"excerpt":{"rendered":"<p>[siteorigin_widget class=&#8221;SiteOrigin_Widget_Hero_Widget&#8221;][\/siteorigin_widget] El objetivo del programa es formar a maestros y m\u00e9dicos con s\u00f3lida formaci\u00f3n profesional y base cient\u00edfica, capacidad de pensamiento cr\u00edtico y toma de decisiones basada en la evidencia, contextualizados en un escenario local y global, permitiendo la transformaci\u00f3n de la realidad social que los rodea. El objetivo espec\u00edfico de las \u00e1reas de [&hellip;]<\/p>\n","protected":false},"author":511,"featured_media":0,"parent":0,"menu_order":0,"comment_status":"closed","ping_status":"closed","template":"","meta":{"jetpack_post_was_ever_published":false,"footnotes":""},"class_list":["post-1815","page","type-page","status-publish","hentry"],"jetpack_sharing_enabled":true,"jetpack_shortlink":"https:\/\/wp.me\/P9I8SC-th","publishpress_future_action":{"enabled":false,"date":"2026-04-22 19:43:57","action":"change-status","newStatus":"draft","terms":[],"taxonomy":"","extraData":[]},"publishpress_future_workflow_manual_trigger":{"enabledWorkflows":[]},"_links":{"self":[{"href":"https:\/\/wp.ufpel.edu.br\/ppgo\/wp-json\/wp\/v2\/pages\/1815","targetHints":{"allow":["GET"]}}],"collection":[{"href":"https:\/\/wp.ufpel.edu.br\/ppgo\/wp-json\/wp\/v2\/pages"}],"about":[{"href":"https:\/\/wp.ufpel.edu.br\/ppgo\/wp-json\/wp\/v2\/types\/page"}],"author":[{"embeddable":true,"href":"https:\/\/wp.ufpel.edu.br\/ppgo\/wp-json\/wp\/v2\/users\/511"}],"replies":[{"embeddable":true,"href":"https:\/\/wp.ufpel.edu.br\/ppgo\/wp-json\/wp\/v2\/comments?post=1815"}],"version-history":[{"count":5,"href":"https:\/\/wp.ufpel.edu.br\/ppgo\/wp-json\/wp\/v2\/pages\/1815\/revisions"}],"predecessor-version":[{"id":1837,"href":"https:\/\/wp.ufpel.edu.br\/ppgo\/wp-json\/wp\/v2\/pages\/1815\/revisions\/1837"}],"wp:attachment":[{"href":"https:\/\/wp.ufpel.edu.br\/ppgo\/wp-json\/wp\/v2\/media?parent=1815"}],"curies":[{"name":"wp","href":"https:\/\/api.w.org\/{rel}","templated":true}]}}