{"id":1695,"date":"2018-04-17T17:01:22","date_gmt":"2018-04-17T20:01:22","guid":{"rendered":"https:\/\/wp.ufpel.edu.br\/ppgo\/?page_id=1695"},"modified":"2024-06-03T09:57:35","modified_gmt":"2024-06-03T12:57:35","slug":"fernanda-faot","status":"publish","type":"page","link":"https:\/\/wp.ufpel.edu.br\/ppgo\/docentes\/fernanda-faot\/","title":{"rendered":"fernanda faot"},"content":{"rendered":"<div id=\"pl-1695\" class=\"panel-layout\">\n<div id=\"pg-1695-0\" class=\"panel-grid panel-no-style\" data-style=\"{&quot;background_image_attachment&quot;:false,&quot;background_display&quot;:&quot;tile&quot;,&quot;full_height&quot;:&quot;&quot;,&quot;cell_alignment&quot;:&quot;flex-start&quot;}\">\n<div id=\"pgc-1695-0-0\" class=\"panel-grid-cell\" data-weight=\"0.61803399209206\">\n<div id=\"panel-1695-0-0-0\" class=\"so-panel widget widget_sow-editor panel-first-child panel-last-child\" data-index=\"0\" data-style=\"{&quot;background_image_attachment&quot;:false,&quot;background_display&quot;:&quot;tile&quot;,&quot;background_image_size&quot;:&quot;full&quot;,&quot;background_image_opacity&quot;:&quot;100&quot;,&quot;border_thickness&quot;:&quot;1px&quot;}\">\n<div class=\"so-widget-sow-editor so-widget-sow-editor-base\">\n<div class=\"siteorigin-widget-tinymce textwidget\">\n<p style=\"text-align: justify;\"><span style=\"font-family: arial, helvetica, sans-serif;\"><span style=\"font-size: 18pt;\"><strong>Fernanda Faot<\/strong><\/span><a href=\"https:\/\/wp.ufpel.edu.br\/ppgo\/files\/2022\/04\/Fernanda-Faot-1-e1650833014624.png\"><img class=\"size-full wp-image-3272 alignright\" src=\"https:\/\/wp.ufpel.edu.br\/ppgo\/files\/2022\/04\/Fernanda-Faot-1-e1650833014624.png\" alt=\"\" width=\"263\" height=\"320\" \/><\/a><\/span><\/p>\n<p><span style=\"font-family: arial, helvetica, sans-serif;\"><a href=\"http:\/\/lattes.cnpq.br\/0937887413143235\"><img class=\"alignnone wp-image-645\" src=\"https:\/\/wp.ufpel.edu.br\/ppgo\/files\/2018\/03\/lattes.png\" alt=\"\" width=\"51\" height=\"29\" \/><\/a> <a href=\"https:\/\/orcid.org\/0000-0001-6889-7238\"><img class=\"alignnone wp-image-3704\" src=\"https:\/\/wp.ufpel.edu.br\/ppgo\/files\/2023\/09\/orcid-id.png\" alt=\"\" width=\"29\" height=\"29\" srcset=\"https:\/\/wp.ufpel.edu.br\/ppgo\/files\/2023\/09\/orcid-id.png 450w, https:\/\/wp.ufpel.edu.br\/ppgo\/files\/2023\/09\/orcid-id-400x400.png 400w, https:\/\/wp.ufpel.edu.br\/ppgo\/files\/2023\/09\/orcid-id-200x200.png 200w\" sizes=\"(max-width: 29px) 100vw, 29px\" \/><\/a> <a href=\"https:\/\/scholar.google.pt\/citations?hl=pt-BR&amp;user=zLDgID0AAAAJ\"><img class=\"alignnone wp-image-3705\" src=\"https:\/\/wp.ufpel.edu.br\/ppgo\/files\/2023\/09\/kisspng-computer-science-google-scholar-doctor-of-philosop-google-5ad094511a4771.2300740815236188971077.jpg\" alt=\"\" width=\"29\" height=\"29\" srcset=\"https:\/\/wp.ufpel.edu.br\/ppgo\/files\/2023\/09\/kisspng-computer-science-google-scholar-doctor-of-philosop-google-5ad094511a4771.2300740815236188971077.jpg 260w, https:\/\/wp.ufpel.edu.br\/ppgo\/files\/2023\/09\/kisspng-computer-science-google-scholar-doctor-of-philosop-google-5ad094511a4771.2300740815236188971077-200x200.jpg 200w\" sizes=\"(max-width: 29px) 100vw, 29px\" \/><\/a> <a href=\"https:\/\/www.webofscience.com\/wos\/author\/record\/1954484\"><img class=\"alignnone wp-image-3724\" src=\"https:\/\/wp.ufpel.edu.br\/ppgo\/files\/2023\/09\/3a2304e4-ef4f-4e12-ad2f-e43fab16210f.jpg\" alt=\"\" width=\"28\" height=\"28\" srcset=\"https:\/\/wp.ufpel.edu.br\/ppgo\/files\/2023\/09\/3a2304e4-ef4f-4e12-ad2f-e43fab16210f.jpg 225w, https:\/\/wp.ufpel.edu.br\/ppgo\/files\/2023\/09\/3a2304e4-ef4f-4e12-ad2f-e43fab16210f-200x200.jpg 200w\" sizes=\"(max-width: 28px) 100vw, 28px\" \/><\/a> <a href=\"https:\/\/www.scopus.com\/authid\/detail.uri?authorId=9042621400\"><img class=\"alignnone wp-image-3894\" src=\"https:\/\/wp.ufpel.edu.br\/ppgo\/files\/2023\/09\/download.png\" alt=\"\" width=\"28\" height=\"28\" srcset=\"https:\/\/wp.ufpel.edu.br\/ppgo\/files\/2023\/09\/download.png 225w, https:\/\/wp.ufpel.edu.br\/ppgo\/files\/2023\/09\/download-200x200.png 200w\" sizes=\"(max-width: 28px) 100vw, 28px\" \/><\/a><\/span><\/p>\n<p style=\"text-align: justify;\"><span style=\"font-family: arial, helvetica, sans-serif; font-size: 12pt;\"><strong>Forma\u00e7\u00e3o:<\/strong> Gradua\u00e7\u00e3o em Odontologia pela Pontif\u00edcia Universidade Cat\u00f3lica do Paran\u00e1 (1999), Mestrado (2004) e Doutorado (2006) em Cl\u00ednica Odontol\u00f3gica, \u00c1rea de Pr\u00f3tese Dental &#8211; FOP-\u00daNICAMP. Realizou P\u00f3s-Doutorado na Katholieke Universiteit Leuven \u2013 B\u00e9lgica.<\/span><\/p>\n<p style=\"text-align: justify;\"><span style=\"font-family: arial, helvetica, sans-serif; font-size: 12pt;\"><strong>Linhas de pesquisa:<\/strong> Desfechos em sa\u00fade bucal: influ\u00eancia dos determinantes sociais, socioecon\u00f4micos, cl\u00ednicos e comportamentais; Efetividade de interven\u00e7\u00f5es cl\u00ednicas em Odontologia; Engenharia tecidual, biocompatibilidade e investiga\u00e7\u00e3o de materiais bioativos.<\/span><\/p>\n<p style=\"text-align: justify;\"><span style=\"font-family: arial, helvetica, sans-serif; font-size: 12pt;\"><strong>\u00c1rea de atua\u00e7\u00e3o:<\/strong> Pr\u00f3tese Dental, Implantodontia e Odontologia Digital.<\/span><\/p>\n<\/div>\n<\/div>\n<\/div>\n<\/div>\n<\/div>\n<\/div>\n","protected":false},"excerpt":{"rendered":"<p>Fernanda Faot Forma\u00e7\u00e3o: Gradua\u00e7\u00e3o em Odontologia pela Pontif\u00edcia Universidade Cat\u00f3lica do Paran\u00e1 (1999), Mestrado (2004) e Doutorado (2006) em Cl\u00ednica Odontol\u00f3gica, \u00c1rea de Pr\u00f3tese Dental &#8211; FOP-\u00daNICAMP. Realizou P\u00f3s-Doutorado na Katholieke Universiteit Leuven \u2013 B\u00e9lgica. Linhas de pesquisa: Desfechos em sa\u00fade bucal: influ\u00eancia dos determinantes sociais, socioecon\u00f4micos, cl\u00ednicos e comportamentais; Efetividade de interven\u00e7\u00f5es cl\u00ednicas em [&hellip;]<\/p>\n","protected":false},"author":511,"featured_media":0,"parent":350,"menu_order":0,"comment_status":"closed","ping_status":"closed","template":"","meta":{"jetpack_post_was_ever_published":false,"footnotes":""},"class_list":["post-1695","page","type-page","status-publish","hentry"],"jetpack_sharing_enabled":true,"jetpack_shortlink":"https:\/\/wp.me\/P9I8SC-rl","publishpress_future_action":{"enabled":false,"date":"2026-04-22 13:20:46","action":"change-status","newStatus":"draft","terms":[],"taxonomy":"","extraData":[]},"publishpress_future_workflow_manual_trigger":{"enabledWorkflows":[]},"_links":{"self":[{"href":"https:\/\/wp.ufpel.edu.br\/ppgo\/wp-json\/wp\/v2\/pages\/1695","targetHints":{"allow":["GET"]}}],"collection":[{"href":"https:\/\/wp.ufpel.edu.br\/ppgo\/wp-json\/wp\/v2\/pages"}],"about":[{"href":"https:\/\/wp.ufpel.edu.br\/ppgo\/wp-json\/wp\/v2\/types\/page"}],"author":[{"embeddable":true,"href":"https:\/\/wp.ufpel.edu.br\/ppgo\/wp-json\/wp\/v2\/users\/511"}],"replies":[{"embeddable":true,"href":"https:\/\/wp.ufpel.edu.br\/ppgo\/wp-json\/wp\/v2\/comments?post=1695"}],"version-history":[{"count":11,"href":"https:\/\/wp.ufpel.edu.br\/ppgo\/wp-json\/wp\/v2\/pages\/1695\/revisions"}],"predecessor-version":[{"id":4748,"href":"https:\/\/wp.ufpel.edu.br\/ppgo\/wp-json\/wp\/v2\/pages\/1695\/revisions\/4748"}],"up":[{"embeddable":true,"href":"https:\/\/wp.ufpel.edu.br\/ppgo\/wp-json\/wp\/v2\/pages\/350"}],"wp:attachment":[{"href":"https:\/\/wp.ufpel.edu.br\/ppgo\/wp-json\/wp\/v2\/media?parent=1695"}],"curies":[{"name":"wp","href":"https:\/\/api.w.org\/{rel}","templated":true}]}}