{"id":1689,"date":"2018-04-17T16:35:11","date_gmt":"2018-04-17T19:35:11","guid":{"rendered":"https:\/\/wp.ufpel.edu.br\/ppgo\/?page_id=1689"},"modified":"2018-04-17T16:39:36","modified_gmt":"2018-04-17T19:39:36","slug":"melissa-damian","status":"publish","type":"page","link":"https:\/\/wp.ufpel.edu.br\/ppgo\/docentes\/melissa-damian\/","title":{"rendered":"melissa damian"},"content":{"rendered":"<div id=\"pl-1689\" class=\"panel-layout\">\n<div id=\"pg-1689-0\" class=\"panel-grid panel-no-style\">\n<div id=\"pgc-1689-0-0\" class=\"panel-grid-cell\">\n<div id=\"panel-1689-0-0-0\" class=\"so-panel widget widget_sow-editor panel-first-child panel-last-child\">\n<div class=\"so-widget-sow-editor so-widget-sow-editor-base\">\n<div class=\"siteorigin-widget-tinymce textwidget\">\n<p style=\"text-align: justify\"><span style=\"font-family: georgia, palatino, serif;font-size: 14pt\"><strong>Melissa Feres Damian<\/strong><\/span><\/p>\n<p style=\"text-align: justify\"><span style=\"font-family: georgia, palatino, serif;font-size: 12pt\"><strong>Forma\u00e7\u00e3o:<\/strong> Gradua\u00e7\u00e3o em Odontologia pela Universidade de Passo Fundo (1998), Mestrado (2001) e Doutorado (2005) em Radiologia Odontol\u00f3gica pela Universidade Estadual de Campinas \u2013 UNICAMP.<\/span><\/p>\n<p style=\"text-align: justify\"><span style=\"font-family: georgia, palatino, serif;font-size: 12pt\"><strong>Linhas de pesquisa:<\/strong> Desfechos em sa\u00fade bucal, S\u00edntese do conhecimento em Odontologia.<\/span><\/p>\n<p style=\"text-align: justify\"><span style=\"font-family: georgia, palatino, serif;font-size: 12pt\"><strong>\u00c1rea de atua\u00e7\u00e3o:<\/strong> Diagn\u00f3stico por Imagem e Estomatologia.<\/span><\/p>\n<p style=\"text-align: justify\"><span style=\"font-family: georgia, palatino, serif;font-size: 12pt\"><strong>Link para o curr\u00edculo lattes:<\/strong><\/span><span style=\"font-family: georgia, palatino, serif;font-size: 12pt\"><a href=\"http:\/\/lattes.cnpq.br\/4515911193698545\"><img class=\"alignnone wp-image-645\" src=\"https:\/\/wp.ufpel.edu.br\/ppgo\/files\/2018\/03\/lattes.png\" alt=\"\" width=\"99\" height=\"56\" \/><\/a><\/span><\/p>\n<\/div>\n<\/div>\n<\/div>\n<\/div>\n<div id=\"pgc-1689-0-1\" class=\"panel-grid-cell\">\n<div id=\"panel-1689-0-1-0\" class=\"so-panel widget widget_sow-image panel-first-child panel-last-child\">[siteorigin_widget class=&#8221;SiteOrigin_Widget_Image_Widget&#8221;][\/siteorigin_widget]<\/div>\n<\/div>\n<\/div>\n<\/div>\n","protected":false},"excerpt":{"rendered":"<p>Melissa Feres Damian Forma\u00e7\u00e3o: Gradua\u00e7\u00e3o em Odontologia pela Universidade de Passo Fundo (1998), Mestrado (2001) e Doutorado (2005) em Radiologia Odontol\u00f3gica pela Universidade Estadual de Campinas \u2013 UNICAMP. Linhas de pesquisa: Desfechos em sa\u00fade bucal, S\u00edntese do conhecimento em Odontologia. \u00c1rea de atua\u00e7\u00e3o: Diagn\u00f3stico por Imagem e Estomatologia. Link para o curr\u00edculo lattes: [siteorigin_widget class=&#8221;SiteOrigin_Widget_Image_Widget&#8221;][\/siteorigin_widget]<\/p>\n","protected":false},"author":511,"featured_media":0,"parent":350,"menu_order":0,"comment_status":"closed","ping_status":"closed","template":"","meta":{"jetpack_post_was_ever_published":false,"footnotes":""},"class_list":["post-1689","page","type-page","status-publish","hentry"],"jetpack_sharing_enabled":true,"jetpack_shortlink":"https:\/\/wp.me\/P9I8SC-rf","publishpress_future_action":{"enabled":false,"date":"2026-04-22 03:42:38","action":"change-status","newStatus":"draft","terms":[],"taxonomy":"","extraData":[]},"publishpress_future_workflow_manual_trigger":{"enabledWorkflows":[]},"_links":{"self":[{"href":"https:\/\/wp.ufpel.edu.br\/ppgo\/wp-json\/wp\/v2\/pages\/1689","targetHints":{"allow":["GET"]}}],"collection":[{"href":"https:\/\/wp.ufpel.edu.br\/ppgo\/wp-json\/wp\/v2\/pages"}],"about":[{"href":"https:\/\/wp.ufpel.edu.br\/ppgo\/wp-json\/wp\/v2\/types\/page"}],"author":[{"embeddable":true,"href":"https:\/\/wp.ufpel.edu.br\/ppgo\/wp-json\/wp\/v2\/users\/511"}],"replies":[{"embeddable":true,"href":"https:\/\/wp.ufpel.edu.br\/ppgo\/wp-json\/wp\/v2\/comments?post=1689"}],"version-history":[{"count":2,"href":"https:\/\/wp.ufpel.edu.br\/ppgo\/wp-json\/wp\/v2\/pages\/1689\/revisions"}],"predecessor-version":[{"id":1693,"href":"https:\/\/wp.ufpel.edu.br\/ppgo\/wp-json\/wp\/v2\/pages\/1689\/revisions\/1693"}],"up":[{"embeddable":true,"href":"https:\/\/wp.ufpel.edu.br\/ppgo\/wp-json\/wp\/v2\/pages\/350"}],"wp:attachment":[{"href":"https:\/\/wp.ufpel.edu.br\/ppgo\/wp-json\/wp\/v2\/media?parent=1689"}],"curies":[{"name":"wp","href":"https:\/\/api.w.org\/{rel}","templated":true}]}}