{"id":1445,"date":"2018-04-16T12:35:05","date_gmt":"2018-04-16T15:35:05","guid":{"rendered":"https:\/\/wp.ufpel.edu.br\/ppgo\/?page_id=1445"},"modified":"2024-06-12T13:54:27","modified_gmt":"2024-06-12T16:54:27","slug":"max-cenci","status":"publish","type":"page","link":"https:\/\/wp.ufpel.edu.br\/ppgo\/docentes\/max-cenci\/","title":{"rendered":"max cenci"},"content":{"rendered":"<div id=\"pl-1445\" class=\"panel-layout\">\n<div id=\"pg-1445-0\" class=\"panel-grid panel-no-style\" data-style=\"{&quot;background_display&quot;:&quot;tile&quot;,&quot;full_height&quot;:&quot;&quot;,&quot;cell_alignment&quot;:&quot;flex-start&quot;}\">\n<div id=\"pgc-1445-0-0\" class=\"panel-grid-cell\" data-weight=\"0.61803399209206\">\n<div id=\"panel-1445-0-0-0\" class=\"so-panel widget widget_sow-editor panel-first-child panel-last-child\" data-index=\"0\" data-style=\"{&quot;background_image_attachment&quot;:false,&quot;background_display&quot;:&quot;tile&quot;,&quot;background_image_size&quot;:&quot;full&quot;,&quot;background_image_opacity&quot;:&quot;100&quot;,&quot;border_thickness&quot;:&quot;1px&quot;}\">\n<div class=\"so-widget-sow-editor so-widget-sow-editor-base\">\n<div class=\"siteorigin-widget-tinymce textwidget\">\n<p style=\"text-align: justify;\"><strong><span style=\"font-family: arial, helvetica, sans-serif; font-size: 14pt;\"><span style=\"font-size: 18pt;\">Maximiliano S\u00e9rgio Cenci<\/span><\/span><\/strong><a href=\"https:\/\/wp.ufpel.edu.br\/ppgo\/files\/2018\/04\/Max-Cenci.jpg\"><img class=\"size-full wp-image-1448 alignright\" src=\"https:\/\/wp.ufpel.edu.br\/ppgo\/files\/2018\/04\/Max-Cenci.jpg\" alt=\"\" width=\"273\" height=\"378\" \/><\/a><\/p>\n<p><span style=\"font-family: arial, helvetica, sans-serif;\"><a href=\"http:\/\/lattes.cnpq.br\/9213734590954928\"><img class=\"alignnone wp-image-645\" src=\"https:\/\/wp.ufpel.edu.br\/ppgo\/files\/2018\/03\/lattes.png\" alt=\"\" width=\"51\" height=\"29\" \/><\/a> \u00a0<a href=\"https:\/\/orcid.org\/0000-0002-2543-6201\"><img class=\"alignnone wp-image-2428\" src=\"https:\/\/wp.ufpel.edu.br\/ppgo\/files\/2019\/10\/ORCID-icon.png\" alt=\"\" width=\"28\" height=\"28\" \/><\/a> <a href=\"https:\/\/scholar.google.pt\/citations?hl=pt-BR&amp;user=EaakG-YAAAAJ\"><img class=\"alignnone wp-image-3705\" src=\"https:\/\/wp.ufpel.edu.br\/ppgo\/files\/2023\/09\/kisspng-computer-science-google-scholar-doctor-of-philosop-google-5ad094511a4771.2300740815236188971077.jpg\" alt=\"\" width=\"28\" height=\"28\" srcset=\"https:\/\/wp.ufpel.edu.br\/ppgo\/files\/2023\/09\/kisspng-computer-science-google-scholar-doctor-of-philosop-google-5ad094511a4771.2300740815236188971077.jpg 260w, https:\/\/wp.ufpel.edu.br\/ppgo\/files\/2023\/09\/kisspng-computer-science-google-scholar-doctor-of-philosop-google-5ad094511a4771.2300740815236188971077-200x200.jpg 200w\" sizes=\"(max-width: 28px) 100vw, 28px\" \/><\/a> <a href=\"https:\/\/www.webofscience.com\/wos\/author\/record\/299999\"><img class=\"alignnone wp-image-3724\" src=\"https:\/\/wp.ufpel.edu.br\/ppgo\/files\/2023\/09\/3a2304e4-ef4f-4e12-ad2f-e43fab16210f.jpg\" alt=\"\" width=\"29\" height=\"29\" srcset=\"https:\/\/wp.ufpel.edu.br\/ppgo\/files\/2023\/09\/3a2304e4-ef4f-4e12-ad2f-e43fab16210f.jpg 225w, https:\/\/wp.ufpel.edu.br\/ppgo\/files\/2023\/09\/3a2304e4-ef4f-4e12-ad2f-e43fab16210f-200x200.jpg 200w\" sizes=\"(max-width: 29px) 100vw, 29px\" \/><\/a> <a href=\"https:\/\/www.scopus.com\/authid\/detail.uri?authorId=8327829700\"><img class=\"alignnone wp-image-3894\" src=\"https:\/\/wp.ufpel.edu.br\/ppgo\/files\/2023\/09\/download.png\" alt=\"\" width=\"29\" height=\"29\" srcset=\"https:\/\/wp.ufpel.edu.br\/ppgo\/files\/2023\/09\/download.png 225w, https:\/\/wp.ufpel.edu.br\/ppgo\/files\/2023\/09\/download-200x200.png 200w\" sizes=\"(max-width: 29px) 100vw, 29px\" \/><\/a><\/span><\/p>\n<p style=\"text-align: left;\"><span style=\"font-family: arial, helvetica, sans-serif; font-size: 12pt;\">Forma\u00e7\u00e3o: Gradua\u00e7\u00e3o em Odontologia pela Universidade Federal de Pelotas (2001), Mestrado em Odontologia (Dent\u00edstica) pela Universidade Federal de Pelotas (2004), e Doutorado em Odontologia (Cariologia) pela Faculdade de Odontologia de Piracicaba &#8211; Universidade Estadual de Campinas (2008).<\/span><\/p>\n<p style=\"text-align: left;\"><span style=\"font-family: arial, helvetica, sans-serif; font-size: 12pt;\">Linhas de pesquisa:\u00a0Efetividade de interven\u00e7\u00f5es cl\u00ednicas em Odontologia.<\/span><\/p>\n<p style=\"text-align: left;\"><span style=\"font-family: arial, helvetica, sans-serif; font-size: 12pt;\">\u00c1rea de atua\u00e7\u00e3o: Tem experi\u00eancia na \u00e1rea de Odontologia, com \u00eanfase em Cl\u00ednica Odontol\u00f3gica, Dent\u00edstica e Cariologia, atuando principalmente nos seguintes temas: c\u00e1rie dent\u00e1ria, biofilmes, longevidade de materiais restauradores e ensaios cl\u00ednicos com interven\u00e7\u00f5es para controle\/tratamento da c\u00e1rie.<\/span><\/p>\n<p style=\"text-align: justify;\">\n<\/div>\n<\/div>\n<\/div>\n<\/div>\n<div id=\"pgc-1445-0-1\" class=\"panel-grid-cell\" data-weight=\"0.38196600790794\">\n<div id=\"panel-1445-0-1-0\" class=\"so-panel widget widget_sow-image panel-first-child panel-last-child\" data-index=\"1\" data-style=\"{&quot;background_display&quot;:&quot;tile&quot;}\"><\/div>\n<\/div>\n<\/div>\n<\/div>\n","protected":false},"excerpt":{"rendered":"<p>Maximiliano S\u00e9rgio Cenci \u00a0 Forma\u00e7\u00e3o: Gradua\u00e7\u00e3o em Odontologia pela Universidade Federal de Pelotas (2001), Mestrado em Odontologia (Dent\u00edstica) pela Universidade Federal de Pelotas (2004), e Doutorado em Odontologia (Cariologia) pela Faculdade de Odontologia de Piracicaba &#8211; Universidade Estadual de Campinas (2008). Linhas de pesquisa:\u00a0Efetividade de interven\u00e7\u00f5es cl\u00ednicas em Odontologia. \u00c1rea de atua\u00e7\u00e3o: Tem experi\u00eancia na [&hellip;]<\/p>\n","protected":false},"author":511,"featured_media":0,"parent":350,"menu_order":0,"comment_status":"closed","ping_status":"closed","template":"","meta":{"jetpack_post_was_ever_published":false,"footnotes":""},"class_list":["post-1445","page","type-page","status-publish","hentry"],"jetpack_sharing_enabled":true,"jetpack_shortlink":"https:\/\/wp.me\/P9I8SC-nj","publishpress_future_action":{"enabled":false,"date":"2026-04-22 06:19:35","action":"change-status","newStatus":"draft","terms":[],"taxonomy":"","extraData":[]},"publishpress_future_workflow_manual_trigger":{"enabledWorkflows":[]},"_links":{"self":[{"href":"https:\/\/wp.ufpel.edu.br\/ppgo\/wp-json\/wp\/v2\/pages\/1445","targetHints":{"allow":["GET"]}}],"collection":[{"href":"https:\/\/wp.ufpel.edu.br\/ppgo\/wp-json\/wp\/v2\/pages"}],"about":[{"href":"https:\/\/wp.ufpel.edu.br\/ppgo\/wp-json\/wp\/v2\/types\/page"}],"author":[{"embeddable":true,"href":"https:\/\/wp.ufpel.edu.br\/ppgo\/wp-json\/wp\/v2\/users\/511"}],"replies":[{"embeddable":true,"href":"https:\/\/wp.ufpel.edu.br\/ppgo\/wp-json\/wp\/v2\/comments?post=1445"}],"version-history":[{"count":19,"href":"https:\/\/wp.ufpel.edu.br\/ppgo\/wp-json\/wp\/v2\/pages\/1445\/revisions"}],"predecessor-version":[{"id":3836,"href":"https:\/\/wp.ufpel.edu.br\/ppgo\/wp-json\/wp\/v2\/pages\/1445\/revisions\/3836"}],"up":[{"embeddable":true,"href":"https:\/\/wp.ufpel.edu.br\/ppgo\/wp-json\/wp\/v2\/pages\/350"}],"wp:attachment":[{"href":"https:\/\/wp.ufpel.edu.br\/ppgo\/wp-json\/wp\/v2\/media?parent=1445"}],"curies":[{"name":"wp","href":"https:\/\/api.w.org\/{rel}","templated":true}]}}