{"id":1394,"date":"2018-04-16T12:04:40","date_gmt":"2018-04-16T15:04:40","guid":{"rendered":"https:\/\/wp.ufpel.edu.br\/ppgo\/?page_id=1394"},"modified":"2018-04-16T13:23:45","modified_gmt":"2018-04-16T16:23:45","slug":"ana-romano","status":"publish","type":"page","link":"https:\/\/wp.ufpel.edu.br\/ppgo\/docentes\/ana-romano\/","title":{"rendered":"ana romano"},"content":{"rendered":"<div id=\"pl-1394\" class=\"panel-layout\">\n<div id=\"pg-1394-0\" class=\"panel-grid panel-no-style\">\n<div id=\"pgc-1394-0-0\" class=\"panel-grid-cell\">\n<div id=\"panel-1394-0-0-0\" class=\"so-panel widget widget_sow-editor panel-first-child panel-last-child\">\n<div class=\"so-widget-sow-editor so-widget-sow-editor-base\">\n<div class=\"siteorigin-widget-tinymce textwidget\">\n<p style=\"text-align: justify\"><span style=\"font-family: georgia, palatino, serif;font-size: 14pt\"><strong>Ana Regina Romano<\/strong><\/span><\/p>\n<p style=\"text-align: justify\"><span style=\"font-family: georgia, palatino, serif;font-size: 12pt\"><strong>Forma\u00e7\u00e3o:<\/strong> Gradua\u00e7\u00e3o em Odontologia pela Universidade Federal de Pelotas (1986), mestrado em Ci\u00eancias Odontol\u00f3gicas pela Universidade de S\u00e3o Paulo (1994) e doutorado em Ci\u00eancias Odontol\u00f3gicas pela Universidade de S\u00e3o Paulo (1998), ambos na \u00e1rea de Odontopediatria.<\/span><\/p>\n<p style=\"text-align: justify\"><span style=\"font-family: georgia, palatino, serif;font-size: 12pt\"><strong>Linhas de pesquisa:<\/strong><\/span><\/p>\n<p style=\"text-align: justify\"><span style=\"font-family: georgia, palatino, serif;font-size: 12pt\"><strong>\u00c1rea de atua\u00e7\u00e3o:<\/strong> C\u00e1rie dent\u00e1ria, diagn\u00f3stico, dente dec\u00edduo e aten\u00e7\u00e3o odontol\u00f3gica materno-infantil.<\/span><\/p>\n<p style=\"text-align: justify\"><span style=\"font-family: georgia, palatino, serif;font-size: 12pt\"><strong>Link para o curr\u00edculo lattes:<\/strong>\u00a0<\/span><a href=\"http:\/\/lattes.cnpq.br\/2845267743371791\"><span style=\"font-family: georgia, palatino, serif;font-size: 12pt\"><img class=\"alignnone wp-image-645\" src=\"https:\/\/wp.ufpel.edu.br\/ppgo\/files\/2018\/03\/lattes.png\" alt=\"\" width=\"99\" height=\"56\" \/><\/span><\/a><\/p>\n<\/div>\n<\/div>\n<\/div>\n<\/div>\n<div id=\"pgc-1394-0-1\" class=\"panel-grid-cell\">\n<div id=\"panel-1394-0-1-0\" class=\"so-panel widget widget_sow-image panel-first-child panel-last-child\">[siteorigin_widget class=&#8221;SiteOrigin_Widget_Image_Widget&#8221;][\/siteorigin_widget]<\/div>\n<\/div>\n<\/div>\n<\/div>\n","protected":false},"excerpt":{"rendered":"<p>Ana Regina Romano Forma\u00e7\u00e3o: Gradua\u00e7\u00e3o em Odontologia pela Universidade Federal de Pelotas (1986), mestrado em Ci\u00eancias Odontol\u00f3gicas pela Universidade de S\u00e3o Paulo (1994) e doutorado em Ci\u00eancias Odontol\u00f3gicas pela Universidade de S\u00e3o Paulo (1998), ambos na \u00e1rea de Odontopediatria. Linhas de pesquisa: \u00c1rea de atua\u00e7\u00e3o: C\u00e1rie dent\u00e1ria, diagn\u00f3stico, dente dec\u00edduo e aten\u00e7\u00e3o odontol\u00f3gica materno-infantil. Link [&hellip;]<\/p>\n","protected":false},"author":511,"featured_media":0,"parent":350,"menu_order":0,"comment_status":"closed","ping_status":"closed","template":"","meta":{"jetpack_post_was_ever_published":false,"footnotes":""},"class_list":["post-1394","page","type-page","status-publish","hentry"],"jetpack_sharing_enabled":true,"jetpack_shortlink":"https:\/\/wp.me\/P9I8SC-mu","publishpress_future_action":{"enabled":false,"date":"2026-04-22 20:42:29","action":"change-status","newStatus":"draft","terms":[],"taxonomy":"","extraData":[]},"publishpress_future_workflow_manual_trigger":{"enabledWorkflows":[]},"_links":{"self":[{"href":"https:\/\/wp.ufpel.edu.br\/ppgo\/wp-json\/wp\/v2\/pages\/1394","targetHints":{"allow":["GET"]}}],"collection":[{"href":"https:\/\/wp.ufpel.edu.br\/ppgo\/wp-json\/wp\/v2\/pages"}],"about":[{"href":"https:\/\/wp.ufpel.edu.br\/ppgo\/wp-json\/wp\/v2\/types\/page"}],"author":[{"embeddable":true,"href":"https:\/\/wp.ufpel.edu.br\/ppgo\/wp-json\/wp\/v2\/users\/511"}],"replies":[{"embeddable":true,"href":"https:\/\/wp.ufpel.edu.br\/ppgo\/wp-json\/wp\/v2\/comments?post=1394"}],"version-history":[{"count":9,"href":"https:\/\/wp.ufpel.edu.br\/ppgo\/wp-json\/wp\/v2\/pages\/1394\/revisions"}],"predecessor-version":[{"id":1399,"href":"https:\/\/wp.ufpel.edu.br\/ppgo\/wp-json\/wp\/v2\/pages\/1394\/revisions\/1399"}],"up":[{"embeddable":true,"href":"https:\/\/wp.ufpel.edu.br\/ppgo\/wp-json\/wp\/v2\/pages\/350"}],"wp:attachment":[{"href":"https:\/\/wp.ufpel.edu.br\/ppgo\/wp-json\/wp\/v2\/media?parent=1394"}],"curies":[{"name":"wp","href":"https:\/\/api.w.org\/{rel}","templated":true}]}}