{"id":1379,"date":"2018-04-16T11:48:07","date_gmt":"2018-04-16T14:48:07","guid":{"rendered":"https:\/\/wp.ufpel.edu.br\/ppgo\/?page_id=1379"},"modified":"2024-05-31T10:46:35","modified_gmt":"2024-05-31T13:46:35","slug":"adriana-etges","status":"publish","type":"page","link":"https:\/\/wp.ufpel.edu.br\/ppgo\/docentes\/adriana-etges\/","title":{"rendered":"adriana etges"},"content":{"rendered":"<div id=\"pl-1379\" class=\"panel-layout\">\n<div id=\"pg-1379-0\" class=\"panel-grid panel-no-style\" data-style=\"{&quot;background_display&quot;:&quot;tile&quot;,&quot;full_height&quot;:&quot;&quot;,&quot;cell_alignment&quot;:&quot;flex-start&quot;}\">\n<div id=\"pgc-1379-0-0\" class=\"panel-grid-cell\" data-weight=\"0.61803399209206\">\n<div id=\"panel-1379-0-0-0\" class=\"so-panel widget widget_sow-editor panel-first-child panel-last-child\" data-index=\"0\" data-style=\"{&quot;background_image_attachment&quot;:false,&quot;background_display&quot;:&quot;tile&quot;,&quot;background_image_size&quot;:&quot;full&quot;,&quot;background_image_opacity&quot;:&quot;100&quot;,&quot;border_thickness&quot;:&quot;1px&quot;}\">\n<div class=\"so-widget-sow-editor so-widget-sow-editor-base\">\n<div class=\"siteorigin-widget-tinymce textwidget\">\n<p style=\"text-align: justify;\"><span style=\"font-family: georgia, palatino, serif; font-size: 14pt;\"><strong>Adriana Etge<a href=\"https:\/\/wp.ufpel.edu.br\/ppgo\/files\/2024\/05\/Bertuol-50-1-scaled.jpg\"><img class=\"wp-image-4648 alignright\" src=\"https:\/\/wp.ufpel.edu.br\/ppgo\/files\/2024\/05\/Bertuol-50-1-684x1024.jpg\" alt=\"\" width=\"325\" height=\"487\" srcset=\"https:\/\/wp.ufpel.edu.br\/ppgo\/files\/2024\/05\/Bertuol-50-1-684x1024.jpg 684w, https:\/\/wp.ufpel.edu.br\/ppgo\/files\/2024\/05\/Bertuol-50-1-267x400.jpg 267w, https:\/\/wp.ufpel.edu.br\/ppgo\/files\/2024\/05\/Bertuol-50-1-768x1150.jpg 768w, https:\/\/wp.ufpel.edu.br\/ppgo\/files\/2024\/05\/Bertuol-50-1-1025x1536.jpg 1025w, https:\/\/wp.ufpel.edu.br\/ppgo\/files\/2024\/05\/Bertuol-50-1-1367x2048.jpg 1367w, https:\/\/wp.ufpel.edu.br\/ppgo\/files\/2024\/05\/Bertuol-50-1-scaled.jpg 1709w\" sizes=\"(max-width: 325px) 100vw, 325px\" \/><\/a><\/strong><\/span><\/p>\n<p><span style=\"font-family: georgia, palatino, serif;\"><a href=\"http:\/\/lattes.cnpq.br\/6402695301776653\"><img class=\"alignnone wp-image-645\" src=\"https:\/\/wp.ufpel.edu.br\/ppgo\/files\/2018\/03\/lattes.png\" alt=\"\" width=\"48\" height=\"27\" \/><\/a> \u00a0<a href=\"https:\/\/orcid.org\/0000-0002-6066-869X\"><img class=\"alignnone wp-image-3704\" src=\"https:\/\/wp.ufpel.edu.br\/ppgo\/files\/2023\/09\/orcid-id.png\" alt=\"\" width=\"23\" height=\"23\" srcset=\"https:\/\/wp.ufpel.edu.br\/ppgo\/files\/2023\/09\/orcid-id.png 450w, https:\/\/wp.ufpel.edu.br\/ppgo\/files\/2023\/09\/orcid-id-400x400.png 400w, https:\/\/wp.ufpel.edu.br\/ppgo\/files\/2023\/09\/orcid-id-200x200.png 200w\" sizes=\"(max-width: 23px) 100vw, 23px\" \/><\/a>\u00a0\u00a0<a href=\"https:\/\/scholar.google.com.br\/citations?hl=pt-BR&amp;user=shGXVBwAAAAJ\"><img class=\"alignnone wp-image-3705\" src=\"https:\/\/wp.ufpel.edu.br\/ppgo\/files\/2023\/09\/kisspng-computer-science-google-scholar-doctor-of-philosop-google-5ad094511a4771.2300740815236188971077.jpg\" alt=\"\" width=\"21\" height=\"21\" srcset=\"https:\/\/wp.ufpel.edu.br\/ppgo\/files\/2023\/09\/kisspng-computer-science-google-scholar-doctor-of-philosop-google-5ad094511a4771.2300740815236188971077.jpg 260w, https:\/\/wp.ufpel.edu.br\/ppgo\/files\/2023\/09\/kisspng-computer-science-google-scholar-doctor-of-philosop-google-5ad094511a4771.2300740815236188971077-200x200.jpg 200w\" sizes=\"(max-width: 21px) 100vw, 21px\" \/><\/a>\u00a0 <a href=\"https:\/\/www.webofscience.com\/wos\/author\/record\/37262912\"><img class=\"alignnone wp-image-3724\" src=\"https:\/\/wp.ufpel.edu.br\/ppgo\/files\/2023\/09\/3a2304e4-ef4f-4e12-ad2f-e43fab16210f.jpg\" alt=\"\" width=\"29\" height=\"29\" srcset=\"https:\/\/wp.ufpel.edu.br\/ppgo\/files\/2023\/09\/3a2304e4-ef4f-4e12-ad2f-e43fab16210f.jpg 225w, https:\/\/wp.ufpel.edu.br\/ppgo\/files\/2023\/09\/3a2304e4-ef4f-4e12-ad2f-e43fab16210f-200x200.jpg 200w\" sizes=\"(max-width: 29px) 100vw, 29px\" \/><\/a> <a href=\"https:\/\/www.scopus.com\/authid\/detail.uri?authorId=6507345708\"><img class=\"alignnone wp-image-3894\" src=\"https:\/\/wp.ufpel.edu.br\/ppgo\/files\/2023\/09\/download.png\" alt=\"\" width=\"28\" height=\"28\" srcset=\"https:\/\/wp.ufpel.edu.br\/ppgo\/files\/2023\/09\/download.png 225w, https:\/\/wp.ufpel.edu.br\/ppgo\/files\/2023\/09\/download-200x200.png 200w\" sizes=\"(max-width: 28px) 100vw, 28px\" \/><\/a><\/span><\/p>\n<p><span style=\"font-family: georgia, palatino, serif;\"><strong style=\"font-size: 12pt; text-align: justify;\">Forma\u00e7\u00e3o:<\/strong><span style=\"font-size: 12pt; text-align: justify;\"> Gradua\u00e7\u00e3o em Odontologia pela Universidade Federal de Pelotas (1995), Doutorado em Odontologia (Patologia Bucal) pela Universidade de S\u00e3o Paulo (2002) e P\u00f3s-doutorado pela Funda\u00e7\u00e3o Ant\u00f4nio Prudente\/Hospital do C\u00e2ncer\/SP (2004).<\/span><\/span><\/p>\n<p style=\"text-align: justify;\"><span style=\"font-family: georgia, palatino, serif; font-size: 12pt;\"><strong>Linhas de pesquisa:<\/strong><\/span><\/p>\n<p style=\"text-align: justify;\"><span style=\"font-family: georgia, palatino, serif; font-size: 12pt;\"><strong>\u00c1rea de atua\u00e7\u00e3o:<\/strong> Tem experi\u00eancia na \u00e1rea de Odontologia, com \u00eanfase em Cl\u00ednica Odontol\u00f3gica, atuando principalmente nos seguintes temas: patologia geral, patologia bucal e estomatologia.<\/span><\/p>\n<p>&nbsp;<\/p>\n<p style=\"text-align: justify; background: white; vertical-align: baseline; margin: 0in 0in 12.0pt 0in;\">\n<\/div>\n<\/div>\n<\/div>\n<\/div>\n<\/div>\n<\/div>\n","protected":false},"excerpt":{"rendered":"<p>Adriana Etge \u00a0\u00a0\u00a0\u00a0 Forma\u00e7\u00e3o: Gradua\u00e7\u00e3o em Odontologia pela Universidade Federal de Pelotas (1995), Doutorado em Odontologia (Patologia Bucal) pela Universidade de S\u00e3o Paulo (2002) e P\u00f3s-doutorado pela Funda\u00e7\u00e3o Ant\u00f4nio Prudente\/Hospital do C\u00e2ncer\/SP (2004). Linhas de pesquisa: \u00c1rea de atua\u00e7\u00e3o: Tem experi\u00eancia na \u00e1rea de Odontologia, com \u00eanfase em Cl\u00ednica Odontol\u00f3gica, atuando principalmente nos seguintes temas: [&hellip;]<\/p>\n","protected":false},"author":511,"featured_media":0,"parent":350,"menu_order":0,"comment_status":"closed","ping_status":"closed","template":"","meta":{"jetpack_post_was_ever_published":false,"footnotes":""},"class_list":["post-1379","page","type-page","status-publish","hentry"],"jetpack_sharing_enabled":true,"jetpack_shortlink":"https:\/\/wp.me\/P9I8SC-mf","publishpress_future_action":{"enabled":false,"date":"2026-04-22 13:20:47","action":"change-status","newStatus":"draft","terms":[],"taxonomy":"","extraData":[]},"publishpress_future_workflow_manual_trigger":{"enabledWorkflows":[]},"_links":{"self":[{"href":"https:\/\/wp.ufpel.edu.br\/ppgo\/wp-json\/wp\/v2\/pages\/1379","targetHints":{"allow":["GET"]}}],"collection":[{"href":"https:\/\/wp.ufpel.edu.br\/ppgo\/wp-json\/wp\/v2\/pages"}],"about":[{"href":"https:\/\/wp.ufpel.edu.br\/ppgo\/wp-json\/wp\/v2\/types\/page"}],"author":[{"embeddable":true,"href":"https:\/\/wp.ufpel.edu.br\/ppgo\/wp-json\/wp\/v2\/users\/511"}],"replies":[{"embeddable":true,"href":"https:\/\/wp.ufpel.edu.br\/ppgo\/wp-json\/wp\/v2\/comments?post=1379"}],"version-history":[{"count":27,"href":"https:\/\/wp.ufpel.edu.br\/ppgo\/wp-json\/wp\/v2\/pages\/1379\/revisions"}],"predecessor-version":[{"id":4649,"href":"https:\/\/wp.ufpel.edu.br\/ppgo\/wp-json\/wp\/v2\/pages\/1379\/revisions\/4649"}],"up":[{"embeddable":true,"href":"https:\/\/wp.ufpel.edu.br\/ppgo\/wp-json\/wp\/v2\/pages\/350"}],"wp:attachment":[{"href":"https:\/\/wp.ufpel.edu.br\/ppgo\/wp-json\/wp\/v2\/media?parent=1379"}],"curies":[{"name":"wp","href":"https:\/\/api.w.org\/{rel}","templated":true}]}}