{"id":1298,"date":"2018-04-05T17:45:36","date_gmt":"2018-04-05T20:45:36","guid":{"rendered":"https:\/\/wp.ufpel.edu.br\/ppgo\/?page_id=1298"},"modified":"2024-05-31T10:56:13","modified_gmt":"2024-05-31T13:56:13","slug":"emidio","status":"publish","type":"page","link":"https:\/\/wp.ufpel.edu.br\/ppgo\/docentes\/emidio\/","title":{"rendered":"emidio"},"content":{"rendered":"<div id=\"pl-1298\" class=\"panel-layout\">\n<div id=\"pg-1298-0\" class=\"panel-grid panel-no-style\" data-style=\"{&quot;background_display&quot;:&quot;tile&quot;,&quot;full_height&quot;:&quot;&quot;,&quot;cell_alignment&quot;:&quot;flex-start&quot;}\">\n<div id=\"pgc-1298-0-0\" class=\"panel-grid-cell\" data-weight=\"0.61803399209206\">\n<div id=\"panel-1298-0-0-0\" class=\"so-panel widget widget_sow-editor panel-first-child panel-last-child\" data-index=\"0\" data-style=\"{&quot;background_image_attachment&quot;:false,&quot;background_display&quot;:&quot;tile&quot;,&quot;background_image_size&quot;:&quot;full&quot;,&quot;background_image_opacity&quot;:&quot;100&quot;,&quot;border_thickness&quot;:&quot;1px&quot;}\">\n<div class=\"so-widget-sow-editor so-widget-sow-editor-base\">\n<div class=\"siteorigin-widget-tinymce textwidget\">\n<div style=\"text-align: justify;\">\n<p><span style=\"font-family: georgia, palatino, serif;\"><span style=\"font-size: 14pt;\"><strong>Alexandre Emidio Ribeiro Silva<\/strong><\/span><b><\/b><\/span><\/p>\n<p><a href=\"https:\/\/wp.ufpel.edu.br\/ppgo\/files\/2024\/05\/Bertuol-34-scaled.jpg\"><img class=\" wp-image-4652 alignright\" src=\"https:\/\/wp.ufpel.edu.br\/ppgo\/files\/2024\/05\/Bertuol-34-684x1024.jpg\" alt=\"\" width=\"282\" height=\"422\" srcset=\"https:\/\/wp.ufpel.edu.br\/ppgo\/files\/2024\/05\/Bertuol-34-684x1024.jpg 684w, https:\/\/wp.ufpel.edu.br\/ppgo\/files\/2024\/05\/Bertuol-34-267x400.jpg 267w, https:\/\/wp.ufpel.edu.br\/ppgo\/files\/2024\/05\/Bertuol-34-768x1150.jpg 768w, https:\/\/wp.ufpel.edu.br\/ppgo\/files\/2024\/05\/Bertuol-34-1025x1536.jpg 1025w, https:\/\/wp.ufpel.edu.br\/ppgo\/files\/2024\/05\/Bertuol-34-1367x2048.jpg 1367w, https:\/\/wp.ufpel.edu.br\/ppgo\/files\/2024\/05\/Bertuol-34-scaled.jpg 1709w\" sizes=\"(max-width: 282px) 100vw, 282px\" \/><\/a><\/p>\n<p><span style=\"font-family: georgia, palatino, serif;\"><b><a href=\"http:\/\/lattes.cnpq.br\/5188424399462072\"><span style=\"font-size: 12pt;\"><img class=\"alignnone wp-image-645\" src=\"https:\/\/wp.ufpel.edu.br\/ppgo\/files\/2018\/03\/lattes.png\" alt=\"\" width=\"42\" height=\"24\" \/><\/span><\/a><a href=\"https:\/\/orcid.org\/ 0000-0001-6402-0789\"><img class=\"alignnone size-full wp-image-2428\" src=\"https:\/\/wp.ufpel.edu.br\/ppgo\/files\/2019\/10\/ORCID-icon-e1572004983224.png\" alt=\"\" width=\"20\" height=\"20\" \/><\/a>\u00a0 <a href=\"https:\/\/www.webofscience.com\/wos\/author\/record\/1051523\"><img class=\"alignnone wp-image-3724\" src=\"https:\/\/wp.ufpel.edu.br\/ppgo\/files\/2023\/09\/3a2304e4-ef4f-4e12-ad2f-e43fab16210f.jpg\" alt=\"\" width=\"25\" height=\"25\" srcset=\"https:\/\/wp.ufpel.edu.br\/ppgo\/files\/2023\/09\/3a2304e4-ef4f-4e12-ad2f-e43fab16210f.jpg 225w, https:\/\/wp.ufpel.edu.br\/ppgo\/files\/2023\/09\/3a2304e4-ef4f-4e12-ad2f-e43fab16210f-200x200.jpg 200w\" sizes=\"(max-width: 25px) 100vw, 25px\" \/><\/a>\u00a0\u00a0<a href=\"https:\/\/scholar.google.pt\/citations?hl=pt-BR&amp;user=TfQqF7UAAAAJ\"><img class=\"alignnone wp-image-3705\" src=\"https:\/\/wp.ufpel.edu.br\/ppgo\/files\/2023\/09\/kisspng-computer-science-google-scholar-doctor-of-philosop-google-5ad094511a4771.2300740815236188971077.jpg\" alt=\"\" width=\"23\" height=\"23\" srcset=\"https:\/\/wp.ufpel.edu.br\/ppgo\/files\/2023\/09\/kisspng-computer-science-google-scholar-doctor-of-philosop-google-5ad094511a4771.2300740815236188971077.jpg 260w, https:\/\/wp.ufpel.edu.br\/ppgo\/files\/2023\/09\/kisspng-computer-science-google-scholar-doctor-of-philosop-google-5ad094511a4771.2300740815236188971077-200x200.jpg 200w\" sizes=\"(max-width: 23px) 100vw, 23px\" \/><\/a>\u00a0 <a href=\"https:\/\/www.scopus.com\/authid\/detail.uri?authorId=51161789200\"><img class=\"alignnone wp-image-3894\" src=\"https:\/\/wp.ufpel.edu.br\/ppgo\/files\/2023\/09\/download.png\" alt=\"\" width=\"28\" height=\"28\" srcset=\"https:\/\/wp.ufpel.edu.br\/ppgo\/files\/2023\/09\/download.png 225w, https:\/\/wp.ufpel.edu.br\/ppgo\/files\/2023\/09\/download-200x200.png 200w\" sizes=\"(max-width: 28px) 100vw, 28px\" \/><\/a><\/b><\/span><\/p>\n<p><span style=\"font-family: georgia, palatino, serif; font-size: 12pt;\"><strong>Forma\u00e7\u00e3o:<\/strong> Doutor em Epidemiologia &#8211; Universidade Federal de Pelotas\u00a0<\/span><\/p>\n<p><span style=\"font-family: georgia, palatino, serif; font-size: 12pt;\"><strong>Linhas de Pesquisa:<\/strong>\u00a0Desfechos em sa\u00fade bucal: influ\u00eancia dos determinantes sociais, socioecon\u00f4micos, cl\u00ednicos e comportamentais.<\/span><\/p>\n<p><span style=\"font-family: georgia, palatino, serif; font-size: 12pt;\"><strong>\u00c1rea de atua\u00e7\u00e3o:<\/strong> Sa\u00fade Bucal do Idoso e \u00a0avalia\u00e7\u00e3o de servi\u00e7os odontol\u00f3gicos.\u00a0<\/span><\/p>\n<\/div>\n<\/div>\n<\/div>\n<\/div>\n<\/div>\n<\/div>\n<\/div>\n","protected":false},"excerpt":{"rendered":"<p>Alexandre Emidio Ribeiro Silva \u00a0 \u00a0\u00a0\u00a0 Forma\u00e7\u00e3o: Doutor em Epidemiologia &#8211; Universidade Federal de Pelotas\u00a0 Linhas de Pesquisa:\u00a0Desfechos em sa\u00fade bucal: influ\u00eancia dos determinantes sociais, socioecon\u00f4micos, cl\u00ednicos e comportamentais. \u00c1rea de atua\u00e7\u00e3o: Sa\u00fade Bucal do Idoso e \u00a0avalia\u00e7\u00e3o de servi\u00e7os odontol\u00f3gicos.\u00a0<\/p>\n","protected":false},"author":511,"featured_media":0,"parent":350,"menu_order":0,"comment_status":"closed","ping_status":"closed","template":"","meta":{"jetpack_post_was_ever_published":false,"footnotes":""},"class_list":["post-1298","page","type-page","status-publish","hentry"],"jetpack_sharing_enabled":true,"jetpack_shortlink":"https:\/\/wp.me\/P9I8SC-kW","publishpress_future_action":{"enabled":false,"date":"2026-04-24 09:08:55","action":"change-status","newStatus":"draft","terms":[],"taxonomy":"","extraData":[]},"publishpress_future_workflow_manual_trigger":{"enabledWorkflows":[]},"_links":{"self":[{"href":"https:\/\/wp.ufpel.edu.br\/ppgo\/wp-json\/wp\/v2\/pages\/1298","targetHints":{"allow":["GET"]}}],"collection":[{"href":"https:\/\/wp.ufpel.edu.br\/ppgo\/wp-json\/wp\/v2\/pages"}],"about":[{"href":"https:\/\/wp.ufpel.edu.br\/ppgo\/wp-json\/wp\/v2\/types\/page"}],"author":[{"embeddable":true,"href":"https:\/\/wp.ufpel.edu.br\/ppgo\/wp-json\/wp\/v2\/users\/511"}],"replies":[{"embeddable":true,"href":"https:\/\/wp.ufpel.edu.br\/ppgo\/wp-json\/wp\/v2\/comments?post=1298"}],"version-history":[{"count":23,"href":"https:\/\/wp.ufpel.edu.br\/ppgo\/wp-json\/wp\/v2\/pages\/1298\/revisions"}],"predecessor-version":[{"id":4654,"href":"https:\/\/wp.ufpel.edu.br\/ppgo\/wp-json\/wp\/v2\/pages\/1298\/revisions\/4654"}],"up":[{"embeddable":true,"href":"https:\/\/wp.ufpel.edu.br\/ppgo\/wp-json\/wp\/v2\/pages\/350"}],"wp:attachment":[{"href":"https:\/\/wp.ufpel.edu.br\/ppgo\/wp-json\/wp\/v2\/media?parent=1298"}],"curies":[{"name":"wp","href":"https:\/\/api.w.org\/{rel}","templated":true}]}}