{"id":1286,"date":"2018-04-05T09:47:33","date_gmt":"2018-04-05T12:47:33","guid":{"rendered":"https:\/\/wp.ufpel.edu.br\/ppgo\/?page_id=1286"},"modified":"2023-09-28T16:48:09","modified_gmt":"2023-09-28T19:48:09","slug":"huysmans","status":"publish","type":"page","link":"https:\/\/wp.ufpel.edu.br\/ppgo\/docentes\/huysmans\/","title":{"rendered":"huysmans"},"content":{"rendered":"<div id=\"pl-1286\"  class=\"panel-layout\" >\n<div id=\"pg-1286-0\"  class=\"panel-grid panel-no-style\"  data-style=\"{&quot;background_display&quot;:&quot;tile&quot;,&quot;full_height&quot;:&quot;&quot;,&quot;cell_alignment&quot;:&quot;flex-start&quot;}\" >\n<div id=\"pgc-1286-0-0\"  class=\"panel-grid-cell\"  data-weight=\"0.61803399209206\" >\n<div id=\"panel-1286-0-0-0\" class=\"so-panel widget widget_sow-editor panel-first-child panel-last-child\" data-index=\"0\" data-style=\"{&quot;background_image_attachment&quot;:false,&quot;background_display&quot;:&quot;tile&quot;,&quot;background_image_size&quot;:&quot;full&quot;,&quot;background_image_opacity&quot;:&quot;100&quot;,&quot;border_thickness&quot;:&quot;1px&quot;}\" >\n<div\n\t\t\t\n\t\t\tclass=\"so-widget-sow-editor so-widget-sow-editor-base\"\n\t\t\t\n\t\t><\/p>\n<div class=\"siteorigin-widget-tinymce textwidget\">\n<p style=\"text-align: justify;\"><span style=\"font-size: 18pt;\"><strong><span style=\"font-family: georgia, palatino, serif;\">Marie Charlotte Huysmans<\/span><\/strong><\/span><\/p>\n<p><a href=\"https:\/\/wp.ufpel.edu.br\/ppgo\/files\/2023\/09\/th.jpg\"><img class=\"alignnone wp-image-3765\" src=\"https:\/\/wp.ufpel.edu.br\/ppgo\/files\/2023\/09\/th.jpg\" alt=\"\" width=\"51\" height=\"29\" \/><\/a> <a href=\"https:\/\/orcid.org\/0000-0002-3036-7554\"><img class=\"alignnone wp-image-3704\" src=\"https:\/\/wp.ufpel.edu.br\/ppgo\/files\/2023\/09\/orcid-id.png\" alt=\"\" width=\"29\" height=\"29\" srcset=\"https:\/\/wp.ufpel.edu.br\/ppgo\/files\/2023\/09\/orcid-id.png 450w, https:\/\/wp.ufpel.edu.br\/ppgo\/files\/2023\/09\/orcid-id-400x400.png 400w, https:\/\/wp.ufpel.edu.br\/ppgo\/files\/2023\/09\/orcid-id-200x200.png 200w\" sizes=\"(max-width: 29px) 100vw, 29px\" \/><\/a> <a href=\"https:\/\/wp.ufpel.edu.br\/ppgo\/files\/2023\/09\/kisspng-computer-science-google-scholar-doctor-of-philosop-google-5ad094511a4771.2300740815236188971077.jpg\"><img class=\"alignnone wp-image-3705\" src=\"https:\/\/wp.ufpel.edu.br\/ppgo\/files\/2023\/09\/kisspng-computer-science-google-scholar-doctor-of-philosop-google-5ad094511a4771.2300740815236188971077.jpg\" alt=\"\" width=\"28\" height=\"28\" srcset=\"https:\/\/wp.ufpel.edu.br\/ppgo\/files\/2023\/09\/kisspng-computer-science-google-scholar-doctor-of-philosop-google-5ad094511a4771.2300740815236188971077.jpg 260w, https:\/\/wp.ufpel.edu.br\/ppgo\/files\/2023\/09\/kisspng-computer-science-google-scholar-doctor-of-philosop-google-5ad094511a4771.2300740815236188971077-200x200.jpg 200w\" sizes=\"(max-width: 28px) 100vw, 28px\" \/><\/a> <a href=\"https:\/\/www.webofscience.com\/wos\/author\/record\/1786169\"><img class=\"alignnone wp-image-3724\" src=\"https:\/\/wp.ufpel.edu.br\/ppgo\/files\/2023\/09\/3a2304e4-ef4f-4e12-ad2f-e43fab16210f.jpg\" alt=\"\" width=\"28\" height=\"28\" srcset=\"https:\/\/wp.ufpel.edu.br\/ppgo\/files\/2023\/09\/3a2304e4-ef4f-4e12-ad2f-e43fab16210f.jpg 225w, https:\/\/wp.ufpel.edu.br\/ppgo\/files\/2023\/09\/3a2304e4-ef4f-4e12-ad2f-e43fab16210f-200x200.jpg 200w\" sizes=\"(max-width: 28px) 100vw, 28px\" \/><\/a> <a href=\"https:\/\/www.scopus.com\/authid\/detail.uri?authorId=35565929200\"><img class=\"alignnone  wp-image-3894\" src=\"https:\/\/wp.ufpel.edu.br\/ppgo\/files\/2023\/09\/download.png\" alt=\"\" width=\"28\" height=\"28\" srcset=\"https:\/\/wp.ufpel.edu.br\/ppgo\/files\/2023\/09\/download.png 225w, https:\/\/wp.ufpel.edu.br\/ppgo\/files\/2023\/09\/download-200x200.png 200w\" sizes=\"(max-width: 28px) 100vw, 28px\" \/><\/a><\/p>\n<p>Especializa\u00e7\u00e3o: Cariologia, endodontologia, eros\u00e3o dent\u00e1ria<\/p>\n<p>Organiza\u00e7\u00e3o: Departamento de Odontologia, Radboud University Medical Center, Radboud University Nijmegen<\/p>\n<\/div>\n<\/div>\n<\/div>\n<\/div>\n<div id=\"pgc-1286-0-1\"  class=\"panel-grid-cell\"  data-weight=\"0.38196600790794\" >\n<div id=\"panel-1286-0-1-0\" class=\"so-panel widget widget_sow-image panel-first-child panel-last-child\" data-index=\"1\" data-style=\"{&quot;background_display&quot;:&quot;tile&quot;}\" >[siteorigin_widget class=&#8221;SiteOrigin_Widget_Image_Widget&#8221;]<input type=\"hidden\" value=\"{&quot;instance&quot;:{&quot;image&quot;:1287,&quot;image_fallback&quot;:&quot;&quot;,&quot;size&quot;:&quot;full&quot;,&quot;align&quot;:&quot;default&quot;,&quot;title&quot;:&quot;&quot;,&quot;title_position&quot;:&quot;hidden&quot;,&quot;alt&quot;:&quot;&quot;,&quot;url&quot;:&quot;&quot;,&quot;bound&quot;:true,&quot;_sow_form_id&quot;:&quot;5ac61ad7a1cec&quot;,&quot;_sow_form_timestamp&quot;:&quot;1522932450366&quot;,&quot;new_window&quot;:false,&quot;full_width&quot;:false,&quot;so_sidebar_emulator_id&quot;:&quot;sow-image-128610001&quot;,&quot;option_name&quot;:&quot;widget_sow-image&quot;},&quot;args&quot;:{&quot;before_widget&quot;:&quot;&lt;div id=\\&quot;panel-1286-0-1-0\\&quot; class=\\&quot;so-panel widget widget_sow-image panel-first-child panel-last-child\\&quot; data-index=\\&quot;1\\&quot; data-style=\\&quot;{&amp;quot;background_display&amp;quot;:&amp;quot;tile&amp;quot;}\\&quot; &gt;&quot;,&quot;after_widget&quot;:&quot;&lt;\\\/div&gt;&quot;,&quot;before_title&quot;:&quot;&lt;h3 class=\\&quot;widget-title\\&quot;&gt;&quot;,&quot;after_title&quot;:&quot;&lt;\\\/h3&gt;&quot;,&quot;widget_id&quot;:&quot;widget-0-1-0&quot;}}\" \/>[\/siteorigin_widget]<\/div>\n<\/div>\n<\/div>\n<\/div>\n","protected":false},"excerpt":{"rendered":"<p>Marie Charlotte Huysmans Especializa\u00e7\u00e3o: Cariologia, endodontologia, eros\u00e3o dent\u00e1ria Organiza\u00e7\u00e3o: Departamento de Odontologia, Radboud University Medical Center, Radboud University Nijmegen [siteorigin_widget class=&#8221;SiteOrigin_Widget_Image_Widget&#8221;][\/siteorigin_widget]<\/p>\n","protected":false},"author":511,"featured_media":0,"parent":350,"menu_order":0,"comment_status":"closed","ping_status":"closed","template":"","meta":{"jetpack_post_was_ever_published":false,"footnotes":""},"class_list":["post-1286","page","type-page","status-publish","hentry"],"jetpack_sharing_enabled":true,"jetpack_shortlink":"https:\/\/wp.me\/P9I8SC-kK","publishpress_future_action":{"enabled":false,"date":"2026-05-15 01:31:35","action":"change-status","newStatus":"draft","terms":[],"taxonomy":"","extraData":[]},"publishpress_future_workflow_manual_trigger":{"enabledWorkflows":[]},"_links":{"self":[{"href":"https:\/\/wp.ufpel.edu.br\/ppgo\/wp-json\/wp\/v2\/pages\/1286","targetHints":{"allow":["GET"]}}],"collection":[{"href":"https:\/\/wp.ufpel.edu.br\/ppgo\/wp-json\/wp\/v2\/pages"}],"about":[{"href":"https:\/\/wp.ufpel.edu.br\/ppgo\/wp-json\/wp\/v2\/types\/page"}],"author":[{"embeddable":true,"href":"https:\/\/wp.ufpel.edu.br\/ppgo\/wp-json\/wp\/v2\/users\/511"}],"replies":[{"embeddable":true,"href":"https:\/\/wp.ufpel.edu.br\/ppgo\/wp-json\/wp\/v2\/comments?post=1286"}],"version-history":[{"count":12,"href":"https:\/\/wp.ufpel.edu.br\/ppgo\/wp-json\/wp\/v2\/pages\/1286\/revisions"}],"predecessor-version":[{"id":3950,"href":"https:\/\/wp.ufpel.edu.br\/ppgo\/wp-json\/wp\/v2\/pages\/1286\/revisions\/3950"}],"up":[{"embeddable":true,"href":"https:\/\/wp.ufpel.edu.br\/ppgo\/wp-json\/wp\/v2\/pages\/350"}],"wp:attachment":[{"href":"https:\/\/wp.ufpel.edu.br\/ppgo\/wp-json\/wp\/v2\/media?parent=1286"}],"curies":[{"name":"wp","href":"https:\/\/api.w.org\/{rel}","templated":true}]}}