{"id":1016,"date":"2018-04-03T11:41:45","date_gmt":"2018-04-03T14:41:45","guid":{"rendered":"https:\/\/wp.ufpel.edu.br\/ppgo\/?page_id=1016"},"modified":"2024-06-03T09:55:42","modified_gmt":"2024-06-03T12:55:42","slug":"links-uteis","status":"publish","type":"page","link":"https:\/\/wp.ufpel.edu.br\/ppgo\/links-uteis\/","title":{"rendered":"LINKS \u00daTEIS"},"content":{"rendered":"<div id=\"pl-1016\" class=\"panel-layout\">\n<div id=\"pg-1016-0\" class=\"panel-grid panel-no-style\">\n<div id=\"pgc-1016-0-0\" class=\"panel-grid-cell\" data-weight=\"1\">\n<div id=\"panel-1016-0-0-0\" class=\"so-panel widget widget_sow-editor panel-first-child panel-last-child\" data-index=\"0\" data-style=\"{&quot;background_image_attachment&quot;:false,&quot;background_display&quot;:&quot;tile&quot;,&quot;background_image_size&quot;:&quot;full&quot;,&quot;background_image_opacity&quot;:&quot;100&quot;,&quot;border_thickness&quot;:&quot;1px&quot;}\">\n<div class=\"so-widget-sow-editor so-widget-sow-editor-base\">\n<div class=\"siteorigin-widget-tinymce textwidget\">\n<div>\n<p><span style=\"font-family: arial, helvetica, sans-serif; font-size: 12pt; color: #000000;\"><a style=\"color: #000000;\" href=\"https:\/\/wp.ufpel.edu.br\/ppgo\/informacoes-do-municipio-de-pelotas\/\">Informa\u00e7\u00f5es do Munic\u00edpio de Pelotas<\/a><\/span><\/p>\n<hr \/>\n<p><span style=\"font-family: arial, helvetica, sans-serif; font-size: 12pt; color: #000000;\"><a style=\"color: #000000;\" href=\"https:\/\/wp.ufpel.edu.br\/prppgi\/editais-da-pos-graduacao\/\">Pr\u00f3-Reitoria de Pesquisa, P\u00f3s-Gradua\u00e7\u00e3o e Inova\u00e7\u00e3o UFPel<\/a><\/span><\/p>\n<hr \/>\n<p><span style=\"font-family: arial, helvetica, sans-serif; font-size: 12pt; color: #000000;\"><a style=\"color: #000000;\" href=\"https:\/\/wp.ufpel.edu.br\/ppgo\/files\/2023\/11\/Manual_Versao_Final_2__18_10_2023.pdf\">Manual de normas de trabalhos acad\u00eamicos da UFPel<\/a><\/span><\/p>\n<hr \/>\n<p><span style=\"font-family: arial, helvetica, sans-serif; font-size: 12pt; color: #000000;\"><a style=\"color: #000000;\" href=\"https:\/\/wp.ufpel.edu.br\/crinter\/nucleo-de-traducoes\/\">Tradu\u00e7\u00e3o de documentos &#8211; CRInter UFPel<\/a><\/span><\/p>\n<hr \/>\n<\/div>\n<p><span style=\"font-family: arial, helvetica, sans-serif; font-size: 12pt; color: #000000;\"><a style=\"color: #000000;\" href=\"https:\/\/wp.ufpel.edu.br\/crinter\/convenios-internacionais\/\">Acordos internacionais da UFPel<\/a><\/span><\/p>\n<hr \/>\n<p><span style=\"font-family: arial, helvetica, sans-serif; font-size: 12pt; color: #000000;\"><a style=\"color: #000000;\" href=\"https:\/\/cobalto.ufpel.edu.br\/portal\/consultas\/guiatelefonicopublico\">Guia de telefones da UFPel<\/a><\/span><\/p>\n<hr \/>\n<p><span style=\"font-family: arial, helvetica, sans-serif; font-size: 12pt; color: #000000;\"><a style=\"color: #000000;\" href=\"https:\/\/wp.ufpel.edu.br\/ouvidoria\/\">Ouvidoria &#8211; UFPEL<\/a><\/span><\/p>\n<hr \/>\n<p><span style=\"font-family: arial, helvetica, sans-serif; font-size: 12pt; color: #000000;\"><a style=\"color: #000000;\" href=\"https:\/\/wp.ufpel.edu.br\/acessoainformacao\/\">Acesso \u00e1 Informa\u00e7\u00e3o &#8211; UFPEL<\/a><\/span><\/p>\n<hr \/>\n<p><span style=\"font-family: arial, helvetica, sans-serif; font-size: 12pt; color: #000000;\"><a style=\"color: #000000;\" href=\"http:\/\/sisbi.ufpel.edu.br\/?p=reqFicha\">Ficha catalogr\u00e1fica &#8211; SisBi UFPel<\/a><\/span><\/p>\n<hr \/>\n<p>&nbsp;<\/p>\n<\/div>\n<\/div>\n<\/div>\n<\/div>\n<\/div>\n<\/div>\n","protected":false},"excerpt":{"rendered":"<p>Informa\u00e7\u00f5es do Munic\u00edpio de Pelotas Pr\u00f3-Reitoria de Pesquisa, P\u00f3s-Gradua\u00e7\u00e3o e Inova\u00e7\u00e3o UFPel Manual de normas de trabalhos acad\u00eamicos da UFPel Tradu\u00e7\u00e3o de documentos &#8211; CRInter UFPel Acordos internacionais da UFPel Guia de telefones da UFPel Ouvidoria &#8211; UFPEL Acesso \u00e1 Informa\u00e7\u00e3o &#8211; UFPEL Ficha catalogr\u00e1fica &#8211; SisBi UFPel &nbsp;<\/p>\n","protected":false},"author":511,"featured_media":0,"parent":0,"menu_order":0,"comment_status":"closed","ping_status":"closed","template":"","meta":{"jetpack_post_was_ever_published":false,"footnotes":""},"class_list":["post-1016","page","type-page","status-publish","hentry"],"jetpack_sharing_enabled":true,"jetpack_shortlink":"https:\/\/wp.me\/P9I8SC-go","publishpress_future_action":{"enabled":false,"date":"2026-04-22 13:19:43","action":"change-status","newStatus":"draft","terms":[],"taxonomy":"","extraData":[]},"publishpress_future_workflow_manual_trigger":{"enabledWorkflows":[]},"_links":{"self":[{"href":"https:\/\/wp.ufpel.edu.br\/ppgo\/wp-json\/wp\/v2\/pages\/1016","targetHints":{"allow":["GET"]}}],"collection":[{"href":"https:\/\/wp.ufpel.edu.br\/ppgo\/wp-json\/wp\/v2\/pages"}],"about":[{"href":"https:\/\/wp.ufpel.edu.br\/ppgo\/wp-json\/wp\/v2\/types\/page"}],"author":[{"embeddable":true,"href":"https:\/\/wp.ufpel.edu.br\/ppgo\/wp-json\/wp\/v2\/users\/511"}],"replies":[{"embeddable":true,"href":"https:\/\/wp.ufpel.edu.br\/ppgo\/wp-json\/wp\/v2\/comments?post=1016"}],"version-history":[{"count":15,"href":"https:\/\/wp.ufpel.edu.br\/ppgo\/wp-json\/wp\/v2\/pages\/1016\/revisions"}],"predecessor-version":[{"id":4746,"href":"https:\/\/wp.ufpel.edu.br\/ppgo\/wp-json\/wp\/v2\/pages\/1016\/revisions\/4746"}],"wp:attachment":[{"href":"https:\/\/wp.ufpel.edu.br\/ppgo\/wp-json\/wp\/v2\/media?parent=1016"}],"curies":[{"name":"wp","href":"https:\/\/api.w.org\/{rel}","templated":true}]}}