{"id":989,"date":"2013-07-31T12:21:11","date_gmt":"2013-07-31T15:21:11","guid":{"rendered":"https:\/\/wp.ufpel.edu.br\/ppgna\/?page_id=989"},"modified":"2025-10-23T11:11:53","modified_gmt":"2025-10-23T14:11:53","slug":"2013-2","status":"publish","type":"page","link":"https:\/\/wp.ufpel.edu.br\/ppgna\/ingresso\/defesas\/2013-2\/","title":{"rendered":"2013"},"content":{"rendered":"<p>Aluno: Aline Porciuncula Frenzel<br \/>\nT\u00edtulo: Influ\u00eancia da composi\u00e7\u00e3o corporal na qualidade de vida de pacientes com c\u00e2ncer de mama\u00a0<a href=\"https:\/\/wp.ufpel.edu.br\/ppgna\/files\/2013\/07\/Disserta\u00e7\u00e3o-Aline-Porci\u00fancula-Frenzel.pdf\">[Download]<\/a><br \/>\nOrientador: Maria Cristina Gonzalez<\/p>\n<p>Aluno: Alessandra Doumid Borges Pretto<br \/>\nT\u00edtulo: H\u00e1bitos de vida dos profissionais de ambulat\u00f3rios do Sistema \u00fanico de sa\u00fade do munic\u00edpio de Pelotas\/RS\u00a0<a href=\"https:\/\/wp.ufpel.edu.br\/ppgna\/files\/2013\/07\/Disserta\u00e7\u00e3o-Alessandra-Doumid-Borges-Pretto.pdf\">[Download]<\/a><br \/>\nOrientador: Maria Cec\u00edlia Formoso Assun\u00e7\u00e3o<\/p>\n<p>Aluno: Darlise Rodrigues dos Passos<br \/>\nT\u00edtulo: Comportamento alimentar de crian\u00e7as de uma escola privada no munic\u00edpio de Pelotas, RS\u00a0<a href=\"https:\/\/wp.ufpel.edu.br\/ppgna\/files\/2013\/07\/Disserta\u00e7\u00e3o-Darlise-Rodrigues-dos-Passos.pdf\">[Download]<\/a><br \/>\nOrientador: Alicia Matijasevich Manitto<\/p>\n<p>Aluno: Francine Vilela Maciel<br \/>\nT\u00edtulo: qualidade da dieta e estilo de vida de adolescentes de uma escola particular de Pelotas, RS\u00a0<a href=\"https:\/\/wp.ufpel.edu.br\/ppgna\/files\/2013\/07\/Disserta\u00e7\u00e3o-Francine-Villela-Maciel.pdf\">[Download]<\/a><br \/>\nOrientador: Denise Petrucci Gigante<\/p>\n<p>Aluno: Nath\u00e1lia Cardoso Salom\u00e3o<br \/>\nT\u00edtulo: Excesso de peso, obesidade abdominal e estilo de vida em adultos e idosos\u00a0<a href=\"https:\/\/wp.ufpel.edu.br\/ppgna\/files\/2013\/07\/Disserta\u00e7\u00e3o-Nath\u00e1lia-Cardoso-Salom\u00e3o.pdf\">[Download]<\/a><br \/>\nOrientador: Cora Lu\u00edza Pavin Ara\u00fajo<\/p>\n<p>Aluno: Renata Brasil<br \/>\nT\u00edtulo: Educa\u00e7\u00e3o nutricional de pr\u00e9-escolares: consumo de alimentos ricos em ferro e vitamina C\u00a0<a href=\"https:\/\/wp.ufpel.edu.br\/ppgna\/files\/2013\/07\/Disserta\u00e7\u00e3o-Renata-Brasil.pdf\">[Download]<\/a><br \/>\nOrientador: M\u00e1rcia R\u00fabia Duarte Buchweitz<\/p>\n<p>Aluno: Alcides Gomes Neto<br \/>\nT\u00edtulo: Desenvolvimento de prepara\u00e7\u00f5es alimentares fontes de ferro para pr\u00e9-escolares: aceita\u00e7\u00e3o e avalia\u00e7\u00e3o das boas pr\u00e1ticas\u00a0<a href=\"https:\/\/wp.ufpel.edu.br\/ppgna\/files\/2013\/07\/Disserta\u00e7\u00e3o-Alcides-Gomes-Neto.pdf\">[Download]<\/a><br \/>\nOrientador: M\u00e1rcia R\u00fabia Duarte Buchweitz<\/p>\n<p>Aluno: Jaqueline Valle de Bairros<br \/>\nT\u00edtulo: Condi\u00e7\u00f5es higi\u00eanico-sanit\u00e1rias dos servi\u00e7os de alimentos e bebidas de hot\u00e9is do munic\u00edpio de Pelotas\/RS\u00a0<a href=\"https:\/\/wp.ufpel.edu.br\/ppgna\/files\/2013\/07\/Disserta\u00e7\u00e3o-Jacqueline-Valle-de-Bairros.pdf\">[Download]<\/a><br \/>\nOrientador: Elizabete Helbig<\/p>\n<p>Aluno: Mariana de Azevedo Bemvenuti<br \/>\nT\u00edtulo: Constru\u00e7\u00e3o e valida\u00e7\u00e3o de um Question\u00e1rio de Frequ\u00eancia Alimentar para avaliar consumo de vitaminas antioxidantes\u00a0<a href=\"https:\/\/wp.ufpel.edu.br\/ppgna\/files\/2013\/07\/Disserta\u00e7\u00e3o-Mariana-de-Azevedo-Bemvenuti.pdf\">[Download]<\/a><br \/>\nOrientador: Maria Cec\u00edlia Formoso Assun\u00e7\u00e3o<\/p>\n<p>Aluno: Luciana Dieguez Ferreira Passos<br \/>\nT\u00edtulo: Avalia\u00e7\u00e3o f\u00edsico-qu\u00edmica, microbiol\u00f3gica e dos processos de produ\u00e7\u00e3o da dieta enteral adminis- trada em uma unidade hospitalar do sul do RS\u00a0<a href=\"https:\/\/wp.ufpel.edu.br\/ppgna\/files\/2013\/07\/Disserta\u00e7\u00e3o-Luciana-Dieguez-Ferreira-Passos.pdf\">[Download]<\/a><br \/>\nOrientador: Elizabete Helbig<\/p>\n<p>Aluno: Jana\u00edna Martins Gon\u00e7alves Cascaes Silva<br \/>\nT\u00edtulo: Efeito da associa\u00e7\u00e3o entre os probi\u00f3ticos Saccharomyces boulardii e Bacillus cereus var. Toyoi sobre a prote\u00e7\u00e3o contra desafio com Salmonella Typhimurium em camundongos\u00a0<a href=\"https:\/\/wp.ufpel.edu.br\/ppgna\/files\/2013\/07\/Disserta\u00e7\u00e3o-Jana\u00edna-Martins-Gon\u00e7alves-Cascaes-Silva.pdf\">[Download]<\/a><br \/>\nOrientador: \u00c2ngela Nunes Moreira<\/p>\n<p>Aluno: Denise Oliveira Pacheco<br \/>\nT\u00edtulo: Presen\u00e7a, enumera\u00e7\u00e3o e preval\u00eancia de Salmonella spp., Pseudomonas spp., Listeria monocyto-genes e micro-organismos indicadores em carca\u00e7as de frango nas etapas de abate\u00a0<a href=\"https:\/\/wp.ufpel.edu.br\/ppgna\/files\/2013\/07\/Disserta\u00e7\u00e3o-Denise-Oliveira-Pacheco.pdf\">[Download]<\/a><br \/>\nOrientador: Eliezer Avila Gandra<\/p>\n<p>Aluno: Alessandra Oliveira da Silva Haertel<br \/>\nT\u00edtulo: Avalia\u00e7\u00e3o da qualidade nutricional e funcional de morangos minimamente processados submetidos ao revestimento \u00e0 base de f\u00e9cula de mandioca\u00a0<a href=\"https:\/\/wp.ufpel.edu.br\/ppgna\/files\/2013\/07\/Disserta\u00e7\u00e3o-Alessandra-Oliveira-da-Silva-Haertel.pdf\">[Download]<\/a><br \/>\nOrientador: Rui Carlos Zambiazi<\/p>\n","protected":false},"excerpt":{"rendered":"<p>Aluno: Aline Porciuncula Frenzel T\u00edtulo: Influ\u00eancia da composi\u00e7\u00e3o corporal na qualidade de vida de pacientes com c\u00e2ncer de mama\u00a0[Download] Orientador: Maria Cristina Gonzalez Aluno: Alessandra Doumid Borges Pretto T\u00edtulo: H\u00e1bitos de vida dos profissionais de ambulat\u00f3rios do Sistema \u00fanico de sa\u00fade do munic\u00edpio de Pelotas\/RS\u00a0[Download] Orientador: Maria Cec\u00edlia Formoso Assun\u00e7\u00e3o Aluno: Darlise Rodrigues dos Passos [&hellip;]<\/p>\n","protected":false},"author":209,"featured_media":0,"parent":4330,"menu_order":0,"comment_status":"closed","ping_status":"closed","template":"","meta":{"jetpack_post_was_ever_published":false,"footnotes":""},"class_list":["post-989","page","type-page","status-publish","hentry"],"jetpack_sharing_enabled":true,"jetpack_shortlink":"https:\/\/wp.me\/P8FvYb-fX","_links":{"self":[{"href":"https:\/\/wp.ufpel.edu.br\/ppgna\/wp-json\/wp\/v2\/pages\/989","targetHints":{"allow":["GET"]}}],"collection":[{"href":"https:\/\/wp.ufpel.edu.br\/ppgna\/wp-json\/wp\/v2\/pages"}],"about":[{"href":"https:\/\/wp.ufpel.edu.br\/ppgna\/wp-json\/wp\/v2\/types\/page"}],"author":[{"embeddable":true,"href":"https:\/\/wp.ufpel.edu.br\/ppgna\/wp-json\/wp\/v2\/users\/209"}],"replies":[{"embeddable":true,"href":"https:\/\/wp.ufpel.edu.br\/ppgna\/wp-json\/wp\/v2\/comments?post=989"}],"version-history":[{"count":6,"href":"https:\/\/wp.ufpel.edu.br\/ppgna\/wp-json\/wp\/v2\/pages\/989\/revisions"}],"predecessor-version":[{"id":2201,"href":"https:\/\/wp.ufpel.edu.br\/ppgna\/wp-json\/wp\/v2\/pages\/989\/revisions\/2201"}],"up":[{"embeddable":true,"href":"https:\/\/wp.ufpel.edu.br\/ppgna\/wp-json\/wp\/v2\/pages\/4330"}],"wp:attachment":[{"href":"https:\/\/wp.ufpel.edu.br\/ppgna\/wp-json\/wp\/v2\/media?parent=989"}],"curies":[{"name":"wp","href":"https:\/\/api.w.org\/{rel}","templated":true}]}}