{"id":4507,"date":"2026-02-14T13:31:37","date_gmt":"2026-02-14T16:31:37","guid":{"rendered":"https:\/\/wp.ufpel.edu.br\/ppgna\/?page_id=4507"},"modified":"2026-03-01T14:03:03","modified_gmt":"2026-03-01T17:03:03","slug":"mariana-giaretta-mathias","status":"publish","type":"page","link":"https:\/\/wp.ufpel.edu.br\/ppgna\/docentes\/associados\/mariana-giaretta-mathias\/","title":{"rendered":"Mariana Giaretta Mathias"},"content":{"rendered":"<table style=\"width: 100%; border-collapse: collapse;\" border=\"0\">\n<tbody>\n<tr style=\"height: 177px;\">\n<td style=\"width: 83.333333%; height: 177px;\" colspan=\"2\"><a href=\"https:\/\/wp.ufpel.edu.br\/ppgna\/files\/2026\/02\/servletrecuperafoto-2.jpeg\"><img class=\"aligncenter wp-image-4550\" src=\"https:\/\/wp.ufpel.edu.br\/ppgna\/files\/2026\/02\/servletrecuperafoto-2-293x400.jpeg\" alt=\"\" width=\"156\" height=\"213\" srcset=\"https:\/\/wp.ufpel.edu.br\/ppgna\/files\/2026\/02\/servletrecuperafoto-2-293x400.jpeg 293w, https:\/\/wp.ufpel.edu.br\/ppgna\/files\/2026\/02\/servletrecuperafoto-2-751x1024.jpeg 751w, https:\/\/wp.ufpel.edu.br\/ppgna\/files\/2026\/02\/servletrecuperafoto-2-768x1047.jpeg 768w, https:\/\/wp.ufpel.edu.br\/ppgna\/files\/2026\/02\/servletrecuperafoto-2-1127x1536.jpeg 1127w, https:\/\/wp.ufpel.edu.br\/ppgna\/files\/2026\/02\/servletrecuperafoto-2.jpeg 1131w\" sizes=\"(max-width: 156px) 100vw, 156px\" \/><\/a><\/td>\n<\/tr>\n<tr style=\"height: 24px;\">\n<td style=\"width: 83.333333%; height: 24px; text-align: center;\" colspan=\"2\"><strong>Mariana Giaretta Mathias<\/strong><\/td>\n<\/tr>\n<tr style=\"height: 24px;\">\n<td style=\"width: 83.333333%; height: 24px; text-align: center;\" colspan=\"2\"><strong>Linha <b>Cl\u00ednica e Epidemiologia Nutricional<\/b><\/strong><\/td>\n<\/tr>\n<tr style=\"height: 24px;\">\n<td style=\"width: 43.598616%; height: 24px; text-align: center;\"><a href=\"mailto:marimathias@gmail.com\">Email<\/a><\/td>\n<td style=\"width: 39.734717%; height: 24px; text-align: center;\"><a href=\"http:\/\/lattes.cnpq.br\/5366146265979601\" target=\"_blank\" rel=\"noopener noreferrer\">Curr\u00edculo Lattes<\/a><\/td>\n<\/tr>\n<tr style=\"height: 24px;\">\n<td style=\"height: 24px; text-align: justify; width: 83.333333%;\" colspan=\"2\"><strong>Gradua\u00e7\u00e3o:<\/strong> Nutri\u00e7\u00e3o e Metabolismo &#8211; USP<br \/>\n<strong>Mestrado:<\/strong> Doutorado em Sa\u00fade da Crian\u00e7a e do Adolescente &#8211; USP<br \/>\n<strong>Doutorado:<\/strong> Doutorado em Sa\u00fade da Crian\u00e7a e do Adolescente &#8211; USP<\/td>\n<\/tr>\n<tr style=\"height: 24px;\">\n<td style=\"text-align: justify; width: 83.333333%; height: 24px;\" colspan=\"2\"><\/td>\n<\/tr>\n<tr style=\"height: 48px;\">\n<td style=\"text-align: justify; height: 48px; width: 83.333333%;\" colspan=\"2\"><strong>Principais temas de pesquisa:<\/strong><br \/>\nAlimenta\u00e7\u00e3o escolar, cultura alimentar, frutas nativas, seguran\u00e7a alimentar e nutricional e alimenta\u00e7\u00e3o infantil<\/td>\n<\/tr>\n<tr style=\"height: 24px;\">\n<td style=\"text-align: justify; height: 24px; width: 83.333333%;\" colspan=\"2\"><strong>\u00a0<\/strong><\/td>\n<\/tr>\n<tr style=\"height: 24px;\">\n<td style=\"text-align: justify; width: 83.333333%; height: 24px;\" colspan=\"2\"><strong>Publica\u00e7\u00f5es destaque<\/strong><\/td>\n<\/tr>\n<tr style=\"height: 612px;\">\n<td style=\"width: 83.333333%; text-align: justify; height: 612px;\" colspan=\"2\">\n<p style=\"font-weight: 400;\">BARROS, TAMIRIS ; VENANCIO, VINICIUS ; HERNANDES, L\u00cdVIA ; ANTUNES, LUSANIA ; HILLESHEIM, E. ;\u00a0<a href=\"http:\/\/lattes.cnpq.br\/4602225149029853\">SALOM\u00c3O, ROBERTA<\/a>\u00a0;\u00a0<strong>MATHIAS, M. G.<\/strong>\u00a0; COELHO-LANDELL, CAROLINA ; TOFFANO, ROSELI ; ALMADA, MARIA ; CAMELO-JUNIOR, JOS\u00c9 ; MOCO, SOFIA ; COMINETTI, ORNELLA ;\u00a0<a href=\"http:\/\/lattes.cnpq.br\/2051417263430372\">UED, F\u00c1BIO<\/a>\u00a0;\u00a0<a href=\"http:\/\/lattes.cnpq.br\/0988291515882178\">KAPUT, JIM<\/a>\u00a0;\u00a0<a href=\"http:\/\/lattes.cnpq.br\/3757137388740494\">MONTEIRO, JACQUELINE<\/a>\u00a0. DNA Damage, n-3 Long-Chain PUFA Levels and Proteomic Profile in Brazilian Children and Adolescents. Nutrients, v. 13, p. 2483, 2021.<\/p>\n<p style=\"font-weight: 400;\">BARROS, TAMIRIS TREVISAN ; VENANCIO, VINICIUS ; HERNANDES, LIVIA CRISTINA ; GREGGI ANTUNES, LUS\u00c2NIA MARIA ; HILLESHEIM, E. ;\u00a0<a href=\"http:\/\/lattes.cnpq.br\/4602225149029853\">SALOM\u00c3O, ROBERTA GARCIA<\/a>\u00a0;\u00a0<strong>MATHIAS, M. G.<\/strong>\u00a0; COELHO-LANDELL, CAROLINA ALMEIDA ; TOFFANO, ROSELI DONEG\u00c1 ; ALMADA, MARIA OLIMPIA RIBEIRO DO VALE ; CAMELO-JUNIOR, JOS\u00c9 SIMON ; MOCO, SOFIA ;\u00a0<a href=\"http:\/\/lattes.cnpq.br\/2051417263430372\">UED, FABIO VEIGA<\/a>\u00a0;\u00a0<a href=\"http:\/\/lattes.cnpq.br\/0988291515882178\">KAPUT, JIM<\/a>\u00a0;\u00a0<a href=\"http:\/\/lattes.cnpq.br\/3757137388740494\">MONTEIRO, JACQUELINE PONTES<\/a> . DNA damage are inversely associated to blood levels of DHA and EPA fatty acids in Brazilian children and adolescents. Food &amp; Function, v. 11, p., 2020.<\/p>\n<p style=\"font-weight: 400;\">ALMADA, MARIA OL\u00cdMPIA RIBEIRO DO VALE ; ALMEIDA, ANE CRISTINA FAY\u00c3O ;\u00a0<a href=\"http:\/\/lattes.cnpq.br\/2051417263430372\">UED, F\u00c1BIO DA VEIGA<\/a>\u00a0;\u00a0<strong>MATHIAS, M. G.<\/strong>\u00a0; COELHO-LANDELL, CAROLINA DE ALMEIDA ;\u00a0<a href=\"http:\/\/lattes.cnpq.br\/4602225149029853\">SALOM\u00c3O, ROBERTA GARCIA<\/a>\u00a0; TOFFANO, ROSELI BORGES DONEG\u00c1 ; CAMARNEIRO, JOYCE MORAES ; HILLESHEIM, E. ; BARROS, TAMIRIS TREVISAN DE ; CAMELO-JUNIOR, JOS\u00c9 SIMON ; MOCO, SOFIA ;\u00a0<a href=\"http:\/\/lattes.cnpq.br\/0988291515882178\">KAPUT, JIM<\/a>\u00a0;\u00a0<a href=\"http:\/\/lattes.cnpq.br\/3757137388740494\">MONTEIRO, JACQUELINE PONTES<\/a> . Metabolic Groups Related to Blood Vitamin Levels and Inflammatory Biomarkers in Brazilian Children and Adolescents. JOURNAL OF NUTRITIONAL SCIENCE AND VITAMINOLOGY, v. 66, p. 515-525, 2020.<\/p>\n<p style=\"font-weight: 400;\">COELHO&#8217;LANDELL, CAROLINA ALMEIDA ;\u00a0<a href=\"http:\/\/lattes.cnpq.br\/4602225149029853\">SALOM\u00c3O, ROBERTA GARCIA<\/a>\u00a0; ALMADA, MARIA OLIMPIA RIBEIRO DO VALE ;\u00a0<strong>MATHIAS, M. G.<\/strong>\u00a0; TOFFANO, ROSELI BORGES DONEGA ; HILLESHEIM, E. ; BARROS, TAMIRIS TREVISAN ; CAMARNEIRO, JOYCE MORAES ; CAMELO&#8217;JUNIOR, JOS\u00c9 SIMON ; ROSA, JOS\u00c9 CESAR ; IZUMI, CLARICE ; CZERNISZ, \u00c9RIKA ; MOCO, SOFIA ;\u00a0<a href=\"http:\/\/lattes.cnpq.br\/0988291515882178\">KAPUT, JIM<\/a>\u00a0;\u00a0<a href=\"http:\/\/lattes.cnpq.br\/3757137388740494\">MONTEIRO, JACQUELINE PONTES<\/a>\u00a0. Metabo groups in response to micronutrient intervention: Pilot study. FOOD SCIENCE &amp; NUTRITION, v. 8, p. 683-693, 2019.<\/p>\n<p style=\"font-weight: 400;\"><a href=\"http:\/\/lattes.cnpq.br\/2051417263430372\">UED, F\u00c1BIO V.<\/a>\u00a0;\u00a0<strong>MATHIAS, M. G.<\/strong>\u00a0; TOFFANO, ROSELI B. D. ; BARROS, TAMIRIS T. ; ALMADA, MARIA OL\u00cdMPIA R. V. ;\u00a0<a href=\"http:\/\/lattes.cnpq.br\/4602225149029853\">SALOM\u00c3O, ROBERTA G.<\/a>\u00a0; COELHO-LANDELL, CAROLINA A. ; HILLESHEIM, E. ; CAMARNEIRO, JOYCE M. ; CAMELO-JUNIOR, JOS\u00c9 SIMON ; ARAGON, DAVI C. ; MOCO, SOFIA ; KUSSMANN, MARTIN ;\u00a0<a href=\"http:\/\/lattes.cnpq.br\/0988291515882178\">KAPUT, JIM<\/a>\u00a0;\u00a0<a href=\"http:\/\/lattes.cnpq.br\/3757137388740494\">MONTEIRO, JACQUELINE P.<\/a>\u00a0. Vitamin B2 and Folate Concentrations are Associated with ARA, EPA and DHA Fatty Acids in Red Blood Cells of Brazilian Children and Adolescents. Nutrients, v. 11, p. 2918, 2019.<\/p>\n<p style=\"font-weight: 400;\"><strong>MATHIAS, MARIANA GIARETTA<\/strong>; DE ALMEIDA COELHO-LANDELL, CAROLINA ; SCOTT-BOYER, MARIE-PIER ; LACROIX, S\u00c9BASTIEN ; MORINE, MELISSA J. ;\u00a0<a href=\"http:\/\/lattes.cnpq.br\/4602225149029853\">SALOM\u00c3O, ROBERTA GARCIA<\/a>\u00a0; TOFFANO, ROSELI BORGES DONEG\u00c1 ; RIBEIRO DO VALE ALMADA, MARIA OL\u00cdMPIA ; CAMARNEIRO, JOYCE MORAES ; HILLESHEIM, ELAINE ; DE BARROS, TAMIRIS TREVISAN ; CAMELO-JUNIOR, JOS\u00c9 SIMON ; GIM\u00c9NEZ, ESTHER CAMPOS ; MEISSER, KARINE ; GOYON, ALEXANDRE ; BERTSCHY, EMMANUELLE ; L\u00c9V\u00caQUES, ANTOINE ; OBERSON, JEAN-MARIE ; GIM\u00c9NEZ, CATHERINE ; CARAYOL, JEROME ; et.al . Clinical &amp; Vitamin Response to a Short-Term Multi-Micronutrient Intervention in Brazilian Children &amp; Teens: From Population Data to Inter-Individual Responses. MOLECULAR NUTRITION &amp; FOOD RESEARCH, v. 170061, p. 1700613, 2018.<\/p>\n<p style=\"font-weight: 400;\">TOFFANO, ROSELI ; HILLESHEIM, ELAINE ;\u00a0<strong>MATHIAS, MARIANA<\/strong>\u00a0; COELHO-LANDELL, CAROLINA ;\u00a0<a href=\"http:\/\/lattes.cnpq.br\/4602225149029853\">SALOM\u00c3O, ROBERTA<\/a>\u00a0; ALMADA, MARIA ; CAMARNEIRO, JOYCE ; BARROS, TAMIRIS ; CAMELO-JUNIOR, JOS\u00c9 ; REZZI, SERGE ; GOULET, LAURENCE ; GINER, MARIA ; SILVA, LAETICIA ; MARTIN, FRANCOIS-PIERRE ; MONTOLIU, IVAN ; MOCO, SOFIA ; COLLINO, SEBASTIANO ;\u00a0<a href=\"http:\/\/lattes.cnpq.br\/0988291515882178\">KAPUT, JIM<\/a>\u00a0;\u00a0<a href=\"http:\/\/lattes.cnpq.br\/3757137388740494\">MONTEIRO, JACQUELINE<\/a>\u00a0. Validation of the Brazilian Healthy Eating Index-Revised Using Biomarkers in Children and Adolescents. Nutrients, v. 10, p. 154, 2018.<\/p>\n<\/td>\n<\/tr>\n<\/tbody>\n<\/table>\n<p>&nbsp;<\/p>\n","protected":false},"excerpt":{"rendered":"<p>Mariana Giaretta Mathias Linha Cl\u00ednica e Epidemiologia Nutricional Email Curr\u00edculo Lattes Gradua\u00e7\u00e3o: Nutri\u00e7\u00e3o e Metabolismo &#8211; USP Mestrado: Doutorado em Sa\u00fade da Crian\u00e7a e do Adolescente &#8211; USP Doutorado: Doutorado em Sa\u00fade da Crian\u00e7a e do Adolescente &#8211; USP Principais temas de pesquisa: Alimenta\u00e7\u00e3o escolar, cultura alimentar, frutas nativas, seguran\u00e7a alimentar e nutricional e alimenta\u00e7\u00e3o [&hellip;]<\/p>\n","protected":false},"author":209,"featured_media":0,"parent":4570,"menu_order":0,"comment_status":"closed","ping_status":"closed","template":"","meta":{"jetpack_post_was_ever_published":false,"footnotes":""},"class_list":["post-4507","page","type-page","status-publish","hentry"],"jetpack_sharing_enabled":true,"jetpack_shortlink":"https:\/\/wp.me\/P8FvYb-1aH","_links":{"self":[{"href":"https:\/\/wp.ufpel.edu.br\/ppgna\/wp-json\/wp\/v2\/pages\/4507","targetHints":{"allow":["GET"]}}],"collection":[{"href":"https:\/\/wp.ufpel.edu.br\/ppgna\/wp-json\/wp\/v2\/pages"}],"about":[{"href":"https:\/\/wp.ufpel.edu.br\/ppgna\/wp-json\/wp\/v2\/types\/page"}],"author":[{"embeddable":true,"href":"https:\/\/wp.ufpel.edu.br\/ppgna\/wp-json\/wp\/v2\/users\/209"}],"replies":[{"embeddable":true,"href":"https:\/\/wp.ufpel.edu.br\/ppgna\/wp-json\/wp\/v2\/comments?post=4507"}],"version-history":[{"count":3,"href":"https:\/\/wp.ufpel.edu.br\/ppgna\/wp-json\/wp\/v2\/pages\/4507\/revisions"}],"predecessor-version":[{"id":4551,"href":"https:\/\/wp.ufpel.edu.br\/ppgna\/wp-json\/wp\/v2\/pages\/4507\/revisions\/4551"}],"up":[{"embeddable":true,"href":"https:\/\/wp.ufpel.edu.br\/ppgna\/wp-json\/wp\/v2\/pages\/4570"}],"wp:attachment":[{"href":"https:\/\/wp.ufpel.edu.br\/ppgna\/wp-json\/wp\/v2\/media?parent=4507"}],"curies":[{"name":"wp","href":"https:\/\/api.w.org\/{rel}","templated":true}]}}