{"id":4498,"date":"2026-02-14T13:17:05","date_gmt":"2026-02-14T16:17:05","guid":{"rendered":"https:\/\/wp.ufpel.edu.br\/ppgna\/?page_id=4498"},"modified":"2026-03-01T14:02:31","modified_gmt":"2026-03-01T17:02:31","slug":"chirle-raphaelli","status":"publish","type":"page","link":"https:\/\/wp.ufpel.edu.br\/ppgna\/docentes\/associados\/chirle-raphaelli\/","title":{"rendered":"Chirle Raphaelli"},"content":{"rendered":"<table style=\"width: 100%; border-collapse: collapse;\" border=\"0\">\n<tbody>\n<tr style=\"height: 177px;\">\n<td style=\"width: 43.598616%; height: 177px;\" colspan=\"2\"><strong><a href=\"https:\/\/wp.ufpel.edu.br\/ppgna\/files\/2026\/02\/WgFotografo-66.jpg.jpeg\"><img class=\"aligncenter wp-image-4546\" src=\"https:\/\/wp.ufpel.edu.br\/ppgna\/files\/2026\/02\/WgFotografo-66.jpg-300x400.jpeg\" alt=\"\" width=\"154\" height=\"205\" srcset=\"https:\/\/wp.ufpel.edu.br\/ppgna\/files\/2026\/02\/WgFotografo-66.jpg-300x400.jpeg 300w, https:\/\/wp.ufpel.edu.br\/ppgna\/files\/2026\/02\/WgFotografo-66.jpg-768x1024.jpeg 768w, https:\/\/wp.ufpel.edu.br\/ppgna\/files\/2026\/02\/WgFotografo-66.jpg.jpeg 1080w\" sizes=\"(max-width: 154px) 100vw, 154px\" \/><\/a><\/strong><\/td>\n<\/tr>\n<tr style=\"height: 24px;\">\n<td style=\"width: 43.59861591695502%; height: 24px; text-align: center;\" colspan=\"2\"><strong>Chirle de Oliveira Raphaelli<\/strong><\/td>\n<\/tr>\n<tr style=\"height: 24px;\">\n<td style=\"width: 43.59861591695502%; height: 24px; text-align: center;\" colspan=\"2\"><strong>An\u00e1lise e Controle de Qualidade de Alimentos<\/strong><\/td>\n<\/tr>\n<tr style=\"height: 24px;\">\n<td style=\"width: 43.59861591695502%; height: 24px; text-align: center;\"><a href=\"mailto:chirleraphaelli@gmail.com\">Email<\/a><\/td>\n<td style=\"width: 39.73471741637832%; height: 24px; text-align: center;\"><a href=\"http:\/\/lattes.cnpq.br\/3606432441183353\" target=\"_blank\" rel=\"noopener noreferrer\">Curr\u00edculo Lattes<\/a><\/td>\n<\/tr>\n<tr style=\"height: 24px;\">\n<td style=\"height: 24px; text-align: justify; width: 83.33333333333334%;\" colspan=\"2\"><strong>Gradua\u00e7\u00e3o:<\/strong>\u00a0Nutri\u00e7\u00e3o &#8211; UFPel; Gastronomia \u2013 Unicelular<br \/>\n<strong>Mestrado:<\/strong>\u00a0Educa\u00e7\u00e3o F\u00edsica \u2013 UFPel<br \/>\n<strong>Doutorado:<\/strong>\u00a0Ci\u00eancia e Tecnologia de Alimentos \u00a0\u2013 UFPel<\/td>\n<\/tr>\n<tr style=\"height: 24px;\">\n<td style=\"text-align: justify; width: 83.333333%; height: 24px;\" colspan=\"2\"><\/td>\n<\/tr>\n<tr style=\"height: 72px;\">\n<td style=\"text-align: justify; height: 72px;\" colspan=\"2\"><strong>Principais temas de pesquisa:<\/strong><br \/>\nEnsaios in vitro, inibi\u00e7\u00e3o enzim\u00e1tica, frutas e hortali\u00e7as, atividade antioxidante e efeitos dos compostos bioativos em doen\u00e7as cr\u00f4nicas.<\/td>\n<\/tr>\n<tr style=\"height: 24px;\">\n<td style=\"text-align: justify; height: 24px;\" colspan=\"2\"><strong>\u00a0<\/strong><\/td>\n<\/tr>\n<tr style=\"height: 24px;\">\n<td style=\"text-align: justify; width: 83.333333%; height: 24px;\" colspan=\"2\"><strong>Publica\u00e7\u00f5es destaque<\/strong><\/td>\n<\/tr>\n<tr style=\"height: 284px;\">\n<td style=\"width: 83.333333%; text-align: justify; height: 284px;\" colspan=\"2\">\n<p><b>RAPHAELLI, C. O.; <\/b>AZEVEDO, J\u00c9SSICA GON\u00c7ALVES ; PEREIRA, E. S. ; VINHOLES, J. R. ; CAMARGO, T. M. ; HOFFMANN, J. F.; RIBEIRO, J. A. ; VIZZOTTO, M. ; ROMBALDI, C. V. ; WINK, M. R. ; BRAGANHOL, ELIZANDRA ; NORA, LEONARDO . Phenolic-rich apple extracts have photoprotective and anti-cancer effect in dermal cells. Phytomedicine Plus, v. 1, p. 1-12, 2021<\/p>\n<p><b>RAPHAELLI, CHIRLE DE OLIVERIA<\/b>; GUERRA, D. ; PEREIRA, E. S. ; VINHOLES, J. R. ; CAMARGO, T. M. ; SCHWARZ, S. F. ; SILVA, M. A. S. ; VIZZOTTO, M. ; ZAVAREZE, E. R. ; NORA, LEONARDO . Fruits, seeds and leaves of guabijuzeiro (Myrcianthes pungens (O. Berg) D. Legrand): characteristics, uses and health benefits. Journal of Food Science and Technology, v. 1, p. 1, 2023.<\/p>\n<p><b>DE OLIVEIRA RAPHAELLI, CHIRLE<\/b>; CAMARGO, T. M. ; RADUNZ, M. ; PEREIRA, E. S. ; CONCENCO, F. I. G. R. ; VIZZOTTO, M. ; ZAVAREZE, E. R. ; NORA, LEONARDO . Eugenia pyriformis Cambess? Myrtaceae: an Unexplored Brazilian Species with Antimicrobial and Antioxidant Potential.. CURRENT NUTRITION &amp; FOOD SCIENCE, v. 19, p. 1, 2023<\/td>\n<\/tr>\n<\/tbody>\n<\/table>\n<p>&nbsp;<\/p>\n","protected":false},"excerpt":{"rendered":"<p>Chirle de Oliveira Raphaelli An\u00e1lise e Controle de Qualidade de Alimentos Email Curr\u00edculo Lattes Gradua\u00e7\u00e3o:\u00a0Nutri\u00e7\u00e3o &#8211; UFPel; Gastronomia \u2013 Unicelular Mestrado:\u00a0Educa\u00e7\u00e3o F\u00edsica \u2013 UFPel Doutorado:\u00a0Ci\u00eancia e Tecnologia de Alimentos \u00a0\u2013 UFPel Principais temas de pesquisa: Ensaios in vitro, inibi\u00e7\u00e3o enzim\u00e1tica, frutas e hortali\u00e7as, atividade antioxidante e efeitos dos compostos bioativos em doen\u00e7as cr\u00f4nicas. \u00a0 Publica\u00e7\u00f5es [&hellip;]<\/p>\n","protected":false},"author":209,"featured_media":0,"parent":4570,"menu_order":0,"comment_status":"closed","ping_status":"closed","template":"","meta":{"jetpack_post_was_ever_published":false,"footnotes":""},"class_list":["post-4498","page","type-page","status-publish","hentry"],"jetpack_sharing_enabled":true,"jetpack_shortlink":"https:\/\/wp.me\/P8FvYb-1ay","_links":{"self":[{"href":"https:\/\/wp.ufpel.edu.br\/ppgna\/wp-json\/wp\/v2\/pages\/4498","targetHints":{"allow":["GET"]}}],"collection":[{"href":"https:\/\/wp.ufpel.edu.br\/ppgna\/wp-json\/wp\/v2\/pages"}],"about":[{"href":"https:\/\/wp.ufpel.edu.br\/ppgna\/wp-json\/wp\/v2\/types\/page"}],"author":[{"embeddable":true,"href":"https:\/\/wp.ufpel.edu.br\/ppgna\/wp-json\/wp\/v2\/users\/209"}],"replies":[{"embeddable":true,"href":"https:\/\/wp.ufpel.edu.br\/ppgna\/wp-json\/wp\/v2\/comments?post=4498"}],"version-history":[{"count":3,"href":"https:\/\/wp.ufpel.edu.br\/ppgna\/wp-json\/wp\/v2\/pages\/4498\/revisions"}],"predecessor-version":[{"id":4547,"href":"https:\/\/wp.ufpel.edu.br\/ppgna\/wp-json\/wp\/v2\/pages\/4498\/revisions\/4547"}],"up":[{"embeddable":true,"href":"https:\/\/wp.ufpel.edu.br\/ppgna\/wp-json\/wp\/v2\/pages\/4570"}],"wp:attachment":[{"href":"https:\/\/wp.ufpel.edu.br\/ppgna\/wp-json\/wp\/v2\/media?parent=4498"}],"curies":[{"name":"wp","href":"https:\/\/api.w.org\/{rel}","templated":true}]}}