{"id":437,"date":"2012-10-16T11:40:36","date_gmt":"2012-10-16T14:40:36","guid":{"rendered":"https:\/\/wp.ufpel.edu.br\/ppgna\/?page_id=437"},"modified":"2025-10-23T11:01:02","modified_gmt":"2025-10-23T14:01:02","slug":"2011-2","status":"publish","type":"page","link":"https:\/\/wp.ufpel.edu.br\/ppgna\/ingresso\/defesas\/2011-2\/","title":{"rendered":"2011"},"content":{"rendered":"<p>Aluno:\u00a0Fernanda de Oliveira Meller<br \/>\nT\u00edtulo: Fatores associados ao sobrepeso em crian\u00e7as brasileiras menores de 5 anos: PNDS-2006 <a href=\"https:\/\/wp.ufpel.edu.br\/ppgna\/files\/2012\/10\/Disserta\u00e7\u00e3o-Fernanda-de-Oliveira-Meller.pdf\">[Download]<\/a><br \/>\nOrientador:\u00a0Cora Luiza Pavin Ara\u00fajo<\/p>\n<p>Aluno:\u00a0Carla Ribeiro Ciochetto<br \/>\nT\u00edtulo: Avalia\u00e7\u00e3o do consumo de frutas e vegetais em escolares de 1\u00ba ao 4\u00ba ano do ensino fundamental de escolas do munic\u00edpio de Pelotas, RS <a href=\"https:\/\/wp.ufpel.edu.br\/ppgna\/files\/2012\/10\/Disserta\u00e7\u00e3o-Carla-Ribeiro-Ciochetto.pdf\">[Download]<\/a><br \/>\nOrientador:\u00a0Maria de F\u00e1tima Alves Vieira<\/p>\n<p>Aluno:\u00a0Ang\u00e9lica Oz\u00f3rio Linhares<br \/>\nT\u00edtulo: Estrat\u00e9gias para perder peso de jovens adultos da coorte de nascimentos de 1982 de Pelotas, RS <a href=\"https:\/\/wp.ufpel.edu.br\/ppgna\/files\/2012\/10\/Disserta\u00e7\u00e3o-Ang\u00e9lica-Oz\u00f3rio-Linhares.pdf\">[Download]<\/a><br \/>\nOrientador:\u00a0Denise Petrucci Gigante<\/p>\n<p>Aluno: Ant\u00f4nio Augusto Sch\u00e4fer<br \/>\nT\u00edtulo: Biodisponibilidade de ferro na alimenta\u00e7\u00e3o de pr\u00e9-escolares: compara\u00e7\u00e3o entre m\u00e9todos de avalia\u00e7\u00e3o <a href=\"https:\/\/wp.ufpel.edu.br\/ppgna\/files\/2012\/10\/Disserta\u00e7\u00e3o-Ant\u00f4nio-Augusto-Sch\u00e4fer.pdf\">[Download]<\/a><br \/>\nOrientador:\u00a0Maria Cec\u00edlia Formoso Assun\u00e7\u00e3o<\/p>\n<p>Aluno:\u00a0Leonardo Pozza dos Santos<br \/>\nT\u00edtulo: Inseguran\u00e7a alimentar e estado nutricional de crian\u00e7as menores de cinco anos do Brasil: PNDS-2006 <a href=\"https:\/\/wp.ufpel.edu.br\/ppgna\/files\/2012\/10\/Disserta\u00e7\u00e3o-Leonardo-Pozza-dos-Santos.pdf\">[Download]<\/a><br \/>\nOrientador:\u00a0Denise Petrucci Gigante<\/p>\n<p>Aluno:\u00a0Patr\u00edcia Abrantes Duval<br \/>\nT\u00edtulo: Impacto de uma interven\u00e7\u00e3o nutricional em pacientes adultos portadores de S\u00edndrome Metab\u00f3lica atendidos no Abulat\u00f3rio de Nutri\u00e7\u00e3o do Hospital-Escola\/UFPel <a href=\"https:\/\/wp.ufpel.edu.br\/ppgna\/files\/2012\/10\/Disserta\u00e7\u00e3o-Patr\u00edcia-Abrantes-Duval.pdf\">[Download]<\/a><br \/>\nOrientador:\u00a0Maria Cec\u00edlia Formoso Assun\u00e7\u00e3o<\/p>\n<p>&nbsp;<\/p>\n<p>&nbsp;<\/p>\n","protected":false},"excerpt":{"rendered":"<p>Aluno:\u00a0Fernanda de Oliveira Meller T\u00edtulo: Fatores associados ao sobrepeso em crian\u00e7as brasileiras menores de 5 anos: PNDS-2006 [Download] Orientador:\u00a0Cora Luiza Pavin Ara\u00fajo Aluno:\u00a0Carla Ribeiro Ciochetto T\u00edtulo: Avalia\u00e7\u00e3o do consumo de frutas e vegetais em escolares de 1\u00ba ao 4\u00ba ano do ensino fundamental de escolas do munic\u00edpio de Pelotas, RS [Download] Orientador:\u00a0Maria de F\u00e1tima Alves [&hellip;]<\/p>\n","protected":false},"author":209,"featured_media":0,"parent":4330,"menu_order":0,"comment_status":"closed","ping_status":"closed","template":"","meta":{"jetpack_post_was_ever_published":false,"footnotes":""},"class_list":["post-437","page","type-page","status-publish","hentry"],"jetpack_sharing_enabled":true,"jetpack_shortlink":"https:\/\/wp.me\/P8FvYb-73","_links":{"self":[{"href":"https:\/\/wp.ufpel.edu.br\/ppgna\/wp-json\/wp\/v2\/pages\/437","targetHints":{"allow":["GET"]}}],"collection":[{"href":"https:\/\/wp.ufpel.edu.br\/ppgna\/wp-json\/wp\/v2\/pages"}],"about":[{"href":"https:\/\/wp.ufpel.edu.br\/ppgna\/wp-json\/wp\/v2\/types\/page"}],"author":[{"embeddable":true,"href":"https:\/\/wp.ufpel.edu.br\/ppgna\/wp-json\/wp\/v2\/users\/209"}],"replies":[{"embeddable":true,"href":"https:\/\/wp.ufpel.edu.br\/ppgna\/wp-json\/wp\/v2\/comments?post=437"}],"version-history":[{"count":7,"href":"https:\/\/wp.ufpel.edu.br\/ppgna\/wp-json\/wp\/v2\/pages\/437\/revisions"}],"predecessor-version":[{"id":2150,"href":"https:\/\/wp.ufpel.edu.br\/ppgna\/wp-json\/wp\/v2\/pages\/437\/revisions\/2150"}],"up":[{"embeddable":true,"href":"https:\/\/wp.ufpel.edu.br\/ppgna\/wp-json\/wp\/v2\/pages\/4330"}],"wp:attachment":[{"href":"https:\/\/wp.ufpel.edu.br\/ppgna\/wp-json\/wp\/v2\/media?parent=437"}],"curies":[{"name":"wp","href":"https:\/\/api.w.org\/{rel}","templated":true}]}}