{"id":434,"date":"2012-10-16T11:39:41","date_gmt":"2012-10-16T14:39:41","guid":{"rendered":"https:\/\/wp.ufpel.edu.br\/ppgna\/?page_id=434"},"modified":"2025-10-23T11:01:58","modified_gmt":"2025-10-23T14:01:58","slug":"2012-2","status":"publish","type":"page","link":"https:\/\/wp.ufpel.edu.br\/ppgna\/ingresso\/defesas\/2012-2\/","title":{"rendered":"2012"},"content":{"rendered":"<p>Aluno:\u00a0D\u00e9bora Oliveira da Silva<br \/>\nT\u00edtulo: Avalia\u00e7\u00e3o do crescimento e desenvolvimento de ratos tratados com Pereskia aculeata, Miller\u00a0<a href=\"https:\/\/wp.ufpel.edu.br\/ppgna\/files\/2012\/10\/Disserta\u00e7\u00e3o-D\u00e9bora-Oliveira-da-Silva.pdf\">[Download]<\/a><br \/>\nOrientador:\u00a0Alvaro Renato Guerra Dias<\/p>\n<p>Aluno:\u00a0Carolina Galarza Vargas<br \/>\nT\u00edtulo: Efeito da linha\u00e7a (<em>Linum usitatissimum<\/em>) em forma triturada, farelo desengordurado e \u00f3leo sobre o perfil lip\u00eddico e fermenta\u00e7\u00e3o col\u00f4nica em ratos Wistar\u00a0<a href=\"https:\/\/wp.ufpel.edu.br\/ppgna\/files\/2012\/10\/Disserta\u00e7\u00e3o-Carolina-Galarza-Vargas.pdf\">[Download]<\/a><br \/>\nOrientador:\u00a0Elizabete Helbig<\/p>\n<p>Aluno:\u00a0Marisa Teresinha Costa Ferraz<br \/>\nT\u00edtulo: Perfil alimentar e antropom\u00e9trico de motoristas do transporte coletivo urbano\u00a0<a href=\"https:\/\/wp.ufpel.edu.br\/ppgna\/files\/2012\/10\/Disserta\u00e7\u00e3o-Marisa-Teresinha-Costa-Ferraz.pdf\">[Download]<\/a><br \/>\nOrientador:\u00a0Maria de F\u00e1tima Alves Vieira<\/p>\n<p>Aluno:\u00a0M\u00e1rcia Matsumura de Ara\u00fajo<br \/>\nT\u00edtulo:\u00a0Avalia\u00e7\u00e3o nutricional de atletas de esportes coletivos: perfil alimentar e caracter\u00edsticas antropom\u00e9tricas\u00a0<a href=\"https:\/\/wp.ufpel.edu.br\/ppgna\/files\/2012\/10\/Disserta\u00e7\u00e3o-M\u00e1rcia-Matsumura-de-Ara\u00fajo.pdf\">[Download]<\/a><br \/>\nOrientador:\u00a0M\u00e1rcia R\u00fabia Duarte Buchweitz<\/p>\n<p>Aluno:\u00a0Ros\u00e2ngela de Leon Veleda de Souza<br \/>\nT\u00edtulo: Padr\u00f5es alimentares de crian\u00e7as menores de seis anos e fatores associados\u00a0<a href=\"https:\/\/wp.ufpel.edu.br\/ppgna\/files\/2012\/10\/Disserta\u00e7\u00e3o-Ros\u00e2ngela-de-Leon-Veleda-de-Souza.pdf\">[Download]<\/a><br \/>\nOrientador:\u00a0Maria Cec\u00edlia Formoso Assun\u00e7\u00e3o<\/p>\n<p>Aluno:\u00a0Eliza Marques di Primio<br \/>\nT\u00edtulo: Quantifica\u00e7\u00e3o e perfil de sensibilidade e resist\u00eancia a antimicrobianos de pat\u00f3genos isolados em linhas de produ\u00e7\u00e3o de alimentos de um hospital\u00a0<a href=\"https:\/\/wp.ufpel.edu.br\/ppgna\/files\/2012\/10\/Disserta\u00e7\u00e3o-Eliza-Marques-di-Primio.pdf\">[Download]<\/a><br \/>\nOrientador:\u00a0Elizabete Helbig<\/p>\n<p>Aluno:\u00a0Juliana Macedo Gon\u00e7alves<br \/>\nT\u00edtulo: Avalia\u00e7\u00e3o das Boas Pr\u00e1ticas adotadas nas cozinhas hospitalares da cidade de Pelotas\/RS\u00a0<a href=\"https:\/\/wp.ufpel.edu.br\/ppgna\/files\/2012\/10\/Disserta\u00e7\u00e3o-Juliana-Macedo-Gon\u00e7alves.pdf\">[Download]<\/a><br \/>\nOrientador:\u00a0M\u00e1rcia R\u00fabia Duarte Buchweitz<\/p>\n<p>Aluno:\u00a0Mabel Nilson Alves<br \/>\nT\u00edtulo: Consumo alimentar entre crian\u00e7as de dois a cinco anos de idade: Pesquisa Nacional de Demografia e Sa\u00fade (PNDS), 2006\u00a0<a href=\"https:\/\/wp.ufpel.edu.br\/ppgna\/files\/2012\/10\/Disserta\u00e7\u00e3o-Mabel-Nilson-Alves.pdf\">[Download]<\/a><br \/>\nOrientador:\u00a0Maria de F\u00e1tima Alves Vieira<\/p>\n","protected":false},"excerpt":{"rendered":"<p>Aluno:\u00a0D\u00e9bora Oliveira da Silva T\u00edtulo: Avalia\u00e7\u00e3o do crescimento e desenvolvimento de ratos tratados com Pereskia aculeata, Miller\u00a0[Download] Orientador:\u00a0Alvaro Renato Guerra Dias Aluno:\u00a0Carolina Galarza Vargas T\u00edtulo: Efeito da linha\u00e7a (Linum usitatissimum) em forma triturada, farelo desengordurado e \u00f3leo sobre o perfil lip\u00eddico e fermenta\u00e7\u00e3o col\u00f4nica em ratos Wistar\u00a0[Download] Orientador:\u00a0Elizabete Helbig Aluno:\u00a0Marisa Teresinha Costa Ferraz T\u00edtulo: Perfil [&hellip;]<\/p>\n","protected":false},"author":209,"featured_media":0,"parent":4330,"menu_order":0,"comment_status":"closed","ping_status":"closed","template":"","meta":{"jetpack_post_was_ever_published":false,"footnotes":""},"class_list":["post-434","page","type-page","status-publish","hentry"],"jetpack_sharing_enabled":true,"jetpack_shortlink":"https:\/\/wp.me\/P8FvYb-70","_links":{"self":[{"href":"https:\/\/wp.ufpel.edu.br\/ppgna\/wp-json\/wp\/v2\/pages\/434","targetHints":{"allow":["GET"]}}],"collection":[{"href":"https:\/\/wp.ufpel.edu.br\/ppgna\/wp-json\/wp\/v2\/pages"}],"about":[{"href":"https:\/\/wp.ufpel.edu.br\/ppgna\/wp-json\/wp\/v2\/types\/page"}],"author":[{"embeddable":true,"href":"https:\/\/wp.ufpel.edu.br\/ppgna\/wp-json\/wp\/v2\/users\/209"}],"replies":[{"embeddable":true,"href":"https:\/\/wp.ufpel.edu.br\/ppgna\/wp-json\/wp\/v2\/comments?post=434"}],"version-history":[{"count":7,"href":"https:\/\/wp.ufpel.edu.br\/ppgna\/wp-json\/wp\/v2\/pages\/434\/revisions"}],"predecessor-version":[{"id":2186,"href":"https:\/\/wp.ufpel.edu.br\/ppgna\/wp-json\/wp\/v2\/pages\/434\/revisions\/2186"}],"up":[{"embeddable":true,"href":"https:\/\/wp.ufpel.edu.br\/ppgna\/wp-json\/wp\/v2\/pages\/4330"}],"wp:attachment":[{"href":"https:\/\/wp.ufpel.edu.br\/ppgna\/wp-json\/wp\/v2\/media?parent=434"}],"curies":[{"name":"wp","href":"https:\/\/api.w.org\/{rel}","templated":true}]}}