{"id":4058,"date":"2025-04-17T09:45:55","date_gmt":"2025-04-17T12:45:55","guid":{"rendered":"https:\/\/wp.ufpel.edu.br\/ppgna\/?page_id=4058"},"modified":"2026-02-14T14:20:43","modified_gmt":"2026-02-14T17:20:43","slug":"2025-2","status":"publish","type":"page","link":"https:\/\/wp.ufpel.edu.br\/ppgna\/ingresso\/discentes-2\/2025-2\/","title":{"rendered":"2025"},"content":{"rendered":"<table style=\"font-weight: 400;\">\n<tbody>\n<tr style=\"height: 10px;\">\n<td style=\"width: 361px; height: 10px;\" width=\"312\"><strong>DOUTORADO<\/strong><\/td>\n<td style=\"width: 276px; height: 10px;\" width=\"227\"><strong>Orientador<\/strong><\/td>\n<\/tr>\n<tr style=\"height: 54px;\">\n<td style=\"width: 361px; height: 10px;\" width=\"312\"><strong>Cl\u00ednica e Epidemiologia Nutricional<\/strong><\/td>\n<td style=\"width: 276px; height: 10px;\" width=\"227\"><strong>\u00a0<\/strong><\/td>\n<\/tr>\n<tr style=\"height: 54px;\">\n<td style=\"width: 361px; height: 26px;\" width=\"312\">Laura Vargas Hoffmann<\/td>\n<td style=\"width: 276px; height: 26px;\" width=\"227\">Juliana dos Santos Vaz<\/td>\n<\/tr>\n<tr style=\"height: 54px;\">\n<td style=\"width: 361px; height: 26px;\" width=\"312\">Leticia Ferreira Pires<\/td>\n<td style=\"width: 276px; height: 26px;\" width=\"227\">Juliana dos Santos Vaz<\/td>\n<\/tr>\n<tr style=\"height: 54px;\">\n<td style=\"width: 361px; height: 25px;\" width=\"312\">Marcos Jordanio Pereira Feitosa Lima<\/td>\n<td style=\"width: 276px; height: 25px;\" width=\"227\">Maria Cristina Gonzalez<\/td>\n<\/tr>\n<tr style=\"height: 54px;\">\n<td style=\"width: 361px; height: 28px;\" width=\"312\">Larissa Amaral de Matos (2\u00ba semestre)<\/td>\n<td style=\"width: 276px; height: 28px;\" width=\"227\">Juliana dos Santos Vaz<\/td>\n<\/tr>\n<tr style=\"height: 54px;\">\n<td style=\"width: 361px; height: 26px;\" width=\"312\">La\u00edza Rodrigues Mucenecki (2\u00ba semestre)<\/td>\n<td style=\"width: 276px; height: 26px;\" width=\"227\">Renata Moraes Bielemann<\/td>\n<\/tr>\n<tr style=\"height: 54px;\">\n<td style=\"width: 361px; height: 26px;\" width=\"312\">Brenda da Silva Engracio (2\u00ba semestre)<\/td>\n<td style=\"width: 276px; height: 26px;\" width=\"227\">Leonardo Pozza dos Santos<\/td>\n<\/tr>\n<tr style=\"height: 54px;\">\n<td style=\"width: 637px; height: 25px;\" colspan=\"2\" width=\"538\"><strong>An\u00e1lise e Controle de Qualidade de Alimentos<\/strong><\/td>\n<\/tr>\n<tr style=\"height: 54px;\">\n<td style=\"width: 361px; height: 27px;\" width=\"312\">Bruna Vaz da Silva<\/td>\n<td style=\"width: 276px; height: 27px;\" width=\"227\">Graciele Campelo Borges<\/td>\n<\/tr>\n<tr style=\"height: 54px;\">\n<td style=\"width: 361px; height: 27px;\" width=\"312\">J\u00e9ssica Arena Bandeira<\/td>\n<td style=\"width: 276px; height: 27px;\" width=\"227\">Eduarda Hallal Duval<\/td>\n<\/tr>\n<tr style=\"height: 54px;\">\n<td style=\"width: 361px; height: 25px;\" width=\"312\">Paola Valente Rodrigues (2\u00ba semestre)<\/td>\n<td style=\"width: 276px; height: 25px;\" width=\"227\">Eliezer \u00c1vila Gandra<\/td>\n<\/tr>\n<tr style=\"height: 54px;\">\n<td style=\"width: 361px; height: 25px;\" width=\"312\">Jeycy Kelle Sirqueira Mendon\u00e7a (2\u00ba semestre)<\/td>\n<td style=\"width: 276px; height: 25px;\" width=\"227\">Eduarda Hallal Duval<\/td>\n<\/tr>\n<tr style=\"height: 54px;\">\n<td style=\"width: 361px; height: 26px;\" width=\"312\"><strong>Nutri\u00e7\u00e3o B\u00e1sica e Experimental<\/strong><\/td>\n<td style=\"width: 276px; height: 26px;\" width=\"227\"><\/td>\n<\/tr>\n<tr style=\"height: 54px;\">\n<td style=\"width: 361px; height: 28px;\" width=\"312\">Deborah Emanuelle de Albuquerque Lemos<\/td>\n<td style=\"width: 276px; height: 28px;\" width=\"227\">Rejane Giacomelli Tavares<\/td>\n<\/tr>\n<tr style=\"height: 54px;\">\n<td style=\"width: 361px; height: 25px;\" width=\"312\">Tha\u00eds Silva de Almeida (2\u00ba semestre)<\/td>\n<td style=\"width: 276px; height: 25px;\" width=\"227\">Simone Pieniz<\/td>\n<\/tr>\n<tr style=\"height: 54px;\">\n<td style=\"width: 361px; height: 29px;\" width=\"312\"><strong>MESTRADO<\/strong><\/td>\n<td style=\"width: 276px; height: 29px;\" width=\"227\"><strong>\u00a0<\/strong><\/td>\n<\/tr>\n<tr style=\"height: 54px;\">\n<td style=\"width: 361px; height: 28px;\" width=\"312\"><strong>Cl\u00ednica e Epidemiologia Nutricional<\/strong><\/td>\n<td style=\"width: 276px; height: 28px;\" width=\"227\"><strong>\u00a0<\/strong><\/td>\n<\/tr>\n<tr style=\"height: 54px;\">\n<td style=\"width: 361px; height: 26px;\" width=\"312\">Franciane Amaral Ribeiro<\/td>\n<td style=\"width: 276px; height: 26px;\" width=\"227\">Leonardo Pozza dos Santos<\/td>\n<\/tr>\n<tr style=\"height: 54px;\">\n<td style=\"width: 361px; height: 28px;\" width=\"312\">Maria Clara Oliveira da Silva Haertel<\/td>\n<td style=\"width: 276px; height: 28px;\" width=\"227\">Leonardo Pozza dos Santos<\/td>\n<\/tr>\n<tr style=\"height: 54px;\">\n<td style=\"width: 361px; height: 26px;\" width=\"312\">Alessandra Pegoraro Schiavon<\/td>\n<td style=\"width: 276px; height: 26px;\" width=\"227\">Gicele Costa Mintem<\/td>\n<\/tr>\n<tr style=\"height: 54px;\">\n<td style=\"width: 361px; height: 25px;\" width=\"312\">Fabiana Barbosa Pacheco<\/td>\n<td style=\"width: 276px; height: 25px;\" width=\"227\">Karla Pereira Machado<\/td>\n<\/tr>\n<tr style=\"height: 54px;\">\n<td style=\"width: 361px; height: 25px;\" width=\"312\">Wanderl\u00e9ia Ortiz Martins<\/td>\n<td style=\"width: 276px; height: 25px;\" width=\"227\">Maria Cristina Gonzalez<\/td>\n<\/tr>\n<tr style=\"height: 54px;\">\n<td style=\"width: 361px; height: 27px;\" width=\"312\">P\u00e2mela dos Santos Lima (2\u00ba semestre)<\/td>\n<td style=\"width: 276px; height: 27px;\" width=\"227\">Leonardo Pozza dos Santos<\/td>\n<\/tr>\n<tr style=\"height: 54px;\">\n<td style=\"width: 361px; height: 24px;\" width=\"312\">Juliana Vargas Bastos (2\u00ba semestre)<\/td>\n<td style=\"width: 276px; height: 24px;\" width=\"227\">Renata Moraes Bielemann<\/td>\n<\/tr>\n<tr style=\"height: 54px;\">\n<td style=\"width: 637px; height: 26px;\" colspan=\"2\" width=\"538\"><strong>An\u00e1lise e Controle de Qualidade de Alimentos<\/strong><\/td>\n<\/tr>\n<tr style=\"height: 54px;\">\n<td style=\"width: 361px; height: 26px;\" width=\"312\">Fabyanne Moraes de Souza<\/td>\n<td style=\"width: 276px; height: 26px;\" width=\"227\">Eduarda Hallal Duval<\/td>\n<\/tr>\n<tr style=\"height: 54px;\">\n<td style=\"width: 361px; height: 27px;\" width=\"312\">Francielly Becker Lessa (2\u00ba semestre)<\/td>\n<td style=\"width: 276px; height: 27px;\" width=\"227\">Graciele Campelo Borges<\/td>\n<\/tr>\n<tr style=\"height: 54px;\">\n<td style=\"width: 361px; height: 28px;\" width=\"312\">Camille Manke Bierhals (2\u00ba semestre)<\/td>\n<td style=\"width: 276px; height: 28px;\" width=\"227\">M\u00e1rcia Arocha Gularte<\/td>\n<\/tr>\n<tr style=\"height: 54px;\">\n<td style=\"width: 361px; height: 25px;\" width=\"312\">Lisiane Cruz da Silva (2\u00ba semestre)<\/td>\n<td style=\"width: 276px; height: 25px;\" width=\"227\">Eduarda Hallal Duval<\/td>\n<\/tr>\n<tr style=\"height: 54px;\">\n<td style=\"width: 637px; height: 27px;\" colspan=\"2\" width=\"538\"><strong>Nutri\u00e7\u00e3o B\u00e1sica e Experimental<\/strong><\/td>\n<\/tr>\n<tr style=\"height: 54px;\">\n<td style=\"width: 361px; height: 27px;\" width=\"312\">Melina Santos Borba<\/td>\n<td style=\"width: 276px; height: 27px;\" width=\"227\">Rejane Giacomelli Tavares<\/td>\n<\/tr>\n<tr style=\"height: 54px;\">\n<td style=\"width: 361px; height: 25px;\" width=\"312\">Elen Zamberlan Seccon (2\u00ba semestre)<\/td>\n<td style=\"width: 276px; height: 25px;\" width=\"227\">Paulo Cavalheiro Schenkel<\/td>\n<\/tr>\n<tr style=\"height: 54px;\">\n<td style=\"width: 361px; height: 25px;\" width=\"312\">N\u00e1tali Fonseca Moraes (2\u00ba semestre)<\/td>\n<td style=\"width: 276px; height: 25px;\" width=\"227\">Sandra Costa Valle<\/td>\n<\/tr>\n<tr style=\"height: 54px;\">\n<td style=\"width: 361px; height: 27px;\" width=\"312\">Morgana Pili\u00e7\u00e3o da Cruz (2\u00ba semestre)<\/td>\n<td style=\"width: 276px; height: 27px;\" width=\"227\">Simone Pieniz<\/td>\n<\/tr>\n<\/tbody>\n<\/table>\n<p>&nbsp;<\/p>\n","protected":false},"excerpt":{"rendered":"<p>DOUTORADO Orientador Cl\u00ednica e Epidemiologia Nutricional \u00a0 Laura Vargas Hoffmann Juliana dos Santos Vaz Leticia Ferreira Pires Juliana dos Santos Vaz Marcos Jordanio Pereira Feitosa Lima Maria Cristina Gonzalez Larissa Amaral de Matos (2\u00ba semestre) Juliana dos Santos Vaz La\u00edza Rodrigues Mucenecki (2\u00ba semestre) Renata Moraes Bielemann Brenda da Silva Engracio (2\u00ba semestre) Leonardo Pozza [&hellip;]<\/p>\n","protected":false},"author":209,"featured_media":0,"parent":1760,"menu_order":0,"comment_status":"closed","ping_status":"closed","template":"","meta":{"jetpack_post_was_ever_published":false,"footnotes":""},"class_list":["post-4058","page","type-page","status-publish","hentry"],"jetpack_sharing_enabled":true,"jetpack_shortlink":"https:\/\/wp.me\/P8FvYb-13s","_links":{"self":[{"href":"https:\/\/wp.ufpel.edu.br\/ppgna\/wp-json\/wp\/v2\/pages\/4058","targetHints":{"allow":["GET"]}}],"collection":[{"href":"https:\/\/wp.ufpel.edu.br\/ppgna\/wp-json\/wp\/v2\/pages"}],"about":[{"href":"https:\/\/wp.ufpel.edu.br\/ppgna\/wp-json\/wp\/v2\/types\/page"}],"author":[{"embeddable":true,"href":"https:\/\/wp.ufpel.edu.br\/ppgna\/wp-json\/wp\/v2\/users\/209"}],"replies":[{"embeddable":true,"href":"https:\/\/wp.ufpel.edu.br\/ppgna\/wp-json\/wp\/v2\/comments?post=4058"}],"version-history":[{"count":4,"href":"https:\/\/wp.ufpel.edu.br\/ppgna\/wp-json\/wp\/v2\/pages\/4058\/revisions"}],"predecessor-version":[{"id":4560,"href":"https:\/\/wp.ufpel.edu.br\/ppgna\/wp-json\/wp\/v2\/pages\/4058\/revisions\/4560"}],"up":[{"embeddable":true,"href":"https:\/\/wp.ufpel.edu.br\/ppgna\/wp-json\/wp\/v2\/pages\/1760"}],"wp:attachment":[{"href":"https:\/\/wp.ufpel.edu.br\/ppgna\/wp-json\/wp\/v2\/media?parent=4058"}],"curies":[{"name":"wp","href":"https:\/\/api.w.org\/{rel}","templated":true}]}}