{"id":4044,"date":"2025-04-01T13:32:08","date_gmt":"2025-04-01T16:32:08","guid":{"rendered":"https:\/\/wp.ufpel.edu.br\/ppgna\/?page_id=4044"},"modified":"2026-03-01T14:02:01","modified_gmt":"2026-03-01T17:02:01","slug":"karla-machado","status":"publish","type":"page","link":"https:\/\/wp.ufpel.edu.br\/ppgna\/docentes\/colaboradores\/karla-machado\/","title":{"rendered":"Karla Machado"},"content":{"rendered":"<table style=\"width: 100%; border-collapse: collapse;\" border=\"0\">\n<tbody>\n<tr style=\"height: 177px;\">\n<td style=\"width: 83.333333%; height: 177px;\" colspan=\"2\"><strong><a href=\"https:\/\/wp.ufpel.edu.br\/ppgna\/files\/2025\/04\/Picture1.jpg\"><img class=\"aligncenter wp-image-4049 size-thumbnail\" src=\"https:\/\/wp.ufpel.edu.br\/ppgna\/files\/2025\/04\/Picture1-200x200.jpg\" alt=\"\" width=\"200\" height=\"200\" \/><\/a><\/strong><\/td>\n<\/tr>\n<tr style=\"height: 24px;\">\n<td style=\"width: 83.333333%; height: 24px; text-align: center;\" colspan=\"2\"><span style=\"font-size: 14pt;\"><strong>Karla Pereira Machado<\/strong><\/span><\/td>\n<\/tr>\n<tr style=\"height: 24px;\">\n<td style=\"width: 83.333333%; height: 24px; text-align: center;\" colspan=\"2\"><strong>Linha de Cl\u00ednica e Epidemiologia Nutricional <\/strong><\/td>\n<\/tr>\n<tr style=\"height: 24px;\">\n<td style=\"width: 43.598616%; height: 24px; text-align: center;\"><a href=\"mailto:karlamachadok@gmail.com\">Email<\/a><\/td>\n<td style=\"width: 39.734717%; height: 24px; text-align: center;\"><a href=\"http:\/\/lattes.cnpq.br\/1494603569855115\" target=\"_blank\" rel=\"noopener noreferrer\">Curr\u00edculo Lattes<\/a><\/td>\n<\/tr>\n<tr style=\"height: 24px;\">\n<td style=\"height: 24px; text-align: justify; width: 83.333333%;\" colspan=\"2\"><strong>Gradua\u00e7\u00e3o:<\/strong> Nutri\u00e7\u00e3o &#8211; UFPel<br \/>\n<strong>Mestrado:<\/strong> Sa\u00fade P\u00fablica &#8211; FURG<br \/>\n<strong>Doutorado:<\/strong> Ci\u00eancias &#8211; UFPel<\/td>\n<\/tr>\n<tr style=\"height: 24px;\">\n<td style=\"text-align: justify; width: 83.333333%; height: 24px;\" colspan=\"2\"><\/td>\n<\/tr>\n<tr style=\"height: 72px;\">\n<td style=\"text-align: justify; width: 83.333333%; height: 72px;\" colspan=\"2\"><strong>Principais temas de pesquisa:<\/strong><\/p>\n<div><span lang=\"PT-BR\">Epidemiologia nutricional, pol\u00edticas p\u00fablicas em nutri\u00e7\u00e3o e sa\u00fade coletiva e <\/span><span lang=\"PT-BR\">nutri\u00e7\u00e3o e envelhecimento<\/span><span style=\"font-family: inherit; font-size: inherit;\">.<\/span><\/div>\n<\/td>\n<\/tr>\n<tr style=\"height: 24px;\">\n<td style=\"text-align: justify; width: 83.333333%; height: 24px;\" colspan=\"2\"><strong>\u00a0<\/strong><\/td>\n<\/tr>\n<tr style=\"height: 24px;\">\n<td style=\"text-align: justify; width: 83.333333%; height: 24px;\" colspan=\"2\"><strong>Publica\u00e7\u00f5es destaque<\/strong><\/td>\n<\/tr>\n<tr style=\"height: 474px;\">\n<td style=\"width: 83.333333%; text-align: justify; height: 474px;\" colspan=\"2\">\n<p>LET\u00cdCIA, ANNA; NEVES, ROS\u00c1LIA GARCIA; VIEIRA, YOHANA PEREIRA; GONZALES, TATIANE NOGUEIRA; MAROCHI, MELISSA; REIS, RODRIGO ZOPELLARO; MACHADO, KARLA PEREIRA; DURO, SUELE MANJOURANY SILVA; DE OLIVEIRA SAES, MIRELLE. Long symptoms and sleep problems: a population-based study . JOURNAL OF SLEEP RESEARCH , v. 1, p. 1-7, 2024.<\/p>\n<p>DELPINO, FELIPE MENDES; DOS SANTOS RODRIGUES, ANA PAULA; PETARLI, GLENDA BLASER; MACHADO, KARLA PEREIRA; FLORES, THAYN\u00c3 RAMOS; BATISTA, SANDRO RODRIGUES; NUNES, BRUNO PEREIRA. Overweight, obesity and risk of multimorbidity: A systematic review and meta-analysis of longitudinal studies. Obesity Reviews, v. e13562, 2023.<\/p>\n<p>VOLZ, P.; FACCHINI, L. A.; QUADROS, L. C. M.; TOMASI, ELAINE; KESSLER, M.; WACHES, L. S.; MACHADO, K. P.; SOARES, M.U.; THUM\u00c9, ELAINE. Incid\u00eancia de depress\u00e3o e fatores associados em idosos de Bag\u00e9, Rio Grande do Sul, Brasil. Cadernos de Sa\u00fade P\u00fablica, v. 39, p. 1-11, 2023.<\/p>\n<p>SAES, MO; NEVES, RG; MACHADO, KP; FLORES, TR. Desigual Desigualdades socioecon\u00f4micas no consumo alimentar da popula\u00e7\u00e3o idosa brasileira: Pesquisa Nacional de Sa\u00fade, 2019. Ci\u00eancia &amp; Sa\u00fade Coletiva, v. 27, p. 2621-2628, 2022.<\/p>\n<p>VIEIRA, Y. P.; VIERO, V. S. F.; VARGAS, B. L.; NUNES, G. O.; MACHADO, K. P.; NEVES, R. G.; SAES, M. O. Tend\u00eancia e desigualdades no rastreamento autorrelatado do c\u00e2ncer de colo de \u00fatero nas capitais brasileiras entre 2011 e 2020. Cadernos de Sa\u00fade P\u00fablica, v. 38, p. 1, 2022.<\/p>\n<p>NEVES, R. G.; SAES, M. O.; MACHADO, K. P.; Manjourany, S. S.; FACCHINI, L. A. Tend\u00eancia da disponibilidade de vacinas no Brasil: PMAQ-AB 2012, 2014 e 2018. Cadernos de Sa\u00fade P\u00fablica, v. 38, p. PT135621, 2022.<\/p>\n<p>KESSLER, M.; VOLZ, P.; BENDER, JD; NUNES, BP; MACHADO, KP; SAES, MO; SOARES, UM; FACCHINI, LA; THUM\u00c9, ELAINE. Efeito da incontin\u00eancia urin\u00e1ria na autopercep\u00e7\u00e3o negativa de sa\u00fade e depress\u00e3o em idosos: uma coorte de base populacional. Ci\u00eancia &amp; Sa\u00fade Coletiva , v. 27, p. 2259-2267, 2022.<\/p>\n<p>CARDOSO, A.; VALERIO, I. D.; RAMOS, C.; MACHADO, K. P. Casamento infantil no Brasil: uma an\u00e1lise da Pesquisa Nacional de Sa\u00fade. Ci\u00eancia &amp; Sa\u00fade Coletiva, v. 27, p. 417-426, 2021.<br \/>\nKESSLER, MARCIANE; THUM\u00c9, ELAINE; SCHOLES, SHAUN; MARMOT, MICHAEL; FACCHINI, LUIZ AUGUSTO; NUNES, BRUNO PEREIRA; MACHADO, KARLA PEREIRA; SOARES, MARIANGELA UHLMANN; DE OLIVEIRA, CESAR. Fatores de risco modulares para mortalidade de 9 anos em adultos mais velhos e ingleses e brasileiros: The ELSA and SIGa-Bag\u00e9 ageing cohorts. Scientific Reports , v. 10, p. 4375, 2020.<\/p>\n<p>MACHADO, KARLA PEREIRA; VAZ, JULIANA DOS SANTOS; MENDOZA-SASSI, RA\u00daL ANDR\u00c9S. Autopercep\u00e7\u00e3o positiva da alimenta\u00e7\u00e3o: um estudo de base populacional no extremo sul do Brasil. Epidemiologia e Servi\u00e7os de Sa\u00fade, v. 28, p. e2018197, 2019.<\/p>\n<p>DUMITH, SAMUEL CARVALHO; PAULITSCH, RENATA GOMES; CARPENA, MARINA XAVIER; MURARO, MONICA DE F\u00c1TIMA ROSSATO; SIM\u00d5ES, MILENA DE OLIVEIRA; MACHADO, KARLA PEREIRA; DIAS, MARIANE DA SILVA; KRETSCHMER, ANDRESSA CARINE; OLIZ, MANOELA MACIEL; PONTES, LEANDRO DA SILVEIRA; SUSIN, LULIE ROSANE ODEH. Planejamento e execu\u00e7\u00e3o de um inqu\u00e9rito populacional de sa\u00fade por meio de cons\u00f3rcio de pesquisa multidisciplinar. Scientia Medica (Porto Alegre. Online), v. 28, p. 30407, 2018.<\/p>\n<p>DUMITH, S. C.; MURARO, M. F. R.; MONTEIRO, A. R.; MACHADO, K. P.; DIAS, M.; OLIZ, M.; CESAR, J. A. Propriedades diagn\u00f3sticas e pontos de corte para predi\u00e7\u00e3o de excesso de peso por indicadores antropom\u00e9tricos em adolescentes em Caracol, Piau\u00ed, 2011. Epidemiologia e Servi\u00e7os de Sa\u00fade, v. 27, p. 1-10, 2018.<\/td>\n<\/tr>\n<\/tbody>\n<\/table>\n<p>&nbsp;<\/p>\n","protected":false},"excerpt":{"rendered":"<p>Karla Pereira Machado Linha de Cl\u00ednica e Epidemiologia Nutricional Email Curr\u00edculo Lattes Gradua\u00e7\u00e3o: Nutri\u00e7\u00e3o &#8211; UFPel Mestrado: Sa\u00fade P\u00fablica &#8211; FURG Doutorado: Ci\u00eancias &#8211; UFPel Principais temas de pesquisa: Epidemiologia nutricional, pol\u00edticas p\u00fablicas em nutri\u00e7\u00e3o e sa\u00fade coletiva e nutri\u00e7\u00e3o e envelhecimento. \u00a0 Publica\u00e7\u00f5es destaque LET\u00cdCIA, ANNA; NEVES, ROS\u00c1LIA GARCIA; VIEIRA, YOHANA PEREIRA; GONZALES, TATIANE [&hellip;]<\/p>\n","protected":false},"author":209,"featured_media":0,"parent":4567,"menu_order":0,"comment_status":"closed","ping_status":"closed","template":"","meta":{"jetpack_post_was_ever_published":false,"footnotes":""},"class_list":["post-4044","page","type-page","status-publish","hentry"],"jetpack_sharing_enabled":true,"jetpack_shortlink":"https:\/\/wp.me\/P8FvYb-13e","_links":{"self":[{"href":"https:\/\/wp.ufpel.edu.br\/ppgna\/wp-json\/wp\/v2\/pages\/4044","targetHints":{"allow":["GET"]}}],"collection":[{"href":"https:\/\/wp.ufpel.edu.br\/ppgna\/wp-json\/wp\/v2\/pages"}],"about":[{"href":"https:\/\/wp.ufpel.edu.br\/ppgna\/wp-json\/wp\/v2\/types\/page"}],"author":[{"embeddable":true,"href":"https:\/\/wp.ufpel.edu.br\/ppgna\/wp-json\/wp\/v2\/users\/209"}],"replies":[{"embeddable":true,"href":"https:\/\/wp.ufpel.edu.br\/ppgna\/wp-json\/wp\/v2\/comments?post=4044"}],"version-history":[{"count":4,"href":"https:\/\/wp.ufpel.edu.br\/ppgna\/wp-json\/wp\/v2\/pages\/4044\/revisions"}],"predecessor-version":[{"id":4050,"href":"https:\/\/wp.ufpel.edu.br\/ppgna\/wp-json\/wp\/v2\/pages\/4044\/revisions\/4050"}],"up":[{"embeddable":true,"href":"https:\/\/wp.ufpel.edu.br\/ppgna\/wp-json\/wp\/v2\/pages\/4567"}],"wp:attachment":[{"href":"https:\/\/wp.ufpel.edu.br\/ppgna\/wp-json\/wp\/v2\/media?parent=4044"}],"curies":[{"name":"wp","href":"https:\/\/api.w.org\/{rel}","templated":true}]}}