{"id":3996,"date":"2025-03-12T12:14:17","date_gmt":"2025-03-12T15:14:17","guid":{"rendered":"https:\/\/wp.ufpel.edu.br\/ppgna\/?page_id=3996"},"modified":"2025-03-12T12:14:17","modified_gmt":"2025-03-12T15:14:17","slug":"laboratorio-de-tecnica-dietetica","status":"publish","type":"page","link":"https:\/\/wp.ufpel.edu.br\/ppgna\/ppgna\/infra-estrutura\/laboratorio-de-tecnica-dietetica\/","title":{"rendered":"Laborat\u00f3rio de T\u00e9cnica Diet\u00e9tica"},"content":{"rendered":"<h1 class=\"corTexto\">Laborat\u00f3rio de T\u00e9cnica Diet\u00e9tica<\/h1>\n<p><a href=\"https:\/\/wp.ufpel.edu.br\/nulab\/files\/2016\/04\/P1000611.jpg\"><img class=\"alignnone size-thumbnail wp-image-1277\" src=\"https:\/\/wp.ufpel.edu.br\/nulab\/files\/2016\/04\/P1000611-212x159.jpg\" sizes=\"auto, (max-width: 212px) 100vw, 212px\" srcset=\"https:\/\/wp.ufpel.edu.br\/nulab\/files\/2016\/04\/P1000611-212x159.jpg 212w, https:\/\/wp.ufpel.edu.br\/nulab\/files\/2016\/04\/P1000611-424x318.jpg 424w, https:\/\/wp.ufpel.edu.br\/nulab\/files\/2016\/04\/P1000611-768x576.jpg 768w\" alt=\"P1000611\" width=\"212\" height=\"159\" \/><\/a> <a href=\"https:\/\/wp.ufpel.edu.br\/nulab\/files\/2016\/04\/P1000612.jpg\"><img class=\"alignnone size-thumbnail wp-image-1278\" src=\"https:\/\/wp.ufpel.edu.br\/nulab\/files\/2016\/04\/P1000612-212x159.jpg\" sizes=\"auto, (max-width: 212px) 100vw, 212px\" srcset=\"https:\/\/wp.ufpel.edu.br\/nulab\/files\/2016\/04\/P1000612-212x159.jpg 212w, https:\/\/wp.ufpel.edu.br\/nulab\/files\/2016\/04\/P1000612-424x318.jpg 424w, https:\/\/wp.ufpel.edu.br\/nulab\/files\/2016\/04\/P1000612-768x576.jpg 768w\" alt=\"P1000612\" width=\"212\" height=\"159\" \/><\/a><\/p>\n<p><strong>Unidade:<\/strong> Faculdade de Nutri\u00e7\u00e3o\u00a0(FN)<br \/>\n<strong>C\u00f3digo NULAB:<\/strong> 90049<\/p>\n<p><strong>Descri\u00e7\u00e3o<\/strong><\/p>\n<p>O laborat\u00f3rio \u00e9 utilizado em aulas pr\u00e1ticas e projetos que envolvam prepara\u00e7\u00f5es alimentares, onde os alunos desenvolvem e aplicam diferentes t\u00e9cnicas \u00a0culin\u00e1rias.\u00a0Atualmente os cursos que utilizam o laborat\u00f3rio s\u00e3o:\u00a0Gastronomia, Nutri\u00e7\u00e3o e Hotelaria.<\/p>\n<p><strong>Localiza\u00e7\u00e3o<\/strong><br \/>\n<strong>Campus:<\/strong>\u00a0Anglo<br \/>\n<strong>Pr\u00e9dio\/Bloco:<\/strong>\u00a0A<br \/>\n<strong>Sala:<\/strong>\u00a0226<\/p>\n<p>&nbsp;<\/p>\n<p><strong>Equipamentos<\/strong><br \/>\nBatedeira (Planet\u00e1ria)<br \/>\nFog\u00e3o (Industrial)<br \/>\nForno (Industrial)<br \/>\nLiquidificador (Industrial)<br \/>\nSalamandra<\/p>\n<div class=\"limpa\"><\/div>\n","protected":false},"excerpt":{"rendered":"<p>Laborat\u00f3rio de T\u00e9cnica Diet\u00e9tica Unidade: Faculdade de Nutri\u00e7\u00e3o\u00a0(FN) C\u00f3digo NULAB: 90049 Descri\u00e7\u00e3o O laborat\u00f3rio \u00e9 utilizado em aulas pr\u00e1ticas e projetos que envolvam prepara\u00e7\u00f5es alimentares, onde os alunos desenvolvem e aplicam diferentes t\u00e9cnicas \u00a0culin\u00e1rias.\u00a0Atualmente os cursos que utilizam o laborat\u00f3rio s\u00e3o:\u00a0Gastronomia, Nutri\u00e7\u00e3o e Hotelaria. Localiza\u00e7\u00e3o Campus:\u00a0Anglo Pr\u00e9dio\/Bloco:\u00a0A Sala:\u00a0226 &nbsp; Equipamentos Batedeira (Planet\u00e1ria) Fog\u00e3o (Industrial) Forno [&hellip;]<\/p>\n","protected":false},"author":209,"featured_media":0,"parent":1606,"menu_order":0,"comment_status":"closed","ping_status":"closed","template":"","meta":{"jetpack_post_was_ever_published":false,"footnotes":""},"class_list":["post-3996","page","type-page","status-publish","hentry"],"jetpack_sharing_enabled":true,"jetpack_shortlink":"https:\/\/wp.me\/P8FvYb-12s","_links":{"self":[{"href":"https:\/\/wp.ufpel.edu.br\/ppgna\/wp-json\/wp\/v2\/pages\/3996","targetHints":{"allow":["GET"]}}],"collection":[{"href":"https:\/\/wp.ufpel.edu.br\/ppgna\/wp-json\/wp\/v2\/pages"}],"about":[{"href":"https:\/\/wp.ufpel.edu.br\/ppgna\/wp-json\/wp\/v2\/types\/page"}],"author":[{"embeddable":true,"href":"https:\/\/wp.ufpel.edu.br\/ppgna\/wp-json\/wp\/v2\/users\/209"}],"replies":[{"embeddable":true,"href":"https:\/\/wp.ufpel.edu.br\/ppgna\/wp-json\/wp\/v2\/comments?post=3996"}],"version-history":[{"count":1,"href":"https:\/\/wp.ufpel.edu.br\/ppgna\/wp-json\/wp\/v2\/pages\/3996\/revisions"}],"predecessor-version":[{"id":3998,"href":"https:\/\/wp.ufpel.edu.br\/ppgna\/wp-json\/wp\/v2\/pages\/3996\/revisions\/3998"}],"up":[{"embeddable":true,"href":"https:\/\/wp.ufpel.edu.br\/ppgna\/wp-json\/wp\/v2\/pages\/1606"}],"wp:attachment":[{"href":"https:\/\/wp.ufpel.edu.br\/ppgna\/wp-json\/wp\/v2\/media?parent=3996"}],"curies":[{"name":"wp","href":"https:\/\/api.w.org\/{rel}","templated":true}]}}