{"id":3990,"date":"2025-03-12T12:11:26","date_gmt":"2025-03-12T15:11:26","guid":{"rendered":"https:\/\/wp.ufpel.edu.br\/ppgna\/?page_id=3990"},"modified":"2025-03-12T12:28:15","modified_gmt":"2025-03-12T15:28:15","slug":"laboratorio-de-nutricao-experimental","status":"publish","type":"page","link":"https:\/\/wp.ufpel.edu.br\/ppgna\/ppgna\/infra-estrutura\/laboratorio-de-nutricao-experimental\/","title":{"rendered":"Laborat\u00f3rio de Nutri\u00e7\u00e3o Experimental"},"content":{"rendered":"<h1 class=\"corTexto\">Laborat\u00f3rio de Nutri\u00e7\u00e3o Experimental<\/h1>\n<p><a href=\"https:\/\/wp.ufpel.edu.br\/nulab\/files\/2016\/04\/P1000633.jpg\"><img class=\"alignnone size-thumbnail wp-image-1417\" src=\"https:\/\/wp.ufpel.edu.br\/nulab\/files\/2016\/04\/P1000633-212x159.jpg\" sizes=\"auto, (max-width: 212px) 100vw, 212px\" srcset=\"https:\/\/wp.ufpel.edu.br\/nulab\/files\/2016\/04\/P1000633-212x159.jpg 212w, https:\/\/wp.ufpel.edu.br\/nulab\/files\/2016\/04\/P1000633-424x318.jpg 424w, https:\/\/wp.ufpel.edu.br\/nulab\/files\/2016\/04\/P1000633-768x576.jpg 768w\" alt=\"P1000633\" width=\"212\" height=\"159\" \/><\/a>\u00a0<a href=\"https:\/\/wp.ufpel.edu.br\/nulab\/files\/2016\/04\/P1000629.jpg\"><img class=\"alignnone size-thumbnail wp-image-1257\" src=\"https:\/\/wp.ufpel.edu.br\/nulab\/files\/2016\/04\/P1000629-212x159.jpg\" sizes=\"auto, (max-width: 212px) 100vw, 212px\" srcset=\"https:\/\/wp.ufpel.edu.br\/nulab\/files\/2016\/04\/P1000629-212x159.jpg 212w, https:\/\/wp.ufpel.edu.br\/nulab\/files\/2016\/04\/P1000629-424x318.jpg 424w, https:\/\/wp.ufpel.edu.br\/nulab\/files\/2016\/04\/P1000629-768x576.jpg 768w\" alt=\"P1000629\" width=\"212\" height=\"159\" \/><\/a> <a href=\"https:\/\/wp.ufpel.edu.br\/nulab\/files\/2016\/04\/P1000631.jpg\"><img class=\"alignnone size-thumbnail wp-image-1259\" src=\"https:\/\/wp.ufpel.edu.br\/nulab\/files\/2016\/04\/P1000631-212x159.jpg\" sizes=\"auto, (max-width: 212px) 100vw, 212px\" srcset=\"https:\/\/wp.ufpel.edu.br\/nulab\/files\/2016\/04\/P1000631-212x159.jpg 212w, https:\/\/wp.ufpel.edu.br\/nulab\/files\/2016\/04\/P1000631-424x318.jpg 424w, https:\/\/wp.ufpel.edu.br\/nulab\/files\/2016\/04\/P1000631-768x576.jpg 768w\" alt=\"P1000631\" width=\"212\" height=\"159\" \/><\/a><\/p>\n<p><strong>Unidade:<\/strong>\u00a0Faculdade de Nutri\u00e7\u00e3o\u00a0(FN)<br \/>\n<strong>C\u00f3digo NULAB:<\/strong> 90052<\/p>\n<p><strong>Descri\u00e7\u00e3o<\/strong><\/p>\n<p>O Laborat\u00f3rio de Nutri\u00e7\u00e3o Experimental \u00e9 utilizado para a realiza\u00e7\u00e3o de pesquisas do PPG Nutri\u00e7\u00e3o e Alimentos, assim como para Trabalhos de Conclus\u00e3o de Curso da Faculdade de Nutri\u00e7\u00e3o. Anualmente s\u00e3o executados em m\u00e9dia de 3 a 4 experimentos, com 30 a 40 animais,<\/p>\n<p>&nbsp;<\/p>\n<p>O laborat\u00f3rio de nutri\u00e7\u00e3o experimental possui 4 ambientes: \u2013 ante-sala, nesta tem-se bancadas de trabalho, equipamento: \u00e1rea de recebimento dos animais; \u2013 2 salas para experimenta\u00e7\u00e3o: sendo 1 delas equipada com gabinetes, 2 unidades, contendo bancada para manipula\u00e7\u00e3o e balan\u00e7a para pesagem de animais e ra\u00e7\u00e3o; \u2013 sala de armazenamento: local destinado ao armazenamento de insumos\/vidrarias\/luvas, etc. utilizados como material rotineiro em experimenta\u00e7\u00e3o animal. A parte, a \u00e1rea de higieniza\u00e7\u00e3o com autoclavagem de material.<\/p>\n<p>No laborat\u00f3rio de nutri\u00e7\u00e3o experimental s\u00e3o realizados experimentos de p\u00f3s gradua\u00e7\u00e3o, todos s\u00e3o devidamente aprovados pelo Comit\u00ea de \u00c9tica para Experimenta\u00e7\u00e3o Animal, seguem protocolos de acordo com o objetivo da pesquisa.<\/p>\n<p><strong>Localiza\u00e7\u00e3o<\/strong><br \/>\n<strong>Campus:<\/strong>\u00a0Anglo<br \/>\n<strong>Pr\u00e9dio\/Bloco:<\/strong>\u00a0A<br \/>\n<strong>Sala:<\/strong>\u00a0234<\/p>\n<p><strong>Equipamentos<\/strong><br \/>\nBalan\u00e7a de Precis\u00e3o<br \/>\nGabinetes ventilados<br \/>\nGaiolas metab\u00f3licas<br \/>\nDois ar-condicionados<span style=\"font-family: var(--fonte-corpo);\"> 18000 BTU<br \/>\n<\/span>Dessecador ra\u00e7\u00e3o roedores<br \/>\nFreezer<br \/>\nGeladeira<br \/>\nMaterial disseca\u00e7\u00e3o<br \/>\nDois Freezer vertical -20<\/p>\n<p>&nbsp;<\/p>\n","protected":false},"excerpt":{"rendered":"<p>Laborat\u00f3rio de Nutri\u00e7\u00e3o Experimental \u00a0 Unidade:\u00a0Faculdade de Nutri\u00e7\u00e3o\u00a0(FN) C\u00f3digo NULAB: 90052 Descri\u00e7\u00e3o O Laborat\u00f3rio de Nutri\u00e7\u00e3o Experimental \u00e9 utilizado para a realiza\u00e7\u00e3o de pesquisas do PPG Nutri\u00e7\u00e3o e Alimentos, assim como para Trabalhos de Conclus\u00e3o de Curso da Faculdade de Nutri\u00e7\u00e3o. Anualmente s\u00e3o executados em m\u00e9dia de 3 a 4 experimentos, com 30 a 40 [&hellip;]<\/p>\n","protected":false},"author":209,"featured_media":0,"parent":1606,"menu_order":0,"comment_status":"closed","ping_status":"closed","template":"","meta":{"jetpack_post_was_ever_published":false,"footnotes":""},"class_list":["post-3990","page","type-page","status-publish","hentry"],"jetpack_sharing_enabled":true,"jetpack_shortlink":"https:\/\/wp.me\/P8FvYb-12m","_links":{"self":[{"href":"https:\/\/wp.ufpel.edu.br\/ppgna\/wp-json\/wp\/v2\/pages\/3990","targetHints":{"allow":["GET"]}}],"collection":[{"href":"https:\/\/wp.ufpel.edu.br\/ppgna\/wp-json\/wp\/v2\/pages"}],"about":[{"href":"https:\/\/wp.ufpel.edu.br\/ppgna\/wp-json\/wp\/v2\/types\/page"}],"author":[{"embeddable":true,"href":"https:\/\/wp.ufpel.edu.br\/ppgna\/wp-json\/wp\/v2\/users\/209"}],"replies":[{"embeddable":true,"href":"https:\/\/wp.ufpel.edu.br\/ppgna\/wp-json\/wp\/v2\/comments?post=3990"}],"version-history":[{"count":2,"href":"https:\/\/wp.ufpel.edu.br\/ppgna\/wp-json\/wp\/v2\/pages\/3990\/revisions"}],"predecessor-version":[{"id":4012,"href":"https:\/\/wp.ufpel.edu.br\/ppgna\/wp-json\/wp\/v2\/pages\/3990\/revisions\/4012"}],"up":[{"embeddable":true,"href":"https:\/\/wp.ufpel.edu.br\/ppgna\/wp-json\/wp\/v2\/pages\/1606"}],"wp:attachment":[{"href":"https:\/\/wp.ufpel.edu.br\/ppgna\/wp-json\/wp\/v2\/media?parent=3990"}],"curies":[{"name":"wp","href":"https:\/\/api.w.org\/{rel}","templated":true}]}}