{"id":3979,"date":"2025-03-12T12:04:34","date_gmt":"2025-03-12T15:04:34","guid":{"rendered":"https:\/\/wp.ufpel.edu.br\/ppgna\/?page_id=3979"},"modified":"2025-03-12T12:05:56","modified_gmt":"2025-03-12T15:05:56","slug":"laboratorio-de-avaliacao-nutricional","status":"publish","type":"page","link":"https:\/\/wp.ufpel.edu.br\/ppgna\/ppgna\/infra-estrutura\/laboratorio-de-avaliacao-nutricional\/","title":{"rendered":"Laborat\u00f3rio de Avalia\u00e7\u00e3o Nutricional"},"content":{"rendered":"<h1 class=\"corTexto\">Laborat\u00f3rio de Avalia\u00e7\u00e3o Nutricional<\/h1>\n<p><a href=\"https:\/\/wp.ufpel.edu.br\/nulab\/files\/2016\/04\/P1000626.jpg\"><img class=\"alignnone size-thumbnail wp-image-1253\" src=\"https:\/\/wp.ufpel.edu.br\/nulab\/files\/2016\/04\/P1000626-212x159.jpg\" sizes=\"auto, (max-width: 212px) 100vw, 212px\" srcset=\"https:\/\/wp.ufpel.edu.br\/nulab\/files\/2016\/04\/P1000626-212x159.jpg 212w, https:\/\/wp.ufpel.edu.br\/nulab\/files\/2016\/04\/P1000626-424x318.jpg 424w, https:\/\/wp.ufpel.edu.br\/nulab\/files\/2016\/04\/P1000626-768x576.jpg 768w\" alt=\"P1000626\" width=\"212\" height=\"159\" \/><\/a>\u00a0\u00a0<a href=\"https:\/\/wp.ufpel.edu.br\/nulab\/files\/2016\/04\/P1000627.jpg\"><img class=\"alignnone size-thumbnail wp-image-1254\" src=\"https:\/\/wp.ufpel.edu.br\/nulab\/files\/2016\/04\/P1000627-212x159.jpg\" sizes=\"auto, (max-width: 212px) 100vw, 212px\" srcset=\"https:\/\/wp.ufpel.edu.br\/nulab\/files\/2016\/04\/P1000627-212x159.jpg 212w, https:\/\/wp.ufpel.edu.br\/nulab\/files\/2016\/04\/P1000627-424x318.jpg 424w, https:\/\/wp.ufpel.edu.br\/nulab\/files\/2016\/04\/P1000627-768x576.jpg 768w\" alt=\"P1000627\" width=\"212\" height=\"159\" \/><\/a><\/p>\n<p><strong>Unidade:<\/strong>\u00a0Faculdade de Nutri\u00e7\u00e3o\u00a0(FN)<br \/>\n<strong>C\u00f3digo NULAB:<\/strong> 90051<\/p>\n<p><strong>Descri\u00e7\u00e3o<\/strong><br \/>\nO laborat\u00f3rio \u00e9 usado para capacita\u00e7\u00e3o dos estudantes nas pr\u00e1ticas de antropometria, especificamente em rela\u00e7\u00e3o \u00e0 tomada de peso e de dimens\u00f5es corporais de indiv\u00edduos, na disciplina de Avalia\u00e7\u00e3o Nutricional, assim como para atividades de Projetos de Ensino, Pesquisa e Extens\u00e3o, quando necess\u00e1rio. Usado tamb\u00e9m para sala de reuni\u00f5es entre os professores da \u00c1rea de Sa\u00fade P\u00fablica.<\/p>\n<p><strong>Localiza\u00e7\u00e3o<\/strong><br \/>\n<strong>Campus:<\/strong>\u00a0Anglo<br \/>\n<strong>Pr\u00e9dio\/Bloco:<\/strong>\u00a0A<br \/>\n<strong>Sala:<\/strong>\u00a0244<\/p>\n<p>&nbsp;<\/p>\n<p><strong>Equipamentos<\/strong><br \/>\nBalan\u00e7a de Pesagem de Alimentos<br \/>\nBalan\u00e7a (Digital)<br \/>\nBalan\u00e7a (Mec\u00e2nica Antropom\u00e9trica)<br \/>\nBalan\u00e7a (Mec\u00e2nica Pedi\u00e1trica)<br \/>\nEstadi\u00f4metro<br \/>\nPlicometro<\/p>\n","protected":false},"excerpt":{"rendered":"<p>Laborat\u00f3rio de Avalia\u00e7\u00e3o Nutricional \u00a0\u00a0 Unidade:\u00a0Faculdade de Nutri\u00e7\u00e3o\u00a0(FN) C\u00f3digo NULAB: 90051 Descri\u00e7\u00e3o O laborat\u00f3rio \u00e9 usado para capacita\u00e7\u00e3o dos estudantes nas pr\u00e1ticas de antropometria, especificamente em rela\u00e7\u00e3o \u00e0 tomada de peso e de dimens\u00f5es corporais de indiv\u00edduos, na disciplina de Avalia\u00e7\u00e3o Nutricional, assim como para atividades de Projetos de Ensino, Pesquisa e Extens\u00e3o, quando necess\u00e1rio. [&hellip;]<\/p>\n","protected":false},"author":209,"featured_media":0,"parent":1606,"menu_order":0,"comment_status":"closed","ping_status":"closed","template":"","meta":{"jetpack_post_was_ever_published":false,"footnotes":""},"class_list":["post-3979","page","type-page","status-publish","hentry"],"jetpack_sharing_enabled":true,"jetpack_shortlink":"https:\/\/wp.me\/P8FvYb-12b","_links":{"self":[{"href":"https:\/\/wp.ufpel.edu.br\/ppgna\/wp-json\/wp\/v2\/pages\/3979","targetHints":{"allow":["GET"]}}],"collection":[{"href":"https:\/\/wp.ufpel.edu.br\/ppgna\/wp-json\/wp\/v2\/pages"}],"about":[{"href":"https:\/\/wp.ufpel.edu.br\/ppgna\/wp-json\/wp\/v2\/types\/page"}],"author":[{"embeddable":true,"href":"https:\/\/wp.ufpel.edu.br\/ppgna\/wp-json\/wp\/v2\/users\/209"}],"replies":[{"embeddable":true,"href":"https:\/\/wp.ufpel.edu.br\/ppgna\/wp-json\/wp\/v2\/comments?post=3979"}],"version-history":[{"count":1,"href":"https:\/\/wp.ufpel.edu.br\/ppgna\/wp-json\/wp\/v2\/pages\/3979\/revisions"}],"predecessor-version":[{"id":3981,"href":"https:\/\/wp.ufpel.edu.br\/ppgna\/wp-json\/wp\/v2\/pages\/3979\/revisions\/3981"}],"up":[{"embeddable":true,"href":"https:\/\/wp.ufpel.edu.br\/ppgna\/wp-json\/wp\/v2\/pages\/1606"}],"wp:attachment":[{"href":"https:\/\/wp.ufpel.edu.br\/ppgna\/wp-json\/wp\/v2\/media?parent=3979"}],"curies":[{"name":"wp","href":"https:\/\/api.w.org\/{rel}","templated":true}]}}