{"id":3780,"date":"2024-11-11T11:27:18","date_gmt":"2024-11-11T14:27:18","guid":{"rendered":"https:\/\/wp.ufpel.edu.br\/ppgna\/?page_id=3780"},"modified":"2026-02-14T14:23:21","modified_gmt":"2026-02-14T17:23:21","slug":"2024-2","status":"publish","type":"page","link":"https:\/\/wp.ufpel.edu.br\/ppgna\/ingresso\/discentes-2\/2024-2\/","title":{"rendered":"2024"},"content":{"rendered":"<table style=\"font-weight: 400;\">\n<tbody>\n<tr>\n<td width=\"312\"><strong>DOUTORADO<\/strong><\/td>\n<td width=\"227\"><strong>Orientador<\/strong><\/td>\n<\/tr>\n<tr>\n<td width=\"312\"><strong>Cl\u00ednica e Epidemiologia Nutricional<\/strong><\/td>\n<td width=\"227\"><strong>\u00a0<\/strong><\/td>\n<\/tr>\n<tr>\n<td width=\"312\">Jenifer Lopes Borchardt<\/td>\n<td width=\"227\">Juliana dos Santos Vaz<\/td>\n<\/tr>\n<tr>\n<td width=\"312\">J\u00falia Guimar\u00e3es Bettanzos<\/td>\n<td width=\"227\">Renata Moraes Bielemann<\/td>\n<\/tr>\n<tr>\n<td width=\"312\"><strong>MESTRADO<\/strong><\/td>\n<td width=\"227\"><strong>\u00a0<\/strong><\/td>\n<\/tr>\n<tr>\n<td width=\"312\"><strong>Cl\u00ednica e Epidemiologia Nutricional<\/strong><\/td>\n<td width=\"227\"><strong>\u00a0<\/strong><\/td>\n<\/tr>\n<tr>\n<td width=\"312\">Airton Viniccius Oliveira Moreira<\/td>\n<td width=\"227\">Maria Cristina Gonzalez<\/td>\n<\/tr>\n<tr>\n<td width=\"312\">Patr\u00edcia Peres de Peres<\/td>\n<td width=\"227\">Maria Cristina Gonzalez<\/td>\n<\/tr>\n<tr>\n<td width=\"312\">Mariana Marins Cleff<\/td>\n<td width=\"227\">Gicele Costa Mintem<\/td>\n<\/tr>\n<tr>\n<td width=\"312\">La\u00edza Rodrigues Mucenecki<\/td>\n<td width=\"227\">Renata Moraes Bielemann<\/td>\n<\/tr>\n<tr>\n<td colspan=\"2\" width=\"541\"><strong>An\u00e1lise e Controle de Qualidade de Alimentos<\/strong><\/td>\n<\/tr>\n<tr>\n<td width=\"312\">Betiele Badia<\/td>\n<td width=\"227\">Eduarda Hallal Duval<\/td>\n<\/tr>\n<tr>\n<td width=\"312\">J\u00falia Soares Ribeiro Corr\u00eaa<\/td>\n<td width=\"227\">Elizabete Helbig<\/td>\n<\/tr>\n<tr>\n<td width=\"312\">Cindy Rodrigues Camacho<\/td>\n<td width=\"227\">Carla Mendon\u00e7a<\/td>\n<\/tr>\n<tr>\n<td width=\"312\">Murillo Romero Santiago<\/td>\n<td width=\"227\">Carla Mendon\u00e7a<\/td>\n<\/tr>\n<tr>\n<td colspan=\"2\" width=\"541\"><strong>Nutri\u00e7\u00e3o B\u00e1sica e Experimental<\/strong><\/td>\n<\/tr>\n<tr>\n<td width=\"312\">Eduarda Dallmann Lopes Pereira<\/td>\n<td width=\"227\">Sandra Costa Valle<\/td>\n<\/tr>\n<tr>\n<td width=\"312\">Fernanda Ferreira N\u00fa\u00f1ez<\/td>\n<td width=\"227\">Simone Pieniz<\/td>\n<\/tr>\n<tr>\n<td width=\"312\">Tarcisio Henrique Lino Pereira<\/td>\n<td width=\"227\">Augusto Schneider<\/td>\n<\/tr>\n<\/tbody>\n<\/table>\n<p><\/p>\n","protected":false},"excerpt":{"rendered":"<p>DOUTORADO Orientador Cl\u00ednica e Epidemiologia Nutricional \u00a0 Jenifer Lopes Borchardt Juliana dos Santos Vaz J\u00falia Guimar\u00e3es Bettanzos Renata Moraes Bielemann MESTRADO \u00a0 Cl\u00ednica e Epidemiologia Nutricional \u00a0 Airton Viniccius Oliveira Moreira Maria Cristina Gonzalez Patr\u00edcia Peres de Peres Maria Cristina Gonzalez Mariana Marins Cleff Gicele Costa Mintem La\u00edza Rodrigues Mucenecki Renata Moraes Bielemann An\u00e1lise e [&hellip;]<\/p>\n","protected":false},"author":209,"featured_media":0,"parent":1760,"menu_order":0,"comment_status":"closed","ping_status":"closed","template":"","meta":{"jetpack_post_was_ever_published":false,"footnotes":""},"class_list":["post-3780","page","type-page","status-publish","hentry"],"jetpack_sharing_enabled":true,"jetpack_shortlink":"https:\/\/wp.me\/P8FvYb-YY","_links":{"self":[{"href":"https:\/\/wp.ufpel.edu.br\/ppgna\/wp-json\/wp\/v2\/pages\/3780","targetHints":{"allow":["GET"]}}],"collection":[{"href":"https:\/\/wp.ufpel.edu.br\/ppgna\/wp-json\/wp\/v2\/pages"}],"about":[{"href":"https:\/\/wp.ufpel.edu.br\/ppgna\/wp-json\/wp\/v2\/types\/page"}],"author":[{"embeddable":true,"href":"https:\/\/wp.ufpel.edu.br\/ppgna\/wp-json\/wp\/v2\/users\/209"}],"replies":[{"embeddable":true,"href":"https:\/\/wp.ufpel.edu.br\/ppgna\/wp-json\/wp\/v2\/comments?post=3780"}],"version-history":[{"count":4,"href":"https:\/\/wp.ufpel.edu.br\/ppgna\/wp-json\/wp\/v2\/pages\/3780\/revisions"}],"predecessor-version":[{"id":4562,"href":"https:\/\/wp.ufpel.edu.br\/ppgna\/wp-json\/wp\/v2\/pages\/3780\/revisions\/4562"}],"up":[{"embeddable":true,"href":"https:\/\/wp.ufpel.edu.br\/ppgna\/wp-json\/wp\/v2\/pages\/1760"}],"wp:attachment":[{"href":"https:\/\/wp.ufpel.edu.br\/ppgna\/wp-json\/wp\/v2\/media?parent=3780"}],"curies":[{"name":"wp","href":"https:\/\/api.w.org\/{rel}","templated":true}]}}