{"id":37,"date":"2012-09-06T15:23:00","date_gmt":"2012-09-06T18:23:00","guid":{"rendered":"https:\/\/wp.ufpel.edu.br\/ppgna\/?page_id=37"},"modified":"2026-03-01T14:11:34","modified_gmt":"2026-03-01T17:11:34","slug":"bolsas","status":"publish","type":"page","link":"https:\/\/wp.ufpel.edu.br\/ppgna\/ppgna\/bolsas\/","title":{"rendered":"Bolsas"},"content":{"rendered":"<p>N\u00famero de <strong>bolsas<\/strong> obtidas em <strong>2025<\/strong>:<\/p>\n<ul>\n<li>Demanda Social (DS)\/Capes [*}: \u00a016 bolsas de mestrado e 15 bolsas de doutorado;<\/li>\n<li>Bolsa Estrat\u00e9gica\/Capes: 2 bolsas de doutorado<\/li>\n<li>Carrefour: 2 bolsas de doutorado<\/li>\n<li>Bolsas Especiais de Editais da PRPPG (A\u00e7\u00f5es Afirmativas): 2 alunas contemplada (1 mestrado e 1 doutorado)<\/li>\n<li>CNPq: 2 bolsas de mestrados para alunos de a\u00e7\u00f5es afirmativas.<\/li>\n<li>PAPIN: 1 bolsa de mestrado<\/li>\n<\/ul>\n<p>[*] As bolsas DS\/Capes s\u00e3o aquelas distribu\u00eddas nos processos seletivos. As demais bolsas descritas acima s\u00e3o obtidas em Editais espec\u00edficos.<\/p>\n<p><strong>O discente bolsista dever atentar-se <\/strong>ao cumprimento de prazos ao longo do curso (sobretudo no prazo de \u00a0qualifica\u00e7\u00e3o do projeto de pesquisa e integraliza\u00e7\u00e3o de cr\u00e9ditos), e no prazo de conclus\u00e3o do curso (defesa e homologa\u00e7\u00e3o da tese\/disserta\u00e7\u00e3o)<strong>, sob pena de restitui\u00e7\u00e3o de todos os valores recebidos<\/strong>, conforme o Regulamento publicado na Portaria 076 da CAPES:<\/p>\n<p style=\"font-weight: 400;\"><span style=\"font-size: 10pt;\">\u00a0\u00a0\u00a0\u00a0\u00a0\u00a0\u00a0\u00a0\u00a0\u00a0\u00a0 Art. 13.<\/span><span style=\"font-size: 10pt;\"> Par\u00e1grafo \u00fanico.\u00a0\u00a0 A n\u00e3o conclus\u00e3o do curso acarretar\u00e1 a obriga\u00e7\u00e3o de restituir os valores despendidos com a bolsa, salvo se motivada por caso fortuito, for\u00e7a maior, circunst\u00e2ncia alheia \u00e0 sua vontade ou doen\u00e7a grave devidamente comprovada. A avalia\u00e7\u00e3o dessas situa\u00e7\u00f5es fica condicionada \u00e0 aprova\u00e7\u00e3o pela Diretoria Colegiada da CAPES, em despacho fundamentado. <a href=\"https:\/\/cad.capes.gov.br\/ato-administrativo-detalhar?idAtoAdmElastic=741\">Portaria 076 CAPES<\/a><\/span><\/p>\n<p>&nbsp;<\/p>\n<p><strong>Licen\u00e7a a Gestantes e Maternidade<\/strong><\/p>\n<p>Of\u00edcio atualizado da CAPES para extens\u00e3o da bolsa em casos de Licen\u00e7a a Gestantes e Maternidade (nascimento, ado\u00e7\u00e3o e guarda): <a href=\"https:\/\/wp.ufpel.edu.br\/ppgna\/files\/2025\/01\/Oficio_Circular_2503062.pdf\">Oficio_Circular_2503062<\/a><\/p>\n<div>\n<p class=\"textojustificado\">A prorroga\u00e7\u00e3o da bolsa por motivo de licen\u00e7a maternidade ou ado\u00e7\u00e3o<span class=\"apple-converted-space\"> est\u00e1 assegurado, por\u00e9m <\/span><b>deve ser solicitada dentro do per\u00edodo de vig\u00eancia da bolsa <\/b>e de forma concomitante ao afastamento do(a) bolsista.<span class=\"apple-converted-space\">\u00a0<\/span>Sendo assim, <b>alertamos que a prorroga\u00e7\u00e3o de at\u00e9 6 meses deve ser solicitada ANTES do final do per\u00edodo de vig\u00eancia da bolsa.<\/b><\/p>\n<\/div>\n<div>\n<p class=\"textojustificado\">Solicitamos extrema aten\u00e7\u00e3o \u00e0s discentes que pretendem solicitar a prorroga\u00e7\u00e3o da bolsa por motivo de licen\u00e7a maternidade ou ado\u00e7\u00e3o. A solicita\u00e7\u00e3o somente estar\u00e1 assegurada se o nascimento tiver ocorrido\u00a0<strong>at\u00e9 o \u00faltimo m\u00eas de vig\u00eancia da bolsa<\/strong>.<\/p>\n<\/div>\n<p>Para solicitar licen\u00e7a maternidade, siga as instru\u00e7\u00f5es <a href=\"https:\/\/wp.ufpel.edu.br\/cra\/informacoes-academicas\/exercicios-domiciliares\/\">neste link<\/a>.<\/p>\n","protected":false},"excerpt":{"rendered":"<p>N\u00famero de bolsas obtidas em 2025: Demanda Social (DS)\/Capes [*}: \u00a016 bolsas de mestrado e 15 bolsas de doutorado; Bolsa Estrat\u00e9gica\/Capes: 2 bolsas de doutorado Carrefour: 2 bolsas de doutorado Bolsas Especiais de Editais da PRPPG (A\u00e7\u00f5es Afirmativas): 2 alunas contemplada (1 mestrado e 1 doutorado) CNPq: 2 bolsas de mestrados para alunos de a\u00e7\u00f5es [&hellip;]<\/p>\n","protected":false},"author":207,"featured_media":0,"parent":6,"menu_order":3,"comment_status":"closed","ping_status":"closed","template":"","meta":{"jetpack_post_was_ever_published":false,"footnotes":""},"class_list":["post-37","page","type-page","status-publish","hentry"],"jetpack_sharing_enabled":true,"jetpack_shortlink":"https:\/\/wp.me\/P8FvYb-B","_links":{"self":[{"href":"https:\/\/wp.ufpel.edu.br\/ppgna\/wp-json\/wp\/v2\/pages\/37","targetHints":{"allow":["GET"]}}],"collection":[{"href":"https:\/\/wp.ufpel.edu.br\/ppgna\/wp-json\/wp\/v2\/pages"}],"about":[{"href":"https:\/\/wp.ufpel.edu.br\/ppgna\/wp-json\/wp\/v2\/types\/page"}],"author":[{"embeddable":true,"href":"https:\/\/wp.ufpel.edu.br\/ppgna\/wp-json\/wp\/v2\/users\/207"}],"replies":[{"embeddable":true,"href":"https:\/\/wp.ufpel.edu.br\/ppgna\/wp-json\/wp\/v2\/comments?post=37"}],"version-history":[{"count":4,"href":"https:\/\/wp.ufpel.edu.br\/ppgna\/wp-json\/wp\/v2\/pages\/37\/revisions"}],"predecessor-version":[{"id":4522,"href":"https:\/\/wp.ufpel.edu.br\/ppgna\/wp-json\/wp\/v2\/pages\/37\/revisions\/4522"}],"up":[{"embeddable":true,"href":"https:\/\/wp.ufpel.edu.br\/ppgna\/wp-json\/wp\/v2\/pages\/6"}],"wp:attachment":[{"href":"https:\/\/wp.ufpel.edu.br\/ppgna\/wp-json\/wp\/v2\/media?parent=37"}],"curies":[{"name":"wp","href":"https:\/\/api.w.org\/{rel}","templated":true}]}}