{"id":3699,"date":"2024-11-11T10:10:32","date_gmt":"2024-11-11T13:10:32","guid":{"rendered":"https:\/\/wp.ufpel.edu.br\/ppgna\/?page_id=3699"},"modified":"2025-10-23T11:20:58","modified_gmt":"2025-10-23T14:20:58","slug":"2022-2","status":"publish","type":"page","link":"https:\/\/wp.ufpel.edu.br\/ppgna\/ingresso\/defesas\/2022-2\/","title":{"rendered":"2022"},"content":{"rendered":"<p>T\u00edtulo da Disserta\u00e7\u00e3o: An\u00e1lise microbiol\u00f3gica de fil\u00e9s de pescados na cidade de Pelotas-RS para detec\u00e7\u00e3o da presen\u00e7a de Staphylococcus coagulase positiva e Salmonella ssp <a href=\"https:\/\/wp.ufpel.edu.br\/ppgna\/files\/2024\/11\/Dissertacao_Natascha_Dornelles_Roesch.pdf\">[Download]<\/a><br \/>\nDiscente: Natascha Dornelles Roesch<br \/>\nData: 14\/04\/2022<\/p>\n<p>T\u00edtulo da Disserta\u00e7\u00e3o: \u00c2ngulo de fase, dom\u00ednio f\u00edsico de qualidade de vida e funcionalidade em pacientes com c\u00e2ncer submetidos a quimioterapia <a href=\"https:\/\/wp.ufpel.edu.br\/ppgna\/files\/2024\/11\/Dissertacao_Camila_Frio_PPGNA.pdf\">[Download]<\/a><br \/>\nDiscente: Camila Conde Frio<br \/>\nData: 05\/08\/2022<\/p>\n<p>T\u00edtulo da Disserta\u00e7\u00e3o: Associa\u00e7\u00e3o de alimentos palat\u00e1veis com vicio em comida e obesidade <a href=\"https:\/\/wp.ufpel.edu.br\/ppgna\/files\/2024\/11\/dissertacao_RAFAELA_NEVES_25_01.pdf\">[Download]<\/a><br \/>\nDiscente: Rafaela De Oliveira das Neves<br \/>\nData: 25\/10\/2022<\/p>\n<p>T\u00edtulo da Disserta\u00e7\u00e3o: Avalia\u00e7\u00e3o do extrato de Pleurotus ostreatus sobre a glicemia de camundongos f\u00eameas <a href=\"https:\/\/wp.ufpel.edu.br\/ppgna\/files\/2024\/11\/Tais_Kopp.pdf\">[Download]<\/a><br \/>\nDiscente: Ta\u00eds K\u00f6pp da Silveira<br \/>\nData: 25\/02\/2022<\/p>\n<p>T\u00edtulo da Disserta\u00e7\u00e3o: Ch\u00e1 Verde versus Kombucha: potencial bioativo e efeito no tratamento da colite ulcerativa em camundongos <a href=\"https:\/\/wp.ufpel.edu.br\/ppgna\/files\/2024\/11\/Jordan_Teixeira_Oliveira.pdf\">[Download]<\/a><br \/>\nDiscente: Jordan Teixeira Oliveira<br \/>\nData: 03\/03\/2022<\/p>\n<p>T\u00edtulo da Disserta\u00e7\u00e3o: Efeito da suplementa\u00e7\u00e3o com extrato de Pleurotus albidus na resist\u00eancia insul\u00ednica <a href=\"https:\/\/wp.ufpel.edu.br\/ppgna\/files\/2024\/11\/Dissertacao_Karen_Martirena_Mons_da_Silva.docx__2_.pdf\">[Download]<\/a><br \/>\nDiscente: Karen Martirena Monks da Silva<br \/>\nData: 24\/02\/2022<\/p>\n<p>T\u00edtulo da Disserta\u00e7\u00e3o: Efeito probi\u00f3tico de Lactococcus lactis na preven\u00e7\u00e3o e no tratamento de doen\u00e7as inflamat\u00f3rias intestinais em camundongos: Uma revis\u00e3o sistem\u00e1tica <a href=\"https:\/\/wp.ufpel.edu.br\/ppgna\/files\/2024\/11\/DISSERTACAO___TAMIRES_RIZZI.pdf\">[Download]<\/a><br \/>\nDiscente: Tamires Rizzi<br \/>\nData: 13\/05\/2022<\/p>\n<p>T\u00edtulo da Disserta\u00e7\u00e3o: Fatores de risco comportamentais para doen\u00e7as cardiovasculares entre adolescentes da zona urbana de Pelotas, RS <a href=\"https:\/\/wp.ufpel.edu.br\/ppgna\/files\/2024\/11\/Dissertacao_Mariana_Bueno_3.pdf\">[Download]<\/a><br \/>\nDiscente: Mariana Moreno Bueno<br \/>\nData: 10\/06\/2022<\/p>\n<p>T\u00edtulo da Disserta\u00e7\u00e3o: Instrumentos de avalia\u00e7\u00e3o do consumo alimentar empregados em estudos com crian\u00e7as e adolescentes com Transtorno do Espectro Autista: Revis\u00e3o sistem\u00e1tica de literatura <a href=\"https:\/\/wp.ufpel.edu.br\/ppgna\/files\/2024\/11\/Volume_de_dissertacao_Eduarda_de_Souza_Silva.pdf\">[Download]<\/a><br \/>\nDiscente: Eduarda de Souza Silva Teixeira<br \/>\nData: 04\/03\/2022<\/p>\n<p>T\u00edtulo da Disserta\u00e7\u00e3o: Marcadores de alimenta\u00e7\u00e3o saud\u00e1vel entre adolescentes da rede municipal de ensino de Pelotas, RS <a href=\"https:\/\/wp.ufpel.edu.br\/ppgna\/files\/2024\/11\/DISSERTACAO.pdf\">[Download]<\/a><br \/>\nDiscente: J\u00e9ssica Gularte Domingues<br \/>\nData: 29\/06\/2022<\/p>\n<p>T\u00edtulo da Disserta\u00e7\u00e3o: Membranas de nanofibras de ze\u00edna e \u00f3leo essencial de tomilho (Thymus vulgaris) com potencial antimicrobiano para aplica\u00e7\u00e3o em bandejas com carnes <a href=\"https:\/\/wp.ufpel.edu.br\/ppgna\/files\/2024\/11\/Dissertacao_Eduarda_Caetano_Peixoto___1_.pdf\">[Download]<\/a><br \/>\nDiscente: Eduarda Caetano Peixoto<br \/>\nData: 28\/03\/2022<\/p>\n<p>T\u00edtulo da Disserta\u00e7\u00e3o: Metformina, fisetina e resveratrol: poss\u00edveis protetores da reserva ovariana de camundongas expostas \u00e0 ciclofosfamida <a href=\"https:\/\/wp.ufpel.edu.br\/ppgna\/files\/2024\/11\/Dissertacao_Maria_Isabel_Cousen__PPGNA.pdf\">[Download]<\/a><br \/>\nDiscente: Maria Isabel Schiavon Cousen<br \/>\nData: 14\/04\/2022<\/p>\n<p>T\u00edtulo da Disserta\u00e7\u00e3o: Modifica\u00e7\u00e3o de amido de arroz por tratamento t\u00e9rmico de baixa umidade adicionado de \u00f3leo de abacate: processo via autoclave versus micro-ondas <a href=\"https:\/\/wp.ufpel.edu.br\/ppgna\/files\/2024\/11\/Dissertacao_Sabrina_Feksa_Frasson_PPGNA.pdf\">[Download]<\/a><br \/>\nDiscente: Sabrina Feksa Frasson<br \/>\nData: 18\/01\/2022<\/p>\n<p>T\u00edtulo da Disserta\u00e7\u00e3o: Perfil cl\u00ednico e preval\u00eancia de HLA-DQ2 e HLA-DQ8 em frequentadores da ACELBRA <a href=\"https:\/\/wp.ufpel.edu.br\/ppgna\/files\/2024\/11\/Dissertacao_Final_Joaoccb.pdf\">[Download]<\/a><br \/>\nDiscente: Jo\u00e3o Luis Ricalde Gervasio<br \/>\nData: 31\/08\/2022<\/p>\n","protected":false},"excerpt":{"rendered":"<p>T\u00edtulo da Disserta\u00e7\u00e3o: An\u00e1lise microbiol\u00f3gica de fil\u00e9s de pescados na cidade de Pelotas-RS para detec\u00e7\u00e3o da presen\u00e7a de Staphylococcus coagulase positiva e Salmonella ssp [Download] Discente: Natascha Dornelles Roesch Data: 14\/04\/2022 T\u00edtulo da Disserta\u00e7\u00e3o: \u00c2ngulo de fase, dom\u00ednio f\u00edsico de qualidade de vida e funcionalidade em pacientes com c\u00e2ncer submetidos a quimioterapia [Download] Discente: Camila [&hellip;]<\/p>\n","protected":false},"author":209,"featured_media":0,"parent":4330,"menu_order":0,"comment_status":"closed","ping_status":"closed","template":"","meta":{"jetpack_post_was_ever_published":false,"footnotes":""},"class_list":["post-3699","page","type-page","status-publish","hentry"],"jetpack_sharing_enabled":true,"jetpack_shortlink":"https:\/\/wp.me\/P8FvYb-XF","_links":{"self":[{"href":"https:\/\/wp.ufpel.edu.br\/ppgna\/wp-json\/wp\/v2\/pages\/3699","targetHints":{"allow":["GET"]}}],"collection":[{"href":"https:\/\/wp.ufpel.edu.br\/ppgna\/wp-json\/wp\/v2\/pages"}],"about":[{"href":"https:\/\/wp.ufpel.edu.br\/ppgna\/wp-json\/wp\/v2\/types\/page"}],"author":[{"embeddable":true,"href":"https:\/\/wp.ufpel.edu.br\/ppgna\/wp-json\/wp\/v2\/users\/209"}],"replies":[{"embeddable":true,"href":"https:\/\/wp.ufpel.edu.br\/ppgna\/wp-json\/wp\/v2\/comments?post=3699"}],"version-history":[{"count":4,"href":"https:\/\/wp.ufpel.edu.br\/ppgna\/wp-json\/wp\/v2\/pages\/3699\/revisions"}],"predecessor-version":[{"id":3718,"href":"https:\/\/wp.ufpel.edu.br\/ppgna\/wp-json\/wp\/v2\/pages\/3699\/revisions\/3718"}],"up":[{"embeddable":true,"href":"https:\/\/wp.ufpel.edu.br\/ppgna\/wp-json\/wp\/v2\/pages\/4330"}],"wp:attachment":[{"href":"https:\/\/wp.ufpel.edu.br\/ppgna\/wp-json\/wp\/v2\/media?parent=3699"}],"curies":[{"name":"wp","href":"https:\/\/api.w.org\/{rel}","templated":true}]}}