{"id":3357,"date":"2023-07-13T17:38:32","date_gmt":"2023-07-13T20:38:32","guid":{"rendered":"https:\/\/wp.ufpel.edu.br\/ppgna\/?page_id=3357"},"modified":"2023-07-13T17:38:32","modified_gmt":"2023-07-13T20:38:32","slug":"2023-2","status":"publish","type":"page","link":"https:\/\/wp.ufpel.edu.br\/ppgna\/ingresso\/discentes-2\/2023-2\/","title":{"rendered":"2023"},"content":{"rendered":"<table border=\"0\" width=\"580\" cellspacing=\"0\" cellpadding=\"0\">\n<colgroup>\n<col width=\"315\" \/>\n<col width=\"265\" \/><\/colgroup>\n<tbody>\n<tr>\n<td class=\"xl63\" style=\"width: 301px;\" width=\"315\" height=\"21\"><strong>Mestrado<\/strong><\/td>\n<td style=\"width: 277px;\" width=\"265\"><strong>Orientador<\/strong><\/td>\n<\/tr>\n<tr>\n<td class=\"xl63\" style=\"width: 301px;\" height=\"21\"><strong>Nutri\u00e7\u00e3o B\u00e1sica e Experimental<\/strong><\/td>\n<td style=\"width: 277px;\"><\/td>\n<\/tr>\n<tr>\n<td class=\"xl63\" style=\"width: 301px;\" height=\"21\">Isadora Bartz Lindenau<\/td>\n<td class=\"xl63\" style=\"width: 277px;\">Simone Pieniz<\/td>\n<\/tr>\n<tr>\n<td class=\"xl63\" style=\"width: 301px;\" height=\"21\"><strong>Clinica e Epidemiologia Nutricional<\/strong><\/td>\n<td style=\"width: 277px;\"><\/td>\n<\/tr>\n<tr>\n<td class=\"xl63\" style=\"width: 301px;\" height=\"21\">Patr\u00edcia Borges Acosta<\/td>\n<td class=\"xl63\" style=\"width: 277px;\">Gicele Costa Mintem<\/td>\n<\/tr>\n<tr>\n<td class=\"xl63\" style=\"width: 301px;\" height=\"21\">Laura Vargas Hoffmann<\/td>\n<td class=\"xl63\" style=\"width: 277px;\">Juliana dos Santos Vaz<\/td>\n<\/tr>\n<tr>\n<td class=\"xl63\" style=\"width: 301px;\" height=\"21\">Eduarda Couto Pl\u00e1cido Nunes<\/td>\n<td class=\"xl63\" style=\"width: 277px;\">Sandra Costa Valle<\/td>\n<\/tr>\n<tr>\n<td style=\"width: 301px;\"><\/td>\n<td style=\"width: 277px;\"><\/td>\n<\/tr>\n<tr>\n<td class=\"xl63\" style=\"width: 301px;\" height=\"21\"><strong>Doutorado<\/strong><\/td>\n<td style=\"width: 277px;\"><\/td>\n<\/tr>\n<tr>\n<td class=\"xl63\" style=\"width: 301px;\" height=\"21\"><strong>Nutri\u00e7\u00e3o B\u00e1sica e Experimental<\/strong><\/td>\n<td style=\"width: 277px;\"><\/td>\n<\/tr>\n<tr>\n<td class=\"xl63\" style=\"width: 301px;\" height=\"21\">Fab\u00edola Goettems dos Santos<\/td>\n<td class=\"xl63\" style=\"width: 277px;\">Augusto Schneider<\/td>\n<\/tr>\n<tr>\n<td class=\"xl63\" style=\"width: 301px;\" height=\"21\">Taiciane Gon\u00e7alves da Silva<\/td>\n<td class=\"xl63\" style=\"width: 277px;\">Simone Pieniz<\/td>\n<\/tr>\n<tr>\n<td class=\"xl63\" style=\"width: 301px;\" height=\"21\">Thayane Garcia Blumberg<\/td>\n<td class=\"xl63\" style=\"width: 277px;\">Simone Pieniz<\/td>\n<\/tr>\n<tr>\n<td style=\"width: 301px;\" height=\"21\"><\/td>\n<td style=\"width: 277px;\"><\/td>\n<\/tr>\n<tr>\n<td class=\"xl63\" style=\"width: 578px;\" colspan=\"2\" height=\"21\"><strong>An\u00e1lise e Controle de Qualidade de Alimentos<\/strong><\/td>\n<\/tr>\n<tr>\n<td class=\"xl63\" style=\"width: 301px;\" height=\"21\">Gabriela da Silva Schirmann<\/td>\n<td class=\"xl63\" style=\"width: 277px;\">Carla Rosane Barboza Mendon\u00e7a<\/td>\n<\/tr>\n<tr>\n<td class=\"xl63\" style=\"width: 301px;\" height=\"21\">Citieli Giongo<\/td>\n<td class=\"xl63\" style=\"width: 277px;\">Eliezer Avila Gandra<\/td>\n<\/tr>\n<tr>\n<td style=\"width: 301px;\" height=\"21\"><\/td>\n<td style=\"width: 277px;\"><\/td>\n<\/tr>\n<tr>\n<td class=\"xl63\" style=\"width: 301px;\" height=\"21\"><strong>Clinica e Epidemiologia Nutricional<\/strong><\/td>\n<td style=\"width: 277px;\"><\/td>\n<\/tr>\n<tr>\n<td class=\"xl63\" style=\"width: 301px;\" height=\"21\">Cec\u00edlia Fischer Fernandes<\/td>\n<td class=\"xl63\" style=\"width: 277px;\">Renata Moraes Bielemann<\/td>\n<\/tr>\n<tr>\n<td class=\"xl63\" style=\"width: 301px;\" height=\"21\">\u00a0Diego de Almeida Souza<\/td>\n<td class=\"xl63\" style=\"width: 277px;\">Gicele Costa Mintem<\/td>\n<\/tr>\n<\/tbody>\n<\/table>\n<p><\/p>\n","protected":false},"excerpt":{"rendered":"<p>Mestrado Orientador Nutri\u00e7\u00e3o B\u00e1sica e Experimental Isadora Bartz Lindenau Simone Pieniz Clinica e Epidemiologia Nutricional Patr\u00edcia Borges Acosta Gicele Costa Mintem Laura Vargas Hoffmann Juliana dos Santos Vaz Eduarda Couto Pl\u00e1cido Nunes Sandra Costa Valle Doutorado Nutri\u00e7\u00e3o B\u00e1sica e Experimental Fab\u00edola Goettems dos Santos Augusto Schneider Taiciane Gon\u00e7alves da Silva Simone Pieniz Thayane Garcia Blumberg [&hellip;]<\/p>\n","protected":false},"author":209,"featured_media":0,"parent":1760,"menu_order":0,"comment_status":"closed","ping_status":"closed","template":"","meta":{"jetpack_post_was_ever_published":false,"footnotes":""},"class_list":["post-3357","page","type-page","status-publish","hentry"],"jetpack_sharing_enabled":true,"jetpack_shortlink":"https:\/\/wp.me\/P8FvYb-S9","_links":{"self":[{"href":"https:\/\/wp.ufpel.edu.br\/ppgna\/wp-json\/wp\/v2\/pages\/3357","targetHints":{"allow":["GET"]}}],"collection":[{"href":"https:\/\/wp.ufpel.edu.br\/ppgna\/wp-json\/wp\/v2\/pages"}],"about":[{"href":"https:\/\/wp.ufpel.edu.br\/ppgna\/wp-json\/wp\/v2\/types\/page"}],"author":[{"embeddable":true,"href":"https:\/\/wp.ufpel.edu.br\/ppgna\/wp-json\/wp\/v2\/users\/209"}],"replies":[{"embeddable":true,"href":"https:\/\/wp.ufpel.edu.br\/ppgna\/wp-json\/wp\/v2\/comments?post=3357"}],"version-history":[{"count":1,"href":"https:\/\/wp.ufpel.edu.br\/ppgna\/wp-json\/wp\/v2\/pages\/3357\/revisions"}],"predecessor-version":[{"id":3359,"href":"https:\/\/wp.ufpel.edu.br\/ppgna\/wp-json\/wp\/v2\/pages\/3357\/revisions\/3359"}],"up":[{"embeddable":true,"href":"https:\/\/wp.ufpel.edu.br\/ppgna\/wp-json\/wp\/v2\/pages\/1760"}],"wp:attachment":[{"href":"https:\/\/wp.ufpel.edu.br\/ppgna\/wp-json\/wp\/v2\/media?parent=3357"}],"curies":[{"name":"wp","href":"https:\/\/api.w.org\/{rel}","templated":true}]}}