{"id":3181,"date":"2022-09-30T08:44:41","date_gmt":"2022-09-30T11:44:41","guid":{"rendered":"https:\/\/wp.ufpel.edu.br\/ppgna\/?page_id=3181"},"modified":"2024-11-11T15:49:20","modified_gmt":"2024-11-11T18:49:20","slug":"2022-2","status":"publish","type":"page","link":"https:\/\/wp.ufpel.edu.br\/ppgna\/ingresso\/discentes-2\/2022-2\/","title":{"rendered":"2022"},"content":{"rendered":"<table style=\"width: 676px;\" border=\"0\" width=\"641\" cellspacing=\"0\" cellpadding=\"0\">\n<colgroup>\n<col width=\"373\" \/>\n<col width=\"268\" \/><\/colgroup>\n<tbody>\n<tr style=\"height: 24px;\">\n<td class=\"xl63\" style=\"width: 425px; height: 24px;\" width=\"373\" height=\"20\"><strong>An\u00e1lise e Controle de Qualidade de Alimentos<\/strong><\/td>\n<td class=\"xl64\" style=\"width: 251px; height: 24px;\" width=\"268\"><strong>Orientador(a)<\/strong><\/td>\n<\/tr>\n<tr style=\"height: 24px;\">\n<td class=\"xl63\" style=\"width: 425px; height: 24px;\" height=\"20\"><span style=\"text-decoration: underline;\">Mestrado<\/span><\/td>\n<td class=\"xl64\" style=\"width: 251px; height: 24px;\"><\/td>\n<\/tr>\n<tr style=\"height: 24px;\">\n<td class=\"xl63\" style=\"width: 425px; height: 24px;\" height=\"20\">Andressa Salies Souza<\/td>\n<td class=\"xl63\" style=\"width: 251px; height: 24px;\">Eliezer \u00c1vila Gandra<\/td>\n<\/tr>\n<tr style=\"height: 24px;\">\n<td class=\"xl63\" style=\"width: 425px; height: 24px;\" height=\"20\">Diego Araujo da Costa<\/td>\n<td class=\"xl63\" style=\"width: 251px; height: 24px;\">Carla Rosane Barboza Mendon\u00e7a<\/td>\n<\/tr>\n<tr style=\"height: 24px;\">\n<td class=\"xl63\" style=\"width: 425px; height: 24px;\" height=\"20\">Marielly Ewerling<\/td>\n<td class=\"xl63\" style=\"width: 251px; height: 24px;\">Helayne Aparecida Maeves<\/td>\n<\/tr>\n<tr style=\"height: 24px;\">\n<td class=\"xl63\" style=\"width: 425px; height: 24px;\" height=\"20\">Denise Perleberg Gehling<\/td>\n<td class=\"xl63\" style=\"width: 251px; height: 24px;\">Helayne Aparecida Maeves<\/td>\n<\/tr>\n<tr>\n<td style=\"width: 425px;\"><span style=\"text-decoration: underline;\">\u00a0<\/span><\/td>\n<td style=\"width: 251px;\"><\/td>\n<\/tr>\n<tr style=\"height: 24px;\">\n<td class=\"xl64\" style=\"width: 425px; height: 24px;\" height=\"20\"><span style=\"text-decoration: underline;\">Doutorado<\/span><\/td>\n<td class=\"xl64\" style=\"width: 251px; height: 24px;\"><\/td>\n<\/tr>\n<tr style=\"height: 24px;\">\n<td class=\"xl63\" style=\"width: 425px; height: 24px;\" height=\"20\">Denise Oliveira Pacheco<\/td>\n<td class=\"xl63\" style=\"width: 251px; height: 24px;\">Eliezer \u00c1vila Gandra<\/td>\n<\/tr>\n<tr style=\"height: 24px;\">\n<td class=\"xl63\" style=\"width: 425px; height: 24px;\" height=\"20\">Larissa Riberas Silveira<\/td>\n<td class=\"xl63\" style=\"width: 251px; height: 24px;\">Carla Rosane Barboza Mendon\u00e7a<\/td>\n<\/tr>\n<tr style=\"height: 24px;\">\n<td class=\"xl63\" style=\"width: 425px; height: 24px;\" height=\"20\"><\/td>\n<td class=\"xl63\" style=\"width: 251px; height: 24px;\"><\/td>\n<\/tr>\n<tr style=\"height: 24px;\">\n<td class=\"xl63\" style=\"width: 425px; height: 24px;\" height=\"20\"><strong>Nutri\u00e7\u00e3o B\u00e1sica e Experimental<\/strong><\/td>\n<td class=\"xl64\" style=\"width: 251px; height: 24px;\"><\/td>\n<\/tr>\n<tr style=\"height: 24px;\">\n<td class=\"xl63\" style=\"width: 425px; height: 24px;\" height=\"20\"><span style=\"text-decoration: underline;\">Mestrado<\/span><\/td>\n<td class=\"xl64\" style=\"width: 251px; height: 24px;\"><\/td>\n<\/tr>\n<tr style=\"height: 24px;\">\n<td class=\"xl63\" style=\"width: 425px; height: 24px;\" height=\"20\">Raphaela Cassol Piccoli<\/td>\n<td class=\"xl63\" style=\"width: 251px; height: 24px;\">Rejane Giacomelli Tavares<\/td>\n<\/tr>\n<tr style=\"height: 24px;\">\n<td class=\"xl63\" style=\"width: 425px; height: 24px;\" height=\"20\"><\/td>\n<td class=\"xl63\" style=\"width: 251px; height: 24px;\"><\/td>\n<\/tr>\n<tr style=\"height: 24px;\">\n<td class=\"xl64\" style=\"width: 425px; height: 24px;\" height=\"20\"><span style=\"text-decoration: underline;\">Doutorado<\/span><\/td>\n<td class=\"xl64\" style=\"width: 251px; height: 24px;\"><\/td>\n<\/tr>\n<tr style=\"height: 24px;\">\n<td class=\"xl63\" style=\"width: 425px; height: 24px;\" height=\"20\">Jordan Teixeira Oliveira<\/td>\n<td class=\"xl63\" style=\"width: 251px; height: 24px;\">Simone Pieniz<\/td>\n<\/tr>\n<tr>\n<td style=\"width: 425px;\">Micaela Gon\u00e7alves Vivan<\/td>\n<td style=\"width: 251px;\">Paulo Cavalheiro Schenkel<\/td>\n<\/tr>\n<tr style=\"height: 24px;\">\n<td class=\"xl64\" style=\"width: 425px; height: 24px;\" height=\"20\"><\/td>\n<td class=\"xl64\" style=\"width: 251px; height: 24px;\"><\/td>\n<\/tr>\n<tr style=\"height: 24px;\">\n<td class=\"xl63\" style=\"width: 425px; height: 24px;\" height=\"20\"><strong>Clinica e Epidemiologia Nutricional<\/strong><\/td>\n<td class=\"xl64\" style=\"width: 251px; height: 24px;\"><\/td>\n<\/tr>\n<tr style=\"height: 24px;\">\n<td class=\"xl63\" style=\"width: 425px; height: 24px;\" height=\"20\"><span style=\"text-decoration: underline;\">Mestrado<\/span><\/td>\n<td class=\"xl64\" style=\"width: 251px; height: 24px;\"><\/td>\n<\/tr>\n<tr style=\"height: 24px;\">\n<td class=\"xl63\" style=\"width: 425px; height: 24px;\" height=\"20\">Lilia Schug de Moraes<\/td>\n<td class=\"xl63\" style=\"width: 251px; height: 24px;\">Renata Torres Abib Bertacco<\/td>\n<\/tr>\n<tr style=\"height: 24px;\">\n<td class=\"xl63\" style=\"width: 425px; height: 24px;\" height=\"20\">Regina Hobus<\/td>\n<td class=\"xl63\" style=\"width: 251px; height: 24px;\">Renata Moraes Bielemann<\/td>\n<\/tr>\n<tr style=\"height: 24px;\">\n<td class=\"xl63\" style=\"width: 425px; height: 24px;\" height=\"20\">Oluwaseun Fatimah Bolaji (ingresso internacional)<\/td>\n<td class=\"xl63\" style=\"width: 251px; height: 24px;\">Renata Moraes Bielemann<\/td>\n<\/tr>\n<tr style=\"height: 24px;\">\n<td class=\"xl64\" style=\"width: 425px; height: 24px;\" height=\"20\"><\/td>\n<td class=\"xl64\" style=\"width: 251px; height: 24px;\"><\/td>\n<\/tr>\n<tr style=\"height: 24px;\">\n<td class=\"xl63\" style=\"width: 425px; height: 24px;\" height=\"20\"><span style=\"text-decoration: underline;\">Doutorado<\/span><\/td>\n<td class=\"xl63\" style=\"width: 251px; height: 24px;\"><\/td>\n<\/tr>\n<tr style=\"height: 24px;\">\n<td class=\"xl63\" style=\"width: 425px; height: 24px;\" height=\"20\">B\u00e1rbara Peter Gon\u00e7alves<\/td>\n<td class=\"xl63\" style=\"width: 251px; height: 24px;\">Sandra Costa Valle<\/td>\n<\/tr>\n<tr>\n<td style=\"width: 425px;\">Eduarda de Souza Silva<\/td>\n<td style=\"width: 251px;\">Juliana Vaz<\/td>\n<\/tr>\n<\/tbody>\n<\/table>\n<p>&nbsp;<\/p>\n","protected":false},"excerpt":{"rendered":"<p>An\u00e1lise e Controle de Qualidade de Alimentos Orientador(a) Mestrado Andressa Salies Souza Eliezer \u00c1vila Gandra Diego Araujo da Costa Carla Rosane Barboza Mendon\u00e7a Marielly Ewerling Helayne Aparecida Maeves Denise Perleberg Gehling Helayne Aparecida Maeves \u00a0 Doutorado Denise Oliveira Pacheco Eliezer \u00c1vila Gandra Larissa Riberas Silveira Carla Rosane Barboza Mendon\u00e7a Nutri\u00e7\u00e3o B\u00e1sica e Experimental Mestrado Raphaela [&hellip;]<\/p>\n","protected":false},"author":209,"featured_media":0,"parent":1760,"menu_order":0,"comment_status":"closed","ping_status":"closed","template":"","meta":{"jetpack_post_was_ever_published":false,"footnotes":""},"class_list":["post-3181","page","type-page","status-publish","hentry"],"jetpack_sharing_enabled":true,"jetpack_shortlink":"https:\/\/wp.me\/P8FvYb-Pj","_links":{"self":[{"href":"https:\/\/wp.ufpel.edu.br\/ppgna\/wp-json\/wp\/v2\/pages\/3181","targetHints":{"allow":["GET"]}}],"collection":[{"href":"https:\/\/wp.ufpel.edu.br\/ppgna\/wp-json\/wp\/v2\/pages"}],"about":[{"href":"https:\/\/wp.ufpel.edu.br\/ppgna\/wp-json\/wp\/v2\/types\/page"}],"author":[{"embeddable":true,"href":"https:\/\/wp.ufpel.edu.br\/ppgna\/wp-json\/wp\/v2\/users\/209"}],"replies":[{"embeddable":true,"href":"https:\/\/wp.ufpel.edu.br\/ppgna\/wp-json\/wp\/v2\/comments?post=3181"}],"version-history":[{"count":5,"href":"https:\/\/wp.ufpel.edu.br\/ppgna\/wp-json\/wp\/v2\/pages\/3181\/revisions"}],"predecessor-version":[{"id":3797,"href":"https:\/\/wp.ufpel.edu.br\/ppgna\/wp-json\/wp\/v2\/pages\/3181\/revisions\/3797"}],"up":[{"embeddable":true,"href":"https:\/\/wp.ufpel.edu.br\/ppgna\/wp-json\/wp\/v2\/pages\/1760"}],"wp:attachment":[{"href":"https:\/\/wp.ufpel.edu.br\/ppgna\/wp-json\/wp\/v2\/media?parent=3181"}],"curies":[{"name":"wp","href":"https:\/\/api.w.org\/{rel}","templated":true}]}}