{"id":3124,"date":"2022-04-13T14:49:53","date_gmt":"2022-04-13T17:49:53","guid":{"rendered":"https:\/\/wp.ufpel.edu.br\/ppgna\/?page_id=3124"},"modified":"2026-02-14T13:38:41","modified_gmt":"2026-02-14T16:38:41","slug":"rejane-giacomelli-tavares","status":"publish","type":"page","link":"https:\/\/wp.ufpel.edu.br\/ppgna\/docentes\/paginas-individuais\/rejane-giacomelli-tavares\/","title":{"rendered":"Rejane Tavares"},"content":{"rendered":"<table style=\"width: 100.423585%; border-collapse: collapse; height: 913px;\" border=\"0\">\n<tbody>\n<tr style=\"height: 175px;\">\n<td style=\"width: 112.135922%; height: 175px;\" colspan=\"2\"><img class=\"foto aligncenter\" src=\"http:\/\/servicosweb.cnpq.br\/wspessoa\/servletrecuperafoto?tipo=1&amp;id=K4768211A9\" width=\"138\" height=\"141\" \/><\/td>\n<\/tr>\n<tr style=\"height: 24px;\">\n<td style=\"width: 112.135922%; height: 24px; text-align: center;\" colspan=\"2\"><span style=\"font-size: 14pt;\"><strong>Rejane Giacomelli Tavares<\/strong><\/span><\/td>\n<\/tr>\n<tr style=\"height: 24px;\">\n<td style=\"width: 112.135922%; height: 24px; text-align: center;\" colspan=\"2\"><strong>Linha de Nutri\u00e7\u00e3o B\u00e1sica e Experimental<\/strong><\/td>\n<\/tr>\n<tr style=\"height: 24px;\">\n<td style=\"width: 43.598616%; height: 24px; text-align: center;\"><a href=\"mailto:tavares.rejane@gmail.com\">Email<\/a><\/td>\n<td style=\"width: 68.537306%; height: 24px; text-align: center;\"><a href=\"http:\/\/lattes.cnpq.br\/1865502428478547\" target=\"_blank\" rel=\"noopener noreferrer\">Curr\u00edculo Lattes<\/a><\/td>\n<\/tr>\n<tr style=\"height: 24px;\">\n<td style=\"height: 24px; text-align: justify; width: 112.135922%;\" colspan=\"2\"><strong>Gradua\u00e7\u00e3o:<\/strong> Farm\u00e1cia &#8211; UFRGS<br \/>\n<strong>Mestrado: <\/strong>Ci\u00eancias Biol\u00f3gicas &#8211; Bioqu\u00edmica\u2013 UFRGS<br \/>\n<strong>Doutorado:<\/strong> Ci\u00eancias Biol\u00f3gicas &#8211; Bioqu\u00edmica\u2013 UFRGS<\/td>\n<\/tr>\n<tr style=\"height: 24px;\">\n<td style=\"text-align: justify; width: 112.135922%; height: 24px;\" colspan=\"2\"><\/td>\n<\/tr>\n<tr style=\"height: 72px;\">\n<td style=\"text-align: justify; width: 112.135922%; height: 72px;\" colspan=\"2\"><strong>Principais temas de pesquisa:<\/strong><br \/>\nDesenvolve pesquisas relacionadas com doen\u00e7as cr\u00f4nicas n\u00e3o transmiss\u00edveis (dislipidemias, diabetes e s\u00edndrome metab\u00f3lica), estresse oxidativo e avalia\u00e7\u00e3o do efeito de produtos naturais nestas patologias.<\/td>\n<\/tr>\n<tr style=\"height: 24px;\">\n<td style=\"text-align: justify; width: 112.135922%; height: 24px;\" colspan=\"2\"><strong>\u00a0<\/strong><\/td>\n<\/tr>\n<tr style=\"height: 24px;\">\n<td style=\"text-align: justify; width: 112.135922%; height: 24px;\" colspan=\"2\"><strong>Publica\u00e7\u00f5es destaque<\/strong><\/td>\n<\/tr>\n<tr style=\"height: 438px;\">\n<td style=\"width: 112.135922%; text-align: justify; height: 438px;\" colspan=\"2\">\n<p>RODRIGUES, L. M. ; PICCOLI, R. C. ; NICOLAI, M. ; PEREIRA, P. ; SPANEVELLO, R. M. ; STEFANELLO, F. M. ; PALMA, M. L. ; Tavares, R.G. . Grape Pomace flour prevents anxiety-like behavior and reduces brain oxidative stress in a type 2 Diabetes Mellitus animal model. Acta Physiologica , v. 240, p. e14223, 2024.<\/p>\n<p>PICCOLI, RAPHAELA CASSOL ; SIM\u00d5ES, WILLIAM SANABRIA ; CUST\u00d3DIO, SOLANGE VEGA ; GOULARTE, KELEN CRISTIANE MACHADO ; LUDUVICO, KARINA PEREIRA ; DE MELLO, JULIA EISENHARDT ; DE SOUZA, ANITA AVILA ; TEIXEIRA, ANA CAROLINA ; DA COSTA, DIEGO ARAUJO ; BARSCHAK, ALETH\u00c9A GATTO ; DENIZ, BRUNA FERRARY ; ALMEIDA, WELLINGTON DE ; PEREIRA, PAULA ; NICOLAI, MARISA ; SPANEVELLO, ROSELIA MARIA ; STEFANELLO, FRANCIELI MORO ; Tavares, Rejane Giacomelli ; PALMA, MARIA L\u00cdDIA . Sustainable Intervention: Grape Pomace Flour Ameliorates Fasting Glucose and Mitigates Streptozotocin-Induced Pancreatic Damage in a Type 2 Diabetes Animal Model. PHARMACEUTICALS , v. 17, p. 1530, 2024.<\/p>\n<p>RAMOS, VANESSA PLASSE ; DA SILVA, PAMELA GON\u00c7ALVES ; OLIVEIRA, PATHISE SOUTO ; BONA, NAT\u00c1LIA PONTES ; SOARES, MAYARA SANDRIELLY PEREIRA ; CARDOSO, JULIANE DE SOUZA ; HOFFMANN, JESSICA FERNANDA ; CHAVES, F\u00c1BIO CLASEN ; SCHNEIDER, AUGUSTO ; SPANEVELLO, ROSELIA MARIA ; LENCINA, CLAITON LEONETI ; STEFANELLO, FRANCIELI MORO ;\u00a0Tavares, Rejane Giacomelli\u00a0. Hypolipidemic and anti-inflammatory properties of phenolic rich Butia odorata fruit extract:\u00a0potential\u00a0involvement of paraoxonase activity. BIOMARKERS , v. 1, p. 1-25, 2020.<\/td>\n<\/tr>\n<\/tbody>\n<\/table>\n<p>&nbsp;<\/p>\n","protected":false},"excerpt":{"rendered":"<p>Rejane Giacomelli Tavares Linha de Nutri\u00e7\u00e3o B\u00e1sica e Experimental Email Curr\u00edculo Lattes Gradua\u00e7\u00e3o: Farm\u00e1cia &#8211; UFRGS Mestrado: Ci\u00eancias Biol\u00f3gicas &#8211; Bioqu\u00edmica\u2013 UFRGS Doutorado: Ci\u00eancias Biol\u00f3gicas &#8211; Bioqu\u00edmica\u2013 UFRGS Principais temas de pesquisa: Desenvolve pesquisas relacionadas com doen\u00e7as cr\u00f4nicas n\u00e3o transmiss\u00edveis (dislipidemias, diabetes e s\u00edndrome metab\u00f3lica), estresse oxidativo e avalia\u00e7\u00e3o do efeito de produtos naturais nestas [&hellip;]<\/p>\n","protected":false},"author":209,"featured_media":0,"parent":2693,"menu_order":0,"comment_status":"closed","ping_status":"closed","template":"","meta":{"jetpack_post_was_ever_published":false,"footnotes":""},"class_list":["post-3124","page","type-page","status-publish","hentry"],"jetpack_sharing_enabled":true,"jetpack_shortlink":"https:\/\/wp.me\/P8FvYb-Oo","_links":{"self":[{"href":"https:\/\/wp.ufpel.edu.br\/ppgna\/wp-json\/wp\/v2\/pages\/3124","targetHints":{"allow":["GET"]}}],"collection":[{"href":"https:\/\/wp.ufpel.edu.br\/ppgna\/wp-json\/wp\/v2\/pages"}],"about":[{"href":"https:\/\/wp.ufpel.edu.br\/ppgna\/wp-json\/wp\/v2\/types\/page"}],"author":[{"embeddable":true,"href":"https:\/\/wp.ufpel.edu.br\/ppgna\/wp-json\/wp\/v2\/users\/209"}],"replies":[{"embeddable":true,"href":"https:\/\/wp.ufpel.edu.br\/ppgna\/wp-json\/wp\/v2\/comments?post=3124"}],"version-history":[{"count":4,"href":"https:\/\/wp.ufpel.edu.br\/ppgna\/wp-json\/wp\/v2\/pages\/3124\/revisions"}],"predecessor-version":[{"id":4554,"href":"https:\/\/wp.ufpel.edu.br\/ppgna\/wp-json\/wp\/v2\/pages\/3124\/revisions\/4554"}],"up":[{"embeddable":true,"href":"https:\/\/wp.ufpel.edu.br\/ppgna\/wp-json\/wp\/v2\/pages\/2693"}],"wp:attachment":[{"href":"https:\/\/wp.ufpel.edu.br\/ppgna\/wp-json\/wp\/v2\/media?parent=3124"}],"curies":[{"name":"wp","href":"https:\/\/api.w.org\/{rel}","templated":true}]}}