{"id":3021,"date":"2021-08-12T15:31:13","date_gmt":"2021-08-12T18:31:13","guid":{"rendered":"https:\/\/wp.ufpel.edu.br\/ppgna\/?page_id=3021"},"modified":"2021-08-12T15:31:50","modified_gmt":"2021-08-12T18:31:50","slug":"2021-2","status":"publish","type":"page","link":"https:\/\/wp.ufpel.edu.br\/ppgna\/ingresso\/discentes-2\/2021-2\/","title":{"rendered":"2021"},"content":{"rendered":"<table style=\"width: 676px\" border=\"0\" width=\"641\" cellspacing=\"0\" cellpadding=\"0\">\n<colgroup>\n<col width=\"373\" \/>\n<col width=\"268\" \/><\/colgroup>\n<tbody>\n<tr>\n<td class=\"xl63\" style=\"width: 434px\" width=\"373\" height=\"20\"><strong>An\u00e1lise e Controle de Qualidade de Alimentos<\/strong><\/td>\n<td class=\"xl64\" style=\"width: 242px\" width=\"268\"><strong>Orientador(a)<\/strong><\/td>\n<\/tr>\n<tr>\n<td class=\"xl63\" style=\"width: 434px\" height=\"20\"><span style=\"text-decoration: underline\">Mestrado<\/span><\/td>\n<td class=\"xl64\" style=\"width: 242px\"><\/td>\n<\/tr>\n<tr>\n<td class=\"xl63\" style=\"width: 434px\" height=\"20\">Gabrielle Tomaz Nunes<\/td>\n<td class=\"xl63\" style=\"width: 242px\">Carla Rosane Barboza Mendonc\u0327a<\/td>\n<\/tr>\n<tr>\n<td class=\"xl63\" style=\"width: 434px\" height=\"20\">Tamires Soares Schug<\/td>\n<td class=\"xl63\" style=\"width: 242px\">Eliezer \u00c1vila Gandra<\/td>\n<\/tr>\n<tr>\n<td class=\"xl63\" style=\"width: 434px\" height=\"20\">Luana Garcia<\/td>\n<td class=\"xl63\" style=\"width: 242px\">Elizabete Helbig<\/td>\n<\/tr>\n<tr>\n<td class=\"xl63\" style=\"width: 434px\" height=\"20\">Milena Gonc\u0327alves de Oliveira<\/td>\n<td class=\"xl63\" style=\"width: 242px\">Graciele Campelo Borges<\/td>\n<\/tr>\n<tr>\n<td class=\"xl63\" style=\"width: 434px\" height=\"20\">Bruna Vaz da Silva<\/td>\n<td class=\"xl63\" style=\"width: 242px\">Helayne Aparecida Maeves<\/td>\n<\/tr>\n<tr>\n<td class=\"xl63\" style=\"width: 434px\" height=\"20\"><\/td>\n<td class=\"xl63\" style=\"width: 242px\"><\/td>\n<\/tr>\n<tr>\n<td class=\"xl64\" style=\"width: 434px\" height=\"20\"><span style=\"text-decoration: underline\">Doutorado<\/span><\/td>\n<td class=\"xl64\" style=\"width: 242px\"><\/td>\n<\/tr>\n<tr>\n<td class=\"xl63\" style=\"width: 434px\" height=\"20\">J\u00e9ssica Silveira Vit\u00f3ria<\/td>\n<td class=\"xl63\" style=\"width: 242px\">Eliezer \u00c1vila Gandra<\/td>\n<\/tr>\n<tr>\n<td class=\"xl63\" style=\"width: 434px\" height=\"20\">Thielen Borba da Costa<\/td>\n<td class=\"xl63\" style=\"width: 242px\">Elizabete Helbig<\/td>\n<\/tr>\n<tr>\n<td class=\"xl63\" style=\"width: 434px\" height=\"20\"><\/td>\n<td class=\"xl63\" style=\"width: 242px\"><\/td>\n<\/tr>\n<tr>\n<td class=\"xl63\" style=\"width: 434px\" height=\"20\"><strong>Nutri\u00e7\u00e3o B\u00e1sica e Experimental<\/strong><\/td>\n<td class=\"xl64\" style=\"width: 242px\"><\/td>\n<\/tr>\n<tr>\n<td class=\"xl63\" style=\"width: 434px\" height=\"20\"><span style=\"text-decoration: underline\">Mestrado<\/span><\/td>\n<td class=\"xl64\" style=\"width: 242px\"><\/td>\n<\/tr>\n<tr>\n<td class=\"xl63\" style=\"width: 434px\" height=\"20\">Gabriel Barreto Veiga<\/td>\n<td class=\"xl63\" style=\"width: 242px\">Augusto Schneider<\/td>\n<\/tr>\n<tr>\n<td class=\"xl63\" style=\"width: 434px\" height=\"20\">Marcelli de Oliveira Rocha<\/td>\n<td class=\"xl63\" style=\"width: 242px\">Carlos Castilho de Barros<\/td>\n<\/tr>\n<tr>\n<td class=\"xl63\" style=\"width: 434px\" height=\"20\">Paola Quevedo da Costa<\/td>\n<td class=\"xl63\" style=\"width: 242px\">Paulo Cavalheiro Schenkel<\/td>\n<\/tr>\n<tr>\n<td class=\"xl63\" style=\"width: 434px\" height=\"20\">Felipe Cararo Zanini<\/td>\n<td class=\"xl63\" style=\"width: 242px\">Simone Pieniz<\/td>\n<\/tr>\n<tr>\n<td class=\"xl63\" style=\"width: 434px\" height=\"20\"><\/td>\n<td class=\"xl63\" style=\"width: 242px\"><\/td>\n<\/tr>\n<tr>\n<td class=\"xl64\" style=\"width: 434px\" height=\"20\"><span style=\"text-decoration: underline\">Doutorado<\/span><\/td>\n<td class=\"xl64\" style=\"width: 242px\"><\/td>\n<\/tr>\n<tr>\n<td class=\"xl63\" style=\"width: 434px\" height=\"20\">Fabricio Tabeli\u00e3o Degrandis<\/td>\n<td class=\"xl63\" style=\"width: 242px\">Paulo Cavalheiro Schenkel<\/td>\n<\/tr>\n<tr>\n<td class=\"xl64\" style=\"width: 434px\" height=\"20\"><\/td>\n<td class=\"xl64\" style=\"width: 242px\"><\/td>\n<\/tr>\n<tr>\n<td class=\"xl63\" style=\"width: 434px\" height=\"20\"><strong>Clinica e Epidemiologia Nutricional<\/strong><\/td>\n<td class=\"xl64\" style=\"width: 242px\"><\/td>\n<\/tr>\n<tr>\n<td class=\"xl63\" style=\"width: 434px\" height=\"20\"><span style=\"text-decoration: underline\">Mestrado<\/span><\/td>\n<td class=\"xl64\" style=\"width: 242px\"><\/td>\n<\/tr>\n<tr>\n<td class=\"xl63\" style=\"width: 434px\" height=\"20\">Manuela Ferreira Vianna<\/td>\n<td class=\"xl63\" style=\"width: 242px\">Gicele Costa Mintem<\/td>\n<\/tr>\n<tr>\n<td class=\"xl63\" style=\"width: 434px\" height=\"20\">Je\u0301ssica Carollina Von Schusterschitz Soares Schiatti<\/td>\n<td class=\"xl63\" style=\"width: 242px\">Ludmila Corr\u00eaa Muniz<\/td>\n<\/tr>\n<tr>\n<td class=\"xl63\" style=\"width: 434px\" height=\"20\">Julia Guimara\u0303es Bettanzos<\/td>\n<td class=\"xl63\" style=\"width: 242px\">Renata Moraes Bielemann<\/td>\n<\/tr>\n<tr>\n<td class=\"xl63\" style=\"width: 434px\" height=\"20\">Antonio Orlando Farias Martins Filho<\/td>\n<td class=\"xl63\" style=\"width: 242px\">Renata Torres Abib Bertacco<\/td>\n<\/tr>\n<tr>\n<td class=\"xl63\" style=\"width: 434px\" height=\"20\">Bruna Klasen Soares<\/td>\n<td class=\"xl63\" style=\"width: 242px\">Sandra Costa Valle<\/td>\n<\/tr>\n<tr>\n<td class=\"xl63\" style=\"width: 434px\" height=\"20\"><\/td>\n<td class=\"xl63\" style=\"width: 242px\"><\/td>\n<\/tr>\n<tr>\n<td class=\"xl64\" style=\"width: 434px\" height=\"20\"><span style=\"text-decoration: underline\">Doutorado<\/span><\/td>\n<td class=\"xl64\" style=\"width: 242px\"><\/td>\n<\/tr>\n<tr>\n<td class=\"xl63\" style=\"width: 434px\" height=\"20\">Mariele dos Santos Rosa Xavier<\/td>\n<td class=\"xl63\" style=\"width: 242px\">Juliana Vaz<\/td>\n<\/tr>\n<tr>\n<td class=\"xl63\" style=\"width: 434px\" height=\"20\">Aline Ferreira Brand\u00e3o<\/td>\n<td class=\"xl63\" style=\"width: 242px\">Maria Cristina Gonzalez<\/td>\n<\/tr>\n<tr>\n<td class=\"xl63\" style=\"width: 434px\" height=\"20\">Samara Christ Teixeira<\/td>\n<td class=\"xl63\" style=\"width: 242px\">Renata Moraes Bielemann<\/td>\n<\/tr>\n<\/tbody>\n<\/table>\n<p>&nbsp;<\/p>\n","protected":false},"excerpt":{"rendered":"<p>An\u00e1lise e Controle de Qualidade de Alimentos Orientador(a) Mestrado Gabrielle Tomaz Nunes Carla Rosane Barboza Mendonc\u0327a Tamires Soares Schug Eliezer \u00c1vila Gandra Luana Garcia Elizabete Helbig Milena Gonc\u0327alves de Oliveira Graciele Campelo Borges Bruna Vaz da Silva Helayne Aparecida Maeves Doutorado J\u00e9ssica Silveira Vit\u00f3ria Eliezer \u00c1vila Gandra Thielen Borba da Costa Elizabete Helbig Nutri\u00e7\u00e3o B\u00e1sica [&hellip;]<\/p>\n","protected":false},"author":209,"featured_media":0,"parent":1760,"menu_order":0,"comment_status":"closed","ping_status":"closed","template":"","meta":{"jetpack_post_was_ever_published":false,"footnotes":""},"class_list":["post-3021","page","type-page","status-publish","hentry"],"jetpack_sharing_enabled":true,"jetpack_shortlink":"https:\/\/wp.me\/P8FvYb-MJ","_links":{"self":[{"href":"https:\/\/wp.ufpel.edu.br\/ppgna\/wp-json\/wp\/v2\/pages\/3021","targetHints":{"allow":["GET"]}}],"collection":[{"href":"https:\/\/wp.ufpel.edu.br\/ppgna\/wp-json\/wp\/v2\/pages"}],"about":[{"href":"https:\/\/wp.ufpel.edu.br\/ppgna\/wp-json\/wp\/v2\/types\/page"}],"author":[{"embeddable":true,"href":"https:\/\/wp.ufpel.edu.br\/ppgna\/wp-json\/wp\/v2\/users\/209"}],"replies":[{"embeddable":true,"href":"https:\/\/wp.ufpel.edu.br\/ppgna\/wp-json\/wp\/v2\/comments?post=3021"}],"version-history":[{"count":2,"href":"https:\/\/wp.ufpel.edu.br\/ppgna\/wp-json\/wp\/v2\/pages\/3021\/revisions"}],"predecessor-version":[{"id":3024,"href":"https:\/\/wp.ufpel.edu.br\/ppgna\/wp-json\/wp\/v2\/pages\/3021\/revisions\/3024"}],"up":[{"embeddable":true,"href":"https:\/\/wp.ufpel.edu.br\/ppgna\/wp-json\/wp\/v2\/pages\/1760"}],"wp:attachment":[{"href":"https:\/\/wp.ufpel.edu.br\/ppgna\/wp-json\/wp\/v2\/media?parent=3021"}],"curies":[{"name":"wp","href":"https:\/\/api.w.org\/{rel}","templated":true}]}}