{"id":3017,"date":"2021-08-12T15:15:56","date_gmt":"2021-08-12T18:15:56","guid":{"rendered":"https:\/\/wp.ufpel.edu.br\/ppgna\/?page_id=3017"},"modified":"2021-08-12T15:15:56","modified_gmt":"2021-08-12T18:15:56","slug":"graciele-borges","status":"publish","type":"page","link":"https:\/\/wp.ufpel.edu.br\/ppgna\/docentes\/paginas-individuais\/graciele-borges\/","title":{"rendered":"Graciele Borges"},"content":{"rendered":"<table style=\"width: 100%;border-collapse: collapse\" border=\"0\">\n<tbody>\n<tr>\n<td style=\"width: 43.59861591695502%\" colspan=\"2\"><strong> <img class=\"foto aligncenter\" src=\"http:\/\/servicosweb.cnpq.br\/wspessoa\/servletrecuperafoto?tipo=1&amp;id=K4130688D3\" width=\"115\" height=\"153\" \/><\/strong><\/td>\n<\/tr>\n<tr style=\"height: 24px\">\n<td style=\"width: 43.59861591695502%;height: 24px;text-align: center\" colspan=\"2\"><span style=\"font-size: 14pt\"><strong>Graciele da Silva Campelo Borges<\/strong><\/span><\/td>\n<\/tr>\n<tr style=\"height: 24px\">\n<td style=\"width: 43.59861591695502%;height: 24px;text-align: center\" colspan=\"2\"><strong>Linha de An\u00e1lise e Controle de Qualidade de Alimentos<\/strong><\/td>\n<\/tr>\n<tr style=\"height: 24px\">\n<td style=\"width: 43.59861591695502%;height: 24px;text-align: center\"><a href=\"mailto:gracieleborges@gmail.com\">Email<\/a><\/td>\n<td style=\"width: 39.73471741637832%;height: 24px;text-align: center\"><a href=\"http:\/\/lattes.cnpq.br\/8046523851860343\" target=\"_blank\" rel=\"noopener noreferrer\">Curr\u00edculo Lattes<\/a><\/td>\n<\/tr>\n<tr style=\"height: 24px\">\n<td style=\"height: 24px;text-align: justify;width: 83.33333333333334%\" colspan=\"2\"><strong>Gradua\u00e7\u00e3o:<\/strong>\u00a0Qu\u00edmica de Alimentos &#8211; UFPEL<br \/>\n<strong>Mestrado:<\/strong> Ci\u00eancia dos Alimentos &#8211; UFSC<br \/>\n<strong>Doutorado:<\/strong> Ci\u00eancia dos Alimentos &#8211; UFSC<\/td>\n<\/tr>\n<tr>\n<td style=\"text-align: justify;width: 83.33333333333334%\" colspan=\"2\"><\/td>\n<\/tr>\n<tr>\n<td style=\"text-align: justify\" colspan=\"2\"><strong>Principais temas de pesquisa:<br \/>\n<\/strong>Ci\u00eancia e Tecnologia de Produtos Vegetais, com estudos sobre o potencial nutricional e compostos bioativos, propriedades antioxidantes de frutos tropicais, nativos e ex\u00f3ticos dos diferentes biomas brasileiros e seus produtos e subprodutos provenientes da agroindustrializa\u00e7\u00e3o com \u00eanfase na tem\u00e1tica: bioacessibilidade de compostos fen\u00f3licos ap\u00f3s a digest\u00e3o gastrointestinal in vitro<strong><br \/>\n<\/strong><\/td>\n<\/tr>\n<tr>\n<td style=\"text-align: justify\" colspan=\"2\"><strong>\u00a0<\/strong><\/td>\n<\/tr>\n<tr>\n<td style=\"text-align: justify;width: 83.33333333333334%\" colspan=\"2\"><strong>Publica\u00e7\u00f5es destaque<\/strong><\/td>\n<\/tr>\n<tr>\n<td style=\"width: 83.33333333333334%;text-align: justify\" colspan=\"2\"><\/td>\n<\/tr>\n<\/tbody>\n<\/table>\n<p><\/p>\n","protected":false},"excerpt":{"rendered":"<p>Graciele da Silva Campelo Borges Linha de An\u00e1lise e Controle de Qualidade de Alimentos Email Curr\u00edculo Lattes Gradua\u00e7\u00e3o:\u00a0Qu\u00edmica de Alimentos &#8211; UFPEL Mestrado: Ci\u00eancia dos Alimentos &#8211; UFSC Doutorado: Ci\u00eancia dos Alimentos &#8211; UFSC Principais temas de pesquisa: Ci\u00eancia e Tecnologia de Produtos Vegetais, com estudos sobre o potencial nutricional e compostos bioativos, propriedades antioxidantes [&hellip;]<\/p>\n","protected":false},"author":209,"featured_media":0,"parent":2693,"menu_order":0,"comment_status":"closed","ping_status":"closed","template":"","meta":{"jetpack_post_was_ever_published":false,"footnotes":""},"class_list":["post-3017","page","type-page","status-publish","hentry"],"jetpack_sharing_enabled":true,"jetpack_shortlink":"https:\/\/wp.me\/P8FvYb-MF","_links":{"self":[{"href":"https:\/\/wp.ufpel.edu.br\/ppgna\/wp-json\/wp\/v2\/pages\/3017","targetHints":{"allow":["GET"]}}],"collection":[{"href":"https:\/\/wp.ufpel.edu.br\/ppgna\/wp-json\/wp\/v2\/pages"}],"about":[{"href":"https:\/\/wp.ufpel.edu.br\/ppgna\/wp-json\/wp\/v2\/types\/page"}],"author":[{"embeddable":true,"href":"https:\/\/wp.ufpel.edu.br\/ppgna\/wp-json\/wp\/v2\/users\/209"}],"replies":[{"embeddable":true,"href":"https:\/\/wp.ufpel.edu.br\/ppgna\/wp-json\/wp\/v2\/comments?post=3017"}],"version-history":[{"count":1,"href":"https:\/\/wp.ufpel.edu.br\/ppgna\/wp-json\/wp\/v2\/pages\/3017\/revisions"}],"predecessor-version":[{"id":3019,"href":"https:\/\/wp.ufpel.edu.br\/ppgna\/wp-json\/wp\/v2\/pages\/3017\/revisions\/3019"}],"up":[{"embeddable":true,"href":"https:\/\/wp.ufpel.edu.br\/ppgna\/wp-json\/wp\/v2\/pages\/2693"}],"wp:attachment":[{"href":"https:\/\/wp.ufpel.edu.br\/ppgna\/wp-json\/wp\/v2\/media?parent=3017"}],"curies":[{"name":"wp","href":"https:\/\/api.w.org\/{rel}","templated":true}]}}